{"id":870,"date":"2025-12-31T10:30:52","date_gmt":"2025-12-31T07:30:52","guid":{"rendered":"https:\/\/sherwoodjr.com\/produktas\/padeklo-elementas-1768-mm-pl-339\/"},"modified":"2025-12-31T10:30:52","modified_gmt":"2025-12-31T07:30:52","slug":"padeklo-elementas-1768-mm-pl-339","status":"publish","type":"product","link":"https:\/\/sherwoodjr.com\/fr\/produktas\/padeklo-elementas-1768-mm-pl-339\/","title":{"rendered":"Pad\u0117klo elementas 1768 mm #PL-339"},"content":{"rendered":"<p><strong data-start=\"218\" data-end=\"260\">Pad\u0117klo apatin\u0117 dalis (\u201ekoja\u201c) 1768 mm<\/strong><span> \u2013 tai ilga, sustiprinta pad\u0117klo konstrukcin\u0117 detal\u0117, skirta klientams, kurie pad\u0117klus surenka savo gamyboje. Pirkdami atskiras \u201ekojas\u201c, klientai gali <\/span>optimizuoti gamybos ka\u0161tus, lanks\u010diai konfig\u016bruoti pad\u0117klo konstrukcij\u0105<span> ir efektyviau valdyti sand\u0117liavim\u0105. \u0160i \u201ekoja\u201c u\u017etikrina stabil\u0173 pad\u0117klo pagrind\u0105<\/span><\/p>\n","protected":false},"excerpt":{"rendered":"<p>Pad\u0117klo apatin\u0117 dalis (\u201ekoja\u201c) 1768 mm \u2013 tai ilga, sustiprinta pad\u0117klo konstrukcin\u0117 detal\u0117, skirta klientams, kurie pad\u0117klus surenka savo gamyboje. Pirkdami atskiras \u201ekojas\u201c, klientai gali optimizuoti gamybos ka\u0161tus, lanks\u010diai konfig\u016bruoti pad\u0117klo konstrukcij\u0105 ir efektyviau valdyti sand\u0117liavim\u0105. \u0160i \u201ekoja\u201c u\u017etikrina stabil\u0173 pad\u0117klo pagrind\u0105<\/p>\n","protected":false},"featured_media":871,"comment_status":"closed","ping_status":"closed","template":"","meta":{"_acf_changed":false},"product_brand":[],"product_cat":[208],"product_tag":[],"class_list":{"0":"post-870","1":"product","2":"type-product","3":"status-publish","4":"has-post-thumbnail","6":"product_cat-padeklu-elementai","8":"first","9":"instock","10":"taxable","11":"shipping-taxable","12":"product-type-simple"},"acf":[],"yoast_head":"<!-- This site is optimized with the Yoast SEO plugin v25.8 - https:\/\/yoast.com\/wordpress\/plugins\/seo\/ -->\n<title>Pad\u0117klo elementas 1768 mm #PL-339 - Sherwood<\/title>\n<meta name=\"robots\" content=\"noindex, follow, max-snippet:-1, max-image-preview:large, max-video-preview:-1\" \/>\n<meta property=\"og:locale\" content=\"fr_FR\" \/>\n<meta property=\"og:type\" content=\"article\" \/>\n<meta property=\"og:title\" content=\"Pad\u0117klo elementas 1768 mm #PL-339 - Sherwood\" \/>\n<meta property=\"og:description\" content=\"Pad\u0117klo apatin\u0117 dalis (\u201ekoja\u201c) 1768 mm \u2013 tai ilga, sustiprinta pad\u0117klo konstrukcin\u0117 detal\u0117, skirta klientams, kurie pad\u0117klus surenka savo gamyboje. Pirkdami atskiras \u201ekojas\u201c, klientai gali optimizuoti gamybos ka\u0161tus, lanks\u010diai konfig\u016bruoti pad\u0117klo konstrukcij\u0105 ir efektyviau valdyti sand\u0117liavim\u0105. \u0160i \u201ekoja\u201c u\u017etikrina stabil\u0173 pad\u0117klo pagrind\u0105\" \/>\n<meta property=\"og:url\" content=\"https:\/\/sherwoodjr.com\/fr\/produktas\/padeklo-elementas-1768-mm-pl-339\/\" \/>\n<meta property=\"og:site_name\" content=\"Sherwood\" \/>\n<meta name=\"twitter:card\" content=\"summary_large_image\" \/>\n<script type=\"application\/ld+json\" class=\"yoast-schema-graph\">{\"@context\":\"https:\/\/schema.org\",\"@graph\":[{\"@type\":\"WebPage\",\"@id\":\"https:\/\/sherwoodjr.com\/fr\/produktas\/padeklo-elementas-1768-mm-pl-339\/\",\"url\":\"https:\/\/sherwoodjr.com\/fr\/produktas\/padeklo-elementas-1768-mm-pl-339\/\",\"name\":\"Pad\u0117klo elementas 1768 mm #PL-339 - Sherwood\",\"isPartOf\":{\"@id\":\"https:\/\/sherwoodjr.com\/fr\/#website\"},\"primaryImageOfPage\":{\"@id\":\"https:\/\/sherwoodjr.com\/fr\/produktas\/padeklo-elementas-1768-mm-pl-339\/#primaryimage\"},\"image\":{\"@id\":\"https:\/\/sherwoodjr.com\/fr\/produktas\/padeklo-elementas-1768-mm-pl-339\/#primaryimage\"},\"thumbnailUrl\":\"https:\/\/sherwoodjr.com\/wp-content\/uploads\/Screenshot-2025-12-30-at-15.21.36-1-scaled.png\",\"datePublished\":\"2025-12-31T07:30:52+00:00\",\"breadcrumb\":{\"@id\":\"https:\/\/sherwoodjr.com\/fr\/produktas\/padeklo-elementas-1768-mm-pl-339\/#breadcrumb\"},\"inLanguage\":\"fr-FR\",\"potentialAction\":[{\"@type\":\"ReadAction\",\"target\":[\"https:\/\/sherwoodjr.com\/fr\/produktas\/padeklo-elementas-1768-mm-pl-339\/\"]}]},{\"@type\":\"ImageObject\",\"inLanguage\":\"fr-FR\",\"@id\":\"https:\/\/sherwoodjr.com\/fr\/produktas\/padeklo-elementas-1768-mm-pl-339\/#primaryimage\",\"url\":\"https:\/\/sherwoodjr.com\/wp-content\/uploads\/Screenshot-2025-12-30-at-15.21.36-1-scaled.png\",\"contentUrl\":\"https:\/\/sherwoodjr.com\/wp-content\/uploads\/Screenshot-2025-12-30-at-15.21.36-1-scaled.png\",\"width\":2560,\"height\":1548},{\"@type\":\"BreadcrumbList\",\"@id\":\"https:\/\/sherwoodjr.com\/fr\/produktas\/padeklo-elementas-1768-mm-pl-339\/#breadcrumb\",\"itemListElement\":[{\"@type\":\"ListItem\",\"position\":1,\"name\":\"Home\",\"item\":\"https:\/\/sherwoodjr.com\/fr\/\"},{\"@type\":\"ListItem\",\"position\":2,\"name\":\"Katalogas\",\"item\":\"https:\/\/sherwoodjr.com\/fr\/katalogas\/\"},{\"@type\":\"ListItem\",\"position\":3,\"name\":\"Pad\u0117klo elementas 1768 mm #PL-339\"}]},{\"@type\":\"WebSite\",\"@id\":\"https:\/\/sherwoodjr.com\/fr\/#website\",\"url\":\"https:\/\/sherwoodjr.com\/fr\/\",\"name\":\"Sherwood\",\"description\":\"\",\"potentialAction\":[{\"@type\":\"SearchAction\",\"target\":{\"@type\":\"EntryPoint\",\"urlTemplate\":\"https:\/\/sherwoodjr.com\/fr\/?s={search_term_string}\"},\"query-input\":{\"@type\":\"PropertyValueSpecification\",\"valueRequired\":true,\"valueName\":\"search_term_string\"}}],\"inLanguage\":\"fr-FR\"}]}<\/script>\n<!-- \/ Yoast SEO plugin. -->","yoast_head_json":{"title":"Pad\u0117klo elementas 1768 mm #PL-339 - Sherwood","robots":{"index":"noindex","follow":"follow","max-snippet":"max-snippet:-1","max-image-preview":"max-image-preview:large","max-video-preview":"max-video-preview:-1"},"og_locale":"fr_FR","og_type":"article","og_title":"Pad\u0117klo elementas 1768 mm #PL-339 - Sherwood","og_description":"Pad\u0117klo apatin\u0117 dalis (\u201ekoja\u201c) 1768 mm \u2013 tai ilga, sustiprinta pad\u0117klo konstrukcin\u0117 detal\u0117, skirta klientams, kurie pad\u0117klus surenka savo gamyboje. Pirkdami atskiras \u201ekojas\u201c, klientai gali optimizuoti gamybos ka\u0161tus, lanks\u010diai konfig\u016bruoti pad\u0117klo konstrukcij\u0105 ir efektyviau valdyti sand\u0117liavim\u0105. \u0160i \u201ekoja\u201c u\u017etikrina stabil\u0173 pad\u0117klo pagrind\u0105","og_url":"https:\/\/sherwoodjr.com\/fr\/produktas\/padeklo-elementas-1768-mm-pl-339\/","og_site_name":"Sherwood","twitter_card":"summary_large_image","schema":{"@context":"https:\/\/schema.org","@graph":[{"@type":"WebPage","@id":"https:\/\/sherwoodjr.com\/fr\/produktas\/padeklo-elementas-1768-mm-pl-339\/","url":"https:\/\/sherwoodjr.com\/fr\/produktas\/padeklo-elementas-1768-mm-pl-339\/","name":"Pad\u0117klo elementas 1768 mm #PL-339 - Sherwood","isPartOf":{"@id":"https:\/\/sherwoodjr.com\/fr\/#website"},"primaryImageOfPage":{"@id":"https:\/\/sherwoodjr.com\/fr\/produktas\/padeklo-elementas-1768-mm-pl-339\/#primaryimage"},"image":{"@id":"https:\/\/sherwoodjr.com\/fr\/produktas\/padeklo-elementas-1768-mm-pl-339\/#primaryimage"},"thumbnailUrl":"https:\/\/sherwoodjr.com\/wp-content\/uploads\/Screenshot-2025-12-30-at-15.21.36-1-scaled.png","datePublished":"2025-12-31T07:30:52+00:00","breadcrumb":{"@id":"https:\/\/sherwoodjr.com\/fr\/produktas\/padeklo-elementas-1768-mm-pl-339\/#breadcrumb"},"inLanguage":"fr-FR","potentialAction":[{"@type":"ReadAction","target":["https:\/\/sherwoodjr.com\/fr\/produktas\/padeklo-elementas-1768-mm-pl-339\/"]}]},{"@type":"ImageObject","inLanguage":"fr-FR","@id":"https:\/\/sherwoodjr.com\/fr\/produktas\/padeklo-elementas-1768-mm-pl-339\/#primaryimage","url":"https:\/\/sherwoodjr.com\/wp-content\/uploads\/Screenshot-2025-12-30-at-15.21.36-1-scaled.png","contentUrl":"https:\/\/sherwoodjr.com\/wp-content\/uploads\/Screenshot-2025-12-30-at-15.21.36-1-scaled.png","width":2560,"height":1548},{"@type":"BreadcrumbList","@id":"https:\/\/sherwoodjr.com\/fr\/produktas\/padeklo-elementas-1768-mm-pl-339\/#breadcrumb","itemListElement":[{"@type":"ListItem","position":1,"name":"Home","item":"https:\/\/sherwoodjr.com\/fr\/"},{"@type":"ListItem","position":2,"name":"Katalogas","item":"https:\/\/sherwoodjr.com\/fr\/katalogas\/"},{"@type":"ListItem","position":3,"name":"Pad\u0117klo elementas 1768 mm #PL-339"}]},{"@type":"WebSite","@id":"https:\/\/sherwoodjr.com\/fr\/#website","url":"https:\/\/sherwoodjr.com\/fr\/","name":"Sherwood","description":"","potentialAction":[{"@type":"SearchAction","target":{"@type":"EntryPoint","urlTemplate":"https:\/\/sherwoodjr.com\/fr\/?s={search_term_string}"},"query-input":{"@type":"PropertyValueSpecification","valueRequired":true,"valueName":"search_term_string"}}],"inLanguage":"fr-FR"}]}},"_links":{"self":[{"href":"https:\/\/sherwoodjr.com\/fr\/wp-json\/wp\/v2\/product\/870","targetHints":{"allow":["GET"]}}],"collection":[{"href":"https:\/\/sherwoodjr.com\/fr\/wp-json\/wp\/v2\/product"}],"about":[{"href":"https:\/\/sherwoodjr.com\/fr\/wp-json\/wp\/v2\/types\/product"}],"replies":[{"embeddable":true,"href":"https:\/\/sherwoodjr.com\/fr\/wp-json\/wp\/v2\/comments?post=870"}],"wp:featuredmedia":[{"embeddable":true,"href":"https:\/\/sherwoodjr.com\/fr\/wp-json\/wp\/v2\/media\/871"}],"wp:attachment":[{"href":"https:\/\/sherwoodjr.com\/fr\/wp-json\/wp\/v2\/media?parent=870"}],"wp:term":[{"taxonomy":"product_brand","embeddable":true,"href":"https:\/\/sherwoodjr.com\/fr\/wp-json\/wp\/v2\/product_brand?post=870"},{"taxonomy":"product_cat","embeddable":true,"href":"https:\/\/sherwoodjr.com\/fr\/wp-json\/wp\/v2\/product_cat?post=870"},{"taxonomy":"product_tag","embeddable":true,"href":"https:\/\/sherwoodjr.com\/fr\/wp-json\/wp\/v2\/product_tag?post=870"}],"curies":[{"name":"wp","href":"https:\/\/api.w.org\/{rel}","templated":true}]}}