{"id":861,"date":"2025-12-31T11:06:11","date_gmt":"2025-12-31T08:06:11","guid":{"rendered":"https:\/\/sherwoodjr.com\/produktas\/lentos-15x75x1200-mm-bd-32\/"},"modified":"2025-12-31T11:06:11","modified_gmt":"2025-12-31T08:06:11","slug":"lentos-15x75x1200-mm-bd-32","status":"publish","type":"product","link":"https:\/\/sherwoodjr.com\/fr\/produktas\/lentos-15x75x1200-mm-bd-32\/","title":{"rendered":"Lentos 15x75x1200 mm #BD-32"},"content":{"rendered":"<p data-start=\"191\" data-end=\"505\"><strong data-start=\"191\" data-end=\"254\">1 r\u016b\u0161ies medin\u0117s lentos pad\u0117kl\u0173 gamybai (15 \u00d7 75 \u00d7 1200 mm)<\/strong> \u2013 tai auk\u0161tos kokyb\u0117s, tikslaus pjovimo lentos, skirtos profesionaliai medini\u0173 pad\u0117kl\u0173 gamybai.<\/p>\n<p data-start=\"507\" data-end=\"806\">Lentos gali b\u016bti supakuotos \u012f paketus pagal kliento pageidavim\u0105 ir tiekiamos skirtingais paruo\u0161imo variantais: nat\u016bralios dr\u0117gm\u0117s, d\u017eiovintos, su IPPC (ISPM 15) terminiu apdirbimu arba d\u017eiovintos + IPPC. Tai leid\u017eia lanks\u010diai pritaikyti produkt\u0105 tiek vietinei, tiek eksporto pad\u0117kl\u0173 gamybai.<\/p>\n","protected":false},"excerpt":{"rendered":"<p>1 r\u016b\u0161ies medin\u0117s lentos pad\u0117kl\u0173 gamybai (15 \u00d7 75 \u00d7 1200 mm) \u2013 tai auk\u0161tos kokyb\u0117s, tikslaus pjovimo lentos, skirtos profesionaliai medini\u0173 pad\u0117kl\u0173 gamybai. Lentos gali b\u016bti supakuotos \u012f paketus pagal kliento pageidavim\u0105 ir tiekiamos skirtingais paruo\u0161imo variantais: nat\u016bralios dr\u0117gm\u0117s, d\u017eiovintos, su IPPC (ISPM 15) terminiu apdirbimu arba d\u017eiovintos + IPPC. Tai leid\u017eia lanks\u010diai pritaikyti&#8230;<\/p>\n","protected":false},"featured_media":862,"comment_status":"closed","ping_status":"closed","template":"","meta":{"_acf_changed":false},"product_brand":[],"product_cat":[185],"product_tag":[],"class_list":{"0":"post-861","1":"product","2":"type-product","3":"status-publish","4":"has-post-thumbnail","6":"product_cat-lentos","8":"first","9":"instock","10":"taxable","11":"shipping-taxable","12":"product-type-simple"},"acf":[],"yoast_head":"<!-- This site is optimized with the Yoast SEO plugin v25.8 - https:\/\/yoast.com\/wordpress\/plugins\/seo\/ -->\n<title>Lentos 15x75x1200 mm #BD-32 - Sherwood<\/title>\n<meta name=\"robots\" content=\"noindex, follow, max-snippet:-1, max-image-preview:large, max-video-preview:-1\" \/>\n<meta property=\"og:locale\" content=\"fr_FR\" \/>\n<meta property=\"og:type\" content=\"article\" \/>\n<meta property=\"og:title\" content=\"Lentos 15x75x1200 mm #BD-32 - Sherwood\" \/>\n<meta property=\"og:description\" content=\"1 r\u016b\u0161ies medin\u0117s lentos pad\u0117kl\u0173 gamybai (15 \u00d7 75 \u00d7 1200 mm) \u2013 tai auk\u0161tos kokyb\u0117s, tikslaus pjovimo lentos, skirtos profesionaliai medini\u0173 pad\u0117kl\u0173 gamybai. Lentos gali b\u016bti supakuotos \u012f paketus pagal kliento pageidavim\u0105 ir tiekiamos skirtingais paruo\u0161imo variantais: nat\u016bralios dr\u0117gm\u0117s, d\u017eiovintos, su IPPC (ISPM 15) terminiu apdirbimu arba d\u017eiovintos + IPPC. Tai leid\u017eia lanks\u010diai pritaikyti...\" \/>\n<meta property=\"og:url\" content=\"https:\/\/sherwoodjr.com\/fr\/produktas\/lentos-15x75x1200-mm-bd-32\/\" \/>\n<meta property=\"og:site_name\" content=\"Sherwood\" \/>\n<meta name=\"twitter:card\" content=\"summary_large_image\" \/>\n<script type=\"application\/ld+json\" class=\"yoast-schema-graph\">{\"@context\":\"https:\/\/schema.org\",\"@graph\":[{\"@type\":\"WebPage\",\"@id\":\"https:\/\/sherwoodjr.com\/fr\/produktas\/lentos-15x75x1200-mm-bd-32\/\",\"url\":\"https:\/\/sherwoodjr.com\/fr\/produktas\/lentos-15x75x1200-mm-bd-32\/\",\"name\":\"Lentos 15x75x1200 mm #BD-32 - Sherwood\",\"isPartOf\":{\"@id\":\"https:\/\/sherwoodjr.com\/fr\/#website\"},\"primaryImageOfPage\":{\"@id\":\"https:\/\/sherwoodjr.com\/fr\/produktas\/lentos-15x75x1200-mm-bd-32\/#primaryimage\"},\"image\":{\"@id\":\"https:\/\/sherwoodjr.com\/fr\/produktas\/lentos-15x75x1200-mm-bd-32\/#primaryimage\"},\"thumbnailUrl\":\"https:\/\/sherwoodjr.com\/wp-content\/uploads\/Gemini_Generated_Image_xwfdpzxwfdpzxwfd.jpeg\",\"datePublished\":\"2025-12-31T08:06:11+00:00\",\"breadcrumb\":{\"@id\":\"https:\/\/sherwoodjr.com\/fr\/produktas\/lentos-15x75x1200-mm-bd-32\/#breadcrumb\"},\"inLanguage\":\"fr-FR\",\"potentialAction\":[{\"@type\":\"ReadAction\",\"target\":[\"https:\/\/sherwoodjr.com\/fr\/produktas\/lentos-15x75x1200-mm-bd-32\/\"]}]},{\"@type\":\"ImageObject\",\"inLanguage\":\"fr-FR\",\"@id\":\"https:\/\/sherwoodjr.com\/fr\/produktas\/lentos-15x75x1200-mm-bd-32\/#primaryimage\",\"url\":\"https:\/\/sherwoodjr.com\/wp-content\/uploads\/Gemini_Generated_Image_xwfdpzxwfdpzxwfd.jpeg\",\"contentUrl\":\"https:\/\/sherwoodjr.com\/wp-content\/uploads\/Gemini_Generated_Image_xwfdpzxwfdpzxwfd.jpeg\",\"width\":1792,\"height\":2400},{\"@type\":\"BreadcrumbList\",\"@id\":\"https:\/\/sherwoodjr.com\/fr\/produktas\/lentos-15x75x1200-mm-bd-32\/#breadcrumb\",\"itemListElement\":[{\"@type\":\"ListItem\",\"position\":1,\"name\":\"Home\",\"item\":\"https:\/\/sherwoodjr.com\/fr\/\"},{\"@type\":\"ListItem\",\"position\":2,\"name\":\"Katalogas\",\"item\":\"https:\/\/sherwoodjr.com\/fr\/katalogas\/\"},{\"@type\":\"ListItem\",\"position\":3,\"name\":\"Lentos 15x75x1200 mm #BD-32\"}]},{\"@type\":\"WebSite\",\"@id\":\"https:\/\/sherwoodjr.com\/fr\/#website\",\"url\":\"https:\/\/sherwoodjr.com\/fr\/\",\"name\":\"Sherwood\",\"description\":\"\",\"potentialAction\":[{\"@type\":\"SearchAction\",\"target\":{\"@type\":\"EntryPoint\",\"urlTemplate\":\"https:\/\/sherwoodjr.com\/fr\/?s={search_term_string}\"},\"query-input\":{\"@type\":\"PropertyValueSpecification\",\"valueRequired\":true,\"valueName\":\"search_term_string\"}}],\"inLanguage\":\"fr-FR\"}]}<\/script>\n<!-- \/ Yoast SEO plugin. -->","yoast_head_json":{"title":"Lentos 15x75x1200 mm #BD-32 - Sherwood","robots":{"index":"noindex","follow":"follow","max-snippet":"max-snippet:-1","max-image-preview":"max-image-preview:large","max-video-preview":"max-video-preview:-1"},"og_locale":"fr_FR","og_type":"article","og_title":"Lentos 15x75x1200 mm #BD-32 - Sherwood","og_description":"1 r\u016b\u0161ies medin\u0117s lentos pad\u0117kl\u0173 gamybai (15 \u00d7 75 \u00d7 1200 mm) \u2013 tai auk\u0161tos kokyb\u0117s, tikslaus pjovimo lentos, skirtos profesionaliai medini\u0173 pad\u0117kl\u0173 gamybai. Lentos gali b\u016bti supakuotos \u012f paketus pagal kliento pageidavim\u0105 ir tiekiamos skirtingais paruo\u0161imo variantais: nat\u016bralios dr\u0117gm\u0117s, d\u017eiovintos, su IPPC (ISPM 15) terminiu apdirbimu arba d\u017eiovintos + IPPC. Tai leid\u017eia lanks\u010diai pritaikyti...","og_url":"https:\/\/sherwoodjr.com\/fr\/produktas\/lentos-15x75x1200-mm-bd-32\/","og_site_name":"Sherwood","twitter_card":"summary_large_image","schema":{"@context":"https:\/\/schema.org","@graph":[{"@type":"WebPage","@id":"https:\/\/sherwoodjr.com\/fr\/produktas\/lentos-15x75x1200-mm-bd-32\/","url":"https:\/\/sherwoodjr.com\/fr\/produktas\/lentos-15x75x1200-mm-bd-32\/","name":"Lentos 15x75x1200 mm #BD-32 - Sherwood","isPartOf":{"@id":"https:\/\/sherwoodjr.com\/fr\/#website"},"primaryImageOfPage":{"@id":"https:\/\/sherwoodjr.com\/fr\/produktas\/lentos-15x75x1200-mm-bd-32\/#primaryimage"},"image":{"@id":"https:\/\/sherwoodjr.com\/fr\/produktas\/lentos-15x75x1200-mm-bd-32\/#primaryimage"},"thumbnailUrl":"https:\/\/sherwoodjr.com\/wp-content\/uploads\/Gemini_Generated_Image_xwfdpzxwfdpzxwfd.jpeg","datePublished":"2025-12-31T08:06:11+00:00","breadcrumb":{"@id":"https:\/\/sherwoodjr.com\/fr\/produktas\/lentos-15x75x1200-mm-bd-32\/#breadcrumb"},"inLanguage":"fr-FR","potentialAction":[{"@type":"ReadAction","target":["https:\/\/sherwoodjr.com\/fr\/produktas\/lentos-15x75x1200-mm-bd-32\/"]}]},{"@type":"ImageObject","inLanguage":"fr-FR","@id":"https:\/\/sherwoodjr.com\/fr\/produktas\/lentos-15x75x1200-mm-bd-32\/#primaryimage","url":"https:\/\/sherwoodjr.com\/wp-content\/uploads\/Gemini_Generated_Image_xwfdpzxwfdpzxwfd.jpeg","contentUrl":"https:\/\/sherwoodjr.com\/wp-content\/uploads\/Gemini_Generated_Image_xwfdpzxwfdpzxwfd.jpeg","width":1792,"height":2400},{"@type":"BreadcrumbList","@id":"https:\/\/sherwoodjr.com\/fr\/produktas\/lentos-15x75x1200-mm-bd-32\/#breadcrumb","itemListElement":[{"@type":"ListItem","position":1,"name":"Home","item":"https:\/\/sherwoodjr.com\/fr\/"},{"@type":"ListItem","position":2,"name":"Katalogas","item":"https:\/\/sherwoodjr.com\/fr\/katalogas\/"},{"@type":"ListItem","position":3,"name":"Lentos 15x75x1200 mm #BD-32"}]},{"@type":"WebSite","@id":"https:\/\/sherwoodjr.com\/fr\/#website","url":"https:\/\/sherwoodjr.com\/fr\/","name":"Sherwood","description":"","potentialAction":[{"@type":"SearchAction","target":{"@type":"EntryPoint","urlTemplate":"https:\/\/sherwoodjr.com\/fr\/?s={search_term_string}"},"query-input":{"@type":"PropertyValueSpecification","valueRequired":true,"valueName":"search_term_string"}}],"inLanguage":"fr-FR"}]}},"_links":{"self":[{"href":"https:\/\/sherwoodjr.com\/fr\/wp-json\/wp\/v2\/product\/861","targetHints":{"allow":["GET"]}}],"collection":[{"href":"https:\/\/sherwoodjr.com\/fr\/wp-json\/wp\/v2\/product"}],"about":[{"href":"https:\/\/sherwoodjr.com\/fr\/wp-json\/wp\/v2\/types\/product"}],"replies":[{"embeddable":true,"href":"https:\/\/sherwoodjr.com\/fr\/wp-json\/wp\/v2\/comments?post=861"}],"wp:featuredmedia":[{"embeddable":true,"href":"https:\/\/sherwoodjr.com\/fr\/wp-json\/wp\/v2\/media\/862"}],"wp:attachment":[{"href":"https:\/\/sherwoodjr.com\/fr\/wp-json\/wp\/v2\/media?parent=861"}],"wp:term":[{"taxonomy":"product_brand","embeddable":true,"href":"https:\/\/sherwoodjr.com\/fr\/wp-json\/wp\/v2\/product_brand?post=861"},{"taxonomy":"product_cat","embeddable":true,"href":"https:\/\/sherwoodjr.com\/fr\/wp-json\/wp\/v2\/product_cat?post=861"},{"taxonomy":"product_tag","embeddable":true,"href":"https:\/\/sherwoodjr.com\/fr\/wp-json\/wp\/v2\/product_tag?post=861"}],"curies":[{"name":"wp","href":"https:\/\/api.w.org\/{rel}","templated":true}]}}