{"id":840,"date":"2025-12-31T12:16:12","date_gmt":"2025-12-31T09:16:12","guid":{"rendered":"https:\/\/sherwoodjr.com\/produktas\/lentos-22x98x2400-mm-bd-155\/"},"modified":"2025-12-31T12:16:12","modified_gmt":"2025-12-31T09:16:12","slug":"lentos-22x98x2400-mm-bd-155","status":"publish","type":"product","link":"https:\/\/sherwoodjr.com\/fr\/produktas\/lentos-22x98x2400-mm-bd-155\/","title":{"rendered":"Lentos 22x98x2400 mm #BD-155"},"content":{"rendered":"<p data-start=\"191\" data-end=\"556\"><strong data-start=\"191\" data-end=\"254\">1 r\u016b\u0161ies medin\u0117s lentos pad\u0117kl\u0173 gamybai (22 \u00d7 98 \u00d7 2400 mm)<\/strong> \u2013 tai auk\u0161tos kokyb\u0117s, tikslaus pjovimo lentos, skirtos medini\u0173 pad\u0117kl\u0173 gamybai ir ruo\u0161ini\u0173 paruo\u0161imui. D\u0117l didesnio ilgio \u0161ios lentos ypa\u010d patogios klientams, kurie pageidauja tiksliai nuskersuoti lentas savo gamyboje arba gauti jas su atliktu skersavimu pagal nurodyt\u0105 ilg\u012f.<\/p>\n<p data-start=\"191\" data-end=\"556\">\u00a0Lentos gali b\u016bti tiekiamos tiek su tiksliu skersavimu, tiek be skersavimo, taip pat supakuotos \u012f paketus pagal kliento poreikius.<\/p>\n","protected":false},"excerpt":{"rendered":"<p>1 r\u016b\u0161ies medin\u0117s lentos pad\u0117kl\u0173 gamybai (22 \u00d7 98 \u00d7 2400 mm) \u2013 tai auk\u0161tos kokyb\u0117s, tikslaus pjovimo lentos, skirtos medini\u0173 pad\u0117kl\u0173 gamybai ir ruo\u0161ini\u0173 paruo\u0161imui. D\u0117l didesnio ilgio \u0161ios lentos ypa\u010d patogios klientams, kurie pageidauja tiksliai nuskersuoti lentas savo gamyboje arba gauti jas su atliktu skersavimu pagal nurodyt\u0105 ilg\u012f. \u00a0Lentos gali b\u016bti tiekiamos tiek&#8230;<\/p>\n","protected":false},"featured_media":841,"comment_status":"closed","ping_status":"closed","template":"","meta":{"_acf_changed":false},"product_brand":[],"product_cat":[185],"product_tag":[],"class_list":{"0":"post-840","1":"product","2":"type-product","3":"status-publish","4":"has-post-thumbnail","6":"product_cat-lentos","8":"first","9":"instock","10":"taxable","11":"shipping-taxable","12":"product-type-simple"},"acf":[],"yoast_head":"<!-- This site is optimized with the Yoast SEO plugin v25.8 - https:\/\/yoast.com\/wordpress\/plugins\/seo\/ -->\n<title>Lentos 22x98x2400 mm #BD-155 - Sherwood<\/title>\n<meta name=\"robots\" content=\"noindex, follow, max-snippet:-1, max-image-preview:large, max-video-preview:-1\" \/>\n<meta property=\"og:locale\" content=\"fr_FR\" \/>\n<meta property=\"og:type\" content=\"article\" \/>\n<meta property=\"og:title\" content=\"Lentos 22x98x2400 mm #BD-155 - Sherwood\" \/>\n<meta property=\"og:description\" content=\"1 r\u016b\u0161ies medin\u0117s lentos pad\u0117kl\u0173 gamybai (22 \u00d7 98 \u00d7 2400 mm) \u2013 tai auk\u0161tos kokyb\u0117s, tikslaus pjovimo lentos, skirtos medini\u0173 pad\u0117kl\u0173 gamybai ir ruo\u0161ini\u0173 paruo\u0161imui. D\u0117l didesnio ilgio \u0161ios lentos ypa\u010d patogios klientams, kurie pageidauja tiksliai nuskersuoti lentas savo gamyboje arba gauti jas su atliktu skersavimu pagal nurodyt\u0105 ilg\u012f. \u00a0Lentos gali b\u016bti tiekiamos tiek...\" \/>\n<meta property=\"og:url\" content=\"https:\/\/sherwoodjr.com\/fr\/produktas\/lentos-22x98x2400-mm-bd-155\/\" \/>\n<meta property=\"og:site_name\" content=\"Sherwood\" \/>\n<meta name=\"twitter:card\" content=\"summary_large_image\" \/>\n<script type=\"application\/ld+json\" class=\"yoast-schema-graph\">{\"@context\":\"https:\/\/schema.org\",\"@graph\":[{\"@type\":\"WebPage\",\"@id\":\"https:\/\/sherwoodjr.com\/fr\/produktas\/lentos-22x98x2400-mm-bd-155\/\",\"url\":\"https:\/\/sherwoodjr.com\/fr\/produktas\/lentos-22x98x2400-mm-bd-155\/\",\"name\":\"Lentos 22x98x2400 mm #BD-155 - Sherwood\",\"isPartOf\":{\"@id\":\"https:\/\/sherwoodjr.com\/fr\/#website\"},\"primaryImageOfPage\":{\"@id\":\"https:\/\/sherwoodjr.com\/fr\/produktas\/lentos-22x98x2400-mm-bd-155\/#primaryimage\"},\"image\":{\"@id\":\"https:\/\/sherwoodjr.com\/fr\/produktas\/lentos-22x98x2400-mm-bd-155\/#primaryimage\"},\"thumbnailUrl\":\"https:\/\/sherwoodjr.com\/wp-content\/uploads\/Gemini_Generated_Image_qfc0wmqfc0wmqfc0.jpeg\",\"datePublished\":\"2025-12-31T09:16:12+00:00\",\"breadcrumb\":{\"@id\":\"https:\/\/sherwoodjr.com\/fr\/produktas\/lentos-22x98x2400-mm-bd-155\/#breadcrumb\"},\"inLanguage\":\"fr-FR\",\"potentialAction\":[{\"@type\":\"ReadAction\",\"target\":[\"https:\/\/sherwoodjr.com\/fr\/produktas\/lentos-22x98x2400-mm-bd-155\/\"]}]},{\"@type\":\"ImageObject\",\"inLanguage\":\"fr-FR\",\"@id\":\"https:\/\/sherwoodjr.com\/fr\/produktas\/lentos-22x98x2400-mm-bd-155\/#primaryimage\",\"url\":\"https:\/\/sherwoodjr.com\/wp-content\/uploads\/Gemini_Generated_Image_qfc0wmqfc0wmqfc0.jpeg\",\"contentUrl\":\"https:\/\/sherwoodjr.com\/wp-content\/uploads\/Gemini_Generated_Image_qfc0wmqfc0wmqfc0.jpeg\",\"width\":2400,\"height\":1792},{\"@type\":\"BreadcrumbList\",\"@id\":\"https:\/\/sherwoodjr.com\/fr\/produktas\/lentos-22x98x2400-mm-bd-155\/#breadcrumb\",\"itemListElement\":[{\"@type\":\"ListItem\",\"position\":1,\"name\":\"Home\",\"item\":\"https:\/\/sherwoodjr.com\/fr\/\"},{\"@type\":\"ListItem\",\"position\":2,\"name\":\"Katalogas\",\"item\":\"https:\/\/sherwoodjr.com\/fr\/katalogas\/\"},{\"@type\":\"ListItem\",\"position\":3,\"name\":\"Lentos 22x98x2400 mm #BD-155\"}]},{\"@type\":\"WebSite\",\"@id\":\"https:\/\/sherwoodjr.com\/fr\/#website\",\"url\":\"https:\/\/sherwoodjr.com\/fr\/\",\"name\":\"Sherwood\",\"description\":\"\",\"potentialAction\":[{\"@type\":\"SearchAction\",\"target\":{\"@type\":\"EntryPoint\",\"urlTemplate\":\"https:\/\/sherwoodjr.com\/fr\/?s={search_term_string}\"},\"query-input\":{\"@type\":\"PropertyValueSpecification\",\"valueRequired\":true,\"valueName\":\"search_term_string\"}}],\"inLanguage\":\"fr-FR\"}]}<\/script>\n<!-- \/ Yoast SEO plugin. -->","yoast_head_json":{"title":"Lentos 22x98x2400 mm #BD-155 - Sherwood","robots":{"index":"noindex","follow":"follow","max-snippet":"max-snippet:-1","max-image-preview":"max-image-preview:large","max-video-preview":"max-video-preview:-1"},"og_locale":"fr_FR","og_type":"article","og_title":"Lentos 22x98x2400 mm #BD-155 - Sherwood","og_description":"1 r\u016b\u0161ies medin\u0117s lentos pad\u0117kl\u0173 gamybai (22 \u00d7 98 \u00d7 2400 mm) \u2013 tai auk\u0161tos kokyb\u0117s, tikslaus pjovimo lentos, skirtos medini\u0173 pad\u0117kl\u0173 gamybai ir ruo\u0161ini\u0173 paruo\u0161imui. D\u0117l didesnio ilgio \u0161ios lentos ypa\u010d patogios klientams, kurie pageidauja tiksliai nuskersuoti lentas savo gamyboje arba gauti jas su atliktu skersavimu pagal nurodyt\u0105 ilg\u012f. \u00a0Lentos gali b\u016bti tiekiamos tiek...","og_url":"https:\/\/sherwoodjr.com\/fr\/produktas\/lentos-22x98x2400-mm-bd-155\/","og_site_name":"Sherwood","twitter_card":"summary_large_image","schema":{"@context":"https:\/\/schema.org","@graph":[{"@type":"WebPage","@id":"https:\/\/sherwoodjr.com\/fr\/produktas\/lentos-22x98x2400-mm-bd-155\/","url":"https:\/\/sherwoodjr.com\/fr\/produktas\/lentos-22x98x2400-mm-bd-155\/","name":"Lentos 22x98x2400 mm #BD-155 - Sherwood","isPartOf":{"@id":"https:\/\/sherwoodjr.com\/fr\/#website"},"primaryImageOfPage":{"@id":"https:\/\/sherwoodjr.com\/fr\/produktas\/lentos-22x98x2400-mm-bd-155\/#primaryimage"},"image":{"@id":"https:\/\/sherwoodjr.com\/fr\/produktas\/lentos-22x98x2400-mm-bd-155\/#primaryimage"},"thumbnailUrl":"https:\/\/sherwoodjr.com\/wp-content\/uploads\/Gemini_Generated_Image_qfc0wmqfc0wmqfc0.jpeg","datePublished":"2025-12-31T09:16:12+00:00","breadcrumb":{"@id":"https:\/\/sherwoodjr.com\/fr\/produktas\/lentos-22x98x2400-mm-bd-155\/#breadcrumb"},"inLanguage":"fr-FR","potentialAction":[{"@type":"ReadAction","target":["https:\/\/sherwoodjr.com\/fr\/produktas\/lentos-22x98x2400-mm-bd-155\/"]}]},{"@type":"ImageObject","inLanguage":"fr-FR","@id":"https:\/\/sherwoodjr.com\/fr\/produktas\/lentos-22x98x2400-mm-bd-155\/#primaryimage","url":"https:\/\/sherwoodjr.com\/wp-content\/uploads\/Gemini_Generated_Image_qfc0wmqfc0wmqfc0.jpeg","contentUrl":"https:\/\/sherwoodjr.com\/wp-content\/uploads\/Gemini_Generated_Image_qfc0wmqfc0wmqfc0.jpeg","width":2400,"height":1792},{"@type":"BreadcrumbList","@id":"https:\/\/sherwoodjr.com\/fr\/produktas\/lentos-22x98x2400-mm-bd-155\/#breadcrumb","itemListElement":[{"@type":"ListItem","position":1,"name":"Home","item":"https:\/\/sherwoodjr.com\/fr\/"},{"@type":"ListItem","position":2,"name":"Katalogas","item":"https:\/\/sherwoodjr.com\/fr\/katalogas\/"},{"@type":"ListItem","position":3,"name":"Lentos 22x98x2400 mm #BD-155"}]},{"@type":"WebSite","@id":"https:\/\/sherwoodjr.com\/fr\/#website","url":"https:\/\/sherwoodjr.com\/fr\/","name":"Sherwood","description":"","potentialAction":[{"@type":"SearchAction","target":{"@type":"EntryPoint","urlTemplate":"https:\/\/sherwoodjr.com\/fr\/?s={search_term_string}"},"query-input":{"@type":"PropertyValueSpecification","valueRequired":true,"valueName":"search_term_string"}}],"inLanguage":"fr-FR"}]}},"_links":{"self":[{"href":"https:\/\/sherwoodjr.com\/fr\/wp-json\/wp\/v2\/product\/840","targetHints":{"allow":["GET"]}}],"collection":[{"href":"https:\/\/sherwoodjr.com\/fr\/wp-json\/wp\/v2\/product"}],"about":[{"href":"https:\/\/sherwoodjr.com\/fr\/wp-json\/wp\/v2\/types\/product"}],"replies":[{"embeddable":true,"href":"https:\/\/sherwoodjr.com\/fr\/wp-json\/wp\/v2\/comments?post=840"}],"wp:featuredmedia":[{"embeddable":true,"href":"https:\/\/sherwoodjr.com\/fr\/wp-json\/wp\/v2\/media\/841"}],"wp:attachment":[{"href":"https:\/\/sherwoodjr.com\/fr\/wp-json\/wp\/v2\/media?parent=840"}],"wp:term":[{"taxonomy":"product_brand","embeddable":true,"href":"https:\/\/sherwoodjr.com\/fr\/wp-json\/wp\/v2\/product_brand?post=840"},{"taxonomy":"product_cat","embeddable":true,"href":"https:\/\/sherwoodjr.com\/fr\/wp-json\/wp\/v2\/product_cat?post=840"},{"taxonomy":"product_tag","embeddable":true,"href":"https:\/\/sherwoodjr.com\/fr\/wp-json\/wp\/v2\/product_tag?post=840"}],"curies":[{"name":"wp","href":"https:\/\/api.w.org\/{rel}","templated":true}]}}