{"id":836,"date":"2025-12-31T12:32:26","date_gmt":"2025-12-31T09:32:26","guid":{"rendered":"https:\/\/sherwoodjr.com\/produktas\/lentos-22x143x1200-mm-bd-141\/"},"modified":"2025-12-31T12:32:26","modified_gmt":"2025-12-31T09:32:26","slug":"lentos-22x143x1200-mm-bd-141","status":"publish","type":"product","link":"https:\/\/sherwoodjr.com\/fr\/produktas\/lentos-22x143x1200-mm-bd-141\/","title":{"rendered":"Lentos 22x143x1200 mm #BD-141"},"content":{"rendered":"<p data-start=\"191\" data-end=\"523\"><strong data-start=\"191\" data-end=\"255\">1 r\u016b\u0161ies medin\u0117s lentos pad\u0117kl\u0173 gamybai (22 \u00d7 143 \u00d7 1200 mm)<\/strong> \u2013 tai auk\u0161tos kokyb\u0117s, tiksli\u0173 matmen\u0173 lentos, skirtos EPAL ir kit\u0173 tip\u0173 medini\u0173 <strong data-start=\"311\" data-end=\"348\">pad\u0117kl\u0173<\/strong> gamybai.<\/p>\n<p data-start=\"525\" data-end=\"758\">Pagal poreik\u012f galimas lent\u0173 i\u0161frezavimas pagal EPAL reikalavimus, taip pat lankst\u016bs pakavimo ir apdirbimo sprendimai.<\/p>\n","protected":false},"excerpt":{"rendered":"<p>1 r\u016b\u0161ies medin\u0117s lentos pad\u0117kl\u0173 gamybai (22 \u00d7 143 \u00d7 1200 mm) \u2013 tai auk\u0161tos kokyb\u0117s, tiksli\u0173 matmen\u0173 lentos, skirtos EPAL ir kit\u0173 tip\u0173 medini\u0173 pad\u0117kl\u0173 gamybai. Pagal poreik\u012f galimas lent\u0173 i\u0161frezavimas pagal EPAL reikalavimus, taip pat lankst\u016bs pakavimo ir apdirbimo sprendimai.<\/p>\n","protected":false},"featured_media":829,"comment_status":"closed","ping_status":"closed","template":"","meta":{"_acf_changed":false},"product_brand":[],"product_cat":[185],"product_tag":[],"class_list":{"0":"post-836","1":"product","2":"type-product","3":"status-publish","4":"has-post-thumbnail","6":"product_cat-lentos","8":"first","9":"instock","10":"taxable","11":"shipping-taxable","12":"product-type-simple"},"acf":[],"yoast_head":"<!-- This site is optimized with the Yoast SEO plugin v25.8 - https:\/\/yoast.com\/wordpress\/plugins\/seo\/ -->\n<title>Lentos 22x143x1200 mm #BD-141 - Sherwood<\/title>\n<meta name=\"robots\" content=\"noindex, follow, max-snippet:-1, max-image-preview:large, max-video-preview:-1\" \/>\n<meta property=\"og:locale\" content=\"fr_FR\" \/>\n<meta property=\"og:type\" content=\"article\" \/>\n<meta property=\"og:title\" content=\"Lentos 22x143x1200 mm #BD-141 - Sherwood\" \/>\n<meta property=\"og:description\" content=\"1 r\u016b\u0161ies medin\u0117s lentos pad\u0117kl\u0173 gamybai (22 \u00d7 143 \u00d7 1200 mm) \u2013 tai auk\u0161tos kokyb\u0117s, tiksli\u0173 matmen\u0173 lentos, skirtos EPAL ir kit\u0173 tip\u0173 medini\u0173 pad\u0117kl\u0173 gamybai. Pagal poreik\u012f galimas lent\u0173 i\u0161frezavimas pagal EPAL reikalavimus, taip pat lankst\u016bs pakavimo ir apdirbimo sprendimai.\" \/>\n<meta property=\"og:url\" content=\"https:\/\/sherwoodjr.com\/fr\/produktas\/lentos-22x143x1200-mm-bd-141\/\" \/>\n<meta property=\"og:site_name\" content=\"Sherwood\" \/>\n<meta name=\"twitter:card\" content=\"summary_large_image\" \/>\n<script type=\"application\/ld+json\" class=\"yoast-schema-graph\">{\"@context\":\"https:\/\/schema.org\",\"@graph\":[{\"@type\":\"WebPage\",\"@id\":\"https:\/\/sherwoodjr.com\/fr\/produktas\/lentos-22x143x1200-mm-bd-141\/\",\"url\":\"https:\/\/sherwoodjr.com\/fr\/produktas\/lentos-22x143x1200-mm-bd-141\/\",\"name\":\"Lentos 22x143x1200 mm #BD-141 - Sherwood\",\"isPartOf\":{\"@id\":\"https:\/\/sherwoodjr.com\/fr\/#website\"},\"primaryImageOfPage\":{\"@id\":\"https:\/\/sherwoodjr.com\/fr\/produktas\/lentos-22x143x1200-mm-bd-141\/#primaryimage\"},\"image\":{\"@id\":\"https:\/\/sherwoodjr.com\/fr\/produktas\/lentos-22x143x1200-mm-bd-141\/#primaryimage\"},\"thumbnailUrl\":\"https:\/\/sherwoodjr.com\/wp-content\/uploads\/Screenshot-2025-12-31-at-10.02.59.png\",\"datePublished\":\"2025-12-31T09:32:26+00:00\",\"breadcrumb\":{\"@id\":\"https:\/\/sherwoodjr.com\/fr\/produktas\/lentos-22x143x1200-mm-bd-141\/#breadcrumb\"},\"inLanguage\":\"fr-FR\",\"potentialAction\":[{\"@type\":\"ReadAction\",\"target\":[\"https:\/\/sherwoodjr.com\/fr\/produktas\/lentos-22x143x1200-mm-bd-141\/\"]}]},{\"@type\":\"ImageObject\",\"inLanguage\":\"fr-FR\",\"@id\":\"https:\/\/sherwoodjr.com\/fr\/produktas\/lentos-22x143x1200-mm-bd-141\/#primaryimage\",\"url\":\"https:\/\/sherwoodjr.com\/wp-content\/uploads\/Screenshot-2025-12-31-at-10.02.59.png\",\"contentUrl\":\"https:\/\/sherwoodjr.com\/wp-content\/uploads\/Screenshot-2025-12-31-at-10.02.59.png\",\"width\":1758,\"height\":2168},{\"@type\":\"BreadcrumbList\",\"@id\":\"https:\/\/sherwoodjr.com\/fr\/produktas\/lentos-22x143x1200-mm-bd-141\/#breadcrumb\",\"itemListElement\":[{\"@type\":\"ListItem\",\"position\":1,\"name\":\"Home\",\"item\":\"https:\/\/sherwoodjr.com\/fr\/\"},{\"@type\":\"ListItem\",\"position\":2,\"name\":\"Katalogas\",\"item\":\"https:\/\/sherwoodjr.com\/fr\/katalogas\/\"},{\"@type\":\"ListItem\",\"position\":3,\"name\":\"Lentos 22x143x1200 mm #BD-141\"}]},{\"@type\":\"WebSite\",\"@id\":\"https:\/\/sherwoodjr.com\/fr\/#website\",\"url\":\"https:\/\/sherwoodjr.com\/fr\/\",\"name\":\"Sherwood\",\"description\":\"\",\"potentialAction\":[{\"@type\":\"SearchAction\",\"target\":{\"@type\":\"EntryPoint\",\"urlTemplate\":\"https:\/\/sherwoodjr.com\/fr\/?s={search_term_string}\"},\"query-input\":{\"@type\":\"PropertyValueSpecification\",\"valueRequired\":true,\"valueName\":\"search_term_string\"}}],\"inLanguage\":\"fr-FR\"}]}<\/script>\n<!-- \/ Yoast SEO plugin. -->","yoast_head_json":{"title":"Lentos 22x143x1200 mm #BD-141 - Sherwood","robots":{"index":"noindex","follow":"follow","max-snippet":"max-snippet:-1","max-image-preview":"max-image-preview:large","max-video-preview":"max-video-preview:-1"},"og_locale":"fr_FR","og_type":"article","og_title":"Lentos 22x143x1200 mm #BD-141 - Sherwood","og_description":"1 r\u016b\u0161ies medin\u0117s lentos pad\u0117kl\u0173 gamybai (22 \u00d7 143 \u00d7 1200 mm) \u2013 tai auk\u0161tos kokyb\u0117s, tiksli\u0173 matmen\u0173 lentos, skirtos EPAL ir kit\u0173 tip\u0173 medini\u0173 pad\u0117kl\u0173 gamybai. Pagal poreik\u012f galimas lent\u0173 i\u0161frezavimas pagal EPAL reikalavimus, taip pat lankst\u016bs pakavimo ir apdirbimo sprendimai.","og_url":"https:\/\/sherwoodjr.com\/fr\/produktas\/lentos-22x143x1200-mm-bd-141\/","og_site_name":"Sherwood","twitter_card":"summary_large_image","schema":{"@context":"https:\/\/schema.org","@graph":[{"@type":"WebPage","@id":"https:\/\/sherwoodjr.com\/fr\/produktas\/lentos-22x143x1200-mm-bd-141\/","url":"https:\/\/sherwoodjr.com\/fr\/produktas\/lentos-22x143x1200-mm-bd-141\/","name":"Lentos 22x143x1200 mm #BD-141 - Sherwood","isPartOf":{"@id":"https:\/\/sherwoodjr.com\/fr\/#website"},"primaryImageOfPage":{"@id":"https:\/\/sherwoodjr.com\/fr\/produktas\/lentos-22x143x1200-mm-bd-141\/#primaryimage"},"image":{"@id":"https:\/\/sherwoodjr.com\/fr\/produktas\/lentos-22x143x1200-mm-bd-141\/#primaryimage"},"thumbnailUrl":"https:\/\/sherwoodjr.com\/wp-content\/uploads\/Screenshot-2025-12-31-at-10.02.59.png","datePublished":"2025-12-31T09:32:26+00:00","breadcrumb":{"@id":"https:\/\/sherwoodjr.com\/fr\/produktas\/lentos-22x143x1200-mm-bd-141\/#breadcrumb"},"inLanguage":"fr-FR","potentialAction":[{"@type":"ReadAction","target":["https:\/\/sherwoodjr.com\/fr\/produktas\/lentos-22x143x1200-mm-bd-141\/"]}]},{"@type":"ImageObject","inLanguage":"fr-FR","@id":"https:\/\/sherwoodjr.com\/fr\/produktas\/lentos-22x143x1200-mm-bd-141\/#primaryimage","url":"https:\/\/sherwoodjr.com\/wp-content\/uploads\/Screenshot-2025-12-31-at-10.02.59.png","contentUrl":"https:\/\/sherwoodjr.com\/wp-content\/uploads\/Screenshot-2025-12-31-at-10.02.59.png","width":1758,"height":2168},{"@type":"BreadcrumbList","@id":"https:\/\/sherwoodjr.com\/fr\/produktas\/lentos-22x143x1200-mm-bd-141\/#breadcrumb","itemListElement":[{"@type":"ListItem","position":1,"name":"Home","item":"https:\/\/sherwoodjr.com\/fr\/"},{"@type":"ListItem","position":2,"name":"Katalogas","item":"https:\/\/sherwoodjr.com\/fr\/katalogas\/"},{"@type":"ListItem","position":3,"name":"Lentos 22x143x1200 mm #BD-141"}]},{"@type":"WebSite","@id":"https:\/\/sherwoodjr.com\/fr\/#website","url":"https:\/\/sherwoodjr.com\/fr\/","name":"Sherwood","description":"","potentialAction":[{"@type":"SearchAction","target":{"@type":"EntryPoint","urlTemplate":"https:\/\/sherwoodjr.com\/fr\/?s={search_term_string}"},"query-input":{"@type":"PropertyValueSpecification","valueRequired":true,"valueName":"search_term_string"}}],"inLanguage":"fr-FR"}]}},"_links":{"self":[{"href":"https:\/\/sherwoodjr.com\/fr\/wp-json\/wp\/v2\/product\/836","targetHints":{"allow":["GET"]}}],"collection":[{"href":"https:\/\/sherwoodjr.com\/fr\/wp-json\/wp\/v2\/product"}],"about":[{"href":"https:\/\/sherwoodjr.com\/fr\/wp-json\/wp\/v2\/types\/product"}],"replies":[{"embeddable":true,"href":"https:\/\/sherwoodjr.com\/fr\/wp-json\/wp\/v2\/comments?post=836"}],"wp:featuredmedia":[{"embeddable":true,"href":"https:\/\/sherwoodjr.com\/fr\/wp-json\/wp\/v2\/media\/829"}],"wp:attachment":[{"href":"https:\/\/sherwoodjr.com\/fr\/wp-json\/wp\/v2\/media?parent=836"}],"wp:term":[{"taxonomy":"product_brand","embeddable":true,"href":"https:\/\/sherwoodjr.com\/fr\/wp-json\/wp\/v2\/product_brand?post=836"},{"taxonomy":"product_cat","embeddable":true,"href":"https:\/\/sherwoodjr.com\/fr\/wp-json\/wp\/v2\/product_cat?post=836"},{"taxonomy":"product_tag","embeddable":true,"href":"https:\/\/sherwoodjr.com\/fr\/wp-json\/wp\/v2\/product_tag?post=836"}],"curies":[{"name":"wp","href":"https:\/\/api.w.org\/{rel}","templated":true}]}}