{"id":822,"date":"2025-12-31T13:09:01","date_gmt":"2025-12-31T10:09:01","guid":{"rendered":"https:\/\/sherwoodjr.com\/produktas\/lentos-15x75x2400-mm-bd-66-kopija\/"},"modified":"2025-12-31T13:09:01","modified_gmt":"2025-12-31T10:09:01","slug":"lentos-15x75x2400-mm-bd-66-kopija","status":"publish","type":"product","link":"https:\/\/sherwoodjr.com\/fr\/produktas\/lentos-15x75x2400-mm-bd-66-kopija\/","title":{"rendered":"Lentos 15x75x2400 mm #BD-36"},"content":{"rendered":"<p data-start=\"191\" data-end=\"550\"><strong data-start=\"191\" data-end=\"254\">1 r\u016b\u0161ies medin\u0117s lentos pad\u0117kl\u0173 gamybai (15 \u00d7 75 \u00d7 2400 mm)<\/strong> \u2013 tai auk\u0161tos kokyb\u0117s, tikslaus pjovimo lentos, skirtos medini\u0173 pad\u0117kl\u0173 gamybai ir ruo\u0161ini\u0173 paruo\u0161imui. D\u0117l ilgesnio formato \u0161ios lentos leid\u017eia klientams pasirinkti tiksl\u0173 skersavim\u0105 pagal poreik\u012f arba naudoti jas be skersavimo, taip optimizuojant savo gamybos proces\u0105.<\/p>\n<p data-start=\"191\" data-end=\"550\">Lentos tiekiamos supakuotos \u012f paketus pagal kliento pageidavim\u0105 ir gali b\u016bti paruo\u0161tos skirtingais variantais: nat\u016bralios dr\u0117gm\u0117s, d\u017eiovintos, su IPPC (ISPM 15) terminiu apdirbimu arba d\u017eiovintos + IPPC.<\/p>\n","protected":false},"excerpt":{"rendered":"<p>1 r\u016b\u0161ies medin\u0117s lentos pad\u0117kl\u0173 gamybai (15 \u00d7 75 \u00d7 2400 mm) \u2013 tai auk\u0161tos kokyb\u0117s, tikslaus pjovimo lentos, skirtos medini\u0173 pad\u0117kl\u0173 gamybai ir ruo\u0161ini\u0173 paruo\u0161imui. D\u0117l ilgesnio formato \u0161ios lentos leid\u017eia klientams pasirinkti tiksl\u0173 skersavim\u0105 pagal poreik\u012f arba naudoti jas be skersavimo, taip optimizuojant savo gamybos proces\u0105. Lentos tiekiamos supakuotos \u012f paketus pagal kliento&#8230;<\/p>\n","protected":false},"featured_media":823,"comment_status":"closed","ping_status":"closed","template":"","meta":{"_acf_changed":false},"product_brand":[],"product_cat":[185],"product_tag":[],"class_list":{"0":"post-822","1":"product","2":"type-product","3":"status-publish","4":"has-post-thumbnail","6":"product_cat-lentos","8":"first","9":"instock","10":"taxable","11":"shipping-taxable","12":"product-type-simple"},"acf":[],"yoast_head":"<!-- This site is optimized with the Yoast SEO plugin v25.8 - https:\/\/yoast.com\/wordpress\/plugins\/seo\/ -->\n<title>Lentos 15x75x2400 mm #BD-36 - Sherwood<\/title>\n<meta name=\"robots\" content=\"noindex, follow, max-snippet:-1, max-image-preview:large, max-video-preview:-1\" \/>\n<meta property=\"og:locale\" content=\"fr_FR\" \/>\n<meta property=\"og:type\" content=\"article\" \/>\n<meta property=\"og:title\" content=\"Lentos 15x75x2400 mm #BD-36 - Sherwood\" \/>\n<meta property=\"og:description\" content=\"1 r\u016b\u0161ies medin\u0117s lentos pad\u0117kl\u0173 gamybai (15 \u00d7 75 \u00d7 2400 mm) \u2013 tai auk\u0161tos kokyb\u0117s, tikslaus pjovimo lentos, skirtos medini\u0173 pad\u0117kl\u0173 gamybai ir ruo\u0161ini\u0173 paruo\u0161imui. D\u0117l ilgesnio formato \u0161ios lentos leid\u017eia klientams pasirinkti tiksl\u0173 skersavim\u0105 pagal poreik\u012f arba naudoti jas be skersavimo, taip optimizuojant savo gamybos proces\u0105. Lentos tiekiamos supakuotos \u012f paketus pagal kliento...\" \/>\n<meta property=\"og:url\" content=\"https:\/\/sherwoodjr.com\/fr\/produktas\/lentos-15x75x2400-mm-bd-66-kopija\/\" \/>\n<meta property=\"og:site_name\" content=\"Sherwood\" \/>\n<meta name=\"twitter:card\" content=\"summary_large_image\" \/>\n<script type=\"application\/ld+json\" class=\"yoast-schema-graph\">{\"@context\":\"https:\/\/schema.org\",\"@graph\":[{\"@type\":\"WebPage\",\"@id\":\"https:\/\/sherwoodjr.com\/fr\/produktas\/lentos-15x75x2400-mm-bd-66-kopija\/\",\"url\":\"https:\/\/sherwoodjr.com\/fr\/produktas\/lentos-15x75x2400-mm-bd-66-kopija\/\",\"name\":\"Lentos 15x75x2400 mm #BD-36 - Sherwood\",\"isPartOf\":{\"@id\":\"https:\/\/sherwoodjr.com\/fr\/#website\"},\"primaryImageOfPage\":{\"@id\":\"https:\/\/sherwoodjr.com\/fr\/produktas\/lentos-15x75x2400-mm-bd-66-kopija\/#primaryimage\"},\"image\":{\"@id\":\"https:\/\/sherwoodjr.com\/fr\/produktas\/lentos-15x75x2400-mm-bd-66-kopija\/#primaryimage\"},\"thumbnailUrl\":\"https:\/\/sherwoodjr.com\/wp-content\/uploads\/Gemini_Generated_Image_7ey0tm7ey0tm7ey0.jpeg\",\"datePublished\":\"2025-12-31T10:09:01+00:00\",\"breadcrumb\":{\"@id\":\"https:\/\/sherwoodjr.com\/fr\/produktas\/lentos-15x75x2400-mm-bd-66-kopija\/#breadcrumb\"},\"inLanguage\":\"fr-FR\",\"potentialAction\":[{\"@type\":\"ReadAction\",\"target\":[\"https:\/\/sherwoodjr.com\/fr\/produktas\/lentos-15x75x2400-mm-bd-66-kopija\/\"]}]},{\"@type\":\"ImageObject\",\"inLanguage\":\"fr-FR\",\"@id\":\"https:\/\/sherwoodjr.com\/fr\/produktas\/lentos-15x75x2400-mm-bd-66-kopija\/#primaryimage\",\"url\":\"https:\/\/sherwoodjr.com\/wp-content\/uploads\/Gemini_Generated_Image_7ey0tm7ey0tm7ey0.jpeg\",\"contentUrl\":\"https:\/\/sherwoodjr.com\/wp-content\/uploads\/Gemini_Generated_Image_7ey0tm7ey0tm7ey0.jpeg\",\"width\":2400,\"height\":1792},{\"@type\":\"BreadcrumbList\",\"@id\":\"https:\/\/sherwoodjr.com\/fr\/produktas\/lentos-15x75x2400-mm-bd-66-kopija\/#breadcrumb\",\"itemListElement\":[{\"@type\":\"ListItem\",\"position\":1,\"name\":\"Home\",\"item\":\"https:\/\/sherwoodjr.com\/fr\/\"},{\"@type\":\"ListItem\",\"position\":2,\"name\":\"Katalogas\",\"item\":\"https:\/\/sherwoodjr.com\/fr\/katalogas\/\"},{\"@type\":\"ListItem\",\"position\":3,\"name\":\"Lentos 15x75x2400 mm #BD-36\"}]},{\"@type\":\"WebSite\",\"@id\":\"https:\/\/sherwoodjr.com\/fr\/#website\",\"url\":\"https:\/\/sherwoodjr.com\/fr\/\",\"name\":\"Sherwood\",\"description\":\"\",\"potentialAction\":[{\"@type\":\"SearchAction\",\"target\":{\"@type\":\"EntryPoint\",\"urlTemplate\":\"https:\/\/sherwoodjr.com\/fr\/?s={search_term_string}\"},\"query-input\":{\"@type\":\"PropertyValueSpecification\",\"valueRequired\":true,\"valueName\":\"search_term_string\"}}],\"inLanguage\":\"fr-FR\"}]}<\/script>\n<!-- \/ Yoast SEO plugin. -->","yoast_head_json":{"title":"Lentos 15x75x2400 mm #BD-36 - Sherwood","robots":{"index":"noindex","follow":"follow","max-snippet":"max-snippet:-1","max-image-preview":"max-image-preview:large","max-video-preview":"max-video-preview:-1"},"og_locale":"fr_FR","og_type":"article","og_title":"Lentos 15x75x2400 mm #BD-36 - Sherwood","og_description":"1 r\u016b\u0161ies medin\u0117s lentos pad\u0117kl\u0173 gamybai (15 \u00d7 75 \u00d7 2400 mm) \u2013 tai auk\u0161tos kokyb\u0117s, tikslaus pjovimo lentos, skirtos medini\u0173 pad\u0117kl\u0173 gamybai ir ruo\u0161ini\u0173 paruo\u0161imui. D\u0117l ilgesnio formato \u0161ios lentos leid\u017eia klientams pasirinkti tiksl\u0173 skersavim\u0105 pagal poreik\u012f arba naudoti jas be skersavimo, taip optimizuojant savo gamybos proces\u0105. Lentos tiekiamos supakuotos \u012f paketus pagal kliento...","og_url":"https:\/\/sherwoodjr.com\/fr\/produktas\/lentos-15x75x2400-mm-bd-66-kopija\/","og_site_name":"Sherwood","twitter_card":"summary_large_image","schema":{"@context":"https:\/\/schema.org","@graph":[{"@type":"WebPage","@id":"https:\/\/sherwoodjr.com\/fr\/produktas\/lentos-15x75x2400-mm-bd-66-kopija\/","url":"https:\/\/sherwoodjr.com\/fr\/produktas\/lentos-15x75x2400-mm-bd-66-kopija\/","name":"Lentos 15x75x2400 mm #BD-36 - Sherwood","isPartOf":{"@id":"https:\/\/sherwoodjr.com\/fr\/#website"},"primaryImageOfPage":{"@id":"https:\/\/sherwoodjr.com\/fr\/produktas\/lentos-15x75x2400-mm-bd-66-kopija\/#primaryimage"},"image":{"@id":"https:\/\/sherwoodjr.com\/fr\/produktas\/lentos-15x75x2400-mm-bd-66-kopija\/#primaryimage"},"thumbnailUrl":"https:\/\/sherwoodjr.com\/wp-content\/uploads\/Gemini_Generated_Image_7ey0tm7ey0tm7ey0.jpeg","datePublished":"2025-12-31T10:09:01+00:00","breadcrumb":{"@id":"https:\/\/sherwoodjr.com\/fr\/produktas\/lentos-15x75x2400-mm-bd-66-kopija\/#breadcrumb"},"inLanguage":"fr-FR","potentialAction":[{"@type":"ReadAction","target":["https:\/\/sherwoodjr.com\/fr\/produktas\/lentos-15x75x2400-mm-bd-66-kopija\/"]}]},{"@type":"ImageObject","inLanguage":"fr-FR","@id":"https:\/\/sherwoodjr.com\/fr\/produktas\/lentos-15x75x2400-mm-bd-66-kopija\/#primaryimage","url":"https:\/\/sherwoodjr.com\/wp-content\/uploads\/Gemini_Generated_Image_7ey0tm7ey0tm7ey0.jpeg","contentUrl":"https:\/\/sherwoodjr.com\/wp-content\/uploads\/Gemini_Generated_Image_7ey0tm7ey0tm7ey0.jpeg","width":2400,"height":1792},{"@type":"BreadcrumbList","@id":"https:\/\/sherwoodjr.com\/fr\/produktas\/lentos-15x75x2400-mm-bd-66-kopija\/#breadcrumb","itemListElement":[{"@type":"ListItem","position":1,"name":"Home","item":"https:\/\/sherwoodjr.com\/fr\/"},{"@type":"ListItem","position":2,"name":"Katalogas","item":"https:\/\/sherwoodjr.com\/fr\/katalogas\/"},{"@type":"ListItem","position":3,"name":"Lentos 15x75x2400 mm #BD-36"}]},{"@type":"WebSite","@id":"https:\/\/sherwoodjr.com\/fr\/#website","url":"https:\/\/sherwoodjr.com\/fr\/","name":"Sherwood","description":"","potentialAction":[{"@type":"SearchAction","target":{"@type":"EntryPoint","urlTemplate":"https:\/\/sherwoodjr.com\/fr\/?s={search_term_string}"},"query-input":{"@type":"PropertyValueSpecification","valueRequired":true,"valueName":"search_term_string"}}],"inLanguage":"fr-FR"}]}},"_links":{"self":[{"href":"https:\/\/sherwoodjr.com\/fr\/wp-json\/wp\/v2\/product\/822","targetHints":{"allow":["GET"]}}],"collection":[{"href":"https:\/\/sherwoodjr.com\/fr\/wp-json\/wp\/v2\/product"}],"about":[{"href":"https:\/\/sherwoodjr.com\/fr\/wp-json\/wp\/v2\/types\/product"}],"replies":[{"embeddable":true,"href":"https:\/\/sherwoodjr.com\/fr\/wp-json\/wp\/v2\/comments?post=822"}],"wp:featuredmedia":[{"embeddable":true,"href":"https:\/\/sherwoodjr.com\/fr\/wp-json\/wp\/v2\/media\/823"}],"wp:attachment":[{"href":"https:\/\/sherwoodjr.com\/fr\/wp-json\/wp\/v2\/media?parent=822"}],"wp:term":[{"taxonomy":"product_brand","embeddable":true,"href":"https:\/\/sherwoodjr.com\/fr\/wp-json\/wp\/v2\/product_brand?post=822"},{"taxonomy":"product_cat","embeddable":true,"href":"https:\/\/sherwoodjr.com\/fr\/wp-json\/wp\/v2\/product_cat?post=822"},{"taxonomy":"product_tag","embeddable":true,"href":"https:\/\/sherwoodjr.com\/fr\/wp-json\/wp\/v2\/product_tag?post=822"}],"curies":[{"name":"wp","href":"https:\/\/api.w.org\/{rel}","templated":true}]}}