{"id":805,"date":"2025-12-31T14:53:37","date_gmt":"2025-12-31T11:53:37","guid":{"rendered":"https:\/\/sherwoodjr.com\/produktas\/tasai-75x95x1200-mm-bm-51\/"},"modified":"2025-12-31T14:53:37","modified_gmt":"2025-12-31T11:53:37","slug":"tasai-75x95x1200-mm-bm-51","status":"publish","type":"product","link":"https:\/\/sherwoodjr.com\/fr\/produktas\/tasai-75x95x1200-mm-bm-51\/","title":{"rendered":"Ta\u0161ai 75x95x1200 mm #BM-51"},"content":{"rendered":"<p data-start=\"193\" data-end=\"498\"><strong data-start=\"193\" data-end=\"247\">Mediniai ta\u0161ai pad\u0117kl\u0173 gamybai (75 \u00d7 95 \u00d7 1200 mm)<\/strong> \u2013 tai tvirti, tiksliai paruo\u0161ti konstrukciniai elementai, skirti kalad\u0117li\u0173 gamybai mediniams pad\u0117klams. Ta\u0161ai idealiai tinka klientams, kurie savo gamyboje patys pjauna kalad\u0117les arba naudoja ta\u0161us kaip konstrukcinius pad\u0117kl\u0173 komponentus.<\/p>\n<p data-start=\"500\" data-end=\"861\">Galimas tikslus ilgio skersavimas pagal poreik\u012f arba tiekimas be skersavimo. Ta\u0161ai gali b\u016bti tiekiami d\u017eiovinti, su IPPC (ISPM 15) apdirbimu arba d\u017eiovinti + IPPC ir supakuoti \u012f paketus pagal kliento poreikius.<\/p>\n","protected":false},"excerpt":{"rendered":"<p>Mediniai ta\u0161ai pad\u0117kl\u0173 gamybai (75 \u00d7 95 \u00d7 1200 mm) \u2013 tai tvirti, tiksliai paruo\u0161ti konstrukciniai elementai, skirti kalad\u0117li\u0173 gamybai mediniams pad\u0117klams. Ta\u0161ai idealiai tinka klientams, kurie savo gamyboje patys pjauna kalad\u0117les arba naudoja ta\u0161us kaip konstrukcinius pad\u0117kl\u0173 komponentus. Galimas tikslus ilgio skersavimas pagal poreik\u012f arba tiekimas be skersavimo. Ta\u0161ai gali b\u016bti tiekiami d\u017eiovinti, su&#8230;<\/p>\n","protected":false},"featured_media":807,"comment_status":"closed","ping_status":"closed","template":"","meta":{"_acf_changed":false},"product_brand":[],"product_cat":[139],"product_tag":[],"class_list":{"0":"post-805","1":"product","2":"type-product","3":"status-publish","4":"has-post-thumbnail","6":"product_cat-tasai","8":"first","9":"instock","10":"taxable","11":"shipping-taxable","12":"product-type-simple"},"acf":[],"yoast_head":"<!-- This site is optimized with the Yoast SEO plugin v25.8 - https:\/\/yoast.com\/wordpress\/plugins\/seo\/ -->\n<title>Ta\u0161ai 75x95x1200 mm #BM-51 - Sherwood<\/title>\n<meta name=\"robots\" content=\"noindex, follow, max-snippet:-1, max-image-preview:large, max-video-preview:-1\" \/>\n<meta property=\"og:locale\" content=\"fr_FR\" \/>\n<meta property=\"og:type\" content=\"article\" \/>\n<meta property=\"og:title\" content=\"Ta\u0161ai 75x95x1200 mm #BM-51 - Sherwood\" \/>\n<meta property=\"og:description\" content=\"Mediniai ta\u0161ai pad\u0117kl\u0173 gamybai (75 \u00d7 95 \u00d7 1200 mm) \u2013 tai tvirti, tiksliai paruo\u0161ti konstrukciniai elementai, skirti kalad\u0117li\u0173 gamybai mediniams pad\u0117klams. Ta\u0161ai idealiai tinka klientams, kurie savo gamyboje patys pjauna kalad\u0117les arba naudoja ta\u0161us kaip konstrukcinius pad\u0117kl\u0173 komponentus. Galimas tikslus ilgio skersavimas pagal poreik\u012f arba tiekimas be skersavimo. Ta\u0161ai gali b\u016bti tiekiami d\u017eiovinti, su...\" \/>\n<meta property=\"og:url\" content=\"https:\/\/sherwoodjr.com\/fr\/produktas\/tasai-75x95x1200-mm-bm-51\/\" \/>\n<meta property=\"og:site_name\" content=\"Sherwood\" \/>\n<meta name=\"twitter:card\" content=\"summary_large_image\" \/>\n<script type=\"application\/ld+json\" class=\"yoast-schema-graph\">{\"@context\":\"https:\/\/schema.org\",\"@graph\":[{\"@type\":\"WebPage\",\"@id\":\"https:\/\/sherwoodjr.com\/fr\/produktas\/tasai-75x95x1200-mm-bm-51\/\",\"url\":\"https:\/\/sherwoodjr.com\/fr\/produktas\/tasai-75x95x1200-mm-bm-51\/\",\"name\":\"Ta\u0161ai 75x95x1200 mm #BM-51 - Sherwood\",\"isPartOf\":{\"@id\":\"https:\/\/sherwoodjr.com\/fr\/#website\"},\"primaryImageOfPage\":{\"@id\":\"https:\/\/sherwoodjr.com\/fr\/produktas\/tasai-75x95x1200-mm-bm-51\/#primaryimage\"},\"image\":{\"@id\":\"https:\/\/sherwoodjr.com\/fr\/produktas\/tasai-75x95x1200-mm-bm-51\/#primaryimage\"},\"thumbnailUrl\":\"https:\/\/sherwoodjr.com\/wp-content\/uploads\/Gemini_Generated_Image_zf51a3zf51a3zf51.jpeg\",\"datePublished\":\"2025-12-31T11:53:37+00:00\",\"breadcrumb\":{\"@id\":\"https:\/\/sherwoodjr.com\/fr\/produktas\/tasai-75x95x1200-mm-bm-51\/#breadcrumb\"},\"inLanguage\":\"fr-FR\",\"potentialAction\":[{\"@type\":\"ReadAction\",\"target\":[\"https:\/\/sherwoodjr.com\/fr\/produktas\/tasai-75x95x1200-mm-bm-51\/\"]}]},{\"@type\":\"ImageObject\",\"inLanguage\":\"fr-FR\",\"@id\":\"https:\/\/sherwoodjr.com\/fr\/produktas\/tasai-75x95x1200-mm-bm-51\/#primaryimage\",\"url\":\"https:\/\/sherwoodjr.com\/wp-content\/uploads\/Gemini_Generated_Image_zf51a3zf51a3zf51.jpeg\",\"contentUrl\":\"https:\/\/sherwoodjr.com\/wp-content\/uploads\/Gemini_Generated_Image_zf51a3zf51a3zf51.jpeg\",\"width\":864,\"height\":1184},{\"@type\":\"BreadcrumbList\",\"@id\":\"https:\/\/sherwoodjr.com\/fr\/produktas\/tasai-75x95x1200-mm-bm-51\/#breadcrumb\",\"itemListElement\":[{\"@type\":\"ListItem\",\"position\":1,\"name\":\"Home\",\"item\":\"https:\/\/sherwoodjr.com\/fr\/\"},{\"@type\":\"ListItem\",\"position\":2,\"name\":\"Katalogas\",\"item\":\"https:\/\/sherwoodjr.com\/fr\/katalogas\/\"},{\"@type\":\"ListItem\",\"position\":3,\"name\":\"Ta\u0161ai 75x95x1200 mm #BM-51\"}]},{\"@type\":\"WebSite\",\"@id\":\"https:\/\/sherwoodjr.com\/fr\/#website\",\"url\":\"https:\/\/sherwoodjr.com\/fr\/\",\"name\":\"Sherwood\",\"description\":\"\",\"potentialAction\":[{\"@type\":\"SearchAction\",\"target\":{\"@type\":\"EntryPoint\",\"urlTemplate\":\"https:\/\/sherwoodjr.com\/fr\/?s={search_term_string}\"},\"query-input\":{\"@type\":\"PropertyValueSpecification\",\"valueRequired\":true,\"valueName\":\"search_term_string\"}}],\"inLanguage\":\"fr-FR\"}]}<\/script>\n<!-- \/ Yoast SEO plugin. -->","yoast_head_json":{"title":"Ta\u0161ai 75x95x1200 mm #BM-51 - Sherwood","robots":{"index":"noindex","follow":"follow","max-snippet":"max-snippet:-1","max-image-preview":"max-image-preview:large","max-video-preview":"max-video-preview:-1"},"og_locale":"fr_FR","og_type":"article","og_title":"Ta\u0161ai 75x95x1200 mm #BM-51 - Sherwood","og_description":"Mediniai ta\u0161ai pad\u0117kl\u0173 gamybai (75 \u00d7 95 \u00d7 1200 mm) \u2013 tai tvirti, tiksliai paruo\u0161ti konstrukciniai elementai, skirti kalad\u0117li\u0173 gamybai mediniams pad\u0117klams. Ta\u0161ai idealiai tinka klientams, kurie savo gamyboje patys pjauna kalad\u0117les arba naudoja ta\u0161us kaip konstrukcinius pad\u0117kl\u0173 komponentus. Galimas tikslus ilgio skersavimas pagal poreik\u012f arba tiekimas be skersavimo. Ta\u0161ai gali b\u016bti tiekiami d\u017eiovinti, su...","og_url":"https:\/\/sherwoodjr.com\/fr\/produktas\/tasai-75x95x1200-mm-bm-51\/","og_site_name":"Sherwood","twitter_card":"summary_large_image","schema":{"@context":"https:\/\/schema.org","@graph":[{"@type":"WebPage","@id":"https:\/\/sherwoodjr.com\/fr\/produktas\/tasai-75x95x1200-mm-bm-51\/","url":"https:\/\/sherwoodjr.com\/fr\/produktas\/tasai-75x95x1200-mm-bm-51\/","name":"Ta\u0161ai 75x95x1200 mm #BM-51 - Sherwood","isPartOf":{"@id":"https:\/\/sherwoodjr.com\/fr\/#website"},"primaryImageOfPage":{"@id":"https:\/\/sherwoodjr.com\/fr\/produktas\/tasai-75x95x1200-mm-bm-51\/#primaryimage"},"image":{"@id":"https:\/\/sherwoodjr.com\/fr\/produktas\/tasai-75x95x1200-mm-bm-51\/#primaryimage"},"thumbnailUrl":"https:\/\/sherwoodjr.com\/wp-content\/uploads\/Gemini_Generated_Image_zf51a3zf51a3zf51.jpeg","datePublished":"2025-12-31T11:53:37+00:00","breadcrumb":{"@id":"https:\/\/sherwoodjr.com\/fr\/produktas\/tasai-75x95x1200-mm-bm-51\/#breadcrumb"},"inLanguage":"fr-FR","potentialAction":[{"@type":"ReadAction","target":["https:\/\/sherwoodjr.com\/fr\/produktas\/tasai-75x95x1200-mm-bm-51\/"]}]},{"@type":"ImageObject","inLanguage":"fr-FR","@id":"https:\/\/sherwoodjr.com\/fr\/produktas\/tasai-75x95x1200-mm-bm-51\/#primaryimage","url":"https:\/\/sherwoodjr.com\/wp-content\/uploads\/Gemini_Generated_Image_zf51a3zf51a3zf51.jpeg","contentUrl":"https:\/\/sherwoodjr.com\/wp-content\/uploads\/Gemini_Generated_Image_zf51a3zf51a3zf51.jpeg","width":864,"height":1184},{"@type":"BreadcrumbList","@id":"https:\/\/sherwoodjr.com\/fr\/produktas\/tasai-75x95x1200-mm-bm-51\/#breadcrumb","itemListElement":[{"@type":"ListItem","position":1,"name":"Home","item":"https:\/\/sherwoodjr.com\/fr\/"},{"@type":"ListItem","position":2,"name":"Katalogas","item":"https:\/\/sherwoodjr.com\/fr\/katalogas\/"},{"@type":"ListItem","position":3,"name":"Ta\u0161ai 75x95x1200 mm #BM-51"}]},{"@type":"WebSite","@id":"https:\/\/sherwoodjr.com\/fr\/#website","url":"https:\/\/sherwoodjr.com\/fr\/","name":"Sherwood","description":"","potentialAction":[{"@type":"SearchAction","target":{"@type":"EntryPoint","urlTemplate":"https:\/\/sherwoodjr.com\/fr\/?s={search_term_string}"},"query-input":{"@type":"PropertyValueSpecification","valueRequired":true,"valueName":"search_term_string"}}],"inLanguage":"fr-FR"}]}},"_links":{"self":[{"href":"https:\/\/sherwoodjr.com\/fr\/wp-json\/wp\/v2\/product\/805","targetHints":{"allow":["GET"]}}],"collection":[{"href":"https:\/\/sherwoodjr.com\/fr\/wp-json\/wp\/v2\/product"}],"about":[{"href":"https:\/\/sherwoodjr.com\/fr\/wp-json\/wp\/v2\/types\/product"}],"replies":[{"embeddable":true,"href":"https:\/\/sherwoodjr.com\/fr\/wp-json\/wp\/v2\/comments?post=805"}],"wp:featuredmedia":[{"embeddable":true,"href":"https:\/\/sherwoodjr.com\/fr\/wp-json\/wp\/v2\/media\/807"}],"wp:attachment":[{"href":"https:\/\/sherwoodjr.com\/fr\/wp-json\/wp\/v2\/media?parent=805"}],"wp:term":[{"taxonomy":"product_brand","embeddable":true,"href":"https:\/\/sherwoodjr.com\/fr\/wp-json\/wp\/v2\/product_brand?post=805"},{"taxonomy":"product_cat","embeddable":true,"href":"https:\/\/sherwoodjr.com\/fr\/wp-json\/wp\/v2\/product_cat?post=805"},{"taxonomy":"product_tag","embeddable":true,"href":"https:\/\/sherwoodjr.com\/fr\/wp-json\/wp\/v2\/product_tag?post=805"}],"curies":[{"name":"wp","href":"https:\/\/api.w.org\/{rel}","templated":true}]}}