{"id":770,"date":"2026-01-02T10:19:58","date_gmt":"2026-01-02T07:19:58","guid":{"rendered":"https:\/\/sherwoodjr.com\/produktas\/tasai-78x98x1000-mm-bm-59\/"},"modified":"2026-01-02T10:19:58","modified_gmt":"2026-01-02T07:19:58","slug":"tasai-78x98x1000-mm-bm-59","status":"publish","type":"product","link":"https:\/\/sherwoodjr.com\/fr\/produktas\/tasai-78x98x1000-mm-bm-59\/","title":{"rendered":"Ta\u0161ai 78x98x1000 mm #BM-59"},"content":{"rendered":"<p data-start=\"191\" data-end=\"577\"><strong data-start=\"191\" data-end=\"245\">Mediniai ta\u0161ai pad\u0117kl\u0173 gamybai (78 \u00d7 98 \u00d7 1000 mm)<\/strong> \u2013 tai tvirti, didesnio skerspj\u016bvio konstrukciniai elementai, skirti kalad\u0117li\u0173 gamybai mediniams pad\u0117klams bei sustiprintoms pad\u0117kl\u0173 konstrukcijoms. D\u0117l optimalaus ilgio ir plo\u010dio \u0161ie ta\u0161ai puikiai tinka klientams, kurie savo gamyboje patys pjauna kalad\u0117les arba naudoja ta\u0161us kaip paruo\u0161t\u0105 pad\u0117kl\u0173 konstrukcin\u0119 \u017ealiav\u0105.<\/p>\n<p data-start=\"579\" data-end=\"977\">Pirkdami ta\u0161us i\u0161 \u201eSherwood JR\u201c, klientai sutaupo laiko ir gamybos ka\u0161t\u0173, nes gauna vienod\u0173 matmen\u0173, pramoniniam naudojimui paruo\u0161t\u0105 produkcij\u0105. Galimas tikslus ilgio skersavimas pagal kliento poreikius arba tiekimas be skersavimo. Ta\u0161ai gali b\u016bti tiekiami d\u017eiovinti, su IPPC (ISPM 15) apdirbimu arba d\u017eiovinti + IPPC, taip pat supakuoti \u012f paketus pagal kliento pageidavim\u0105.<\/p>\n","protected":false},"excerpt":{"rendered":"<p>Mediniai ta\u0161ai pad\u0117kl\u0173 gamybai (78 \u00d7 98 \u00d7 1000 mm) \u2013 tai tvirti, didesnio skerspj\u016bvio konstrukciniai elementai, skirti kalad\u0117li\u0173 gamybai mediniams pad\u0117klams bei sustiprintoms pad\u0117kl\u0173 konstrukcijoms. D\u0117l optimalaus ilgio ir plo\u010dio \u0161ie ta\u0161ai puikiai tinka klientams, kurie savo gamyboje patys pjauna kalad\u0117les arba naudoja ta\u0161us kaip paruo\u0161t\u0105 pad\u0117kl\u0173 konstrukcin\u0119 \u017ealiav\u0105. Pirkdami ta\u0161us i\u0161 \u201eSherwood JR\u201c,&#8230;<\/p>\n","protected":false},"featured_media":763,"comment_status":"closed","ping_status":"closed","template":"","meta":{"_acf_changed":false},"product_brand":[],"product_cat":[139],"product_tag":[],"class_list":{"0":"post-770","1":"product","2":"type-product","3":"status-publish","4":"has-post-thumbnail","6":"product_cat-tasai","8":"first","9":"instock","10":"taxable","11":"shipping-taxable","12":"product-type-simple"},"acf":[],"yoast_head":"<!-- This site is optimized with the Yoast SEO plugin v25.8 - https:\/\/yoast.com\/wordpress\/plugins\/seo\/ -->\n<title>Ta\u0161ai 78x98x1000 mm #BM-59 - Sherwood<\/title>\n<meta name=\"robots\" content=\"noindex, follow, max-snippet:-1, max-image-preview:large, max-video-preview:-1\" \/>\n<meta property=\"og:locale\" content=\"fr_FR\" \/>\n<meta property=\"og:type\" content=\"article\" \/>\n<meta property=\"og:title\" content=\"Ta\u0161ai 78x98x1000 mm #BM-59 - Sherwood\" \/>\n<meta property=\"og:description\" content=\"Mediniai ta\u0161ai pad\u0117kl\u0173 gamybai (78 \u00d7 98 \u00d7 1000 mm) \u2013 tai tvirti, didesnio skerspj\u016bvio konstrukciniai elementai, skirti kalad\u0117li\u0173 gamybai mediniams pad\u0117klams bei sustiprintoms pad\u0117kl\u0173 konstrukcijoms. D\u0117l optimalaus ilgio ir plo\u010dio \u0161ie ta\u0161ai puikiai tinka klientams, kurie savo gamyboje patys pjauna kalad\u0117les arba naudoja ta\u0161us kaip paruo\u0161t\u0105 pad\u0117kl\u0173 konstrukcin\u0119 \u017ealiav\u0105. Pirkdami ta\u0161us i\u0161 \u201eSherwood JR\u201c,...\" \/>\n<meta property=\"og:url\" content=\"https:\/\/sherwoodjr.com\/fr\/produktas\/tasai-78x98x1000-mm-bm-59\/\" \/>\n<meta property=\"og:site_name\" content=\"Sherwood\" \/>\n<meta name=\"twitter:card\" content=\"summary_large_image\" \/>\n<meta name=\"twitter:label1\" content=\"Dur\u00e9e de lecture estim\u00e9e\" \/>\n\t<meta name=\"twitter:data1\" content=\"1 minute\" \/>\n<script type=\"application\/ld+json\" class=\"yoast-schema-graph\">{\"@context\":\"https:\/\/schema.org\",\"@graph\":[{\"@type\":\"WebPage\",\"@id\":\"https:\/\/sherwoodjr.com\/fr\/produktas\/tasai-78x98x1000-mm-bm-59\/\",\"url\":\"https:\/\/sherwoodjr.com\/fr\/produktas\/tasai-78x98x1000-mm-bm-59\/\",\"name\":\"Ta\u0161ai 78x98x1000 mm #BM-59 - Sherwood\",\"isPartOf\":{\"@id\":\"https:\/\/sherwoodjr.com\/fr\/#website\"},\"primaryImageOfPage\":{\"@id\":\"https:\/\/sherwoodjr.com\/fr\/produktas\/tasai-78x98x1000-mm-bm-59\/#primaryimage\"},\"image\":{\"@id\":\"https:\/\/sherwoodjr.com\/fr\/produktas\/tasai-78x98x1000-mm-bm-59\/#primaryimage\"},\"thumbnailUrl\":\"https:\/\/sherwoodjr.com\/wp-content\/uploads\/Tasai_BM-1.png\",\"datePublished\":\"2026-01-02T07:19:58+00:00\",\"breadcrumb\":{\"@id\":\"https:\/\/sherwoodjr.com\/fr\/produktas\/tasai-78x98x1000-mm-bm-59\/#breadcrumb\"},\"inLanguage\":\"fr-FR\",\"potentialAction\":[{\"@type\":\"ReadAction\",\"target\":[\"https:\/\/sherwoodjr.com\/fr\/produktas\/tasai-78x98x1000-mm-bm-59\/\"]}]},{\"@type\":\"ImageObject\",\"inLanguage\":\"fr-FR\",\"@id\":\"https:\/\/sherwoodjr.com\/fr\/produktas\/tasai-78x98x1000-mm-bm-59\/#primaryimage\",\"url\":\"https:\/\/sherwoodjr.com\/wp-content\/uploads\/Tasai_BM-1.png\",\"contentUrl\":\"https:\/\/sherwoodjr.com\/wp-content\/uploads\/Tasai_BM-1.png\",\"width\":1021,\"height\":1207},{\"@type\":\"BreadcrumbList\",\"@id\":\"https:\/\/sherwoodjr.com\/fr\/produktas\/tasai-78x98x1000-mm-bm-59\/#breadcrumb\",\"itemListElement\":[{\"@type\":\"ListItem\",\"position\":1,\"name\":\"Home\",\"item\":\"https:\/\/sherwoodjr.com\/fr\/\"},{\"@type\":\"ListItem\",\"position\":2,\"name\":\"Katalogas\",\"item\":\"https:\/\/sherwoodjr.com\/fr\/katalogas\/\"},{\"@type\":\"ListItem\",\"position\":3,\"name\":\"Ta\u0161ai 78x98x1000 mm #BM-59\"}]},{\"@type\":\"WebSite\",\"@id\":\"https:\/\/sherwoodjr.com\/fr\/#website\",\"url\":\"https:\/\/sherwoodjr.com\/fr\/\",\"name\":\"Sherwood\",\"description\":\"\",\"potentialAction\":[{\"@type\":\"SearchAction\",\"target\":{\"@type\":\"EntryPoint\",\"urlTemplate\":\"https:\/\/sherwoodjr.com\/fr\/?s={search_term_string}\"},\"query-input\":{\"@type\":\"PropertyValueSpecification\",\"valueRequired\":true,\"valueName\":\"search_term_string\"}}],\"inLanguage\":\"fr-FR\"}]}<\/script>\n<!-- \/ Yoast SEO plugin. -->","yoast_head_json":{"title":"Ta\u0161ai 78x98x1000 mm #BM-59 - Sherwood","robots":{"index":"noindex","follow":"follow","max-snippet":"max-snippet:-1","max-image-preview":"max-image-preview:large","max-video-preview":"max-video-preview:-1"},"og_locale":"fr_FR","og_type":"article","og_title":"Ta\u0161ai 78x98x1000 mm #BM-59 - Sherwood","og_description":"Mediniai ta\u0161ai pad\u0117kl\u0173 gamybai (78 \u00d7 98 \u00d7 1000 mm) \u2013 tai tvirti, didesnio skerspj\u016bvio konstrukciniai elementai, skirti kalad\u0117li\u0173 gamybai mediniams pad\u0117klams bei sustiprintoms pad\u0117kl\u0173 konstrukcijoms. D\u0117l optimalaus ilgio ir plo\u010dio \u0161ie ta\u0161ai puikiai tinka klientams, kurie savo gamyboje patys pjauna kalad\u0117les arba naudoja ta\u0161us kaip paruo\u0161t\u0105 pad\u0117kl\u0173 konstrukcin\u0119 \u017ealiav\u0105. Pirkdami ta\u0161us i\u0161 \u201eSherwood JR\u201c,...","og_url":"https:\/\/sherwoodjr.com\/fr\/produktas\/tasai-78x98x1000-mm-bm-59\/","og_site_name":"Sherwood","twitter_card":"summary_large_image","twitter_misc":{"Dur\u00e9e de lecture estim\u00e9e":"1 minute"},"schema":{"@context":"https:\/\/schema.org","@graph":[{"@type":"WebPage","@id":"https:\/\/sherwoodjr.com\/fr\/produktas\/tasai-78x98x1000-mm-bm-59\/","url":"https:\/\/sherwoodjr.com\/fr\/produktas\/tasai-78x98x1000-mm-bm-59\/","name":"Ta\u0161ai 78x98x1000 mm #BM-59 - Sherwood","isPartOf":{"@id":"https:\/\/sherwoodjr.com\/fr\/#website"},"primaryImageOfPage":{"@id":"https:\/\/sherwoodjr.com\/fr\/produktas\/tasai-78x98x1000-mm-bm-59\/#primaryimage"},"image":{"@id":"https:\/\/sherwoodjr.com\/fr\/produktas\/tasai-78x98x1000-mm-bm-59\/#primaryimage"},"thumbnailUrl":"https:\/\/sherwoodjr.com\/wp-content\/uploads\/Tasai_BM-1.png","datePublished":"2026-01-02T07:19:58+00:00","breadcrumb":{"@id":"https:\/\/sherwoodjr.com\/fr\/produktas\/tasai-78x98x1000-mm-bm-59\/#breadcrumb"},"inLanguage":"fr-FR","potentialAction":[{"@type":"ReadAction","target":["https:\/\/sherwoodjr.com\/fr\/produktas\/tasai-78x98x1000-mm-bm-59\/"]}]},{"@type":"ImageObject","inLanguage":"fr-FR","@id":"https:\/\/sherwoodjr.com\/fr\/produktas\/tasai-78x98x1000-mm-bm-59\/#primaryimage","url":"https:\/\/sherwoodjr.com\/wp-content\/uploads\/Tasai_BM-1.png","contentUrl":"https:\/\/sherwoodjr.com\/wp-content\/uploads\/Tasai_BM-1.png","width":1021,"height":1207},{"@type":"BreadcrumbList","@id":"https:\/\/sherwoodjr.com\/fr\/produktas\/tasai-78x98x1000-mm-bm-59\/#breadcrumb","itemListElement":[{"@type":"ListItem","position":1,"name":"Home","item":"https:\/\/sherwoodjr.com\/fr\/"},{"@type":"ListItem","position":2,"name":"Katalogas","item":"https:\/\/sherwoodjr.com\/fr\/katalogas\/"},{"@type":"ListItem","position":3,"name":"Ta\u0161ai 78x98x1000 mm #BM-59"}]},{"@type":"WebSite","@id":"https:\/\/sherwoodjr.com\/fr\/#website","url":"https:\/\/sherwoodjr.com\/fr\/","name":"Sherwood","description":"","potentialAction":[{"@type":"SearchAction","target":{"@type":"EntryPoint","urlTemplate":"https:\/\/sherwoodjr.com\/fr\/?s={search_term_string}"},"query-input":{"@type":"PropertyValueSpecification","valueRequired":true,"valueName":"search_term_string"}}],"inLanguage":"fr-FR"}]}},"_links":{"self":[{"href":"https:\/\/sherwoodjr.com\/fr\/wp-json\/wp\/v2\/product\/770","targetHints":{"allow":["GET"]}}],"collection":[{"href":"https:\/\/sherwoodjr.com\/fr\/wp-json\/wp\/v2\/product"}],"about":[{"href":"https:\/\/sherwoodjr.com\/fr\/wp-json\/wp\/v2\/types\/product"}],"replies":[{"embeddable":true,"href":"https:\/\/sherwoodjr.com\/fr\/wp-json\/wp\/v2\/comments?post=770"}],"wp:featuredmedia":[{"embeddable":true,"href":"https:\/\/sherwoodjr.com\/fr\/wp-json\/wp\/v2\/media\/763"}],"wp:attachment":[{"href":"https:\/\/sherwoodjr.com\/fr\/wp-json\/wp\/v2\/media?parent=770"}],"wp:term":[{"taxonomy":"product_brand","embeddable":true,"href":"https:\/\/sherwoodjr.com\/fr\/wp-json\/wp\/v2\/product_brand?post=770"},{"taxonomy":"product_cat","embeddable":true,"href":"https:\/\/sherwoodjr.com\/fr\/wp-json\/wp\/v2\/product_cat?post=770"},{"taxonomy":"product_tag","embeddable":true,"href":"https:\/\/sherwoodjr.com\/fr\/wp-json\/wp\/v2\/product_tag?post=770"}],"curies":[{"name":"wp","href":"https:\/\/api.w.org\/{rel}","templated":true}]}}