{"id":670,"date":"2025-08-11T14:44:38","date_gmt":"2025-08-11T11:44:38","guid":{"rendered":"https:\/\/sherwoodjr.com\/paslaugos\/"},"modified":"2025-08-11T14:44:38","modified_gmt":"2025-08-11T11:44:38","slug":"paslaugos","status":"publish","type":"page","link":"https:\/\/sherwoodjr.com\/fr\/paslaugos\/","title":{"rendered":"Paslaugos"},"content":{"rendered":"<section class=\"l-section wpb_row us_custom_39150281 height_small color_alternate\"><div class=\"l-section-overlay\" style=\"background:linear-gradient(90deg, rgba(0,0,0,0.45) 0%,rgba(0,0,0,0) 100%)\"><\/div><div class=\"l-section-h i-cf\"><div class=\"g-cols vc_row via_grid cols_1 laptops-cols_inherit tablets-cols_inherit mobiles-cols_1 valign_top type_default stacking_default\"><div class=\"wpb_column vc_column_container\"><div class=\"vc_column-inner\"><nav class=\"g-breadcrumbs us_custom_8b3a3b1f separator_custom align_none\" itemscope itemtype=\"http:\/\/schema.org\/BreadcrumbList\"><div class=\"g-breadcrumbs-item\" itemscope itemprop=\"itemListElement\" itemtype=\"http:\/\/schema.org\/ListItem\"><a itemprop=\"item\" href=\"https:\/\/sherwoodjr.com\/fr\/\"><span itemprop=\"name\">Prad\u017eia<\/span><\/a><meta itemprop=\"position\" content=\"1\"\/><\/div><div class=\"g-breadcrumbs-separator\">\/<\/div><div class=\"g-breadcrumbs-item\">Pages<\/div><\/nav><div class=\"w-separator size_custom\" style=\"height:1rem\"><\/div><h2 class=\"w-text\"><span class=\"w-text-h\"><span class=\"w-text-value\">Paslaugos<\/span><\/span><\/h2><\/div><\/div><\/div><\/div><\/section><section class=\"l-section wpb_row height_large\"><div class=\"l-section-h i-cf\"><div class=\"g-cols vc_row via_grid cols_1 laptops-cols_inherit tablets-cols_inherit mobiles-cols_1 valign_top type_default stacking_default\"><div class=\"wpb_column vc_column_container\"><div class=\"vc_column-inner\"><section class=\"l-section wpb_row height_auto width_full\"><div class=\"l-section-h i-cf\"><div class=\"g-cols vc_row via_grid cols_3 laptops-cols_inherit tablets-cols_inherit mobiles-cols_1 valign_top type_default stacking_default\" style=\"--columns-gap:1.5rem;\"><div class=\"wpb_column vc_column_container us_custom_d628d18a us_animate_this\"><div class=\"vc_column-inner\"><div class=\"g-cols wpb_row us_custom_a185d864 via_grid cols_2-3 laptops-cols_inherit tablets-cols_inherit mobiles-cols_1 valign_middle type_default stacking_default\" style=\"--columns-gap:0rem;\"><div class=\"wpb_column vc_column_container us_custom_9ccc05f2 has_bg_color\"><div class=\"vc_column-inner\"><div class=\"w-image us_custom_c1fc2495 align_none\"><div class=\"w-image-h\"><img decoding=\"async\" width=\"1024\" height=\"1024\" src=\"https:\/\/sherwoodjr.com\/wp-content\/uploads\/cog-custom.svg\" class=\"attachment-large size-large\" alt=\"\" loading=\"lazy\" \/><\/div><\/div><\/div><\/div><div class=\"wpb_column vc_column_container us_custom_3816cc1b has_bg_color\"><div class=\"vc_column-inner\"><div class=\"w-vwrapper align_none valign_top\" style=\"--vwrapper-gap:0.3rem\"><h6 class=\"w-text\"><span class=\"w-text-h\"><span class=\"w-text-value\">Techniniai br\u0117\u017einiai pagal u\u017eklaus\u0105<\/span><\/span><\/h6><div class=\"wpb_text_column us_custom_ea2be81a\"><div class=\"wpb_wrapper\"><p>Tikslios specifikacijos: matmenys, apkrovos, medienos klas\u0117 ir tvirtinimai.<\/p>\n<\/div><\/div><\/div><\/div><\/div><\/div><div class=\"w-separator size_custom\" style=\"height:1.5rem\" id=\"t35a\"><style>@media(max-width:600px){ #t35a{height:0!important}}<\/style><\/div><\/div><\/div><div class=\"wpb_column vc_column_container us_custom_17a60e4a us_animate_this\"><div class=\"vc_column-inner\"><div class=\"g-cols wpb_row us_custom_a185d864 via_grid cols_2-3 laptops-cols_inherit tablets-cols_inherit mobiles-cols_1 valign_middle type_default stacking_default\" style=\"--columns-gap:0rem;\"><div class=\"wpb_column vc_column_container us_custom_9ccc05f2 has_bg_color\"><div class=\"vc_column-inner\"><div class=\"w-image us_custom_c1fc2495 align_none\"><div class=\"w-image-h\"><img decoding=\"async\" width=\"1024\" height=\"1024\" src=\"https:\/\/sherwoodjr.com\/wp-content\/uploads\/faq.svg\" class=\"attachment-large size-large\" alt=\"\" loading=\"lazy\" \/><\/div><\/div><\/div><\/div><div class=\"wpb_column vc_column_container us_custom_3816cc1b has_bg_color\"><div class=\"vc_column-inner\"><div class=\"w-vwrapper align_none valign_top\" style=\"--vwrapper-gap:0.3rem\"><h6 class=\"w-text\"><span class=\"w-text-h\"><span class=\"w-text-value\">Standartizuotas apdirbimas<\/span><\/span><\/h6><div class=\"wpb_text_column us_custom_ea2be81a\"><div class=\"wpb_wrapper\"><p>IPPC (<span>ISPM 15<\/span>), d\u017eiovinimas, frezavimas, grioveliai ta\u0161uose.<\/p>\n<\/div><\/div><\/div><\/div><\/div><\/div><div class=\"w-separator size_custom\" style=\"height:1.5rem\" id=\"ff1c\"><style>@media(max-width:600px){ #ff1c{height:0!important}}<\/style><\/div><\/div><\/div><div class=\"wpb_column vc_column_container us_custom_3e9d1bc9 us_animate_this\"><div class=\"vc_column-inner\"><div class=\"g-cols wpb_row us_custom_a185d864 via_grid cols_2-3 laptops-cols_inherit tablets-cols_inherit mobiles-cols_1 valign_middle type_default stacking_default\" style=\"--columns-gap:0rem;\"><div class=\"wpb_column vc_column_container us_custom_9ccc05f2 has_bg_color\"><div class=\"vc_column-inner\"><div class=\"w-image us_custom_c1fc2495 align_none\"><div class=\"w-image-h\"><img decoding=\"async\" width=\"1024\" height=\"1024\" src=\"https:\/\/sherwoodjr.com\/wp-content\/uploads\/cog-system.svg\" class=\"attachment-large size-large\" alt=\"\" loading=\"lazy\" \/><\/div><\/div><\/div><\/div><div class=\"wpb_column vc_column_container us_custom_3816cc1b has_bg_color\"><div class=\"vc_column-inner\"><div class=\"w-vwrapper align_none valign_top\" style=\"--vwrapper-gap:0.3rem\"><h6 class=\"w-text\"><span class=\"w-text-h\"><span class=\"w-text-value\">Stabil\u016bs grafikai, pristatymas laiku<\/span><\/span><\/h6><div class=\"wpb_text_column us_custom_ea2be81a\"><div class=\"wpb_wrapper\"><p>Planuojame gamyb\u0105, atsargas ir logistik\u0105, kad viskas b\u016bt\u0173 pristatyta laiku.<\/p>\n<\/div><\/div><\/div><\/div><\/div><\/div><div class=\"w-separator size_custom\" style=\"height:1.5rem\"><\/div><\/div><\/div><\/div><\/div><\/section><section class=\"l-section wpb_row height_auto width_full\"><div class=\"l-section-h i-cf\"><div class=\"g-cols vc_row via_grid cols_3 laptops-cols_inherit tablets-cols_inherit mobiles-cols_1 valign_top type_default stacking_default\" style=\"--columns-gap:1.5rem;\"><div class=\"wpb_column vc_column_container us_custom_d628d18a us_animate_this\"><div class=\"vc_column-inner\"><div class=\"g-cols wpb_row us_custom_a185d864 via_grid cols_2-3 laptops-cols_inherit tablets-cols_inherit mobiles-cols_1 valign_middle type_default stacking_default\" style=\"--columns-gap:0rem;\"><div class=\"wpb_column vc_column_container us_custom_9ccc05f2 has_bg_color\"><div class=\"vc_column-inner\"><div class=\"w-image us_custom_c1fc2495 align_none\"><div class=\"w-image-h\"><img decoding=\"async\" width=\"1024\" height=\"1024\" src=\"https:\/\/sherwoodjr.com\/wp-content\/uploads\/cog-custom.svg\" class=\"attachment-large size-large\" alt=\"\" loading=\"lazy\" \/><\/div><\/div><\/div><\/div><div class=\"wpb_column vc_column_container us_custom_3816cc1b has_bg_color\"><div class=\"vc_column-inner\"><div class=\"w-vwrapper align_none valign_top\" style=\"--vwrapper-gap:0.3rem\"><h6 class=\"w-text\"><span class=\"w-text-h\"><span class=\"w-text-value\">Pristatymas pagal DAP\/CIF<\/span><\/span><\/h6><div class=\"wpb_text_column us_custom_ea2be81a\"><div class=\"wpb_wrapper\"><p>Pristatome DAP \u012f j\u016bs\u0173 viet\u0105 arba CIF iki pasirinkto uosto. Pristatym\u0173 terminai suderinami i\u0161 anksto.<\/p>\n<\/div><\/div><\/div><\/div><\/div><\/div><\/div><\/div><div class=\"wpb_column vc_column_container us_custom_17a60e4a us_animate_this\"><div class=\"vc_column-inner\"><div class=\"g-cols wpb_row us_custom_a185d864 via_grid cols_2-3 laptops-cols_inherit tablets-cols_inherit mobiles-cols_1 valign_middle type_default stacking_default\" style=\"--columns-gap:0rem;\"><div class=\"wpb_column vc_column_container us_custom_9ccc05f2 has_bg_color\"><div class=\"vc_column-inner\"><div class=\"w-image us_custom_c1fc2495 align_none\"><div class=\"w-image-h\"><img decoding=\"async\" width=\"1024\" height=\"1024\" src=\"https:\/\/sherwoodjr.com\/wp-content\/uploads\/faq.svg\" class=\"attachment-large size-large\" alt=\"\" loading=\"lazy\" \/><\/div><\/div><\/div><\/div><div class=\"wpb_column vc_column_container us_custom_3816cc1b has_bg_color\"><div class=\"vc_column-inner\"><div class=\"w-vwrapper align_none valign_top\" style=\"--vwrapper-gap:0.3rem\"><h6 class=\"w-text\"><span class=\"w-text-h\"><span class=\"w-text-value\">Lankst\u016bs atsiskaitymai<\/span><\/span><\/h6><div class=\"wpb_text_column us_custom_ea2be81a\"><div class=\"wpb_wrapper\"><p>Faktoringas ir dokumentinis akredityvas (LC) \u2013 skaidrios s\u0105lygos, ai\u0161k\u016bs terminai.<\/p>\n<\/div><\/div><\/div><\/div><\/div><\/div><\/div><\/div><div class=\"wpb_column vc_column_container us_custom_3e9d1bc9 us_animate_this\"><div class=\"vc_column-inner\"><div class=\"g-cols wpb_row us_custom_a185d864 via_grid cols_2-3 laptops-cols_inherit tablets-cols_inherit mobiles-cols_1 valign_middle type_default stacking_default\" style=\"--columns-gap:0rem;\"><div class=\"wpb_column vc_column_container us_custom_9ccc05f2 has_bg_color\"><div class=\"vc_column-inner\"><div class=\"w-image us_custom_c1fc2495 align_none\"><div class=\"w-image-h\"><img decoding=\"async\" width=\"1024\" height=\"1024\" src=\"https:\/\/sherwoodjr.com\/wp-content\/uploads\/cog-system.svg\" class=\"attachment-large size-large\" alt=\"\" loading=\"lazy\" \/><\/div><\/div><\/div><\/div><div class=\"wpb_column vc_column_container us_custom_3816cc1b has_bg_color\"><div class=\"vc_column-inner\"><div class=\"w-vwrapper align_none valign_top\" style=\"--vwrapper-gap:0.3rem\"><h6 class=\"w-text\"><span class=\"w-text-h\"><span class=\"w-text-value\">Konsultacijos ir kokyb\u0117s kontrol\u0117<\/span><\/span><\/h6><div class=\"wpb_text_column us_custom_ea2be81a\"><div class=\"wpb_wrapper\"><p>EPAL\/Euro UIC\/CP\/VMF rekomendacijos, <span>FSC\u00ae<\/span>\/IPPC dokumentai ir kruop\u0161ti kokyb\u0117s kontrol\u0117.<\/p>\n<\/div><\/div><\/div><\/div><\/div><\/div><\/div><\/div><\/div><\/div><\/section>\n<\/div><\/div><\/div><\/div><\/section>\n","protected":false},"excerpt":{"rendered":"Prad\u017eia\/PagesPaslaugosTechniniai br\u0117\u017einiai pagal u\u017eklaus\u0105Tikslios specifikacijos: matmenys, apkrovos, medienos klas\u0117 ir tvirtinimai. Standartizuotas apdirbimasIPPC (ISPM 15), d\u017eiovinimas, frezavimas, grioveliai ta\u0161uose. Stabil\u016bs grafikai, pristatymas laikuPlanuojame gamyb\u0105, atsargas ir logistik\u0105, kad viskas b\u016bt\u0173 pristatyta laiku. Pristatymas pagal DAP\/CIFPristatome DAP \u012f j\u016bs\u0173 viet\u0105 arba CIF iki pasirinkto uosto. Pristatym\u0173 terminai suderinami i\u0161 anksto. Lankst\u016bs atsiskaitymaiFaktoringas ir dokumentinis akredityvas (LC)...","protected":false},"author":1,"featured_media":0,"parent":0,"menu_order":0,"comment_status":"closed","ping_status":"closed","template":"","meta":{"_acf_changed":false,"footnotes":""},"class_list":["post-670","page","type-page","status-publish","hentry"],"acf":[],"yoast_head":"<!-- This site is optimized with the Yoast SEO plugin v25.8 - https:\/\/yoast.com\/wordpress\/plugins\/seo\/ -->\n<title>Paslaugos - Sherwood<\/title>\n<meta name=\"robots\" content=\"noindex, follow, max-snippet:-1, max-image-preview:large, max-video-preview:-1\" \/>\n<meta property=\"og:locale\" content=\"fr_FR\" \/>\n<meta property=\"og:type\" content=\"article\" \/>\n<meta property=\"og:title\" content=\"Paslaugos - Sherwood\" \/>\n<meta property=\"og:url\" content=\"https:\/\/sherwoodjr.com\/fr\/paslaugos\/\" \/>\n<meta property=\"og:site_name\" content=\"Sherwood\" \/>\n<meta name=\"twitter:card\" content=\"summary_large_image\" \/>\n<meta name=\"twitter:label1\" content=\"Dur\u00e9e de lecture estim\u00e9e\" \/>\n\t<meta name=\"twitter:data1\" content=\"1 minute\" \/>\n<script type=\"application\/ld+json\" class=\"yoast-schema-graph\">{\"@context\":\"https:\/\/schema.org\",\"@graph\":[{\"@type\":\"WebPage\",\"@id\":\"https:\/\/sherwoodjr.com\/fr\/paslaugos\/\",\"url\":\"https:\/\/sherwoodjr.com\/fr\/paslaugos\/\",\"name\":\"Paslaugos - Sherwood\",\"isPartOf\":{\"@id\":\"https:\/\/sherwoodjr.com\/fr\/#website\"},\"datePublished\":\"2025-08-11T11:44:38+00:00\",\"breadcrumb\":{\"@id\":\"https:\/\/sherwoodjr.com\/fr\/paslaugos\/#breadcrumb\"},\"inLanguage\":\"fr-FR\",\"potentialAction\":[{\"@type\":\"ReadAction\",\"target\":[\"https:\/\/sherwoodjr.com\/fr\/paslaugos\/\"]}]},{\"@type\":\"BreadcrumbList\",\"@id\":\"https:\/\/sherwoodjr.com\/fr\/paslaugos\/#breadcrumb\",\"itemListElement\":[{\"@type\":\"ListItem\",\"position\":1,\"name\":\"Home\",\"item\":\"https:\/\/sherwoodjr.com\/fr\/\"},{\"@type\":\"ListItem\",\"position\":2,\"name\":\"Paslaugos\"}]},{\"@type\":\"WebSite\",\"@id\":\"https:\/\/sherwoodjr.com\/fr\/#website\",\"url\":\"https:\/\/sherwoodjr.com\/fr\/\",\"name\":\"Sherwood\",\"description\":\"\",\"potentialAction\":[{\"@type\":\"SearchAction\",\"target\":{\"@type\":\"EntryPoint\",\"urlTemplate\":\"https:\/\/sherwoodjr.com\/fr\/?s={search_term_string}\"},\"query-input\":{\"@type\":\"PropertyValueSpecification\",\"valueRequired\":true,\"valueName\":\"search_term_string\"}}],\"inLanguage\":\"fr-FR\"}]}<\/script>\n<!-- \/ Yoast SEO plugin. -->","yoast_head_json":{"title":"Paslaugos - Sherwood","robots":{"index":"noindex","follow":"follow","max-snippet":"max-snippet:-1","max-image-preview":"max-image-preview:large","max-video-preview":"max-video-preview:-1"},"og_locale":"fr_FR","og_type":"article","og_title":"Paslaugos - Sherwood","og_url":"https:\/\/sherwoodjr.com\/fr\/paslaugos\/","og_site_name":"Sherwood","twitter_card":"summary_large_image","twitter_misc":{"Dur\u00e9e de lecture estim\u00e9e":"1 minute"},"schema":{"@context":"https:\/\/schema.org","@graph":[{"@type":"WebPage","@id":"https:\/\/sherwoodjr.com\/fr\/paslaugos\/","url":"https:\/\/sherwoodjr.com\/fr\/paslaugos\/","name":"Paslaugos - Sherwood","isPartOf":{"@id":"https:\/\/sherwoodjr.com\/fr\/#website"},"datePublished":"2025-08-11T11:44:38+00:00","breadcrumb":{"@id":"https:\/\/sherwoodjr.com\/fr\/paslaugos\/#breadcrumb"},"inLanguage":"fr-FR","potentialAction":[{"@type":"ReadAction","target":["https:\/\/sherwoodjr.com\/fr\/paslaugos\/"]}]},{"@type":"BreadcrumbList","@id":"https:\/\/sherwoodjr.com\/fr\/paslaugos\/#breadcrumb","itemListElement":[{"@type":"ListItem","position":1,"name":"Home","item":"https:\/\/sherwoodjr.com\/fr\/"},{"@type":"ListItem","position":2,"name":"Paslaugos"}]},{"@type":"WebSite","@id":"https:\/\/sherwoodjr.com\/fr\/#website","url":"https:\/\/sherwoodjr.com\/fr\/","name":"Sherwood","description":"","potentialAction":[{"@type":"SearchAction","target":{"@type":"EntryPoint","urlTemplate":"https:\/\/sherwoodjr.com\/fr\/?s={search_term_string}"},"query-input":{"@type":"PropertyValueSpecification","valueRequired":true,"valueName":"search_term_string"}}],"inLanguage":"fr-FR"}]}},"_hostinger_reach_plugin_has_subscription_block":false,"_hostinger_reach_plugin_is_elementor":false,"_links":{"self":[{"href":"https:\/\/sherwoodjr.com\/fr\/wp-json\/wp\/v2\/pages\/670","targetHints":{"allow":["GET"]}}],"collection":[{"href":"https:\/\/sherwoodjr.com\/fr\/wp-json\/wp\/v2\/pages"}],"about":[{"href":"https:\/\/sherwoodjr.com\/fr\/wp-json\/wp\/v2\/types\/page"}],"author":[{"embeddable":true,"href":"https:\/\/sherwoodjr.com\/fr\/wp-json\/wp\/v2\/users\/1"}],"replies":[{"embeddable":true,"href":"https:\/\/sherwoodjr.com\/fr\/wp-json\/wp\/v2\/comments?post=670"}],"version-history":[{"count":0,"href":"https:\/\/sherwoodjr.com\/fr\/wp-json\/wp\/v2\/pages\/670\/revisions"}],"wp:attachment":[{"href":"https:\/\/sherwoodjr.com\/fr\/wp-json\/wp\/v2\/media?parent=670"}],"curies":[{"name":"wp","href":"https:\/\/api.w.org\/{rel}","templated":true}]}}