{"id":880,"date":"2025-12-30T17:09:32","date_gmt":"2025-12-30T14:09:32","guid":{"rendered":"https:\/\/sherwoodjr.com\/produktas\/medines-kaladeles-80x150x100-mm-bl-5\/"},"modified":"2025-12-30T17:09:32","modified_gmt":"2025-12-30T14:09:32","slug":"medines-kaladeles-80x150x100-mm-bl-5","status":"publish","type":"product","link":"https:\/\/sherwoodjr.com\/en\/produktas\/medines-kaladeles-80x150x100-mm-bl-5\/","title":{"rendered":"Medin\u0117s kalad\u0117l\u0117s 80x150x100 mm #BL-5"},"content":{"rendered":"<p><strong data-start=\"164\" data-end=\"225\">Medin\u0117s kalad\u0117l\u0117s pad\u0117klams (80 \u00d7 150 \u00d7 100 mm(H))<\/strong><span> \u2013 tai tvirtas ir patikimas konstrukcinis elementas, skirtas profesionaliai pad\u0117kl\u0173 gamybai ir remontui. D\u0117l didesnio kontakto ploto ir auk\u0161\u010dio \u0161ios kalad\u0117l\u0117s ypa\u010d tinka <\/span>sustiprintoms, didesni\u0173 apkrov\u0173 pad\u0117kl\u0173 konstrukcijoms<span>, taip pat automatizuotoms gamybos linijoms. Vienodi matmenys ir stabilus tankis leid\u017eia optimizuoti gamybos proces\u0105 ir suma\u017einti ka\u0161tus.<\/span><\/p>\n","protected":false},"excerpt":{"rendered":"<p>Medin\u0117s kalad\u0117l\u0117s pad\u0117klams (80 \u00d7 150 \u00d7 100 mm(H)) \u2013 tai tvirtas ir patikimas konstrukcinis elementas, skirtas profesionaliai pad\u0117kl\u0173 gamybai ir remontui. D\u0117l didesnio kontakto ploto ir auk\u0161\u010dio \u0161ios kalad\u0117l\u0117s ypa\u010d tinka sustiprintoms, didesni\u0173 apkrov\u0173 pad\u0117kl\u0173 konstrukcijoms, taip pat automatizuotoms gamybos linijoms. Vienodi matmenys ir stabilus tankis leid\u017eia optimizuoti gamybos proces\u0105 ir suma\u017einti ka\u0161tus.<\/p>\n","protected":false},"featured_media":881,"comment_status":"closed","ping_status":"closed","template":"","meta":{"_acf_changed":false},"product_brand":[],"product_cat":[204],"product_tag":[],"class_list":{"0":"post-880","1":"product","2":"type-product","3":"status-publish","4":"has-post-thumbnail","6":"product_cat-padeklu-elementai","8":"first","9":"instock","10":"taxable","11":"shipping-taxable","12":"product-type-simple"},"acf":[],"yoast_head":"<!-- This site is optimized with the Yoast SEO plugin v25.8 - https:\/\/yoast.com\/wordpress\/plugins\/seo\/ -->\n<title>Medin\u0117s kalad\u0117l\u0117s 80x150x100 mm #BL-5 - Sherwood<\/title>\n<meta name=\"robots\" content=\"noindex, follow, max-snippet:-1, max-image-preview:large, max-video-preview:-1\" \/>\n<meta property=\"og:locale\" content=\"en_US\" \/>\n<meta property=\"og:type\" content=\"article\" \/>\n<meta property=\"og:title\" content=\"Medin\u0117s kalad\u0117l\u0117s 80x150x100 mm #BL-5 - Sherwood\" \/>\n<meta property=\"og:description\" content=\"Medin\u0117s kalad\u0117l\u0117s pad\u0117klams (80 \u00d7 150 \u00d7 100 mm(H)) \u2013 tai tvirtas ir patikimas konstrukcinis elementas, skirtas profesionaliai pad\u0117kl\u0173 gamybai ir remontui. D\u0117l didesnio kontakto ploto ir auk\u0161\u010dio \u0161ios kalad\u0117l\u0117s ypa\u010d tinka sustiprintoms, didesni\u0173 apkrov\u0173 pad\u0117kl\u0173 konstrukcijoms, taip pat automatizuotoms gamybos linijoms. Vienodi matmenys ir stabilus tankis leid\u017eia optimizuoti gamybos proces\u0105 ir suma\u017einti ka\u0161tus.\" \/>\n<meta property=\"og:url\" content=\"https:\/\/sherwoodjr.com\/en\/produktas\/medines-kaladeles-80x150x100-mm-bl-5\/\" \/>\n<meta property=\"og:site_name\" content=\"Sherwood\" \/>\n<meta name=\"twitter:card\" content=\"summary_large_image\" \/>\n<script type=\"application\/ld+json\" class=\"yoast-schema-graph\">{\"@context\":\"https:\/\/schema.org\",\"@graph\":[{\"@type\":\"WebPage\",\"@id\":\"https:\/\/sherwoodjr.com\/en\/produktas\/medines-kaladeles-80x150x100-mm-bl-5\/\",\"url\":\"https:\/\/sherwoodjr.com\/en\/produktas\/medines-kaladeles-80x150x100-mm-bl-5\/\",\"name\":\"Medin\u0117s kalad\u0117l\u0117s 80x150x100 mm #BL-5 - Sherwood\",\"isPartOf\":{\"@id\":\"https:\/\/sherwoodjr.com\/en\/#website\"},\"primaryImageOfPage\":{\"@id\":\"https:\/\/sherwoodjr.com\/en\/produktas\/medines-kaladeles-80x150x100-mm-bl-5\/#primaryimage\"},\"image\":{\"@id\":\"https:\/\/sherwoodjr.com\/en\/produktas\/medines-kaladeles-80x150x100-mm-bl-5\/#primaryimage\"},\"thumbnailUrl\":\"https:\/\/sherwoodjr.com\/wp-content\/uploads\/Kaladeles.png\",\"datePublished\":\"2025-12-30T14:09:32+00:00\",\"breadcrumb\":{\"@id\":\"https:\/\/sherwoodjr.com\/en\/produktas\/medines-kaladeles-80x150x100-mm-bl-5\/#breadcrumb\"},\"inLanguage\":\"en-US\",\"potentialAction\":[{\"@type\":\"ReadAction\",\"target\":[\"https:\/\/sherwoodjr.com\/en\/produktas\/medines-kaladeles-80x150x100-mm-bl-5\/\"]}]},{\"@type\":\"ImageObject\",\"inLanguage\":\"en-US\",\"@id\":\"https:\/\/sherwoodjr.com\/en\/produktas\/medines-kaladeles-80x150x100-mm-bl-5\/#primaryimage\",\"url\":\"https:\/\/sherwoodjr.com\/wp-content\/uploads\/Kaladeles.png\",\"contentUrl\":\"https:\/\/sherwoodjr.com\/wp-content\/uploads\/Kaladeles.png\",\"width\":1024,\"height\":1536},{\"@type\":\"BreadcrumbList\",\"@id\":\"https:\/\/sherwoodjr.com\/en\/produktas\/medines-kaladeles-80x150x100-mm-bl-5\/#breadcrumb\",\"itemListElement\":[{\"@type\":\"ListItem\",\"position\":1,\"name\":\"Home\",\"item\":\"https:\/\/sherwoodjr.com\/en\/\"},{\"@type\":\"ListItem\",\"position\":2,\"name\":\"Katalogas\",\"item\":\"https:\/\/sherwoodjr.com\/en\/katalogas\/\"},{\"@type\":\"ListItem\",\"position\":3,\"name\":\"Medin\u0117s kalad\u0117l\u0117s 80x150x100 mm #BL-5\"}]},{\"@type\":\"WebSite\",\"@id\":\"https:\/\/sherwoodjr.com\/en\/#website\",\"url\":\"https:\/\/sherwoodjr.com\/en\/\",\"name\":\"Sherwood\",\"description\":\"\",\"potentialAction\":[{\"@type\":\"SearchAction\",\"target\":{\"@type\":\"EntryPoint\",\"urlTemplate\":\"https:\/\/sherwoodjr.com\/en\/?s={search_term_string}\"},\"query-input\":{\"@type\":\"PropertyValueSpecification\",\"valueRequired\":true,\"valueName\":\"search_term_string\"}}],\"inLanguage\":\"en-US\"}]}<\/script>\n<!-- \/ Yoast SEO plugin. -->","yoast_head_json":{"title":"Medin\u0117s kalad\u0117l\u0117s 80x150x100 mm #BL-5 - Sherwood","robots":{"index":"noindex","follow":"follow","max-snippet":"max-snippet:-1","max-image-preview":"max-image-preview:large","max-video-preview":"max-video-preview:-1"},"og_locale":"en_US","og_type":"article","og_title":"Medin\u0117s kalad\u0117l\u0117s 80x150x100 mm #BL-5 - Sherwood","og_description":"Medin\u0117s kalad\u0117l\u0117s pad\u0117klams (80 \u00d7 150 \u00d7 100 mm(H)) \u2013 tai tvirtas ir patikimas konstrukcinis elementas, skirtas profesionaliai pad\u0117kl\u0173 gamybai ir remontui. D\u0117l didesnio kontakto ploto ir auk\u0161\u010dio \u0161ios kalad\u0117l\u0117s ypa\u010d tinka sustiprintoms, didesni\u0173 apkrov\u0173 pad\u0117kl\u0173 konstrukcijoms, taip pat automatizuotoms gamybos linijoms. Vienodi matmenys ir stabilus tankis leid\u017eia optimizuoti gamybos proces\u0105 ir suma\u017einti ka\u0161tus.","og_url":"https:\/\/sherwoodjr.com\/en\/produktas\/medines-kaladeles-80x150x100-mm-bl-5\/","og_site_name":"Sherwood","twitter_card":"summary_large_image","schema":{"@context":"https:\/\/schema.org","@graph":[{"@type":"WebPage","@id":"https:\/\/sherwoodjr.com\/en\/produktas\/medines-kaladeles-80x150x100-mm-bl-5\/","url":"https:\/\/sherwoodjr.com\/en\/produktas\/medines-kaladeles-80x150x100-mm-bl-5\/","name":"Medin\u0117s kalad\u0117l\u0117s 80x150x100 mm #BL-5 - Sherwood","isPartOf":{"@id":"https:\/\/sherwoodjr.com\/en\/#website"},"primaryImageOfPage":{"@id":"https:\/\/sherwoodjr.com\/en\/produktas\/medines-kaladeles-80x150x100-mm-bl-5\/#primaryimage"},"image":{"@id":"https:\/\/sherwoodjr.com\/en\/produktas\/medines-kaladeles-80x150x100-mm-bl-5\/#primaryimage"},"thumbnailUrl":"https:\/\/sherwoodjr.com\/wp-content\/uploads\/Kaladeles.png","datePublished":"2025-12-30T14:09:32+00:00","breadcrumb":{"@id":"https:\/\/sherwoodjr.com\/en\/produktas\/medines-kaladeles-80x150x100-mm-bl-5\/#breadcrumb"},"inLanguage":"en-US","potentialAction":[{"@type":"ReadAction","target":["https:\/\/sherwoodjr.com\/en\/produktas\/medines-kaladeles-80x150x100-mm-bl-5\/"]}]},{"@type":"ImageObject","inLanguage":"en-US","@id":"https:\/\/sherwoodjr.com\/en\/produktas\/medines-kaladeles-80x150x100-mm-bl-5\/#primaryimage","url":"https:\/\/sherwoodjr.com\/wp-content\/uploads\/Kaladeles.png","contentUrl":"https:\/\/sherwoodjr.com\/wp-content\/uploads\/Kaladeles.png","width":1024,"height":1536},{"@type":"BreadcrumbList","@id":"https:\/\/sherwoodjr.com\/en\/produktas\/medines-kaladeles-80x150x100-mm-bl-5\/#breadcrumb","itemListElement":[{"@type":"ListItem","position":1,"name":"Home","item":"https:\/\/sherwoodjr.com\/en\/"},{"@type":"ListItem","position":2,"name":"Katalogas","item":"https:\/\/sherwoodjr.com\/en\/katalogas\/"},{"@type":"ListItem","position":3,"name":"Medin\u0117s kalad\u0117l\u0117s 80x150x100 mm #BL-5"}]},{"@type":"WebSite","@id":"https:\/\/sherwoodjr.com\/en\/#website","url":"https:\/\/sherwoodjr.com\/en\/","name":"Sherwood","description":"","potentialAction":[{"@type":"SearchAction","target":{"@type":"EntryPoint","urlTemplate":"https:\/\/sherwoodjr.com\/en\/?s={search_term_string}"},"query-input":{"@type":"PropertyValueSpecification","valueRequired":true,"valueName":"search_term_string"}}],"inLanguage":"en-US"}]}},"_links":{"self":[{"href":"https:\/\/sherwoodjr.com\/en\/wp-json\/wp\/v2\/product\/880","targetHints":{"allow":["GET"]}}],"collection":[{"href":"https:\/\/sherwoodjr.com\/en\/wp-json\/wp\/v2\/product"}],"about":[{"href":"https:\/\/sherwoodjr.com\/en\/wp-json\/wp\/v2\/types\/product"}],"replies":[{"embeddable":true,"href":"https:\/\/sherwoodjr.com\/en\/wp-json\/wp\/v2\/comments?post=880"}],"wp:featuredmedia":[{"embeddable":true,"href":"https:\/\/sherwoodjr.com\/en\/wp-json\/wp\/v2\/media\/881"}],"wp:attachment":[{"href":"https:\/\/sherwoodjr.com\/en\/wp-json\/wp\/v2\/media?parent=880"}],"wp:term":[{"taxonomy":"product_brand","embeddable":true,"href":"https:\/\/sherwoodjr.com\/en\/wp-json\/wp\/v2\/product_brand?post=880"},{"taxonomy":"product_cat","embeddable":true,"href":"https:\/\/sherwoodjr.com\/en\/wp-json\/wp\/v2\/product_cat?post=880"},{"taxonomy":"product_tag","embeddable":true,"href":"https:\/\/sherwoodjr.com\/en\/wp-json\/wp\/v2\/product_tag?post=880"}],"curies":[{"name":"wp","href":"https:\/\/api.w.org\/{rel}","templated":true}]}}