{"id":874,"date":"2025-12-31T10:11:53","date_gmt":"2025-12-31T07:11:53","guid":{"rendered":"https:\/\/sherwoodjr.com\/produktas\/remas-1200x800-mm-pl-354\/"},"modified":"2025-12-31T10:11:53","modified_gmt":"2025-12-31T07:11:53","slug":"remas-1200x800-mm-pl-354","status":"publish","type":"product","link":"https:\/\/sherwoodjr.com\/en\/produktas\/remas-1200x800-mm-pl-354\/","title":{"rendered":"R\u0117mas 1200&#215;800 mm #PL-354"},"content":{"rendered":"<p><strong data-start=\"246\" data-end=\"304\">Medinis r\u0117mas pad\u0117klams (1200 \u00d7 800 mm)<\/strong><span> \u2013 tai specialiai suprojektuotas papildomas elementas, tvirtinamas prie pad\u0117klo, skirtas <\/span>nestandartini\u0173, jautri\u0173 ar vertikaliai transportuojam\u0173 preki\u0173<span> saugiam gabenimui. R\u0117mas padidina krovinio stabilum\u0105, apsaugo nuo \u0161onini\u0173 poslinki\u0173 ir leid\u017eia pritaikyti pad\u0117kl\u0105 individualiems logistikos sprendimams. Naudojamas pramon\u0117je, gamyboje ir eksportui.<\/span><\/p>\n","protected":false},"excerpt":{"rendered":"<p>Medinis r\u0117mas pad\u0117klams (1200 \u00d7 800 mm) \u2013 tai specialiai suprojektuotas papildomas elementas, tvirtinamas prie pad\u0117klo, skirtas nestandartini\u0173, jautri\u0173 ar vertikaliai transportuojam\u0173 preki\u0173 saugiam gabenimui. R\u0117mas padidina krovinio stabilum\u0105, apsaugo nuo \u0161onini\u0173 poslinki\u0173 ir leid\u017eia pritaikyti pad\u0117kl\u0105 individualiems logistikos sprendimams. Naudojamas pramon\u0117je, gamyboje ir eksportui.<\/p>\n","protected":false},"featured_media":875,"comment_status":"closed","ping_status":"closed","template":"","meta":{"_acf_changed":false},"product_brand":[],"product_cat":[204],"product_tag":[],"class_list":{"0":"post-874","1":"product","2":"type-product","3":"status-publish","4":"has-post-thumbnail","6":"product_cat-padeklu-elementai","8":"first","9":"instock","10":"taxable","11":"shipping-taxable","12":"product-type-simple"},"acf":[],"yoast_head":"<!-- This site is optimized with the Yoast SEO plugin v25.8 - https:\/\/yoast.com\/wordpress\/plugins\/seo\/ -->\n<title>R\u0117mas 1200x800 mm #PL-354 - Sherwood<\/title>\n<meta name=\"robots\" content=\"noindex, follow, max-snippet:-1, max-image-preview:large, max-video-preview:-1\" \/>\n<meta property=\"og:locale\" content=\"en_US\" \/>\n<meta property=\"og:type\" content=\"article\" \/>\n<meta property=\"og:title\" content=\"R\u0117mas 1200x800 mm #PL-354 - Sherwood\" \/>\n<meta property=\"og:description\" content=\"Medinis r\u0117mas pad\u0117klams (1200 \u00d7 800 mm) \u2013 tai specialiai suprojektuotas papildomas elementas, tvirtinamas prie pad\u0117klo, skirtas nestandartini\u0173, jautri\u0173 ar vertikaliai transportuojam\u0173 preki\u0173 saugiam gabenimui. R\u0117mas padidina krovinio stabilum\u0105, apsaugo nuo \u0161onini\u0173 poslinki\u0173 ir leid\u017eia pritaikyti pad\u0117kl\u0105 individualiems logistikos sprendimams. Naudojamas pramon\u0117je, gamyboje ir eksportui.\" \/>\n<meta property=\"og:url\" content=\"https:\/\/sherwoodjr.com\/en\/produktas\/remas-1200x800-mm-pl-354\/\" \/>\n<meta property=\"og:site_name\" content=\"Sherwood\" \/>\n<meta name=\"twitter:card\" content=\"summary_large_image\" \/>\n<script type=\"application\/ld+json\" class=\"yoast-schema-graph\">{\"@context\":\"https:\/\/schema.org\",\"@graph\":[{\"@type\":\"WebPage\",\"@id\":\"https:\/\/sherwoodjr.com\/en\/produktas\/remas-1200x800-mm-pl-354\/\",\"url\":\"https:\/\/sherwoodjr.com\/en\/produktas\/remas-1200x800-mm-pl-354\/\",\"name\":\"R\u0117mas 1200x800 mm #PL-354 - Sherwood\",\"isPartOf\":{\"@id\":\"https:\/\/sherwoodjr.com\/en\/#website\"},\"primaryImageOfPage\":{\"@id\":\"https:\/\/sherwoodjr.com\/en\/produktas\/remas-1200x800-mm-pl-354\/#primaryimage\"},\"image\":{\"@id\":\"https:\/\/sherwoodjr.com\/en\/produktas\/remas-1200x800-mm-pl-354\/#primaryimage\"},\"thumbnailUrl\":\"https:\/\/sherwoodjr.com\/wp-content\/uploads\/Remas.png\",\"datePublished\":\"2025-12-31T07:11:53+00:00\",\"breadcrumb\":{\"@id\":\"https:\/\/sherwoodjr.com\/en\/produktas\/remas-1200x800-mm-pl-354\/#breadcrumb\"},\"inLanguage\":\"en-US\",\"potentialAction\":[{\"@type\":\"ReadAction\",\"target\":[\"https:\/\/sherwoodjr.com\/en\/produktas\/remas-1200x800-mm-pl-354\/\"]}]},{\"@type\":\"ImageObject\",\"inLanguage\":\"en-US\",\"@id\":\"https:\/\/sherwoodjr.com\/en\/produktas\/remas-1200x800-mm-pl-354\/#primaryimage\",\"url\":\"https:\/\/sherwoodjr.com\/wp-content\/uploads\/Remas.png\",\"contentUrl\":\"https:\/\/sherwoodjr.com\/wp-content\/uploads\/Remas.png\",\"width\":1024,\"height\":1536},{\"@type\":\"BreadcrumbList\",\"@id\":\"https:\/\/sherwoodjr.com\/en\/produktas\/remas-1200x800-mm-pl-354\/#breadcrumb\",\"itemListElement\":[{\"@type\":\"ListItem\",\"position\":1,\"name\":\"Home\",\"item\":\"https:\/\/sherwoodjr.com\/en\/\"},{\"@type\":\"ListItem\",\"position\":2,\"name\":\"Katalogas\",\"item\":\"https:\/\/sherwoodjr.com\/en\/katalogas\/\"},{\"@type\":\"ListItem\",\"position\":3,\"name\":\"R\u0117mas 1200&#215;800 mm #PL-354\"}]},{\"@type\":\"WebSite\",\"@id\":\"https:\/\/sherwoodjr.com\/en\/#website\",\"url\":\"https:\/\/sherwoodjr.com\/en\/\",\"name\":\"Sherwood\",\"description\":\"\",\"potentialAction\":[{\"@type\":\"SearchAction\",\"target\":{\"@type\":\"EntryPoint\",\"urlTemplate\":\"https:\/\/sherwoodjr.com\/en\/?s={search_term_string}\"},\"query-input\":{\"@type\":\"PropertyValueSpecification\",\"valueRequired\":true,\"valueName\":\"search_term_string\"}}],\"inLanguage\":\"en-US\"}]}<\/script>\n<!-- \/ Yoast SEO plugin. -->","yoast_head_json":{"title":"R\u0117mas 1200x800 mm #PL-354 - Sherwood","robots":{"index":"noindex","follow":"follow","max-snippet":"max-snippet:-1","max-image-preview":"max-image-preview:large","max-video-preview":"max-video-preview:-1"},"og_locale":"en_US","og_type":"article","og_title":"R\u0117mas 1200x800 mm #PL-354 - Sherwood","og_description":"Medinis r\u0117mas pad\u0117klams (1200 \u00d7 800 mm) \u2013 tai specialiai suprojektuotas papildomas elementas, tvirtinamas prie pad\u0117klo, skirtas nestandartini\u0173, jautri\u0173 ar vertikaliai transportuojam\u0173 preki\u0173 saugiam gabenimui. R\u0117mas padidina krovinio stabilum\u0105, apsaugo nuo \u0161onini\u0173 poslinki\u0173 ir leid\u017eia pritaikyti pad\u0117kl\u0105 individualiems logistikos sprendimams. Naudojamas pramon\u0117je, gamyboje ir eksportui.","og_url":"https:\/\/sherwoodjr.com\/en\/produktas\/remas-1200x800-mm-pl-354\/","og_site_name":"Sherwood","twitter_card":"summary_large_image","schema":{"@context":"https:\/\/schema.org","@graph":[{"@type":"WebPage","@id":"https:\/\/sherwoodjr.com\/en\/produktas\/remas-1200x800-mm-pl-354\/","url":"https:\/\/sherwoodjr.com\/en\/produktas\/remas-1200x800-mm-pl-354\/","name":"R\u0117mas 1200x800 mm #PL-354 - Sherwood","isPartOf":{"@id":"https:\/\/sherwoodjr.com\/en\/#website"},"primaryImageOfPage":{"@id":"https:\/\/sherwoodjr.com\/en\/produktas\/remas-1200x800-mm-pl-354\/#primaryimage"},"image":{"@id":"https:\/\/sherwoodjr.com\/en\/produktas\/remas-1200x800-mm-pl-354\/#primaryimage"},"thumbnailUrl":"https:\/\/sherwoodjr.com\/wp-content\/uploads\/Remas.png","datePublished":"2025-12-31T07:11:53+00:00","breadcrumb":{"@id":"https:\/\/sherwoodjr.com\/en\/produktas\/remas-1200x800-mm-pl-354\/#breadcrumb"},"inLanguage":"en-US","potentialAction":[{"@type":"ReadAction","target":["https:\/\/sherwoodjr.com\/en\/produktas\/remas-1200x800-mm-pl-354\/"]}]},{"@type":"ImageObject","inLanguage":"en-US","@id":"https:\/\/sherwoodjr.com\/en\/produktas\/remas-1200x800-mm-pl-354\/#primaryimage","url":"https:\/\/sherwoodjr.com\/wp-content\/uploads\/Remas.png","contentUrl":"https:\/\/sherwoodjr.com\/wp-content\/uploads\/Remas.png","width":1024,"height":1536},{"@type":"BreadcrumbList","@id":"https:\/\/sherwoodjr.com\/en\/produktas\/remas-1200x800-mm-pl-354\/#breadcrumb","itemListElement":[{"@type":"ListItem","position":1,"name":"Home","item":"https:\/\/sherwoodjr.com\/en\/"},{"@type":"ListItem","position":2,"name":"Katalogas","item":"https:\/\/sherwoodjr.com\/en\/katalogas\/"},{"@type":"ListItem","position":3,"name":"R\u0117mas 1200&#215;800 mm #PL-354"}]},{"@type":"WebSite","@id":"https:\/\/sherwoodjr.com\/en\/#website","url":"https:\/\/sherwoodjr.com\/en\/","name":"Sherwood","description":"","potentialAction":[{"@type":"SearchAction","target":{"@type":"EntryPoint","urlTemplate":"https:\/\/sherwoodjr.com\/en\/?s={search_term_string}"},"query-input":{"@type":"PropertyValueSpecification","valueRequired":true,"valueName":"search_term_string"}}],"inLanguage":"en-US"}]}},"_links":{"self":[{"href":"https:\/\/sherwoodjr.com\/en\/wp-json\/wp\/v2\/product\/874","targetHints":{"allow":["GET"]}}],"collection":[{"href":"https:\/\/sherwoodjr.com\/en\/wp-json\/wp\/v2\/product"}],"about":[{"href":"https:\/\/sherwoodjr.com\/en\/wp-json\/wp\/v2\/types\/product"}],"replies":[{"embeddable":true,"href":"https:\/\/sherwoodjr.com\/en\/wp-json\/wp\/v2\/comments?post=874"}],"wp:featuredmedia":[{"embeddable":true,"href":"https:\/\/sherwoodjr.com\/en\/wp-json\/wp\/v2\/media\/875"}],"wp:attachment":[{"href":"https:\/\/sherwoodjr.com\/en\/wp-json\/wp\/v2\/media?parent=874"}],"wp:term":[{"taxonomy":"product_brand","embeddable":true,"href":"https:\/\/sherwoodjr.com\/en\/wp-json\/wp\/v2\/product_brand?post=874"},{"taxonomy":"product_cat","embeddable":true,"href":"https:\/\/sherwoodjr.com\/en\/wp-json\/wp\/v2\/product_cat?post=874"},{"taxonomy":"product_tag","embeddable":true,"href":"https:\/\/sherwoodjr.com\/en\/wp-json\/wp\/v2\/product_tag?post=874"}],"curies":[{"name":"wp","href":"https:\/\/api.w.org\/{rel}","templated":true}]}}