{"id":832,"date":"2025-12-31T12:56:38","date_gmt":"2025-12-31T09:56:38","guid":{"rendered":"https:\/\/sherwoodjr.com\/produktas\/lentos-17x98x1200-mm-bd-91\/"},"modified":"2025-12-31T12:56:38","modified_gmt":"2025-12-31T09:56:38","slug":"lentos-17x98x1200-mm-bd-91","status":"publish","type":"product","link":"https:\/\/sherwoodjr.com\/en\/produktas\/lentos-17x98x1200-mm-bd-91\/","title":{"rendered":"Lentos 17x98x1200 mm #BD-91"},"content":{"rendered":"<p data-start=\"191\" data-end=\"542\"><strong data-start=\"191\" data-end=\"254\">1 r\u016b\u0161ies medin\u0117s lentos pad\u0117kl\u0173 gamybai (17 \u00d7 98 \u00d7 1200 mm)<\/strong> \u2013 tai auk\u0161tos kokyb\u0117s, tikslus pjovimo lentos, skirtos medini\u0173 pad\u0117kl\u0173 gamybai.<\/p>\n<p data-start=\"544\" data-end=\"879\">Lentos tiekiamos supakuotos \u012f paketus pagal kliento pageidavim\u0105 ir gali b\u016bti paruo\u0161tos skirtingais variantais: nat\u016bralios dr\u0117gm\u0117s, d\u017eiovintos, su IPPC (ISPM 15) terminiu apdirbimu arba d\u017eiovintos + IPPC. Galimas tiek spygliuo\u010di\u0173, tiek lapuo\u010di\u0173 medienos pasirinkimas, priklausomai nuo reikiamos apkrovos ir naudojimo paskirties.<\/p>\n","protected":false},"excerpt":{"rendered":"<p>1 r\u016b\u0161ies medin\u0117s lentos pad\u0117kl\u0173 gamybai (17 \u00d7 98 \u00d7 1200 mm) \u2013 tai auk\u0161tos kokyb\u0117s, tikslus pjovimo lentos, skirtos medini\u0173 pad\u0117kl\u0173 gamybai. Lentos tiekiamos supakuotos \u012f paketus pagal kliento pageidavim\u0105 ir gali b\u016bti paruo\u0161tos skirtingais variantais: nat\u016bralios dr\u0117gm\u0117s, d\u017eiovintos, su IPPC (ISPM 15) terminiu apdirbimu arba d\u017eiovintos + IPPC. Galimas tiek spygliuo\u010di\u0173, tiek lapuo\u010di\u0173&#8230;<\/p>\n","protected":false},"featured_media":827,"comment_status":"closed","ping_status":"closed","template":"","meta":{"_acf_changed":false},"product_brand":[],"product_cat":[183],"product_tag":[],"class_list":{"0":"post-832","1":"product","2":"type-product","3":"status-publish","4":"has-post-thumbnail","6":"product_cat-lentos","8":"first","9":"instock","10":"taxable","11":"shipping-taxable","12":"product-type-simple"},"acf":[],"yoast_head":"<!-- This site is optimized with the Yoast SEO plugin v25.8 - https:\/\/yoast.com\/wordpress\/plugins\/seo\/ -->\n<title>Lentos 17x98x1200 mm #BD-91 - Sherwood<\/title>\n<meta name=\"robots\" content=\"noindex, follow, max-snippet:-1, max-image-preview:large, max-video-preview:-1\" \/>\n<meta property=\"og:locale\" content=\"en_US\" \/>\n<meta property=\"og:type\" content=\"article\" \/>\n<meta property=\"og:title\" content=\"Lentos 17x98x1200 mm #BD-91 - Sherwood\" \/>\n<meta property=\"og:description\" content=\"1 r\u016b\u0161ies medin\u0117s lentos pad\u0117kl\u0173 gamybai (17 \u00d7 98 \u00d7 1200 mm) \u2013 tai auk\u0161tos kokyb\u0117s, tikslus pjovimo lentos, skirtos medini\u0173 pad\u0117kl\u0173 gamybai. Lentos tiekiamos supakuotos \u012f paketus pagal kliento pageidavim\u0105 ir gali b\u016bti paruo\u0161tos skirtingais variantais: nat\u016bralios dr\u0117gm\u0117s, d\u017eiovintos, su IPPC (ISPM 15) terminiu apdirbimu arba d\u017eiovintos + IPPC. Galimas tiek spygliuo\u010di\u0173, tiek lapuo\u010di\u0173...\" \/>\n<meta property=\"og:url\" content=\"https:\/\/sherwoodjr.com\/en\/produktas\/lentos-17x98x1200-mm-bd-91\/\" \/>\n<meta property=\"og:site_name\" content=\"Sherwood\" \/>\n<meta name=\"twitter:card\" content=\"summary_large_image\" \/>\n<script type=\"application\/ld+json\" class=\"yoast-schema-graph\">{\"@context\":\"https:\/\/schema.org\",\"@graph\":[{\"@type\":\"WebPage\",\"@id\":\"https:\/\/sherwoodjr.com\/en\/produktas\/lentos-17x98x1200-mm-bd-91\/\",\"url\":\"https:\/\/sherwoodjr.com\/en\/produktas\/lentos-17x98x1200-mm-bd-91\/\",\"name\":\"Lentos 17x98x1200 mm #BD-91 - Sherwood\",\"isPartOf\":{\"@id\":\"https:\/\/sherwoodjr.com\/en\/#website\"},\"primaryImageOfPage\":{\"@id\":\"https:\/\/sherwoodjr.com\/en\/produktas\/lentos-17x98x1200-mm-bd-91\/#primaryimage\"},\"image\":{\"@id\":\"https:\/\/sherwoodjr.com\/en\/produktas\/lentos-17x98x1200-mm-bd-91\/#primaryimage\"},\"thumbnailUrl\":\"https:\/\/sherwoodjr.com\/wp-content\/uploads\/Screenshot-2025-12-31-at-10.02.59.png\",\"datePublished\":\"2025-12-31T09:56:38+00:00\",\"breadcrumb\":{\"@id\":\"https:\/\/sherwoodjr.com\/en\/produktas\/lentos-17x98x1200-mm-bd-91\/#breadcrumb\"},\"inLanguage\":\"en-US\",\"potentialAction\":[{\"@type\":\"ReadAction\",\"target\":[\"https:\/\/sherwoodjr.com\/en\/produktas\/lentos-17x98x1200-mm-bd-91\/\"]}]},{\"@type\":\"ImageObject\",\"inLanguage\":\"en-US\",\"@id\":\"https:\/\/sherwoodjr.com\/en\/produktas\/lentos-17x98x1200-mm-bd-91\/#primaryimage\",\"url\":\"https:\/\/sherwoodjr.com\/wp-content\/uploads\/Screenshot-2025-12-31-at-10.02.59.png\",\"contentUrl\":\"https:\/\/sherwoodjr.com\/wp-content\/uploads\/Screenshot-2025-12-31-at-10.02.59.png\",\"width\":1758,\"height\":2168},{\"@type\":\"BreadcrumbList\",\"@id\":\"https:\/\/sherwoodjr.com\/en\/produktas\/lentos-17x98x1200-mm-bd-91\/#breadcrumb\",\"itemListElement\":[{\"@type\":\"ListItem\",\"position\":1,\"name\":\"Home\",\"item\":\"https:\/\/sherwoodjr.com\/en\/\"},{\"@type\":\"ListItem\",\"position\":2,\"name\":\"Katalogas\",\"item\":\"https:\/\/sherwoodjr.com\/en\/katalogas\/\"},{\"@type\":\"ListItem\",\"position\":3,\"name\":\"Lentos 17x98x1200 mm #BD-91\"}]},{\"@type\":\"WebSite\",\"@id\":\"https:\/\/sherwoodjr.com\/en\/#website\",\"url\":\"https:\/\/sherwoodjr.com\/en\/\",\"name\":\"Sherwood\",\"description\":\"\",\"potentialAction\":[{\"@type\":\"SearchAction\",\"target\":{\"@type\":\"EntryPoint\",\"urlTemplate\":\"https:\/\/sherwoodjr.com\/en\/?s={search_term_string}\"},\"query-input\":{\"@type\":\"PropertyValueSpecification\",\"valueRequired\":true,\"valueName\":\"search_term_string\"}}],\"inLanguage\":\"en-US\"}]}<\/script>\n<!-- \/ Yoast SEO plugin. -->","yoast_head_json":{"title":"Lentos 17x98x1200 mm #BD-91 - Sherwood","robots":{"index":"noindex","follow":"follow","max-snippet":"max-snippet:-1","max-image-preview":"max-image-preview:large","max-video-preview":"max-video-preview:-1"},"og_locale":"en_US","og_type":"article","og_title":"Lentos 17x98x1200 mm #BD-91 - Sherwood","og_description":"1 r\u016b\u0161ies medin\u0117s lentos pad\u0117kl\u0173 gamybai (17 \u00d7 98 \u00d7 1200 mm) \u2013 tai auk\u0161tos kokyb\u0117s, tikslus pjovimo lentos, skirtos medini\u0173 pad\u0117kl\u0173 gamybai. Lentos tiekiamos supakuotos \u012f paketus pagal kliento pageidavim\u0105 ir gali b\u016bti paruo\u0161tos skirtingais variantais: nat\u016bralios dr\u0117gm\u0117s, d\u017eiovintos, su IPPC (ISPM 15) terminiu apdirbimu arba d\u017eiovintos + IPPC. Galimas tiek spygliuo\u010di\u0173, tiek lapuo\u010di\u0173...","og_url":"https:\/\/sherwoodjr.com\/en\/produktas\/lentos-17x98x1200-mm-bd-91\/","og_site_name":"Sherwood","twitter_card":"summary_large_image","schema":{"@context":"https:\/\/schema.org","@graph":[{"@type":"WebPage","@id":"https:\/\/sherwoodjr.com\/en\/produktas\/lentos-17x98x1200-mm-bd-91\/","url":"https:\/\/sherwoodjr.com\/en\/produktas\/lentos-17x98x1200-mm-bd-91\/","name":"Lentos 17x98x1200 mm #BD-91 - Sherwood","isPartOf":{"@id":"https:\/\/sherwoodjr.com\/en\/#website"},"primaryImageOfPage":{"@id":"https:\/\/sherwoodjr.com\/en\/produktas\/lentos-17x98x1200-mm-bd-91\/#primaryimage"},"image":{"@id":"https:\/\/sherwoodjr.com\/en\/produktas\/lentos-17x98x1200-mm-bd-91\/#primaryimage"},"thumbnailUrl":"https:\/\/sherwoodjr.com\/wp-content\/uploads\/Screenshot-2025-12-31-at-10.02.59.png","datePublished":"2025-12-31T09:56:38+00:00","breadcrumb":{"@id":"https:\/\/sherwoodjr.com\/en\/produktas\/lentos-17x98x1200-mm-bd-91\/#breadcrumb"},"inLanguage":"en-US","potentialAction":[{"@type":"ReadAction","target":["https:\/\/sherwoodjr.com\/en\/produktas\/lentos-17x98x1200-mm-bd-91\/"]}]},{"@type":"ImageObject","inLanguage":"en-US","@id":"https:\/\/sherwoodjr.com\/en\/produktas\/lentos-17x98x1200-mm-bd-91\/#primaryimage","url":"https:\/\/sherwoodjr.com\/wp-content\/uploads\/Screenshot-2025-12-31-at-10.02.59.png","contentUrl":"https:\/\/sherwoodjr.com\/wp-content\/uploads\/Screenshot-2025-12-31-at-10.02.59.png","width":1758,"height":2168},{"@type":"BreadcrumbList","@id":"https:\/\/sherwoodjr.com\/en\/produktas\/lentos-17x98x1200-mm-bd-91\/#breadcrumb","itemListElement":[{"@type":"ListItem","position":1,"name":"Home","item":"https:\/\/sherwoodjr.com\/en\/"},{"@type":"ListItem","position":2,"name":"Katalogas","item":"https:\/\/sherwoodjr.com\/en\/katalogas\/"},{"@type":"ListItem","position":3,"name":"Lentos 17x98x1200 mm #BD-91"}]},{"@type":"WebSite","@id":"https:\/\/sherwoodjr.com\/en\/#website","url":"https:\/\/sherwoodjr.com\/en\/","name":"Sherwood","description":"","potentialAction":[{"@type":"SearchAction","target":{"@type":"EntryPoint","urlTemplate":"https:\/\/sherwoodjr.com\/en\/?s={search_term_string}"},"query-input":{"@type":"PropertyValueSpecification","valueRequired":true,"valueName":"search_term_string"}}],"inLanguage":"en-US"}]}},"_links":{"self":[{"href":"https:\/\/sherwoodjr.com\/en\/wp-json\/wp\/v2\/product\/832","targetHints":{"allow":["GET"]}}],"collection":[{"href":"https:\/\/sherwoodjr.com\/en\/wp-json\/wp\/v2\/product"}],"about":[{"href":"https:\/\/sherwoodjr.com\/en\/wp-json\/wp\/v2\/types\/product"}],"replies":[{"embeddable":true,"href":"https:\/\/sherwoodjr.com\/en\/wp-json\/wp\/v2\/comments?post=832"}],"wp:featuredmedia":[{"embeddable":true,"href":"https:\/\/sherwoodjr.com\/en\/wp-json\/wp\/v2\/media\/827"}],"wp:attachment":[{"href":"https:\/\/sherwoodjr.com\/en\/wp-json\/wp\/v2\/media?parent=832"}],"wp:term":[{"taxonomy":"product_brand","embeddable":true,"href":"https:\/\/sherwoodjr.com\/en\/wp-json\/wp\/v2\/product_brand?post=832"},{"taxonomy":"product_cat","embeddable":true,"href":"https:\/\/sherwoodjr.com\/en\/wp-json\/wp\/v2\/product_cat?post=832"},{"taxonomy":"product_tag","embeddable":true,"href":"https:\/\/sherwoodjr.com\/en\/wp-json\/wp\/v2\/product_tag?post=832"}],"curies":[{"name":"wp","href":"https:\/\/api.w.org\/{rel}","templated":true}]}}