{"id":811,"date":"2025-12-31T14:14:04","date_gmt":"2025-12-31T11:14:04","guid":{"rendered":"https:\/\/sherwoodjr.com\/produktas\/mediniai-padeklu-apvadai-1200x800-mm-pc-1\/"},"modified":"2025-12-31T14:14:04","modified_gmt":"2025-12-31T11:14:04","slug":"mediniai-padeklu-apvadai-1200x800-mm-pc-1","status":"publish","type":"product","link":"https:\/\/sherwoodjr.com\/en\/produktas\/mediniai-padeklu-apvadai-1200x800-mm-pc-1\/","title":{"rendered":"Mediniai pad\u0117kl\u0173 apvadai 1200&#215;800 mm #PC-1"},"content":{"rendered":"<p data-start=\"193\" data-end=\"489\"><strong data-start=\"193\" data-end=\"235\">Mediniai pad\u0117kl\u0173 apvadai 1200 \u00d7 800 mm<\/strong> \u2013 tai patikimas ir prakti\u0161kas sprendimas krovini\u0173 apsaugai ir fiksacijai transportavimo bei sand\u0117liavimo metu. Apvadai tvirtinami prie pad\u0117kl\u0173 ir leid\u017eia suformuoti stabil\u0173, apsaugin\u012f r\u0117m\u0105, ypa\u010d tinkam\u0105 birioms, nestandartin\u0117ms ar jautrioms prek\u0117ms.<\/p>\n<p data-start=\"491\" data-end=\"815\">Apvadai gali b\u016bti gaminami i\u0161 vienos arba dviej\u0173 lent\u0173. Apvadai yra d\u017eiovinti ir apdirbti pagal IPPC (ISPM 15) reikalavimus, tod\u0117l tinkami eksportui. Produkcija tiekiama supakuota ant medini\u0173 pad\u0117kl\u0173, paruo\u0161ta saugiam transportavimui.<\/p>\n","protected":false},"excerpt":{"rendered":"<p>Mediniai pad\u0117kl\u0173 apvadai 1200 \u00d7 800 mm \u2013 tai patikimas ir prakti\u0161kas sprendimas krovini\u0173 apsaugai ir fiksacijai transportavimo bei sand\u0117liavimo metu. Apvadai tvirtinami prie pad\u0117kl\u0173 ir leid\u017eia suformuoti stabil\u0173, apsaugin\u012f r\u0117m\u0105, ypa\u010d tinkam\u0105 birioms, nestandartin\u0117ms ar jautrioms prek\u0117ms. Apvadai gali b\u016bti gaminami i\u0161 vienos arba dviej\u0173 lent\u0173. Apvadai yra d\u017eiovinti ir apdirbti pagal IPPC (ISPM&#8230;<\/p>\n","protected":false},"featured_media":813,"comment_status":"closed","ping_status":"closed","template":"","meta":{"_acf_changed":false},"product_brand":[],"product_cat":[126],"product_tag":[],"class_list":{"0":"post-811","1":"product","2":"type-product","3":"status-publish","4":"has-post-thumbnail","6":"product_cat-mediniai-padeklu-apvadai","8":"first","9":"instock","10":"taxable","11":"shipping-taxable","12":"product-type-simple"},"acf":[],"yoast_head":"<!-- This site is optimized with the Yoast SEO plugin v25.8 - https:\/\/yoast.com\/wordpress\/plugins\/seo\/ -->\n<title>Mediniai pad\u0117kl\u0173 apvadai 1200x800 mm #PC-1 - Sherwood<\/title>\n<meta name=\"robots\" content=\"noindex, follow, max-snippet:-1, max-image-preview:large, max-video-preview:-1\" \/>\n<meta property=\"og:locale\" content=\"en_US\" \/>\n<meta property=\"og:type\" content=\"article\" \/>\n<meta property=\"og:title\" content=\"Mediniai pad\u0117kl\u0173 apvadai 1200x800 mm #PC-1 - Sherwood\" \/>\n<meta property=\"og:description\" content=\"Mediniai pad\u0117kl\u0173 apvadai 1200 \u00d7 800 mm \u2013 tai patikimas ir prakti\u0161kas sprendimas krovini\u0173 apsaugai ir fiksacijai transportavimo bei sand\u0117liavimo metu. Apvadai tvirtinami prie pad\u0117kl\u0173 ir leid\u017eia suformuoti stabil\u0173, apsaugin\u012f r\u0117m\u0105, ypa\u010d tinkam\u0105 birioms, nestandartin\u0117ms ar jautrioms prek\u0117ms. Apvadai gali b\u016bti gaminami i\u0161 vienos arba dviej\u0173 lent\u0173. Apvadai yra d\u017eiovinti ir apdirbti pagal IPPC (ISPM...\" \/>\n<meta property=\"og:url\" content=\"https:\/\/sherwoodjr.com\/en\/produktas\/mediniai-padeklu-apvadai-1200x800-mm-pc-1\/\" \/>\n<meta property=\"og:site_name\" content=\"Sherwood\" \/>\n<meta name=\"twitter:card\" content=\"summary_large_image\" \/>\n<script type=\"application\/ld+json\" class=\"yoast-schema-graph\">{\"@context\":\"https:\/\/schema.org\",\"@graph\":[{\"@type\":\"WebPage\",\"@id\":\"https:\/\/sherwoodjr.com\/en\/produktas\/mediniai-padeklu-apvadai-1200x800-mm-pc-1\/\",\"url\":\"https:\/\/sherwoodjr.com\/en\/produktas\/mediniai-padeklu-apvadai-1200x800-mm-pc-1\/\",\"name\":\"Mediniai pad\u0117kl\u0173 apvadai 1200x800 mm #PC-1 - Sherwood\",\"isPartOf\":{\"@id\":\"https:\/\/sherwoodjr.com\/en\/#website\"},\"primaryImageOfPage\":{\"@id\":\"https:\/\/sherwoodjr.com\/en\/produktas\/mediniai-padeklu-apvadai-1200x800-mm-pc-1\/#primaryimage\"},\"image\":{\"@id\":\"https:\/\/sherwoodjr.com\/en\/produktas\/mediniai-padeklu-apvadai-1200x800-mm-pc-1\/#primaryimage\"},\"thumbnailUrl\":\"https:\/\/sherwoodjr.com\/wp-content\/uploads\/Padeklu-apvadas.png\",\"datePublished\":\"2025-12-31T11:14:04+00:00\",\"breadcrumb\":{\"@id\":\"https:\/\/sherwoodjr.com\/en\/produktas\/mediniai-padeklu-apvadai-1200x800-mm-pc-1\/#breadcrumb\"},\"inLanguage\":\"en-US\",\"potentialAction\":[{\"@type\":\"ReadAction\",\"target\":[\"https:\/\/sherwoodjr.com\/en\/produktas\/mediniai-padeklu-apvadai-1200x800-mm-pc-1\/\"]}]},{\"@type\":\"ImageObject\",\"inLanguage\":\"en-US\",\"@id\":\"https:\/\/sherwoodjr.com\/en\/produktas\/mediniai-padeklu-apvadai-1200x800-mm-pc-1\/#primaryimage\",\"url\":\"https:\/\/sherwoodjr.com\/wp-content\/uploads\/Padeklu-apvadas.png\",\"contentUrl\":\"https:\/\/sherwoodjr.com\/wp-content\/uploads\/Padeklu-apvadas.png\",\"width\":1536,\"height\":1024},{\"@type\":\"BreadcrumbList\",\"@id\":\"https:\/\/sherwoodjr.com\/en\/produktas\/mediniai-padeklu-apvadai-1200x800-mm-pc-1\/#breadcrumb\",\"itemListElement\":[{\"@type\":\"ListItem\",\"position\":1,\"name\":\"Home\",\"item\":\"https:\/\/sherwoodjr.com\/en\/\"},{\"@type\":\"ListItem\",\"position\":2,\"name\":\"Katalogas\",\"item\":\"https:\/\/sherwoodjr.com\/en\/katalogas\/\"},{\"@type\":\"ListItem\",\"position\":3,\"name\":\"Mediniai pad\u0117kl\u0173 apvadai 1200&#215;800 mm #PC-1\"}]},{\"@type\":\"WebSite\",\"@id\":\"https:\/\/sherwoodjr.com\/en\/#website\",\"url\":\"https:\/\/sherwoodjr.com\/en\/\",\"name\":\"Sherwood\",\"description\":\"\",\"potentialAction\":[{\"@type\":\"SearchAction\",\"target\":{\"@type\":\"EntryPoint\",\"urlTemplate\":\"https:\/\/sherwoodjr.com\/en\/?s={search_term_string}\"},\"query-input\":{\"@type\":\"PropertyValueSpecification\",\"valueRequired\":true,\"valueName\":\"search_term_string\"}}],\"inLanguage\":\"en-US\"}]}<\/script>\n<!-- \/ Yoast SEO plugin. -->","yoast_head_json":{"title":"Mediniai pad\u0117kl\u0173 apvadai 1200x800 mm #PC-1 - Sherwood","robots":{"index":"noindex","follow":"follow","max-snippet":"max-snippet:-1","max-image-preview":"max-image-preview:large","max-video-preview":"max-video-preview:-1"},"og_locale":"en_US","og_type":"article","og_title":"Mediniai pad\u0117kl\u0173 apvadai 1200x800 mm #PC-1 - Sherwood","og_description":"Mediniai pad\u0117kl\u0173 apvadai 1200 \u00d7 800 mm \u2013 tai patikimas ir prakti\u0161kas sprendimas krovini\u0173 apsaugai ir fiksacijai transportavimo bei sand\u0117liavimo metu. Apvadai tvirtinami prie pad\u0117kl\u0173 ir leid\u017eia suformuoti stabil\u0173, apsaugin\u012f r\u0117m\u0105, ypa\u010d tinkam\u0105 birioms, nestandartin\u0117ms ar jautrioms prek\u0117ms. Apvadai gali b\u016bti gaminami i\u0161 vienos arba dviej\u0173 lent\u0173. Apvadai yra d\u017eiovinti ir apdirbti pagal IPPC (ISPM...","og_url":"https:\/\/sherwoodjr.com\/en\/produktas\/mediniai-padeklu-apvadai-1200x800-mm-pc-1\/","og_site_name":"Sherwood","twitter_card":"summary_large_image","schema":{"@context":"https:\/\/schema.org","@graph":[{"@type":"WebPage","@id":"https:\/\/sherwoodjr.com\/en\/produktas\/mediniai-padeklu-apvadai-1200x800-mm-pc-1\/","url":"https:\/\/sherwoodjr.com\/en\/produktas\/mediniai-padeklu-apvadai-1200x800-mm-pc-1\/","name":"Mediniai pad\u0117kl\u0173 apvadai 1200x800 mm #PC-1 - Sherwood","isPartOf":{"@id":"https:\/\/sherwoodjr.com\/en\/#website"},"primaryImageOfPage":{"@id":"https:\/\/sherwoodjr.com\/en\/produktas\/mediniai-padeklu-apvadai-1200x800-mm-pc-1\/#primaryimage"},"image":{"@id":"https:\/\/sherwoodjr.com\/en\/produktas\/mediniai-padeklu-apvadai-1200x800-mm-pc-1\/#primaryimage"},"thumbnailUrl":"https:\/\/sherwoodjr.com\/wp-content\/uploads\/Padeklu-apvadas.png","datePublished":"2025-12-31T11:14:04+00:00","breadcrumb":{"@id":"https:\/\/sherwoodjr.com\/en\/produktas\/mediniai-padeklu-apvadai-1200x800-mm-pc-1\/#breadcrumb"},"inLanguage":"en-US","potentialAction":[{"@type":"ReadAction","target":["https:\/\/sherwoodjr.com\/en\/produktas\/mediniai-padeklu-apvadai-1200x800-mm-pc-1\/"]}]},{"@type":"ImageObject","inLanguage":"en-US","@id":"https:\/\/sherwoodjr.com\/en\/produktas\/mediniai-padeklu-apvadai-1200x800-mm-pc-1\/#primaryimage","url":"https:\/\/sherwoodjr.com\/wp-content\/uploads\/Padeklu-apvadas.png","contentUrl":"https:\/\/sherwoodjr.com\/wp-content\/uploads\/Padeklu-apvadas.png","width":1536,"height":1024},{"@type":"BreadcrumbList","@id":"https:\/\/sherwoodjr.com\/en\/produktas\/mediniai-padeklu-apvadai-1200x800-mm-pc-1\/#breadcrumb","itemListElement":[{"@type":"ListItem","position":1,"name":"Home","item":"https:\/\/sherwoodjr.com\/en\/"},{"@type":"ListItem","position":2,"name":"Katalogas","item":"https:\/\/sherwoodjr.com\/en\/katalogas\/"},{"@type":"ListItem","position":3,"name":"Mediniai pad\u0117kl\u0173 apvadai 1200&#215;800 mm #PC-1"}]},{"@type":"WebSite","@id":"https:\/\/sherwoodjr.com\/en\/#website","url":"https:\/\/sherwoodjr.com\/en\/","name":"Sherwood","description":"","potentialAction":[{"@type":"SearchAction","target":{"@type":"EntryPoint","urlTemplate":"https:\/\/sherwoodjr.com\/en\/?s={search_term_string}"},"query-input":{"@type":"PropertyValueSpecification","valueRequired":true,"valueName":"search_term_string"}}],"inLanguage":"en-US"}]}},"_links":{"self":[{"href":"https:\/\/sherwoodjr.com\/en\/wp-json\/wp\/v2\/product\/811","targetHints":{"allow":["GET"]}}],"collection":[{"href":"https:\/\/sherwoodjr.com\/en\/wp-json\/wp\/v2\/product"}],"about":[{"href":"https:\/\/sherwoodjr.com\/en\/wp-json\/wp\/v2\/types\/product"}],"replies":[{"embeddable":true,"href":"https:\/\/sherwoodjr.com\/en\/wp-json\/wp\/v2\/comments?post=811"}],"wp:featuredmedia":[{"embeddable":true,"href":"https:\/\/sherwoodjr.com\/en\/wp-json\/wp\/v2\/media\/813"}],"wp:attachment":[{"href":"https:\/\/sherwoodjr.com\/en\/wp-json\/wp\/v2\/media?parent=811"}],"wp:term":[{"taxonomy":"product_brand","embeddable":true,"href":"https:\/\/sherwoodjr.com\/en\/wp-json\/wp\/v2\/product_brand?post=811"},{"taxonomy":"product_cat","embeddable":true,"href":"https:\/\/sherwoodjr.com\/en\/wp-json\/wp\/v2\/product_cat?post=811"},{"taxonomy":"product_tag","embeddable":true,"href":"https:\/\/sherwoodjr.com\/en\/wp-json\/wp\/v2\/product_tag?post=811"}],"curies":[{"name":"wp","href":"https:\/\/api.w.org\/{rel}","templated":true}]}}