{"id":790,"date":"2026-01-02T09:56:55","date_gmt":"2026-01-02T06:56:55","guid":{"rendered":"https:\/\/sherwoodjr.com\/produktas\/tasai-78x98x1200-mm-bm-60\/"},"modified":"2026-01-02T09:56:55","modified_gmt":"2026-01-02T06:56:55","slug":"tasai-78x98x1200-mm-bm-60","status":"publish","type":"product","link":"https:\/\/sherwoodjr.com\/en\/produktas\/tasai-78x98x1200-mm-bm-60\/","title":{"rendered":"Ta\u0161ai 78x98x1200 mm #BM-60"},"content":{"rendered":"<p data-start=\"191\" data-end=\"569\"><strong data-start=\"191\" data-end=\"245\">Mediniai ta\u0161ai pad\u0117kl\u0173 gamybai (78 \u00d7 98 \u00d7 1200 mm)<\/strong> \u2013 tai tvirti, tiksli\u0173 matmen\u0173 konstrukciniai elementai, skirti kalad\u0117li\u0173 gamybai mediniams pad\u0117klams bei sustiprintoms pad\u0117kl\u0173 konstrukcijoms. D\u0117l optimalaus ilgio \u0161ie ta\u0161ai ypa\u010d patog\u016bs klientams, kurie savo gamyboje patys pjauna kalad\u0117les arba naudoja ta\u0161us kaip tiesioginius pad\u0117kl\u0173 konstrukcinius elementus.<\/p>\n<p data-start=\"191\" data-end=\"569\">Galimas tikslus ilgio skersavimas pagal poreik\u012f arba tiekimas be skersavimo. Ta\u0161ai gali b\u016bti tiekiami d\u017eiovinti, su IPPC (ISPM 15) apdirbimu arba d\u017eiovinti + IPPC, taip pat supakuoti \u012f paketus pagal kliento pageidavim\u0105.<\/p>\n","protected":false},"excerpt":{"rendered":"<p>Mediniai ta\u0161ai pad\u0117kl\u0173 gamybai (78 \u00d7 98 \u00d7 1200 mm) \u2013 tai tvirti, tiksli\u0173 matmen\u0173 konstrukciniai elementai, skirti kalad\u0117li\u0173 gamybai mediniams pad\u0117klams bei sustiprintoms pad\u0117kl\u0173 konstrukcijoms. D\u0117l optimalaus ilgio \u0161ie ta\u0161ai ypa\u010d patog\u016bs klientams, kurie savo gamyboje patys pjauna kalad\u0117les arba naudoja ta\u0161us kaip tiesioginius pad\u0117kl\u0173 konstrukcinius elementus. Galimas tikslus ilgio skersavimas pagal poreik\u012f arba&#8230;<\/p>\n","protected":false},"featured_media":761,"comment_status":"closed","ping_status":"closed","template":"","meta":{"_acf_changed":false},"product_brand":[],"product_cat":[135],"product_tag":[],"class_list":{"0":"post-790","1":"product","2":"type-product","3":"status-publish","4":"has-post-thumbnail","6":"product_cat-tasai","8":"first","9":"instock","10":"taxable","11":"shipping-taxable","12":"product-type-simple"},"acf":[],"yoast_head":"<!-- This site is optimized with the Yoast SEO plugin v25.8 - https:\/\/yoast.com\/wordpress\/plugins\/seo\/ -->\n<title>Ta\u0161ai 78x98x1200 mm #BM-60 - Sherwood<\/title>\n<meta name=\"robots\" content=\"noindex, follow, max-snippet:-1, max-image-preview:large, max-video-preview:-1\" \/>\n<meta property=\"og:locale\" content=\"en_US\" \/>\n<meta property=\"og:type\" content=\"article\" \/>\n<meta property=\"og:title\" content=\"Ta\u0161ai 78x98x1200 mm #BM-60 - Sherwood\" \/>\n<meta property=\"og:description\" content=\"Mediniai ta\u0161ai pad\u0117kl\u0173 gamybai (78 \u00d7 98 \u00d7 1200 mm) \u2013 tai tvirti, tiksli\u0173 matmen\u0173 konstrukciniai elementai, skirti kalad\u0117li\u0173 gamybai mediniams pad\u0117klams bei sustiprintoms pad\u0117kl\u0173 konstrukcijoms. D\u0117l optimalaus ilgio \u0161ie ta\u0161ai ypa\u010d patog\u016bs klientams, kurie savo gamyboje patys pjauna kalad\u0117les arba naudoja ta\u0161us kaip tiesioginius pad\u0117kl\u0173 konstrukcinius elementus. Galimas tikslus ilgio skersavimas pagal poreik\u012f arba...\" \/>\n<meta property=\"og:url\" content=\"https:\/\/sherwoodjr.com\/en\/produktas\/tasai-78x98x1200-mm-bm-60\/\" \/>\n<meta property=\"og:site_name\" content=\"Sherwood\" \/>\n<meta name=\"twitter:card\" content=\"summary_large_image\" \/>\n<script type=\"application\/ld+json\" class=\"yoast-schema-graph\">{\"@context\":\"https:\/\/schema.org\",\"@graph\":[{\"@type\":\"WebPage\",\"@id\":\"https:\/\/sherwoodjr.com\/en\/produktas\/tasai-78x98x1200-mm-bm-60\/\",\"url\":\"https:\/\/sherwoodjr.com\/en\/produktas\/tasai-78x98x1200-mm-bm-60\/\",\"name\":\"Ta\u0161ai 78x98x1200 mm #BM-60 - Sherwood\",\"isPartOf\":{\"@id\":\"https:\/\/sherwoodjr.com\/en\/#website\"},\"primaryImageOfPage\":{\"@id\":\"https:\/\/sherwoodjr.com\/en\/produktas\/tasai-78x98x1200-mm-bm-60\/#primaryimage\"},\"image\":{\"@id\":\"https:\/\/sherwoodjr.com\/en\/produktas\/tasai-78x98x1200-mm-bm-60\/#primaryimage\"},\"thumbnailUrl\":\"https:\/\/sherwoodjr.com\/wp-content\/uploads\/Tasai_BM-1.png\",\"datePublished\":\"2026-01-02T06:56:55+00:00\",\"breadcrumb\":{\"@id\":\"https:\/\/sherwoodjr.com\/en\/produktas\/tasai-78x98x1200-mm-bm-60\/#breadcrumb\"},\"inLanguage\":\"en-US\",\"potentialAction\":[{\"@type\":\"ReadAction\",\"target\":[\"https:\/\/sherwoodjr.com\/en\/produktas\/tasai-78x98x1200-mm-bm-60\/\"]}]},{\"@type\":\"ImageObject\",\"inLanguage\":\"en-US\",\"@id\":\"https:\/\/sherwoodjr.com\/en\/produktas\/tasai-78x98x1200-mm-bm-60\/#primaryimage\",\"url\":\"https:\/\/sherwoodjr.com\/wp-content\/uploads\/Tasai_BM-1.png\",\"contentUrl\":\"https:\/\/sherwoodjr.com\/wp-content\/uploads\/Tasai_BM-1.png\",\"width\":1021,\"height\":1207},{\"@type\":\"BreadcrumbList\",\"@id\":\"https:\/\/sherwoodjr.com\/en\/produktas\/tasai-78x98x1200-mm-bm-60\/#breadcrumb\",\"itemListElement\":[{\"@type\":\"ListItem\",\"position\":1,\"name\":\"Home\",\"item\":\"https:\/\/sherwoodjr.com\/en\/\"},{\"@type\":\"ListItem\",\"position\":2,\"name\":\"Katalogas\",\"item\":\"https:\/\/sherwoodjr.com\/en\/katalogas\/\"},{\"@type\":\"ListItem\",\"position\":3,\"name\":\"Ta\u0161ai 78x98x1200 mm #BM-60\"}]},{\"@type\":\"WebSite\",\"@id\":\"https:\/\/sherwoodjr.com\/en\/#website\",\"url\":\"https:\/\/sherwoodjr.com\/en\/\",\"name\":\"Sherwood\",\"description\":\"\",\"potentialAction\":[{\"@type\":\"SearchAction\",\"target\":{\"@type\":\"EntryPoint\",\"urlTemplate\":\"https:\/\/sherwoodjr.com\/en\/?s={search_term_string}\"},\"query-input\":{\"@type\":\"PropertyValueSpecification\",\"valueRequired\":true,\"valueName\":\"search_term_string\"}}],\"inLanguage\":\"en-US\"}]}<\/script>\n<!-- \/ Yoast SEO plugin. -->","yoast_head_json":{"title":"Ta\u0161ai 78x98x1200 mm #BM-60 - Sherwood","robots":{"index":"noindex","follow":"follow","max-snippet":"max-snippet:-1","max-image-preview":"max-image-preview:large","max-video-preview":"max-video-preview:-1"},"og_locale":"en_US","og_type":"article","og_title":"Ta\u0161ai 78x98x1200 mm #BM-60 - Sherwood","og_description":"Mediniai ta\u0161ai pad\u0117kl\u0173 gamybai (78 \u00d7 98 \u00d7 1200 mm) \u2013 tai tvirti, tiksli\u0173 matmen\u0173 konstrukciniai elementai, skirti kalad\u0117li\u0173 gamybai mediniams pad\u0117klams bei sustiprintoms pad\u0117kl\u0173 konstrukcijoms. D\u0117l optimalaus ilgio \u0161ie ta\u0161ai ypa\u010d patog\u016bs klientams, kurie savo gamyboje patys pjauna kalad\u0117les arba naudoja ta\u0161us kaip tiesioginius pad\u0117kl\u0173 konstrukcinius elementus. Galimas tikslus ilgio skersavimas pagal poreik\u012f arba...","og_url":"https:\/\/sherwoodjr.com\/en\/produktas\/tasai-78x98x1200-mm-bm-60\/","og_site_name":"Sherwood","twitter_card":"summary_large_image","schema":{"@context":"https:\/\/schema.org","@graph":[{"@type":"WebPage","@id":"https:\/\/sherwoodjr.com\/en\/produktas\/tasai-78x98x1200-mm-bm-60\/","url":"https:\/\/sherwoodjr.com\/en\/produktas\/tasai-78x98x1200-mm-bm-60\/","name":"Ta\u0161ai 78x98x1200 mm #BM-60 - Sherwood","isPartOf":{"@id":"https:\/\/sherwoodjr.com\/en\/#website"},"primaryImageOfPage":{"@id":"https:\/\/sherwoodjr.com\/en\/produktas\/tasai-78x98x1200-mm-bm-60\/#primaryimage"},"image":{"@id":"https:\/\/sherwoodjr.com\/en\/produktas\/tasai-78x98x1200-mm-bm-60\/#primaryimage"},"thumbnailUrl":"https:\/\/sherwoodjr.com\/wp-content\/uploads\/Tasai_BM-1.png","datePublished":"2026-01-02T06:56:55+00:00","breadcrumb":{"@id":"https:\/\/sherwoodjr.com\/en\/produktas\/tasai-78x98x1200-mm-bm-60\/#breadcrumb"},"inLanguage":"en-US","potentialAction":[{"@type":"ReadAction","target":["https:\/\/sherwoodjr.com\/en\/produktas\/tasai-78x98x1200-mm-bm-60\/"]}]},{"@type":"ImageObject","inLanguage":"en-US","@id":"https:\/\/sherwoodjr.com\/en\/produktas\/tasai-78x98x1200-mm-bm-60\/#primaryimage","url":"https:\/\/sherwoodjr.com\/wp-content\/uploads\/Tasai_BM-1.png","contentUrl":"https:\/\/sherwoodjr.com\/wp-content\/uploads\/Tasai_BM-1.png","width":1021,"height":1207},{"@type":"BreadcrumbList","@id":"https:\/\/sherwoodjr.com\/en\/produktas\/tasai-78x98x1200-mm-bm-60\/#breadcrumb","itemListElement":[{"@type":"ListItem","position":1,"name":"Home","item":"https:\/\/sherwoodjr.com\/en\/"},{"@type":"ListItem","position":2,"name":"Katalogas","item":"https:\/\/sherwoodjr.com\/en\/katalogas\/"},{"@type":"ListItem","position":3,"name":"Ta\u0161ai 78x98x1200 mm #BM-60"}]},{"@type":"WebSite","@id":"https:\/\/sherwoodjr.com\/en\/#website","url":"https:\/\/sherwoodjr.com\/en\/","name":"Sherwood","description":"","potentialAction":[{"@type":"SearchAction","target":{"@type":"EntryPoint","urlTemplate":"https:\/\/sherwoodjr.com\/en\/?s={search_term_string}"},"query-input":{"@type":"PropertyValueSpecification","valueRequired":true,"valueName":"search_term_string"}}],"inLanguage":"en-US"}]}},"_links":{"self":[{"href":"https:\/\/sherwoodjr.com\/en\/wp-json\/wp\/v2\/product\/790","targetHints":{"allow":["GET"]}}],"collection":[{"href":"https:\/\/sherwoodjr.com\/en\/wp-json\/wp\/v2\/product"}],"about":[{"href":"https:\/\/sherwoodjr.com\/en\/wp-json\/wp\/v2\/types\/product"}],"replies":[{"embeddable":true,"href":"https:\/\/sherwoodjr.com\/en\/wp-json\/wp\/v2\/comments?post=790"}],"wp:featuredmedia":[{"embeddable":true,"href":"https:\/\/sherwoodjr.com\/en\/wp-json\/wp\/v2\/media\/761"}],"wp:attachment":[{"href":"https:\/\/sherwoodjr.com\/en\/wp-json\/wp\/v2\/media?parent=790"}],"wp:term":[{"taxonomy":"product_brand","embeddable":true,"href":"https:\/\/sherwoodjr.com\/en\/wp-json\/wp\/v2\/product_brand?post=790"},{"taxonomy":"product_cat","embeddable":true,"href":"https:\/\/sherwoodjr.com\/en\/wp-json\/wp\/v2\/product_cat?post=790"},{"taxonomy":"product_tag","embeddable":true,"href":"https:\/\/sherwoodjr.com\/en\/wp-json\/wp\/v2\/product_tag?post=790"}],"curies":[{"name":"wp","href":"https:\/\/api.w.org\/{rel}","templated":true}]}}