{"id":778,"date":"2026-01-02T10:09:15","date_gmt":"2026-01-02T07:09:15","guid":{"rendered":"https:\/\/sherwoodjr.com\/produktas\/tasai-75x75x2400-mm-bm-48\/"},"modified":"2026-01-02T10:09:15","modified_gmt":"2026-01-02T07:09:15","slug":"tasai-75x75x2400-mm-bm-48","status":"publish","type":"product","link":"https:\/\/sherwoodjr.com\/en\/produktas\/tasai-75x75x2400-mm-bm-48\/","title":{"rendered":"Ta\u0161ai 75x75x2400 mm #BM-48"},"content":{"rendered":"<p data-start=\"191\" data-end=\"587\"><strong data-start=\"191\" data-end=\"245\">Mediniai ta\u0161ai pad\u0117kl\u0173 gamybai (75 \u00d7 75 \u00d7 2400 mm)<\/strong> \u2013 tai tvirti, kvadratinio skerspj\u016bvio konstrukciniai elementai, skirti kalad\u0117li\u0173 \u00a0gamybai mediniams pad\u0117klams bei kitoms pad\u0117kl\u0173 konstrukcin\u0117ms reikm\u0117ms. D\u0117l ilgesnio formato \u0161ie ta\u0161ai ypa\u010d patog\u016bs klientams, kurie kalad\u0117les pjauna savo gamyboje arba nori lanks\u010diai pritaikyti pjovimo ilg\u012f pagal savo technologinius poreikius.<\/p>\n<p data-start=\"589\" data-end=\"958\">\u012esigydami ta\u0161us i\u0161 \u201eSherwood JR\u201c, klientai sutaupo laiko ir gamybos ka\u0161t\u0173, nes gauna paruo\u0161t\u0105, vienod\u0173 matmen\u0173 \u017ealiav\u0105. Galimas tiek tikslus ilgio skersavimas pagal kliento poreikius, tiek tiekimas be skersavimo. Ta\u0161ai tiekiami d\u017eiovinti, su IPPC (ISPM 15) apdirbimu arba d\u017eiovinti + IPPC, taip pat supakuoti \u012f paketus pagal kliento pageidavim\u0105.<\/p>\n","protected":false},"excerpt":{"rendered":"<p>Mediniai ta\u0161ai pad\u0117kl\u0173 gamybai (75 \u00d7 75 \u00d7 2400 mm) \u2013 tai tvirti, kvadratinio skerspj\u016bvio konstrukciniai elementai, skirti kalad\u0117li\u0173 \u00a0gamybai mediniams pad\u0117klams bei kitoms pad\u0117kl\u0173 konstrukcin\u0117ms reikm\u0117ms. D\u0117l ilgesnio formato \u0161ie ta\u0161ai ypa\u010d patog\u016bs klientams, kurie kalad\u0117les pjauna savo gamyboje arba nori lanks\u010diai pritaikyti pjovimo ilg\u012f pagal savo technologinius poreikius. \u012esigydami ta\u0161us i\u0161 \u201eSherwood JR\u201c,&#8230;<\/p>\n","protected":false},"featured_media":779,"comment_status":"closed","ping_status":"closed","template":"","meta":{"_acf_changed":false},"product_brand":[],"product_cat":[135],"product_tag":[],"class_list":{"0":"post-778","1":"product","2":"type-product","3":"status-publish","4":"has-post-thumbnail","6":"product_cat-tasai","8":"first","9":"instock","10":"taxable","11":"shipping-taxable","12":"product-type-simple"},"acf":[],"yoast_head":"<!-- This site is optimized with the Yoast SEO plugin v25.8 - https:\/\/yoast.com\/wordpress\/plugins\/seo\/ -->\n<title>Ta\u0161ai 75x75x2400 mm #BM-48 - Sherwood<\/title>\n<meta name=\"robots\" content=\"noindex, follow, max-snippet:-1, max-image-preview:large, max-video-preview:-1\" \/>\n<meta property=\"og:locale\" content=\"en_US\" \/>\n<meta property=\"og:type\" content=\"article\" \/>\n<meta property=\"og:title\" content=\"Ta\u0161ai 75x75x2400 mm #BM-48 - Sherwood\" \/>\n<meta property=\"og:description\" content=\"Mediniai ta\u0161ai pad\u0117kl\u0173 gamybai (75 \u00d7 75 \u00d7 2400 mm) \u2013 tai tvirti, kvadratinio skerspj\u016bvio konstrukciniai elementai, skirti kalad\u0117li\u0173 \u00a0gamybai mediniams pad\u0117klams bei kitoms pad\u0117kl\u0173 konstrukcin\u0117ms reikm\u0117ms. D\u0117l ilgesnio formato \u0161ie ta\u0161ai ypa\u010d patog\u016bs klientams, kurie kalad\u0117les pjauna savo gamyboje arba nori lanks\u010diai pritaikyti pjovimo ilg\u012f pagal savo technologinius poreikius. \u012esigydami ta\u0161us i\u0161 \u201eSherwood JR\u201c,...\" \/>\n<meta property=\"og:url\" content=\"https:\/\/sherwoodjr.com\/en\/produktas\/tasai-75x75x2400-mm-bm-48\/\" \/>\n<meta property=\"og:site_name\" content=\"Sherwood\" \/>\n<meta name=\"twitter:card\" content=\"summary_large_image\" \/>\n<meta name=\"twitter:label1\" content=\"Est. reading time\" \/>\n\t<meta name=\"twitter:data1\" content=\"1 minute\" \/>\n<script type=\"application\/ld+json\" class=\"yoast-schema-graph\">{\"@context\":\"https:\/\/schema.org\",\"@graph\":[{\"@type\":\"WebPage\",\"@id\":\"https:\/\/sherwoodjr.com\/en\/produktas\/tasai-75x75x2400-mm-bm-48\/\",\"url\":\"https:\/\/sherwoodjr.com\/en\/produktas\/tasai-75x75x2400-mm-bm-48\/\",\"name\":\"Ta\u0161ai 75x75x2400 mm #BM-48 - Sherwood\",\"isPartOf\":{\"@id\":\"https:\/\/sherwoodjr.com\/en\/#website\"},\"primaryImageOfPage\":{\"@id\":\"https:\/\/sherwoodjr.com\/en\/produktas\/tasai-75x75x2400-mm-bm-48\/#primaryimage\"},\"image\":{\"@id\":\"https:\/\/sherwoodjr.com\/en\/produktas\/tasai-75x75x2400-mm-bm-48\/#primaryimage\"},\"thumbnailUrl\":\"https:\/\/sherwoodjr.com\/wp-content\/uploads\/Gemini_Generated_Image_sbnyo6sbnyo6sbny.jpeg\",\"datePublished\":\"2026-01-02T07:09:15+00:00\",\"breadcrumb\":{\"@id\":\"https:\/\/sherwoodjr.com\/en\/produktas\/tasai-75x75x2400-mm-bm-48\/#breadcrumb\"},\"inLanguage\":\"en-US\",\"potentialAction\":[{\"@type\":\"ReadAction\",\"target\":[\"https:\/\/sherwoodjr.com\/en\/produktas\/tasai-75x75x2400-mm-bm-48\/\"]}]},{\"@type\":\"ImageObject\",\"inLanguage\":\"en-US\",\"@id\":\"https:\/\/sherwoodjr.com\/en\/produktas\/tasai-75x75x2400-mm-bm-48\/#primaryimage\",\"url\":\"https:\/\/sherwoodjr.com\/wp-content\/uploads\/Gemini_Generated_Image_sbnyo6sbnyo6sbny.jpeg\",\"contentUrl\":\"https:\/\/sherwoodjr.com\/wp-content\/uploads\/Gemini_Generated_Image_sbnyo6sbnyo6sbny.jpeg\",\"width\":960,\"height\":1088},{\"@type\":\"BreadcrumbList\",\"@id\":\"https:\/\/sherwoodjr.com\/en\/produktas\/tasai-75x75x2400-mm-bm-48\/#breadcrumb\",\"itemListElement\":[{\"@type\":\"ListItem\",\"position\":1,\"name\":\"Home\",\"item\":\"https:\/\/sherwoodjr.com\/en\/\"},{\"@type\":\"ListItem\",\"position\":2,\"name\":\"Katalogas\",\"item\":\"https:\/\/sherwoodjr.com\/en\/katalogas\/\"},{\"@type\":\"ListItem\",\"position\":3,\"name\":\"Ta\u0161ai 75x75x2400 mm #BM-48\"}]},{\"@type\":\"WebSite\",\"@id\":\"https:\/\/sherwoodjr.com\/en\/#website\",\"url\":\"https:\/\/sherwoodjr.com\/en\/\",\"name\":\"Sherwood\",\"description\":\"\",\"potentialAction\":[{\"@type\":\"SearchAction\",\"target\":{\"@type\":\"EntryPoint\",\"urlTemplate\":\"https:\/\/sherwoodjr.com\/en\/?s={search_term_string}\"},\"query-input\":{\"@type\":\"PropertyValueSpecification\",\"valueRequired\":true,\"valueName\":\"search_term_string\"}}],\"inLanguage\":\"en-US\"}]}<\/script>\n<!-- \/ Yoast SEO plugin. -->","yoast_head_json":{"title":"Ta\u0161ai 75x75x2400 mm #BM-48 - Sherwood","robots":{"index":"noindex","follow":"follow","max-snippet":"max-snippet:-1","max-image-preview":"max-image-preview:large","max-video-preview":"max-video-preview:-1"},"og_locale":"en_US","og_type":"article","og_title":"Ta\u0161ai 75x75x2400 mm #BM-48 - Sherwood","og_description":"Mediniai ta\u0161ai pad\u0117kl\u0173 gamybai (75 \u00d7 75 \u00d7 2400 mm) \u2013 tai tvirti, kvadratinio skerspj\u016bvio konstrukciniai elementai, skirti kalad\u0117li\u0173 \u00a0gamybai mediniams pad\u0117klams bei kitoms pad\u0117kl\u0173 konstrukcin\u0117ms reikm\u0117ms. D\u0117l ilgesnio formato \u0161ie ta\u0161ai ypa\u010d patog\u016bs klientams, kurie kalad\u0117les pjauna savo gamyboje arba nori lanks\u010diai pritaikyti pjovimo ilg\u012f pagal savo technologinius poreikius. \u012esigydami ta\u0161us i\u0161 \u201eSherwood JR\u201c,...","og_url":"https:\/\/sherwoodjr.com\/en\/produktas\/tasai-75x75x2400-mm-bm-48\/","og_site_name":"Sherwood","twitter_card":"summary_large_image","twitter_misc":{"Est. reading time":"1 minute"},"schema":{"@context":"https:\/\/schema.org","@graph":[{"@type":"WebPage","@id":"https:\/\/sherwoodjr.com\/en\/produktas\/tasai-75x75x2400-mm-bm-48\/","url":"https:\/\/sherwoodjr.com\/en\/produktas\/tasai-75x75x2400-mm-bm-48\/","name":"Ta\u0161ai 75x75x2400 mm #BM-48 - Sherwood","isPartOf":{"@id":"https:\/\/sherwoodjr.com\/en\/#website"},"primaryImageOfPage":{"@id":"https:\/\/sherwoodjr.com\/en\/produktas\/tasai-75x75x2400-mm-bm-48\/#primaryimage"},"image":{"@id":"https:\/\/sherwoodjr.com\/en\/produktas\/tasai-75x75x2400-mm-bm-48\/#primaryimage"},"thumbnailUrl":"https:\/\/sherwoodjr.com\/wp-content\/uploads\/Gemini_Generated_Image_sbnyo6sbnyo6sbny.jpeg","datePublished":"2026-01-02T07:09:15+00:00","breadcrumb":{"@id":"https:\/\/sherwoodjr.com\/en\/produktas\/tasai-75x75x2400-mm-bm-48\/#breadcrumb"},"inLanguage":"en-US","potentialAction":[{"@type":"ReadAction","target":["https:\/\/sherwoodjr.com\/en\/produktas\/tasai-75x75x2400-mm-bm-48\/"]}]},{"@type":"ImageObject","inLanguage":"en-US","@id":"https:\/\/sherwoodjr.com\/en\/produktas\/tasai-75x75x2400-mm-bm-48\/#primaryimage","url":"https:\/\/sherwoodjr.com\/wp-content\/uploads\/Gemini_Generated_Image_sbnyo6sbnyo6sbny.jpeg","contentUrl":"https:\/\/sherwoodjr.com\/wp-content\/uploads\/Gemini_Generated_Image_sbnyo6sbnyo6sbny.jpeg","width":960,"height":1088},{"@type":"BreadcrumbList","@id":"https:\/\/sherwoodjr.com\/en\/produktas\/tasai-75x75x2400-mm-bm-48\/#breadcrumb","itemListElement":[{"@type":"ListItem","position":1,"name":"Home","item":"https:\/\/sherwoodjr.com\/en\/"},{"@type":"ListItem","position":2,"name":"Katalogas","item":"https:\/\/sherwoodjr.com\/en\/katalogas\/"},{"@type":"ListItem","position":3,"name":"Ta\u0161ai 75x75x2400 mm #BM-48"}]},{"@type":"WebSite","@id":"https:\/\/sherwoodjr.com\/en\/#website","url":"https:\/\/sherwoodjr.com\/en\/","name":"Sherwood","description":"","potentialAction":[{"@type":"SearchAction","target":{"@type":"EntryPoint","urlTemplate":"https:\/\/sherwoodjr.com\/en\/?s={search_term_string}"},"query-input":{"@type":"PropertyValueSpecification","valueRequired":true,"valueName":"search_term_string"}}],"inLanguage":"en-US"}]}},"_links":{"self":[{"href":"https:\/\/sherwoodjr.com\/en\/wp-json\/wp\/v2\/product\/778","targetHints":{"allow":["GET"]}}],"collection":[{"href":"https:\/\/sherwoodjr.com\/en\/wp-json\/wp\/v2\/product"}],"about":[{"href":"https:\/\/sherwoodjr.com\/en\/wp-json\/wp\/v2\/types\/product"}],"replies":[{"embeddable":true,"href":"https:\/\/sherwoodjr.com\/en\/wp-json\/wp\/v2\/comments?post=778"}],"wp:featuredmedia":[{"embeddable":true,"href":"https:\/\/sherwoodjr.com\/en\/wp-json\/wp\/v2\/media\/779"}],"wp:attachment":[{"href":"https:\/\/sherwoodjr.com\/en\/wp-json\/wp\/v2\/media?parent=778"}],"wp:term":[{"taxonomy":"product_brand","embeddable":true,"href":"https:\/\/sherwoodjr.com\/en\/wp-json\/wp\/v2\/product_brand?post=778"},{"taxonomy":"product_cat","embeddable":true,"href":"https:\/\/sherwoodjr.com\/en\/wp-json\/wp\/v2\/product_cat?post=778"},{"taxonomy":"product_tag","embeddable":true,"href":"https:\/\/sherwoodjr.com\/en\/wp-json\/wp\/v2\/product_tag?post=778"}],"curies":[{"name":"wp","href":"https:\/\/api.w.org\/{rel}","templated":true}]}}