{"id":772,"date":"2026-01-02T10:15:54","date_gmt":"2026-01-02T07:15:54","guid":{"rendered":"https:\/\/sherwoodjr.com\/produktas\/tasai-78x78x1200-mm-bm-56\/"},"modified":"2026-01-02T10:15:54","modified_gmt":"2026-01-02T07:15:54","slug":"tasai-78x78x1200-mm-bm-56","status":"publish","type":"product","link":"https:\/\/sherwoodjr.com\/en\/produktas\/tasai-78x78x1200-mm-bm-56\/","title":{"rendered":"Ta\u0161ai 78x78x1200 mm #BM-56"},"content":{"rendered":"<p data-start=\"191\" data-end=\"550\"><strong data-start=\"191\" data-end=\"245\">Mediniai ta\u0161ai pad\u0117kl\u0173 gamybai (78 \u00d7 78 \u00d7 1200 mm)<\/strong> \u2013 tai tvirti, kvadratinio skerspj\u016bvio konstrukciniai elementai, skirti kalad\u0117li\u0173 gamybai mediniams pad\u0117klams bei pad\u0117kl\u0173 konstrukcini\u0173 mazg\u0173 formavimui. \u0160io formato ta\u0161ai idealiai tinka klientams, kurie savo gamyboje patys pjauna kalad\u0117les arba nori naudoti paruo\u0161t\u0105, vienod\u0173 matmen\u0173 \u017ealiav\u0105.<\/p>\n<p data-start=\"552\" data-end=\"898\">Pirkdami ta\u0161us i\u0161 \u201eSherwood JR\u201c, klientai sutaupo laiko ir gamybos ka\u0161t\u0173, nes gauna paruo\u0161t\u0105 produkcij\u0105 su galimybe rinktis tiksl\u0173 ilgio skersavim\u0105 pagal poreik\u012f arba tiekim\u0105 be skersavimo. Ta\u0161ai tiekiami d\u017eiovinti, su IPPC (ISPM 15) apdirbimu arba d\u017eiovinti + IPPC, taip pat supakuoti \u012f paketus pagal kliento pageidavim\u0105.<\/p>\n","protected":false},"excerpt":{"rendered":"<p>Mediniai ta\u0161ai pad\u0117kl\u0173 gamybai (78 \u00d7 78 \u00d7 1200 mm) \u2013 tai tvirti, kvadratinio skerspj\u016bvio konstrukciniai elementai, skirti kalad\u0117li\u0173 gamybai mediniams pad\u0117klams bei pad\u0117kl\u0173 konstrukcini\u0173 mazg\u0173 formavimui. \u0160io formato ta\u0161ai idealiai tinka klientams, kurie savo gamyboje patys pjauna kalad\u0117les arba nori naudoti paruo\u0161t\u0105, vienod\u0173 matmen\u0173 \u017ealiav\u0105. Pirkdami ta\u0161us i\u0161 \u201eSherwood JR\u201c, klientai sutaupo laiko ir&#8230;<\/p>\n","protected":false},"featured_media":773,"comment_status":"closed","ping_status":"closed","template":"","meta":{"_acf_changed":false},"product_brand":[],"product_cat":[135],"product_tag":[],"class_list":{"0":"post-772","1":"product","2":"type-product","3":"status-publish","4":"has-post-thumbnail","6":"product_cat-tasai","8":"first","9":"instock","10":"taxable","11":"shipping-taxable","12":"product-type-simple"},"acf":[],"yoast_head":"<!-- This site is optimized with the Yoast SEO plugin v25.8 - https:\/\/yoast.com\/wordpress\/plugins\/seo\/ -->\n<title>Ta\u0161ai 78x78x1200 mm #BM-56 - Sherwood<\/title>\n<meta name=\"robots\" content=\"noindex, follow, max-snippet:-1, max-image-preview:large, max-video-preview:-1\" \/>\n<meta property=\"og:locale\" content=\"en_US\" \/>\n<meta property=\"og:type\" content=\"article\" \/>\n<meta property=\"og:title\" content=\"Ta\u0161ai 78x78x1200 mm #BM-56 - Sherwood\" \/>\n<meta property=\"og:description\" content=\"Mediniai ta\u0161ai pad\u0117kl\u0173 gamybai (78 \u00d7 78 \u00d7 1200 mm) \u2013 tai tvirti, kvadratinio skerspj\u016bvio konstrukciniai elementai, skirti kalad\u0117li\u0173 gamybai mediniams pad\u0117klams bei pad\u0117kl\u0173 konstrukcini\u0173 mazg\u0173 formavimui. \u0160io formato ta\u0161ai idealiai tinka klientams, kurie savo gamyboje patys pjauna kalad\u0117les arba nori naudoti paruo\u0161t\u0105, vienod\u0173 matmen\u0173 \u017ealiav\u0105. Pirkdami ta\u0161us i\u0161 \u201eSherwood JR\u201c, klientai sutaupo laiko ir...\" \/>\n<meta property=\"og:url\" content=\"https:\/\/sherwoodjr.com\/en\/produktas\/tasai-78x78x1200-mm-bm-56\/\" \/>\n<meta property=\"og:site_name\" content=\"Sherwood\" \/>\n<meta name=\"twitter:card\" content=\"summary_large_image\" \/>\n<script type=\"application\/ld+json\" class=\"yoast-schema-graph\">{\"@context\":\"https:\/\/schema.org\",\"@graph\":[{\"@type\":\"WebPage\",\"@id\":\"https:\/\/sherwoodjr.com\/en\/produktas\/tasai-78x78x1200-mm-bm-56\/\",\"url\":\"https:\/\/sherwoodjr.com\/en\/produktas\/tasai-78x78x1200-mm-bm-56\/\",\"name\":\"Ta\u0161ai 78x78x1200 mm #BM-56 - Sherwood\",\"isPartOf\":{\"@id\":\"https:\/\/sherwoodjr.com\/en\/#website\"},\"primaryImageOfPage\":{\"@id\":\"https:\/\/sherwoodjr.com\/en\/produktas\/tasai-78x78x1200-mm-bm-56\/#primaryimage\"},\"image\":{\"@id\":\"https:\/\/sherwoodjr.com\/en\/produktas\/tasai-78x78x1200-mm-bm-56\/#primaryimage\"},\"thumbnailUrl\":\"https:\/\/sherwoodjr.com\/wp-content\/uploads\/Gemini_Generated_Image_iy8i7niy8i7niy8i-2.jpeg\",\"datePublished\":\"2026-01-02T07:15:54+00:00\",\"breadcrumb\":{\"@id\":\"https:\/\/sherwoodjr.com\/en\/produktas\/tasai-78x78x1200-mm-bm-56\/#breadcrumb\"},\"inLanguage\":\"en-US\",\"potentialAction\":[{\"@type\":\"ReadAction\",\"target\":[\"https:\/\/sherwoodjr.com\/en\/produktas\/tasai-78x78x1200-mm-bm-56\/\"]}]},{\"@type\":\"ImageObject\",\"inLanguage\":\"en-US\",\"@id\":\"https:\/\/sherwoodjr.com\/en\/produktas\/tasai-78x78x1200-mm-bm-56\/#primaryimage\",\"url\":\"https:\/\/sherwoodjr.com\/wp-content\/uploads\/Gemini_Generated_Image_iy8i7niy8i7niy8i-2.jpeg\",\"contentUrl\":\"https:\/\/sherwoodjr.com\/wp-content\/uploads\/Gemini_Generated_Image_iy8i7niy8i7niy8i-2.jpeg\",\"width\":2530,\"height\":1133},{\"@type\":\"BreadcrumbList\",\"@id\":\"https:\/\/sherwoodjr.com\/en\/produktas\/tasai-78x78x1200-mm-bm-56\/#breadcrumb\",\"itemListElement\":[{\"@type\":\"ListItem\",\"position\":1,\"name\":\"Home\",\"item\":\"https:\/\/sherwoodjr.com\/en\/\"},{\"@type\":\"ListItem\",\"position\":2,\"name\":\"Katalogas\",\"item\":\"https:\/\/sherwoodjr.com\/en\/katalogas\/\"},{\"@type\":\"ListItem\",\"position\":3,\"name\":\"Ta\u0161ai 78x78x1200 mm #BM-56\"}]},{\"@type\":\"WebSite\",\"@id\":\"https:\/\/sherwoodjr.com\/en\/#website\",\"url\":\"https:\/\/sherwoodjr.com\/en\/\",\"name\":\"Sherwood\",\"description\":\"\",\"potentialAction\":[{\"@type\":\"SearchAction\",\"target\":{\"@type\":\"EntryPoint\",\"urlTemplate\":\"https:\/\/sherwoodjr.com\/en\/?s={search_term_string}\"},\"query-input\":{\"@type\":\"PropertyValueSpecification\",\"valueRequired\":true,\"valueName\":\"search_term_string\"}}],\"inLanguage\":\"en-US\"}]}<\/script>\n<!-- \/ Yoast SEO plugin. -->","yoast_head_json":{"title":"Ta\u0161ai 78x78x1200 mm #BM-56 - Sherwood","robots":{"index":"noindex","follow":"follow","max-snippet":"max-snippet:-1","max-image-preview":"max-image-preview:large","max-video-preview":"max-video-preview:-1"},"og_locale":"en_US","og_type":"article","og_title":"Ta\u0161ai 78x78x1200 mm #BM-56 - Sherwood","og_description":"Mediniai ta\u0161ai pad\u0117kl\u0173 gamybai (78 \u00d7 78 \u00d7 1200 mm) \u2013 tai tvirti, kvadratinio skerspj\u016bvio konstrukciniai elementai, skirti kalad\u0117li\u0173 gamybai mediniams pad\u0117klams bei pad\u0117kl\u0173 konstrukcini\u0173 mazg\u0173 formavimui. \u0160io formato ta\u0161ai idealiai tinka klientams, kurie savo gamyboje patys pjauna kalad\u0117les arba nori naudoti paruo\u0161t\u0105, vienod\u0173 matmen\u0173 \u017ealiav\u0105. Pirkdami ta\u0161us i\u0161 \u201eSherwood JR\u201c, klientai sutaupo laiko ir...","og_url":"https:\/\/sherwoodjr.com\/en\/produktas\/tasai-78x78x1200-mm-bm-56\/","og_site_name":"Sherwood","twitter_card":"summary_large_image","schema":{"@context":"https:\/\/schema.org","@graph":[{"@type":"WebPage","@id":"https:\/\/sherwoodjr.com\/en\/produktas\/tasai-78x78x1200-mm-bm-56\/","url":"https:\/\/sherwoodjr.com\/en\/produktas\/tasai-78x78x1200-mm-bm-56\/","name":"Ta\u0161ai 78x78x1200 mm #BM-56 - Sherwood","isPartOf":{"@id":"https:\/\/sherwoodjr.com\/en\/#website"},"primaryImageOfPage":{"@id":"https:\/\/sherwoodjr.com\/en\/produktas\/tasai-78x78x1200-mm-bm-56\/#primaryimage"},"image":{"@id":"https:\/\/sherwoodjr.com\/en\/produktas\/tasai-78x78x1200-mm-bm-56\/#primaryimage"},"thumbnailUrl":"https:\/\/sherwoodjr.com\/wp-content\/uploads\/Gemini_Generated_Image_iy8i7niy8i7niy8i-2.jpeg","datePublished":"2026-01-02T07:15:54+00:00","breadcrumb":{"@id":"https:\/\/sherwoodjr.com\/en\/produktas\/tasai-78x78x1200-mm-bm-56\/#breadcrumb"},"inLanguage":"en-US","potentialAction":[{"@type":"ReadAction","target":["https:\/\/sherwoodjr.com\/en\/produktas\/tasai-78x78x1200-mm-bm-56\/"]}]},{"@type":"ImageObject","inLanguage":"en-US","@id":"https:\/\/sherwoodjr.com\/en\/produktas\/tasai-78x78x1200-mm-bm-56\/#primaryimage","url":"https:\/\/sherwoodjr.com\/wp-content\/uploads\/Gemini_Generated_Image_iy8i7niy8i7niy8i-2.jpeg","contentUrl":"https:\/\/sherwoodjr.com\/wp-content\/uploads\/Gemini_Generated_Image_iy8i7niy8i7niy8i-2.jpeg","width":2530,"height":1133},{"@type":"BreadcrumbList","@id":"https:\/\/sherwoodjr.com\/en\/produktas\/tasai-78x78x1200-mm-bm-56\/#breadcrumb","itemListElement":[{"@type":"ListItem","position":1,"name":"Home","item":"https:\/\/sherwoodjr.com\/en\/"},{"@type":"ListItem","position":2,"name":"Katalogas","item":"https:\/\/sherwoodjr.com\/en\/katalogas\/"},{"@type":"ListItem","position":3,"name":"Ta\u0161ai 78x78x1200 mm #BM-56"}]},{"@type":"WebSite","@id":"https:\/\/sherwoodjr.com\/en\/#website","url":"https:\/\/sherwoodjr.com\/en\/","name":"Sherwood","description":"","potentialAction":[{"@type":"SearchAction","target":{"@type":"EntryPoint","urlTemplate":"https:\/\/sherwoodjr.com\/en\/?s={search_term_string}"},"query-input":{"@type":"PropertyValueSpecification","valueRequired":true,"valueName":"search_term_string"}}],"inLanguage":"en-US"}]}},"_links":{"self":[{"href":"https:\/\/sherwoodjr.com\/en\/wp-json\/wp\/v2\/product\/772","targetHints":{"allow":["GET"]}}],"collection":[{"href":"https:\/\/sherwoodjr.com\/en\/wp-json\/wp\/v2\/product"}],"about":[{"href":"https:\/\/sherwoodjr.com\/en\/wp-json\/wp\/v2\/types\/product"}],"replies":[{"embeddable":true,"href":"https:\/\/sherwoodjr.com\/en\/wp-json\/wp\/v2\/comments?post=772"}],"wp:featuredmedia":[{"embeddable":true,"href":"https:\/\/sherwoodjr.com\/en\/wp-json\/wp\/v2\/media\/773"}],"wp:attachment":[{"href":"https:\/\/sherwoodjr.com\/en\/wp-json\/wp\/v2\/media?parent=772"}],"wp:term":[{"taxonomy":"product_brand","embeddable":true,"href":"https:\/\/sherwoodjr.com\/en\/wp-json\/wp\/v2\/product_brand?post=772"},{"taxonomy":"product_cat","embeddable":true,"href":"https:\/\/sherwoodjr.com\/en\/wp-json\/wp\/v2\/product_cat?post=772"},{"taxonomy":"product_tag","embeddable":true,"href":"https:\/\/sherwoodjr.com\/en\/wp-json\/wp\/v2\/product_tag?post=772"}],"curies":[{"name":"wp","href":"https:\/\/api.w.org\/{rel}","templated":true}]}}