{"id":656,"date":"2025-08-11T14:38:24","date_gmt":"2025-08-11T11:38:24","guid":{"rendered":"https:\/\/sherwoodjr.com\/produktai\/"},"modified":"2026-03-25T16:20:33","modified_gmt":"2026-03-25T13:20:33","slug":"produktai","status":"publish","type":"page","link":"https:\/\/sherwoodjr.com\/en\/produktai\/","title":{"rendered":"Produktai"},"content":{"rendered":"<section class=\"l-section wpb_row us_custom_10276f9a height_small\"><div class=\"l-section-h i-cf\"><div class=\"g-cols vc_row via_grid cols_1 laptops-cols_inherit tablets-cols_inherit mobiles-cols_1 valign_top type_default stacking_default\"><div class=\"wpb_column vc_column_container\"><div class=\"vc_column-inner\"><nav class=\"g-breadcrumbs us_custom_8b3a3b1f separator_custom align_none\" itemscope itemtype=\"http:\/\/schema.org\/BreadcrumbList\"><div class=\"g-breadcrumbs-item\" itemscope itemprop=\"itemListElement\" itemtype=\"http:\/\/schema.org\/ListItem\"><a itemprop=\"item\" href=\"https:\/\/sherwoodjr.com\/en\/\"><span itemprop=\"name\">Home<\/span><\/a><meta itemprop=\"position\" content=\"1\"\/><\/div><div class=\"g-breadcrumbs-separator\">\/<\/div><div class=\"g-breadcrumbs-item\">Pages<\/div><\/nav><\/div><\/div><\/div><\/div><\/section><section class=\"l-section wpb_row height_large\"><div class=\"l-section-h i-cf\"><div class=\"g-cols vc_row via_grid cols_1 laptops-cols_inherit tablets-cols_inherit mobiles-cols_1 valign_top type_default stacking_default\"><div class=\"wpb_column vc_column_container\"><div class=\"vc_column-inner\"><div class=\"w-grid type_grid layout_248 cols_5 with_css_animation\" id=\"us_grid_1\" style=\"--columns:5;--gap:0rem;\"><style>@media (max-width:1380px){#us_grid_1{--columns:4!important}}@media (max-width:1024px){#us_grid_1{--columns:3!important}}@media (max-width:600px){#us_grid_1{--columns:2!important}}.layout_248 .w-grid-item-h{}.layout_248 .usg_post_image_1{transition-duration:0.3s;transform-origin:50% 50%;transform:scale(1) translate(0%,0%)}.layout_248 .w-grid-item-h:focus-within .usg_post_image_1,.layout_248 .w-grid-item-h:hover .usg_post_image_1{transform:scale(1.05) translate(0%,0%);opacity:1}.layout_248 .usg_vwrapper_1{padding-left:0.7rem!important;padding-bottom:0.7rem!important;position:absolute!important;left:0!important;bottom:0!important;right:50%!important;z-index:111!important}.layout_248 .usg_post_title_1{font-size:1rem!important;font-weight:500!important}.layout_248 .usg_vwrapper_2{overflow:hidden!important}@media (min-width:1025px) and (max-width:1380px){.layout_248 .usg_vwrapper_1{padding-left:0.7rem!important;padding-bottom:0.7rem!important}.layout_248 .usg_post_title_1{font-size:1rem!important;font-weight:500!important}}@media (min-width:601px) and (max-width:1024px){.layout_248 .usg_vwrapper_1{padding-left:0.7rem!important;padding-bottom:0.7rem!important}.layout_248 .usg_post_title_1{font-size:1rem!important;font-weight:500!important}}@media (max-width:600px){.layout_248 .usg_vwrapper_1{padding-left:0.5rem!important;padding-bottom:0.7rem!important}.layout_248 .usg_post_title_1{font-size:0.7rem!important;font-weight:500!important}}<\/style><div class=\"w-grid-list\">\t<div class=\"w-grid-item type_term term-183 term-lentos us_animate_afr ratio_1x1\" style=\"animation-delay:0s\">\r\n\t\t<div class=\"w-grid-item-h\">\r\n\t\t\t\t\t\t<div class=\"w-vwrapper usg_vwrapper_2 align_none valign_top\"><\/div><div class=\"w-vwrapper usg_vwrapper_1 align_none valign_top\"><h6 class=\"w-post-elm post_title usg_post_title_1 entry-title color_link_inherit\"><a href=\"https:\/\/sherwoodjr.com\/en\/produktai\/lentos\/\">Lentos<\/a><\/h6><\/div>\t\t<\/div>\r\n\t\t\t<\/div>\r\n\t<div class=\"w-grid-item type_term term-126 term-mediniai-padeklu-apvadai us_animate_afr ratio_1x1\" style=\"animation-delay:0.1s\">\r\n\t\t<div class=\"w-grid-item-h\">\r\n\t\t\t\t\t\t<div class=\"w-vwrapper usg_vwrapper_2 align_none valign_top\"><\/div><div class=\"w-vwrapper usg_vwrapper_1 align_none valign_top\"><h6 class=\"w-post-elm post_title usg_post_title_1 entry-title color_link_inherit\"><a href=\"https:\/\/sherwoodjr.com\/en\/produktai\/mediniai-padeklu-apvadai\/\">Mediniai pad\u0117kl\u0173 apvadai<\/a><\/h6><\/div>\t\t<\/div>\r\n\t\t\t<\/div>\r\n\t<div class=\"w-grid-item type_term term-225 term-padeklai us_animate_afr ratio_1x1\" style=\"animation-delay:0.2s\">\r\n\t\t<div class=\"w-grid-item-h\">\r\n\t\t\t\t\t\t<div class=\"w-vwrapper usg_vwrapper_2 align_none valign_top\"><\/div><div class=\"w-vwrapper usg_vwrapper_1 align_none valign_top\"><h6 class=\"w-post-elm post_title usg_post_title_1 entry-title color_link_inherit\"><a href=\"https:\/\/sherwoodjr.com\/en\/produktai\/padeklai\/\">Pad\u0117klai<\/a><\/h6><\/div>\t\t<\/div>\r\n\t\t\t<\/div>\r\n\t<div class=\"w-grid-item type_term term-204 term-padeklu-elementai us_animate_afr ratio_1x1\" style=\"animation-delay:0.3s\">\r\n\t\t<div class=\"w-grid-item-h\">\r\n\t\t\t\t\t\t<div class=\"w-vwrapper usg_vwrapper_2 align_none valign_top\"><\/div><div class=\"w-vwrapper usg_vwrapper_1 align_none valign_top\"><h6 class=\"w-post-elm post_title usg_post_title_1 entry-title color_link_inherit\"><a href=\"https:\/\/sherwoodjr.com\/en\/produktai\/padeklu-elementai\/\">Pad\u0117kl\u0173 elementai<\/a><\/h6><\/div>\t\t<\/div>\r\n\t\t\t<\/div>\r\n\t<div class=\"w-grid-item type_term term-135 term-tasai us_animate_afr ratio_1x1\" style=\"animation-delay:0.4s\">\r\n\t\t<div class=\"w-grid-item-h\">\r\n\t\t\t\t\t\t<div class=\"w-vwrapper usg_vwrapper_2 align_none valign_top\"><\/div><div class=\"w-vwrapper usg_vwrapper_1 align_none valign_top\"><h6 class=\"w-post-elm post_title usg_post_title_1 entry-title color_link_inherit\"><a href=\"https:\/\/sherwoodjr.com\/en\/produktai\/tasai\/\">Ta\u0161ai<\/a><\/h6><\/div>\t\t<\/div>\r\n\t\t\t<\/div>\r\n<\/div>\t<div class=\"w-grid-json hidden\" onclick='return {&quot;template_vars&quot;:{&quot;lang&quot;:&quot;en&quot;}}'><\/div>\r\n\t<\/div><\/div><\/div><\/div><\/div><\/section>\n","protected":false},"excerpt":{"rendered":"Home\/Pages Lentos Mediniai pad\u0117kl\u0173 apvadai Pad\u0117klai Pad\u0117kl\u0173 elementai Ta\u0161ai","protected":false},"author":1,"featured_media":0,"parent":0,"menu_order":0,"comment_status":"closed","ping_status":"closed","template":"","meta":{"_acf_changed":false,"footnotes":""},"class_list":["post-656","page","type-page","status-publish","hentry"],"acf":[],"yoast_head":"<!-- This site is optimized with the Yoast SEO plugin v25.8 - https:\/\/yoast.com\/wordpress\/plugins\/seo\/ -->\n<title>Produktai - Sherwood<\/title>\n<meta name=\"robots\" content=\"noindex, follow, max-snippet:-1, max-image-preview:large, max-video-preview:-1\" \/>\n<meta property=\"og:locale\" content=\"en_US\" \/>\n<meta property=\"og:type\" content=\"article\" \/>\n<meta property=\"og:title\" content=\"Produktai - Sherwood\" \/>\n<meta property=\"og:url\" content=\"https:\/\/sherwoodjr.com\/en\/produktai\/\" \/>\n<meta property=\"og:site_name\" content=\"Sherwood\" \/>\n<meta property=\"article:modified_time\" content=\"2026-03-25T13:20:33+00:00\" \/>\n<meta name=\"twitter:card\" content=\"summary_large_image\" \/>\n<meta name=\"twitter:label1\" content=\"Est. reading time\" \/>\n\t<meta name=\"twitter:data1\" content=\"1 minute\" \/>\n<script type=\"application\/ld+json\" class=\"yoast-schema-graph\">{\"@context\":\"https:\/\/schema.org\",\"@graph\":[{\"@type\":\"WebPage\",\"@id\":\"https:\/\/sherwoodjr.com\/en\/produktai\/\",\"url\":\"https:\/\/sherwoodjr.com\/en\/produktai\/\",\"name\":\"Produktai - Sherwood\",\"isPartOf\":{\"@id\":\"https:\/\/sherwoodjr.com\/en\/#website\"},\"datePublished\":\"2025-08-11T11:38:24+00:00\",\"dateModified\":\"2026-03-25T13:20:33+00:00\",\"breadcrumb\":{\"@id\":\"https:\/\/sherwoodjr.com\/en\/produktai\/#breadcrumb\"},\"inLanguage\":\"en-US\",\"potentialAction\":[{\"@type\":\"ReadAction\",\"target\":[\"https:\/\/sherwoodjr.com\/en\/produktai\/\"]}]},{\"@type\":\"BreadcrumbList\",\"@id\":\"https:\/\/sherwoodjr.com\/en\/produktai\/#breadcrumb\",\"itemListElement\":[{\"@type\":\"ListItem\",\"position\":1,\"name\":\"Home\",\"item\":\"https:\/\/sherwoodjr.com\/en\/\"},{\"@type\":\"ListItem\",\"position\":2,\"name\":\"Produktai\"}]},{\"@type\":\"WebSite\",\"@id\":\"https:\/\/sherwoodjr.com\/en\/#website\",\"url\":\"https:\/\/sherwoodjr.com\/en\/\",\"name\":\"Sherwood\",\"description\":\"\",\"potentialAction\":[{\"@type\":\"SearchAction\",\"target\":{\"@type\":\"EntryPoint\",\"urlTemplate\":\"https:\/\/sherwoodjr.com\/en\/?s={search_term_string}\"},\"query-input\":{\"@type\":\"PropertyValueSpecification\",\"valueRequired\":true,\"valueName\":\"search_term_string\"}}],\"inLanguage\":\"en-US\"}]}<\/script>\n<!-- \/ Yoast SEO plugin. -->","yoast_head_json":{"title":"Produktai - Sherwood","robots":{"index":"noindex","follow":"follow","max-snippet":"max-snippet:-1","max-image-preview":"max-image-preview:large","max-video-preview":"max-video-preview:-1"},"og_locale":"en_US","og_type":"article","og_title":"Produktai - Sherwood","og_url":"https:\/\/sherwoodjr.com\/en\/produktai\/","og_site_name":"Sherwood","article_modified_time":"2026-03-25T13:20:33+00:00","twitter_card":"summary_large_image","twitter_misc":{"Est. reading time":"1 minute"},"schema":{"@context":"https:\/\/schema.org","@graph":[{"@type":"WebPage","@id":"https:\/\/sherwoodjr.com\/en\/produktai\/","url":"https:\/\/sherwoodjr.com\/en\/produktai\/","name":"Produktai - Sherwood","isPartOf":{"@id":"https:\/\/sherwoodjr.com\/en\/#website"},"datePublished":"2025-08-11T11:38:24+00:00","dateModified":"2026-03-25T13:20:33+00:00","breadcrumb":{"@id":"https:\/\/sherwoodjr.com\/en\/produktai\/#breadcrumb"},"inLanguage":"en-US","potentialAction":[{"@type":"ReadAction","target":["https:\/\/sherwoodjr.com\/en\/produktai\/"]}]},{"@type":"BreadcrumbList","@id":"https:\/\/sherwoodjr.com\/en\/produktai\/#breadcrumb","itemListElement":[{"@type":"ListItem","position":1,"name":"Home","item":"https:\/\/sherwoodjr.com\/en\/"},{"@type":"ListItem","position":2,"name":"Produktai"}]},{"@type":"WebSite","@id":"https:\/\/sherwoodjr.com\/en\/#website","url":"https:\/\/sherwoodjr.com\/en\/","name":"Sherwood","description":"","potentialAction":[{"@type":"SearchAction","target":{"@type":"EntryPoint","urlTemplate":"https:\/\/sherwoodjr.com\/en\/?s={search_term_string}"},"query-input":{"@type":"PropertyValueSpecification","valueRequired":true,"valueName":"search_term_string"}}],"inLanguage":"en-US"}]}},"_hostinger_reach_plugin_has_subscription_block":false,"_hostinger_reach_plugin_is_elementor":false,"_links":{"self":[{"href":"https:\/\/sherwoodjr.com\/en\/wp-json\/wp\/v2\/pages\/656","targetHints":{"allow":["GET"]}}],"collection":[{"href":"https:\/\/sherwoodjr.com\/en\/wp-json\/wp\/v2\/pages"}],"about":[{"href":"https:\/\/sherwoodjr.com\/en\/wp-json\/wp\/v2\/types\/page"}],"author":[{"embeddable":true,"href":"https:\/\/sherwoodjr.com\/en\/wp-json\/wp\/v2\/users\/1"}],"replies":[{"embeddable":true,"href":"https:\/\/sherwoodjr.com\/en\/wp-json\/wp\/v2\/comments?post=656"}],"version-history":[{"count":2,"href":"https:\/\/sherwoodjr.com\/en\/wp-json\/wp\/v2\/pages\/656\/revisions"}],"predecessor-version":[{"id":680,"href":"https:\/\/sherwoodjr.com\/en\/wp-json\/wp\/v2\/pages\/656\/revisions\/680"}],"wp:attachment":[{"href":"https:\/\/sherwoodjr.com\/en\/wp-json\/wp\/v2\/media?parent=656"}],"curies":[{"name":"wp","href":"https:\/\/api.w.org\/{rel}","templated":true}]}}