{"id":902,"date":"2025-12-30T12:28:02","date_gmt":"2025-12-30T09:28:02","guid":{"rendered":"https:\/\/sherwoodjr.com\/produktas\/padeklas-1200x1000-mm-cp-1\/"},"modified":"2026-03-26T16:52:38","modified_gmt":"2026-03-26T13:52:38","slug":"padeklas-1200x1000-mm-cp-1","status":"publish","type":"product","link":"https:\/\/sherwoodjr.com\/de\/produktas\/padeklas-1200x1000-mm-cp-1\/","title":{"rendered":"Pad\u0117klas 1200&#215;1000 mm #CP-1"},"content":{"rendered":"<p data-start=\"240\" data-end=\"577\"><strong data-start=\"240\" data-end=\"264\">CP1 medinis pad\u0117klas<\/strong> \u2013 tai standartizuotas pad\u0117klas, pla\u010diai naudojamas <strong data-start=\"316\" data-end=\"359\">chemijos, plastiko ir \u017ealiav\u0173 pramon\u0117je<\/strong>. Jis sukurtas didel\u0117ms apkrovoms, stabiliai eksploatacijai sand\u0117liuose ir patikimam transportavimui vietin\u0117je bei tarptautin\u0117je logistikoje. Konstrukcija pritaikyta darbui su krautuvais ir automatizuotomis sistemomis.<\/p>\n","protected":false},"excerpt":{"rendered":"<p>CP1 medinis pad\u0117klas \u2013 tai standartizuotas pad\u0117klas, pla\u010diai naudojamas chemijos, plastiko ir \u017ealiav\u0173 pramon\u0117je. Jis sukurtas didel\u0117ms apkrovoms, stabiliai eksploatacijai sand\u0117liuose ir patikimam transportavimui vietin\u0117je bei tarptautin\u0117je logistikoje. Konstrukcija pritaikyta darbui su krautuvais ir automatizuotomis sistemomis.<\/p>\n","protected":false},"featured_media":903,"comment_status":"closed","ping_status":"closed","template":"","meta":{"_acf_changed":false},"product_brand":[],"product_cat":[229],"product_tag":[],"class_list":{"0":"post-902","1":"product","2":"type-product","3":"status-publish","4":"has-post-thumbnail","6":"product_cat-padeklai","8":"first","9":"instock","10":"taxable","11":"shipping-taxable","12":"product-type-simple"},"acf":[],"yoast_head":"<!-- This site is optimized with the Yoast SEO plugin v25.8 - https:\/\/yoast.com\/wordpress\/plugins\/seo\/ -->\n<title>Pad\u0117klas 1200x1000 mm #CP-1 - Sherwood<\/title>\n<meta name=\"robots\" content=\"noindex, follow, max-snippet:-1, max-image-preview:large, max-video-preview:-1\" \/>\n<meta property=\"og:locale\" content=\"de_DE\" \/>\n<meta property=\"og:type\" content=\"article\" \/>\n<meta property=\"og:title\" content=\"Pad\u0117klas 1200x1000 mm #CP-1 - Sherwood\" \/>\n<meta property=\"og:description\" content=\"CP1 medinis pad\u0117klas \u2013 tai standartizuotas pad\u0117klas, pla\u010diai naudojamas chemijos, plastiko ir \u017ealiav\u0173 pramon\u0117je. Jis sukurtas didel\u0117ms apkrovoms, stabiliai eksploatacijai sand\u0117liuose ir patikimam transportavimui vietin\u0117je bei tarptautin\u0117je logistikoje. Konstrukcija pritaikyta darbui su krautuvais ir automatizuotomis sistemomis.\" \/>\n<meta property=\"og:url\" content=\"https:\/\/sherwoodjr.com\/de\/produktas\/padeklas-1200x1000-mm-cp-1\/\" \/>\n<meta property=\"og:site_name\" content=\"Sherwood\" \/>\n<meta property=\"article:modified_time\" content=\"2026-03-26T13:52:38+00:00\" \/>\n<meta property=\"og:image\" content=\"https:\/\/sherwoodjr.com\/wp-content\/uploads\/WhatsApp-Image-2023-09-12-at-13.40.33.jpeg\" \/>\n\t<meta property=\"og:image:width\" content=\"1190\" \/>\n\t<meta property=\"og:image:height\" content=\"765\" \/>\n\t<meta property=\"og:image:type\" content=\"image\/jpeg\" \/>\n<meta name=\"twitter:card\" content=\"summary_large_image\" \/>\n<meta name=\"twitter:label1\" content=\"Gesch\u00e4tzte Lesezeit\" \/>\n\t<meta name=\"twitter:data1\" content=\"1\u00a0Minute\" \/>\n<script type=\"application\/ld+json\" class=\"yoast-schema-graph\">{\"@context\":\"https:\/\/schema.org\",\"@graph\":[{\"@type\":\"WebPage\",\"@id\":\"https:\/\/sherwoodjr.com\/de\/produktas\/padeklas-1200x1000-mm-cp-1\/\",\"url\":\"https:\/\/sherwoodjr.com\/de\/produktas\/padeklas-1200x1000-mm-cp-1\/\",\"name\":\"Pad\u0117klas 1200x1000 mm #CP-1 - Sherwood\",\"isPartOf\":{\"@id\":\"https:\/\/sherwoodjr.com\/de\/#website\"},\"primaryImageOfPage\":{\"@id\":\"https:\/\/sherwoodjr.com\/de\/produktas\/padeklas-1200x1000-mm-cp-1\/#primaryimage\"},\"image\":{\"@id\":\"https:\/\/sherwoodjr.com\/de\/produktas\/padeklas-1200x1000-mm-cp-1\/#primaryimage\"},\"thumbnailUrl\":\"https:\/\/sherwoodjr.com\/wp-content\/uploads\/WhatsApp-Image-2023-09-12-at-13.40.33.jpeg\",\"datePublished\":\"2025-12-30T09:28:02+00:00\",\"dateModified\":\"2026-03-26T13:52:38+00:00\",\"breadcrumb\":{\"@id\":\"https:\/\/sherwoodjr.com\/de\/produktas\/padeklas-1200x1000-mm-cp-1\/#breadcrumb\"},\"inLanguage\":\"de\",\"potentialAction\":[{\"@type\":\"ReadAction\",\"target\":[\"https:\/\/sherwoodjr.com\/de\/produktas\/padeklas-1200x1000-mm-cp-1\/\"]}]},{\"@type\":\"ImageObject\",\"inLanguage\":\"de\",\"@id\":\"https:\/\/sherwoodjr.com\/de\/produktas\/padeklas-1200x1000-mm-cp-1\/#primaryimage\",\"url\":\"https:\/\/sherwoodjr.com\/wp-content\/uploads\/WhatsApp-Image-2023-09-12-at-13.40.33.jpeg\",\"contentUrl\":\"https:\/\/sherwoodjr.com\/wp-content\/uploads\/WhatsApp-Image-2023-09-12-at-13.40.33.jpeg\",\"width\":1190,\"height\":765},{\"@type\":\"BreadcrumbList\",\"@id\":\"https:\/\/sherwoodjr.com\/de\/produktas\/padeklas-1200x1000-mm-cp-1\/#breadcrumb\",\"itemListElement\":[{\"@type\":\"ListItem\",\"position\":1,\"name\":\"Home\",\"item\":\"https:\/\/sherwoodjr.com\/de\/pradzia\/\"},{\"@type\":\"ListItem\",\"position\":2,\"name\":\"Katalogas\",\"item\":\"https:\/\/sherwoodjr.com\/de\/katalogas\/\"},{\"@type\":\"ListItem\",\"position\":3,\"name\":\"Pad\u0117klas 1200&#215;1000 mm #CP-1\"}]},{\"@type\":\"WebSite\",\"@id\":\"https:\/\/sherwoodjr.com\/de\/#website\",\"url\":\"https:\/\/sherwoodjr.com\/de\/\",\"name\":\"Sherwood\",\"description\":\"\",\"potentialAction\":[{\"@type\":\"SearchAction\",\"target\":{\"@type\":\"EntryPoint\",\"urlTemplate\":\"https:\/\/sherwoodjr.com\/de\/?s={search_term_string}\"},\"query-input\":{\"@type\":\"PropertyValueSpecification\",\"valueRequired\":true,\"valueName\":\"search_term_string\"}}],\"inLanguage\":\"de\"}]}<\/script>\n<!-- \/ Yoast SEO plugin. -->","yoast_head_json":{"title":"Pad\u0117klas 1200x1000 mm #CP-1 - Sherwood","robots":{"index":"noindex","follow":"follow","max-snippet":"max-snippet:-1","max-image-preview":"max-image-preview:large","max-video-preview":"max-video-preview:-1"},"og_locale":"de_DE","og_type":"article","og_title":"Pad\u0117klas 1200x1000 mm #CP-1 - Sherwood","og_description":"CP1 medinis pad\u0117klas \u2013 tai standartizuotas pad\u0117klas, pla\u010diai naudojamas chemijos, plastiko ir \u017ealiav\u0173 pramon\u0117je. Jis sukurtas didel\u0117ms apkrovoms, stabiliai eksploatacijai sand\u0117liuose ir patikimam transportavimui vietin\u0117je bei tarptautin\u0117je logistikoje. Konstrukcija pritaikyta darbui su krautuvais ir automatizuotomis sistemomis.","og_url":"https:\/\/sherwoodjr.com\/de\/produktas\/padeklas-1200x1000-mm-cp-1\/","og_site_name":"Sherwood","article_modified_time":"2026-03-26T13:52:38+00:00","og_image":[{"width":1190,"height":765,"url":"https:\/\/sherwoodjr.com\/wp-content\/uploads\/WhatsApp-Image-2023-09-12-at-13.40.33.jpeg","type":"image\/jpeg"}],"twitter_card":"summary_large_image","twitter_misc":{"Gesch\u00e4tzte Lesezeit":"1\u00a0Minute"},"schema":{"@context":"https:\/\/schema.org","@graph":[{"@type":"WebPage","@id":"https:\/\/sherwoodjr.com\/de\/produktas\/padeklas-1200x1000-mm-cp-1\/","url":"https:\/\/sherwoodjr.com\/de\/produktas\/padeklas-1200x1000-mm-cp-1\/","name":"Pad\u0117klas 1200x1000 mm #CP-1 - Sherwood","isPartOf":{"@id":"https:\/\/sherwoodjr.com\/de\/#website"},"primaryImageOfPage":{"@id":"https:\/\/sherwoodjr.com\/de\/produktas\/padeklas-1200x1000-mm-cp-1\/#primaryimage"},"image":{"@id":"https:\/\/sherwoodjr.com\/de\/produktas\/padeklas-1200x1000-mm-cp-1\/#primaryimage"},"thumbnailUrl":"https:\/\/sherwoodjr.com\/wp-content\/uploads\/WhatsApp-Image-2023-09-12-at-13.40.33.jpeg","datePublished":"2025-12-30T09:28:02+00:00","dateModified":"2026-03-26T13:52:38+00:00","breadcrumb":{"@id":"https:\/\/sherwoodjr.com\/de\/produktas\/padeklas-1200x1000-mm-cp-1\/#breadcrumb"},"inLanguage":"de","potentialAction":[{"@type":"ReadAction","target":["https:\/\/sherwoodjr.com\/de\/produktas\/padeklas-1200x1000-mm-cp-1\/"]}]},{"@type":"ImageObject","inLanguage":"de","@id":"https:\/\/sherwoodjr.com\/de\/produktas\/padeklas-1200x1000-mm-cp-1\/#primaryimage","url":"https:\/\/sherwoodjr.com\/wp-content\/uploads\/WhatsApp-Image-2023-09-12-at-13.40.33.jpeg","contentUrl":"https:\/\/sherwoodjr.com\/wp-content\/uploads\/WhatsApp-Image-2023-09-12-at-13.40.33.jpeg","width":1190,"height":765},{"@type":"BreadcrumbList","@id":"https:\/\/sherwoodjr.com\/de\/produktas\/padeklas-1200x1000-mm-cp-1\/#breadcrumb","itemListElement":[{"@type":"ListItem","position":1,"name":"Home","item":"https:\/\/sherwoodjr.com\/de\/pradzia\/"},{"@type":"ListItem","position":2,"name":"Katalogas","item":"https:\/\/sherwoodjr.com\/de\/katalogas\/"},{"@type":"ListItem","position":3,"name":"Pad\u0117klas 1200&#215;1000 mm #CP-1"}]},{"@type":"WebSite","@id":"https:\/\/sherwoodjr.com\/de\/#website","url":"https:\/\/sherwoodjr.com\/de\/","name":"Sherwood","description":"","potentialAction":[{"@type":"SearchAction","target":{"@type":"EntryPoint","urlTemplate":"https:\/\/sherwoodjr.com\/de\/?s={search_term_string}"},"query-input":{"@type":"PropertyValueSpecification","valueRequired":true,"valueName":"search_term_string"}}],"inLanguage":"de"}]}},"_links":{"self":[{"href":"https:\/\/sherwoodjr.com\/de\/wp-json\/wp\/v2\/product\/902","targetHints":{"allow":["GET"]}}],"collection":[{"href":"https:\/\/sherwoodjr.com\/de\/wp-json\/wp\/v2\/product"}],"about":[{"href":"https:\/\/sherwoodjr.com\/de\/wp-json\/wp\/v2\/types\/product"}],"replies":[{"embeddable":true,"href":"https:\/\/sherwoodjr.com\/de\/wp-json\/wp\/v2\/comments?post=902"}],"wp:featuredmedia":[{"embeddable":true,"href":"https:\/\/sherwoodjr.com\/de\/wp-json\/wp\/v2\/media\/903"}],"wp:attachment":[{"href":"https:\/\/sherwoodjr.com\/de\/wp-json\/wp\/v2\/media?parent=902"}],"wp:term":[{"taxonomy":"product_brand","embeddable":true,"href":"https:\/\/sherwoodjr.com\/de\/wp-json\/wp\/v2\/product_brand?post=902"},{"taxonomy":"product_cat","embeddable":true,"href":"https:\/\/sherwoodjr.com\/de\/wp-json\/wp\/v2\/product_cat?post=902"},{"taxonomy":"product_tag","embeddable":true,"href":"https:\/\/sherwoodjr.com\/de\/wp-json\/wp\/v2\/product_tag?post=902"}],"curies":[{"name":"wp","href":"https:\/\/api.w.org\/{rel}","templated":true}]}}