{"id":893,"date":"2025-12-30T12:18:59","date_gmt":"2025-12-30T09:18:59","guid":{"rendered":"https:\/\/sherwoodjr.com\/produktas\/padeklas-1200x800-mm-epal\/"},"modified":"2025-12-30T12:18:59","modified_gmt":"2025-12-30T09:18:59","slug":"padeklas-1200x800-mm-epal","status":"publish","type":"product","link":"https:\/\/sherwoodjr.com\/de\/produktas\/padeklas-1200x800-mm-epal\/","title":{"rendered":"Pad\u0117klas 1200&#215;800 mm #EPAL"},"content":{"rendered":"<p class=\"p1\"><strong data-start=\"121\" data-end=\"147\">EPAL mediniai pad\u0117klai<\/strong><span> \u2013 tai auk\u0161\u010diausios kokyb\u0117s, standartizuoti pad\u0117klai, skirti saugiam ir efektyviam krovini\u0173 transportavimui bei sand\u0117liavimui. Gaminami pagal grie\u017etus <\/span><span class=\"hover:entity-accent entity-underline inline cursor-pointer align-baseline\"><span class=\"whitespace-normal\">EPAL<\/span><\/span><span> reikalavimus, jie pasi\u017eymi dideliu tvirtumu, ilgaam\u017ei\u0161kumu ir yra tinkami daugkartiniam naudojimui tarptautin\u0117je logistikoje. Pad\u0117klai atitinka IPPC (ISPM 15) standart\u0105 ir yra pritaikyti automatizuotoms sand\u0117liavimo bei transportavimo sistemoms.<\/span><\/p>\n","protected":false},"excerpt":{"rendered":"<p>EPAL mediniai pad\u0117klai \u2013 tai auk\u0161\u010diausios kokyb\u0117s, standartizuoti pad\u0117klai, skirti saugiam ir efektyviam krovini\u0173 transportavimui bei sand\u0117liavimui. Gaminami pagal grie\u017etus EPAL reikalavimus, jie pasi\u017eymi dideliu tvirtumu, ilgaam\u017ei\u0161kumu ir yra tinkami daugkartiniam naudojimui tarptautin\u0117je logistikoje. Pad\u0117klai atitinka IPPC (ISPM 15) standart\u0105 ir yra pritaikyti automatizuotoms sand\u0117liavimo bei transportavimo sistemoms.<\/p>\n","protected":false},"featured_media":895,"comment_status":"closed","ping_status":"closed","template":"","meta":{"_acf_changed":false},"product_brand":[],"product_cat":[229],"product_tag":[],"class_list":{"0":"post-893","1":"product","2":"type-product","3":"status-publish","4":"has-post-thumbnail","6":"product_cat-padeklai","8":"first","9":"instock","10":"taxable","11":"shipping-taxable","12":"product-type-simple"},"acf":[],"yoast_head":"<!-- This site is optimized with the Yoast SEO plugin v25.8 - https:\/\/yoast.com\/wordpress\/plugins\/seo\/ -->\n<title>Pad\u0117klas 1200x800 mm #EPAL - Sherwood<\/title>\n<meta name=\"robots\" content=\"noindex, follow, max-snippet:-1, max-image-preview:large, max-video-preview:-1\" \/>\n<meta property=\"og:locale\" content=\"de_DE\" \/>\n<meta property=\"og:type\" content=\"article\" \/>\n<meta property=\"og:title\" content=\"Pad\u0117klas 1200x800 mm #EPAL - Sherwood\" \/>\n<meta property=\"og:description\" content=\"EPAL mediniai pad\u0117klai \u2013 tai auk\u0161\u010diausios kokyb\u0117s, standartizuoti pad\u0117klai, skirti saugiam ir efektyviam krovini\u0173 transportavimui bei sand\u0117liavimui. Gaminami pagal grie\u017etus EPAL reikalavimus, jie pasi\u017eymi dideliu tvirtumu, ilgaam\u017ei\u0161kumu ir yra tinkami daugkartiniam naudojimui tarptautin\u0117je logistikoje. Pad\u0117klai atitinka IPPC (ISPM 15) standart\u0105 ir yra pritaikyti automatizuotoms sand\u0117liavimo bei transportavimo sistemoms.\" \/>\n<meta property=\"og:url\" content=\"https:\/\/sherwoodjr.com\/de\/produktas\/padeklas-1200x800-mm-epal\/\" \/>\n<meta property=\"og:site_name\" content=\"Sherwood\" \/>\n<meta name=\"twitter:card\" content=\"summary_large_image\" \/>\n<script type=\"application\/ld+json\" class=\"yoast-schema-graph\">{\"@context\":\"https:\/\/schema.org\",\"@graph\":[{\"@type\":\"WebPage\",\"@id\":\"https:\/\/sherwoodjr.com\/de\/produktas\/padeklas-1200x800-mm-epal\/\",\"url\":\"https:\/\/sherwoodjr.com\/de\/produktas\/padeklas-1200x800-mm-epal\/\",\"name\":\"Pad\u0117klas 1200x800 mm #EPAL - Sherwood\",\"isPartOf\":{\"@id\":\"https:\/\/sherwoodjr.com\/de\/#website\"},\"primaryImageOfPage\":{\"@id\":\"https:\/\/sherwoodjr.com\/de\/produktas\/padeklas-1200x800-mm-epal\/#primaryimage\"},\"image\":{\"@id\":\"https:\/\/sherwoodjr.com\/de\/produktas\/padeklas-1200x800-mm-epal\/#primaryimage\"},\"thumbnailUrl\":\"https:\/\/sherwoodjr.com\/wp-content\/uploads\/EPAL-foto.png\",\"datePublished\":\"2025-12-30T09:18:59+00:00\",\"breadcrumb\":{\"@id\":\"https:\/\/sherwoodjr.com\/de\/produktas\/padeklas-1200x800-mm-epal\/#breadcrumb\"},\"inLanguage\":\"de\",\"potentialAction\":[{\"@type\":\"ReadAction\",\"target\":[\"https:\/\/sherwoodjr.com\/de\/produktas\/padeklas-1200x800-mm-epal\/\"]}]},{\"@type\":\"ImageObject\",\"inLanguage\":\"de\",\"@id\":\"https:\/\/sherwoodjr.com\/de\/produktas\/padeklas-1200x800-mm-epal\/#primaryimage\",\"url\":\"https:\/\/sherwoodjr.com\/wp-content\/uploads\/EPAL-foto.png\",\"contentUrl\":\"https:\/\/sherwoodjr.com\/wp-content\/uploads\/EPAL-foto.png\",\"width\":1536,\"height\":1024},{\"@type\":\"BreadcrumbList\",\"@id\":\"https:\/\/sherwoodjr.com\/de\/produktas\/padeklas-1200x800-mm-epal\/#breadcrumb\",\"itemListElement\":[{\"@type\":\"ListItem\",\"position\":1,\"name\":\"Home\",\"item\":\"https:\/\/sherwoodjr.com\/de\/pradzia\/\"},{\"@type\":\"ListItem\",\"position\":2,\"name\":\"Katalogas\",\"item\":\"https:\/\/sherwoodjr.com\/de\/katalogas\/\"},{\"@type\":\"ListItem\",\"position\":3,\"name\":\"Pad\u0117klas 1200&#215;800 mm #EPAL\"}]},{\"@type\":\"WebSite\",\"@id\":\"https:\/\/sherwoodjr.com\/de\/#website\",\"url\":\"https:\/\/sherwoodjr.com\/de\/\",\"name\":\"Sherwood\",\"description\":\"\",\"potentialAction\":[{\"@type\":\"SearchAction\",\"target\":{\"@type\":\"EntryPoint\",\"urlTemplate\":\"https:\/\/sherwoodjr.com\/de\/?s={search_term_string}\"},\"query-input\":{\"@type\":\"PropertyValueSpecification\",\"valueRequired\":true,\"valueName\":\"search_term_string\"}}],\"inLanguage\":\"de\"}]}<\/script>\n<!-- \/ Yoast SEO plugin. -->","yoast_head_json":{"title":"Pad\u0117klas 1200x800 mm #EPAL - Sherwood","robots":{"index":"noindex","follow":"follow","max-snippet":"max-snippet:-1","max-image-preview":"max-image-preview:large","max-video-preview":"max-video-preview:-1"},"og_locale":"de_DE","og_type":"article","og_title":"Pad\u0117klas 1200x800 mm #EPAL - Sherwood","og_description":"EPAL mediniai pad\u0117klai \u2013 tai auk\u0161\u010diausios kokyb\u0117s, standartizuoti pad\u0117klai, skirti saugiam ir efektyviam krovini\u0173 transportavimui bei sand\u0117liavimui. Gaminami pagal grie\u017etus EPAL reikalavimus, jie pasi\u017eymi dideliu tvirtumu, ilgaam\u017ei\u0161kumu ir yra tinkami daugkartiniam naudojimui tarptautin\u0117je logistikoje. Pad\u0117klai atitinka IPPC (ISPM 15) standart\u0105 ir yra pritaikyti automatizuotoms sand\u0117liavimo bei transportavimo sistemoms.","og_url":"https:\/\/sherwoodjr.com\/de\/produktas\/padeklas-1200x800-mm-epal\/","og_site_name":"Sherwood","twitter_card":"summary_large_image","schema":{"@context":"https:\/\/schema.org","@graph":[{"@type":"WebPage","@id":"https:\/\/sherwoodjr.com\/de\/produktas\/padeklas-1200x800-mm-epal\/","url":"https:\/\/sherwoodjr.com\/de\/produktas\/padeklas-1200x800-mm-epal\/","name":"Pad\u0117klas 1200x800 mm #EPAL - Sherwood","isPartOf":{"@id":"https:\/\/sherwoodjr.com\/de\/#website"},"primaryImageOfPage":{"@id":"https:\/\/sherwoodjr.com\/de\/produktas\/padeklas-1200x800-mm-epal\/#primaryimage"},"image":{"@id":"https:\/\/sherwoodjr.com\/de\/produktas\/padeklas-1200x800-mm-epal\/#primaryimage"},"thumbnailUrl":"https:\/\/sherwoodjr.com\/wp-content\/uploads\/EPAL-foto.png","datePublished":"2025-12-30T09:18:59+00:00","breadcrumb":{"@id":"https:\/\/sherwoodjr.com\/de\/produktas\/padeklas-1200x800-mm-epal\/#breadcrumb"},"inLanguage":"de","potentialAction":[{"@type":"ReadAction","target":["https:\/\/sherwoodjr.com\/de\/produktas\/padeklas-1200x800-mm-epal\/"]}]},{"@type":"ImageObject","inLanguage":"de","@id":"https:\/\/sherwoodjr.com\/de\/produktas\/padeklas-1200x800-mm-epal\/#primaryimage","url":"https:\/\/sherwoodjr.com\/wp-content\/uploads\/EPAL-foto.png","contentUrl":"https:\/\/sherwoodjr.com\/wp-content\/uploads\/EPAL-foto.png","width":1536,"height":1024},{"@type":"BreadcrumbList","@id":"https:\/\/sherwoodjr.com\/de\/produktas\/padeklas-1200x800-mm-epal\/#breadcrumb","itemListElement":[{"@type":"ListItem","position":1,"name":"Home","item":"https:\/\/sherwoodjr.com\/de\/pradzia\/"},{"@type":"ListItem","position":2,"name":"Katalogas","item":"https:\/\/sherwoodjr.com\/de\/katalogas\/"},{"@type":"ListItem","position":3,"name":"Pad\u0117klas 1200&#215;800 mm #EPAL"}]},{"@type":"WebSite","@id":"https:\/\/sherwoodjr.com\/de\/#website","url":"https:\/\/sherwoodjr.com\/de\/","name":"Sherwood","description":"","potentialAction":[{"@type":"SearchAction","target":{"@type":"EntryPoint","urlTemplate":"https:\/\/sherwoodjr.com\/de\/?s={search_term_string}"},"query-input":{"@type":"PropertyValueSpecification","valueRequired":true,"valueName":"search_term_string"}}],"inLanguage":"de"}]}},"_links":{"self":[{"href":"https:\/\/sherwoodjr.com\/de\/wp-json\/wp\/v2\/product\/893","targetHints":{"allow":["GET"]}}],"collection":[{"href":"https:\/\/sherwoodjr.com\/de\/wp-json\/wp\/v2\/product"}],"about":[{"href":"https:\/\/sherwoodjr.com\/de\/wp-json\/wp\/v2\/types\/product"}],"replies":[{"embeddable":true,"href":"https:\/\/sherwoodjr.com\/de\/wp-json\/wp\/v2\/comments?post=893"}],"wp:featuredmedia":[{"embeddable":true,"href":"https:\/\/sherwoodjr.com\/de\/wp-json\/wp\/v2\/media\/895"}],"wp:attachment":[{"href":"https:\/\/sherwoodjr.com\/de\/wp-json\/wp\/v2\/media?parent=893"}],"wp:term":[{"taxonomy":"product_brand","embeddable":true,"href":"https:\/\/sherwoodjr.com\/de\/wp-json\/wp\/v2\/product_brand?post=893"},{"taxonomy":"product_cat","embeddable":true,"href":"https:\/\/sherwoodjr.com\/de\/wp-json\/wp\/v2\/product_cat?post=893"},{"taxonomy":"product_tag","embeddable":true,"href":"https:\/\/sherwoodjr.com\/de\/wp-json\/wp\/v2\/product_tag?post=893"}],"curies":[{"name":"wp","href":"https:\/\/api.w.org\/{rel}","templated":true}]}}