{"id":867,"date":"2025-12-31T10:54:24","date_gmt":"2025-12-31T07:54:24","guid":{"rendered":"https:\/\/sherwoodjr.com\/produktas\/lentos-18x95x1100-mm-bd-320\/"},"modified":"2025-12-31T10:54:24","modified_gmt":"2025-12-31T07:54:24","slug":"lentos-18x95x1100-mm-bd-320","status":"publish","type":"product","link":"https:\/\/sherwoodjr.com\/de\/produktas\/lentos-18x95x1100-mm-bd-320\/","title":{"rendered":"Lentos 18x95x1100 mm #BD-320"},"content":{"rendered":"<p data-start=\"127\" data-end=\"430\"><strong data-start=\"127\" data-end=\"190\">1 r\u016b\u0161ies medin\u0117s lentos pad\u0117kl\u0173 gamybai (18 \u00d7 95 \u00d7 1100 mm)<\/strong> \u2013 tai auk\u0161tos kokyb\u0117s, tikslaus pjovimo lentos, skirtos profesionaliai medini\u0173 pad\u0117kl\u0173 gamybai.<\/p>\n<p data-start=\"127\" data-end=\"430\">Lentos gali b\u016bti supakuotos \u012f paketus pagal kliento poreikius ir tiekiamos keliomis variacijomis: nat\u016bralios dr\u0117gm\u0117s, d\u017eiovintos, su IPPC (ISPM 15) terminiu apdirbimu arba d\u017eiovintos + IPPC. Tai leid\u017eia lengvai pritaikyti produkt\u0105 tiek vietinei, tiek eksporto pad\u0117kl\u0173 gamybai.<\/p>\n","protected":false},"excerpt":{"rendered":"<p>1 r\u016b\u0161ies medin\u0117s lentos pad\u0117kl\u0173 gamybai (18 \u00d7 95 \u00d7 1100 mm) \u2013 tai auk\u0161tos kokyb\u0117s, tikslaus pjovimo lentos, skirtos profesionaliai medini\u0173 pad\u0117kl\u0173 gamybai. Lentos gali b\u016bti supakuotos \u012f paketus pagal kliento poreikius ir tiekiamos keliomis variacijomis: nat\u016bralios dr\u0117gm\u0117s, d\u017eiovintos, su IPPC (ISPM 15) terminiu apdirbimu arba d\u017eiovintos + IPPC. Tai leid\u017eia lengvai pritaikyti produkt\u0105&#8230;<\/p>\n","protected":false},"featured_media":831,"comment_status":"closed","ping_status":"closed","template":"","meta":{"_acf_changed":false},"product_brand":[],"product_cat":[187],"product_tag":[],"class_list":{"0":"post-867","1":"product","2":"type-product","3":"status-publish","4":"has-post-thumbnail","6":"product_cat-lentos","8":"first","9":"instock","10":"taxable","11":"shipping-taxable","12":"product-type-simple"},"acf":[],"yoast_head":"<!-- This site is optimized with the Yoast SEO plugin v25.8 - https:\/\/yoast.com\/wordpress\/plugins\/seo\/ -->\n<title>Lentos 18x95x1100 mm #BD-320 - Sherwood<\/title>\n<meta name=\"robots\" content=\"noindex, follow, max-snippet:-1, max-image-preview:large, max-video-preview:-1\" \/>\n<meta property=\"og:locale\" content=\"de_DE\" \/>\n<meta property=\"og:type\" content=\"article\" \/>\n<meta property=\"og:title\" content=\"Lentos 18x95x1100 mm #BD-320 - Sherwood\" \/>\n<meta property=\"og:description\" content=\"1 r\u016b\u0161ies medin\u0117s lentos pad\u0117kl\u0173 gamybai (18 \u00d7 95 \u00d7 1100 mm) \u2013 tai auk\u0161tos kokyb\u0117s, tikslaus pjovimo lentos, skirtos profesionaliai medini\u0173 pad\u0117kl\u0173 gamybai. Lentos gali b\u016bti supakuotos \u012f paketus pagal kliento poreikius ir tiekiamos keliomis variacijomis: nat\u016bralios dr\u0117gm\u0117s, d\u017eiovintos, su IPPC (ISPM 15) terminiu apdirbimu arba d\u017eiovintos + IPPC. Tai leid\u017eia lengvai pritaikyti produkt\u0105...\" \/>\n<meta property=\"og:url\" content=\"https:\/\/sherwoodjr.com\/de\/produktas\/lentos-18x95x1100-mm-bd-320\/\" \/>\n<meta property=\"og:site_name\" content=\"Sherwood\" \/>\n<meta name=\"twitter:card\" content=\"summary_large_image\" \/>\n<script type=\"application\/ld+json\" class=\"yoast-schema-graph\">{\"@context\":\"https:\/\/schema.org\",\"@graph\":[{\"@type\":\"WebPage\",\"@id\":\"https:\/\/sherwoodjr.com\/de\/produktas\/lentos-18x95x1100-mm-bd-320\/\",\"url\":\"https:\/\/sherwoodjr.com\/de\/produktas\/lentos-18x95x1100-mm-bd-320\/\",\"name\":\"Lentos 18x95x1100 mm #BD-320 - Sherwood\",\"isPartOf\":{\"@id\":\"https:\/\/sherwoodjr.com\/de\/#website\"},\"primaryImageOfPage\":{\"@id\":\"https:\/\/sherwoodjr.com\/de\/produktas\/lentos-18x95x1100-mm-bd-320\/#primaryimage\"},\"image\":{\"@id\":\"https:\/\/sherwoodjr.com\/de\/produktas\/lentos-18x95x1100-mm-bd-320\/#primaryimage\"},\"thumbnailUrl\":\"https:\/\/sherwoodjr.com\/wp-content\/uploads\/Screenshot-2025-12-31-at-10.02.59.png\",\"datePublished\":\"2025-12-31T07:54:24+00:00\",\"breadcrumb\":{\"@id\":\"https:\/\/sherwoodjr.com\/de\/produktas\/lentos-18x95x1100-mm-bd-320\/#breadcrumb\"},\"inLanguage\":\"de\",\"potentialAction\":[{\"@type\":\"ReadAction\",\"target\":[\"https:\/\/sherwoodjr.com\/de\/produktas\/lentos-18x95x1100-mm-bd-320\/\"]}]},{\"@type\":\"ImageObject\",\"inLanguage\":\"de\",\"@id\":\"https:\/\/sherwoodjr.com\/de\/produktas\/lentos-18x95x1100-mm-bd-320\/#primaryimage\",\"url\":\"https:\/\/sherwoodjr.com\/wp-content\/uploads\/Screenshot-2025-12-31-at-10.02.59.png\",\"contentUrl\":\"https:\/\/sherwoodjr.com\/wp-content\/uploads\/Screenshot-2025-12-31-at-10.02.59.png\",\"width\":1758,\"height\":2168},{\"@type\":\"BreadcrumbList\",\"@id\":\"https:\/\/sherwoodjr.com\/de\/produktas\/lentos-18x95x1100-mm-bd-320\/#breadcrumb\",\"itemListElement\":[{\"@type\":\"ListItem\",\"position\":1,\"name\":\"Home\",\"item\":\"https:\/\/sherwoodjr.com\/de\/pradzia\/\"},{\"@type\":\"ListItem\",\"position\":2,\"name\":\"Katalogas\",\"item\":\"https:\/\/sherwoodjr.com\/de\/katalogas\/\"},{\"@type\":\"ListItem\",\"position\":3,\"name\":\"Lentos 18x95x1100 mm #BD-320\"}]},{\"@type\":\"WebSite\",\"@id\":\"https:\/\/sherwoodjr.com\/de\/#website\",\"url\":\"https:\/\/sherwoodjr.com\/de\/\",\"name\":\"Sherwood\",\"description\":\"\",\"potentialAction\":[{\"@type\":\"SearchAction\",\"target\":{\"@type\":\"EntryPoint\",\"urlTemplate\":\"https:\/\/sherwoodjr.com\/de\/?s={search_term_string}\"},\"query-input\":{\"@type\":\"PropertyValueSpecification\",\"valueRequired\":true,\"valueName\":\"search_term_string\"}}],\"inLanguage\":\"de\"}]}<\/script>\n<!-- \/ Yoast SEO plugin. -->","yoast_head_json":{"title":"Lentos 18x95x1100 mm #BD-320 - Sherwood","robots":{"index":"noindex","follow":"follow","max-snippet":"max-snippet:-1","max-image-preview":"max-image-preview:large","max-video-preview":"max-video-preview:-1"},"og_locale":"de_DE","og_type":"article","og_title":"Lentos 18x95x1100 mm #BD-320 - Sherwood","og_description":"1 r\u016b\u0161ies medin\u0117s lentos pad\u0117kl\u0173 gamybai (18 \u00d7 95 \u00d7 1100 mm) \u2013 tai auk\u0161tos kokyb\u0117s, tikslaus pjovimo lentos, skirtos profesionaliai medini\u0173 pad\u0117kl\u0173 gamybai. Lentos gali b\u016bti supakuotos \u012f paketus pagal kliento poreikius ir tiekiamos keliomis variacijomis: nat\u016bralios dr\u0117gm\u0117s, d\u017eiovintos, su IPPC (ISPM 15) terminiu apdirbimu arba d\u017eiovintos + IPPC. Tai leid\u017eia lengvai pritaikyti produkt\u0105...","og_url":"https:\/\/sherwoodjr.com\/de\/produktas\/lentos-18x95x1100-mm-bd-320\/","og_site_name":"Sherwood","twitter_card":"summary_large_image","schema":{"@context":"https:\/\/schema.org","@graph":[{"@type":"WebPage","@id":"https:\/\/sherwoodjr.com\/de\/produktas\/lentos-18x95x1100-mm-bd-320\/","url":"https:\/\/sherwoodjr.com\/de\/produktas\/lentos-18x95x1100-mm-bd-320\/","name":"Lentos 18x95x1100 mm #BD-320 - Sherwood","isPartOf":{"@id":"https:\/\/sherwoodjr.com\/de\/#website"},"primaryImageOfPage":{"@id":"https:\/\/sherwoodjr.com\/de\/produktas\/lentos-18x95x1100-mm-bd-320\/#primaryimage"},"image":{"@id":"https:\/\/sherwoodjr.com\/de\/produktas\/lentos-18x95x1100-mm-bd-320\/#primaryimage"},"thumbnailUrl":"https:\/\/sherwoodjr.com\/wp-content\/uploads\/Screenshot-2025-12-31-at-10.02.59.png","datePublished":"2025-12-31T07:54:24+00:00","breadcrumb":{"@id":"https:\/\/sherwoodjr.com\/de\/produktas\/lentos-18x95x1100-mm-bd-320\/#breadcrumb"},"inLanguage":"de","potentialAction":[{"@type":"ReadAction","target":["https:\/\/sherwoodjr.com\/de\/produktas\/lentos-18x95x1100-mm-bd-320\/"]}]},{"@type":"ImageObject","inLanguage":"de","@id":"https:\/\/sherwoodjr.com\/de\/produktas\/lentos-18x95x1100-mm-bd-320\/#primaryimage","url":"https:\/\/sherwoodjr.com\/wp-content\/uploads\/Screenshot-2025-12-31-at-10.02.59.png","contentUrl":"https:\/\/sherwoodjr.com\/wp-content\/uploads\/Screenshot-2025-12-31-at-10.02.59.png","width":1758,"height":2168},{"@type":"BreadcrumbList","@id":"https:\/\/sherwoodjr.com\/de\/produktas\/lentos-18x95x1100-mm-bd-320\/#breadcrumb","itemListElement":[{"@type":"ListItem","position":1,"name":"Home","item":"https:\/\/sherwoodjr.com\/de\/pradzia\/"},{"@type":"ListItem","position":2,"name":"Katalogas","item":"https:\/\/sherwoodjr.com\/de\/katalogas\/"},{"@type":"ListItem","position":3,"name":"Lentos 18x95x1100 mm #BD-320"}]},{"@type":"WebSite","@id":"https:\/\/sherwoodjr.com\/de\/#website","url":"https:\/\/sherwoodjr.com\/de\/","name":"Sherwood","description":"","potentialAction":[{"@type":"SearchAction","target":{"@type":"EntryPoint","urlTemplate":"https:\/\/sherwoodjr.com\/de\/?s={search_term_string}"},"query-input":{"@type":"PropertyValueSpecification","valueRequired":true,"valueName":"search_term_string"}}],"inLanguage":"de"}]}},"_links":{"self":[{"href":"https:\/\/sherwoodjr.com\/de\/wp-json\/wp\/v2\/product\/867","targetHints":{"allow":["GET"]}}],"collection":[{"href":"https:\/\/sherwoodjr.com\/de\/wp-json\/wp\/v2\/product"}],"about":[{"href":"https:\/\/sherwoodjr.com\/de\/wp-json\/wp\/v2\/types\/product"}],"replies":[{"embeddable":true,"href":"https:\/\/sherwoodjr.com\/de\/wp-json\/wp\/v2\/comments?post=867"}],"wp:featuredmedia":[{"embeddable":true,"href":"https:\/\/sherwoodjr.com\/de\/wp-json\/wp\/v2\/media\/831"}],"wp:attachment":[{"href":"https:\/\/sherwoodjr.com\/de\/wp-json\/wp\/v2\/media?parent=867"}],"wp:term":[{"taxonomy":"product_brand","embeddable":true,"href":"https:\/\/sherwoodjr.com\/de\/wp-json\/wp\/v2\/product_brand?post=867"},{"taxonomy":"product_cat","embeddable":true,"href":"https:\/\/sherwoodjr.com\/de\/wp-json\/wp\/v2\/product_cat?post=867"},{"taxonomy":"product_tag","embeddable":true,"href":"https:\/\/sherwoodjr.com\/de\/wp-json\/wp\/v2\/product_tag?post=867"}],"curies":[{"name":"wp","href":"https:\/\/api.w.org\/{rel}","templated":true}]}}