{"id":848,"date":"2025-12-31T12:07:52","date_gmt":"2025-12-31T09:07:52","guid":{"rendered":"https:\/\/sherwoodjr.com\/produktas\/lentos-22x98x1200-mm-bd-154\/"},"modified":"2025-12-31T12:07:52","modified_gmt":"2025-12-31T09:07:52","slug":"lentos-22x98x1200-mm-bd-154","status":"publish","type":"product","link":"https:\/\/sherwoodjr.com\/de\/produktas\/lentos-22x98x1200-mm-bd-154\/","title":{"rendered":"Lentos 22x98x1200 mm #BD-154"},"content":{"rendered":"<p data-start=\"191\" data-end=\"532\"><strong data-start=\"191\" data-end=\"259\">1 r\u016b\u0161ies medin\u0117s lentos EPAL pad\u0117kl\u0173 gamybai (22 \u00d7 98 \u00d7 1200 mm)<\/strong> \u2013 tai auk\u0161tos kokyb\u0117s, tiksliaus pjovimo lentos, skirtos EPAL (EUR) tipo pad\u0117kl\u0173 gamybai pagal standartinius reikalavimus.<\/p>\n<p data-start=\"534\" data-end=\"854\">Lentos tiekiamos supakuotos \u012f paketus pagal kliento pageidavim\u0105 ir gali b\u016bti paruo\u0161tos keliais variantais: nat\u016bralios dr\u0117gm\u0117s, d\u017eiovintos, su IPPC (ISPM 15) terminiu apdirbimu arba d\u017eiovintos + IPPC.<\/p>\n","protected":false},"excerpt":{"rendered":"<p>1 r\u016b\u0161ies medin\u0117s lentos EPAL pad\u0117kl\u0173 gamybai (22 \u00d7 98 \u00d7 1200 mm) \u2013 tai auk\u0161tos kokyb\u0117s, tiksliaus pjovimo lentos, skirtos EPAL (EUR) tipo pad\u0117kl\u0173 gamybai pagal standartinius reikalavimus. Lentos tiekiamos supakuotos \u012f paketus pagal kliento pageidavim\u0105 ir gali b\u016bti paruo\u0161tos keliais variantais: nat\u016bralios dr\u0117gm\u0117s, d\u017eiovintos, su IPPC (ISPM 15) terminiu apdirbimu arba d\u017eiovintos +&#8230;<\/p>\n","protected":false},"featured_media":849,"comment_status":"closed","ping_status":"closed","template":"","meta":{"_acf_changed":false},"product_brand":[],"product_cat":[187],"product_tag":[],"class_list":{"0":"post-848","1":"product","2":"type-product","3":"status-publish","4":"has-post-thumbnail","6":"product_cat-lentos","8":"first","9":"instock","10":"taxable","11":"shipping-taxable","12":"product-type-simple"},"acf":[],"yoast_head":"<!-- This site is optimized with the Yoast SEO plugin v25.8 - https:\/\/yoast.com\/wordpress\/plugins\/seo\/ -->\n<title>Lentos 22x98x1200 mm #BD-154 - Sherwood<\/title>\n<meta name=\"robots\" content=\"noindex, follow, max-snippet:-1, max-image-preview:large, max-video-preview:-1\" \/>\n<meta property=\"og:locale\" content=\"de_DE\" \/>\n<meta property=\"og:type\" content=\"article\" \/>\n<meta property=\"og:title\" content=\"Lentos 22x98x1200 mm #BD-154 - Sherwood\" \/>\n<meta property=\"og:description\" content=\"1 r\u016b\u0161ies medin\u0117s lentos EPAL pad\u0117kl\u0173 gamybai (22 \u00d7 98 \u00d7 1200 mm) \u2013 tai auk\u0161tos kokyb\u0117s, tiksliaus pjovimo lentos, skirtos EPAL (EUR) tipo pad\u0117kl\u0173 gamybai pagal standartinius reikalavimus. Lentos tiekiamos supakuotos \u012f paketus pagal kliento pageidavim\u0105 ir gali b\u016bti paruo\u0161tos keliais variantais: nat\u016bralios dr\u0117gm\u0117s, d\u017eiovintos, su IPPC (ISPM 15) terminiu apdirbimu arba d\u017eiovintos +...\" \/>\n<meta property=\"og:url\" content=\"https:\/\/sherwoodjr.com\/de\/produktas\/lentos-22x98x1200-mm-bd-154\/\" \/>\n<meta property=\"og:site_name\" content=\"Sherwood\" \/>\n<meta name=\"twitter:card\" content=\"summary_large_image\" \/>\n<script type=\"application\/ld+json\" class=\"yoast-schema-graph\">{\"@context\":\"https:\/\/schema.org\",\"@graph\":[{\"@type\":\"WebPage\",\"@id\":\"https:\/\/sherwoodjr.com\/de\/produktas\/lentos-22x98x1200-mm-bd-154\/\",\"url\":\"https:\/\/sherwoodjr.com\/de\/produktas\/lentos-22x98x1200-mm-bd-154\/\",\"name\":\"Lentos 22x98x1200 mm #BD-154 - Sherwood\",\"isPartOf\":{\"@id\":\"https:\/\/sherwoodjr.com\/de\/#website\"},\"primaryImageOfPage\":{\"@id\":\"https:\/\/sherwoodjr.com\/de\/produktas\/lentos-22x98x1200-mm-bd-154\/#primaryimage\"},\"image\":{\"@id\":\"https:\/\/sherwoodjr.com\/de\/produktas\/lentos-22x98x1200-mm-bd-154\/#primaryimage\"},\"thumbnailUrl\":\"https:\/\/sherwoodjr.com\/wp-content\/uploads\/Gemini_Generated_Image_q3ebnwq3ebnwq3eb.jpeg\",\"datePublished\":\"2025-12-31T09:07:52+00:00\",\"breadcrumb\":{\"@id\":\"https:\/\/sherwoodjr.com\/de\/produktas\/lentos-22x98x1200-mm-bd-154\/#breadcrumb\"},\"inLanguage\":\"de\",\"potentialAction\":[{\"@type\":\"ReadAction\",\"target\":[\"https:\/\/sherwoodjr.com\/de\/produktas\/lentos-22x98x1200-mm-bd-154\/\"]}]},{\"@type\":\"ImageObject\",\"inLanguage\":\"de\",\"@id\":\"https:\/\/sherwoodjr.com\/de\/produktas\/lentos-22x98x1200-mm-bd-154\/#primaryimage\",\"url\":\"https:\/\/sherwoodjr.com\/wp-content\/uploads\/Gemini_Generated_Image_q3ebnwq3ebnwq3eb.jpeg\",\"contentUrl\":\"https:\/\/sherwoodjr.com\/wp-content\/uploads\/Gemini_Generated_Image_q3ebnwq3ebnwq3eb.jpeg\",\"width\":663,\"height\":1161},{\"@type\":\"BreadcrumbList\",\"@id\":\"https:\/\/sherwoodjr.com\/de\/produktas\/lentos-22x98x1200-mm-bd-154\/#breadcrumb\",\"itemListElement\":[{\"@type\":\"ListItem\",\"position\":1,\"name\":\"Home\",\"item\":\"https:\/\/sherwoodjr.com\/de\/pradzia\/\"},{\"@type\":\"ListItem\",\"position\":2,\"name\":\"Katalogas\",\"item\":\"https:\/\/sherwoodjr.com\/de\/katalogas\/\"},{\"@type\":\"ListItem\",\"position\":3,\"name\":\"Lentos 22x98x1200 mm #BD-154\"}]},{\"@type\":\"WebSite\",\"@id\":\"https:\/\/sherwoodjr.com\/de\/#website\",\"url\":\"https:\/\/sherwoodjr.com\/de\/\",\"name\":\"Sherwood\",\"description\":\"\",\"potentialAction\":[{\"@type\":\"SearchAction\",\"target\":{\"@type\":\"EntryPoint\",\"urlTemplate\":\"https:\/\/sherwoodjr.com\/de\/?s={search_term_string}\"},\"query-input\":{\"@type\":\"PropertyValueSpecification\",\"valueRequired\":true,\"valueName\":\"search_term_string\"}}],\"inLanguage\":\"de\"}]}<\/script>\n<!-- \/ Yoast SEO plugin. -->","yoast_head_json":{"title":"Lentos 22x98x1200 mm #BD-154 - Sherwood","robots":{"index":"noindex","follow":"follow","max-snippet":"max-snippet:-1","max-image-preview":"max-image-preview:large","max-video-preview":"max-video-preview:-1"},"og_locale":"de_DE","og_type":"article","og_title":"Lentos 22x98x1200 mm #BD-154 - Sherwood","og_description":"1 r\u016b\u0161ies medin\u0117s lentos EPAL pad\u0117kl\u0173 gamybai (22 \u00d7 98 \u00d7 1200 mm) \u2013 tai auk\u0161tos kokyb\u0117s, tiksliaus pjovimo lentos, skirtos EPAL (EUR) tipo pad\u0117kl\u0173 gamybai pagal standartinius reikalavimus. Lentos tiekiamos supakuotos \u012f paketus pagal kliento pageidavim\u0105 ir gali b\u016bti paruo\u0161tos keliais variantais: nat\u016bralios dr\u0117gm\u0117s, d\u017eiovintos, su IPPC (ISPM 15) terminiu apdirbimu arba d\u017eiovintos +...","og_url":"https:\/\/sherwoodjr.com\/de\/produktas\/lentos-22x98x1200-mm-bd-154\/","og_site_name":"Sherwood","twitter_card":"summary_large_image","schema":{"@context":"https:\/\/schema.org","@graph":[{"@type":"WebPage","@id":"https:\/\/sherwoodjr.com\/de\/produktas\/lentos-22x98x1200-mm-bd-154\/","url":"https:\/\/sherwoodjr.com\/de\/produktas\/lentos-22x98x1200-mm-bd-154\/","name":"Lentos 22x98x1200 mm #BD-154 - Sherwood","isPartOf":{"@id":"https:\/\/sherwoodjr.com\/de\/#website"},"primaryImageOfPage":{"@id":"https:\/\/sherwoodjr.com\/de\/produktas\/lentos-22x98x1200-mm-bd-154\/#primaryimage"},"image":{"@id":"https:\/\/sherwoodjr.com\/de\/produktas\/lentos-22x98x1200-mm-bd-154\/#primaryimage"},"thumbnailUrl":"https:\/\/sherwoodjr.com\/wp-content\/uploads\/Gemini_Generated_Image_q3ebnwq3ebnwq3eb.jpeg","datePublished":"2025-12-31T09:07:52+00:00","breadcrumb":{"@id":"https:\/\/sherwoodjr.com\/de\/produktas\/lentos-22x98x1200-mm-bd-154\/#breadcrumb"},"inLanguage":"de","potentialAction":[{"@type":"ReadAction","target":["https:\/\/sherwoodjr.com\/de\/produktas\/lentos-22x98x1200-mm-bd-154\/"]}]},{"@type":"ImageObject","inLanguage":"de","@id":"https:\/\/sherwoodjr.com\/de\/produktas\/lentos-22x98x1200-mm-bd-154\/#primaryimage","url":"https:\/\/sherwoodjr.com\/wp-content\/uploads\/Gemini_Generated_Image_q3ebnwq3ebnwq3eb.jpeg","contentUrl":"https:\/\/sherwoodjr.com\/wp-content\/uploads\/Gemini_Generated_Image_q3ebnwq3ebnwq3eb.jpeg","width":663,"height":1161},{"@type":"BreadcrumbList","@id":"https:\/\/sherwoodjr.com\/de\/produktas\/lentos-22x98x1200-mm-bd-154\/#breadcrumb","itemListElement":[{"@type":"ListItem","position":1,"name":"Home","item":"https:\/\/sherwoodjr.com\/de\/pradzia\/"},{"@type":"ListItem","position":2,"name":"Katalogas","item":"https:\/\/sherwoodjr.com\/de\/katalogas\/"},{"@type":"ListItem","position":3,"name":"Lentos 22x98x1200 mm #BD-154"}]},{"@type":"WebSite","@id":"https:\/\/sherwoodjr.com\/de\/#website","url":"https:\/\/sherwoodjr.com\/de\/","name":"Sherwood","description":"","potentialAction":[{"@type":"SearchAction","target":{"@type":"EntryPoint","urlTemplate":"https:\/\/sherwoodjr.com\/de\/?s={search_term_string}"},"query-input":{"@type":"PropertyValueSpecification","valueRequired":true,"valueName":"search_term_string"}}],"inLanguage":"de"}]}},"_links":{"self":[{"href":"https:\/\/sherwoodjr.com\/de\/wp-json\/wp\/v2\/product\/848","targetHints":{"allow":["GET"]}}],"collection":[{"href":"https:\/\/sherwoodjr.com\/de\/wp-json\/wp\/v2\/product"}],"about":[{"href":"https:\/\/sherwoodjr.com\/de\/wp-json\/wp\/v2\/types\/product"}],"replies":[{"embeddable":true,"href":"https:\/\/sherwoodjr.com\/de\/wp-json\/wp\/v2\/comments?post=848"}],"wp:featuredmedia":[{"embeddable":true,"href":"https:\/\/sherwoodjr.com\/de\/wp-json\/wp\/v2\/media\/849"}],"wp:attachment":[{"href":"https:\/\/sherwoodjr.com\/de\/wp-json\/wp\/v2\/media?parent=848"}],"wp:term":[{"taxonomy":"product_brand","embeddable":true,"href":"https:\/\/sherwoodjr.com\/de\/wp-json\/wp\/v2\/product_brand?post=848"},{"taxonomy":"product_cat","embeddable":true,"href":"https:\/\/sherwoodjr.com\/de\/wp-json\/wp\/v2\/product_cat?post=848"},{"taxonomy":"product_tag","embeddable":true,"href":"https:\/\/sherwoodjr.com\/de\/wp-json\/wp\/v2\/product_tag?post=848"}],"curies":[{"name":"wp","href":"https:\/\/api.w.org\/{rel}","templated":true}]}}