{"id":830,"date":"2025-12-31T13:03:04","date_gmt":"2025-12-31T10:03:04","guid":{"rendered":"https:\/\/sherwoodjr.com\/produktas\/lentos-17x75x1000-mm-bd-66\/"},"modified":"2025-12-31T13:03:04","modified_gmt":"2025-12-31T10:03:04","slug":"lentos-17x75x1000-mm-bd-66","status":"publish","type":"product","link":"https:\/\/sherwoodjr.com\/de\/produktas\/lentos-17x75x1000-mm-bd-66\/","title":{"rendered":"Lentos 17x75x1000 mm #BD-66"},"content":{"rendered":"<p data-start=\"191\" data-end=\"532\"><strong data-start=\"191\" data-end=\"254\">1 r\u016b\u0161ies medin\u0117s lentos pad\u0117kl\u0173 gamybai (17 \u00d7 75 \u00d7 1000 mm)<\/strong> \u2013 tai auk\u0161tos kokyb\u0117s, tikslaus pjovimo lentos, skirtos medini\u0173 pad\u0117kl\u0173 gamybai.<\/p>\n<p data-start=\"534\" data-end=\"848\">Lentos gali b\u016bti supakuotos \u012f paketus pagal kliento pageidavim\u0105 ir tiekiamos skirtingais paruo\u0161imo variantais: nat\u016bralios dr\u0117gm\u0117s, d\u017eiovintos, su IPPC (ISPM 15) terminiu apdirbimu arba d\u017eiovintos + IPPC. Galima rinktis tiek spygliuo\u010di\u0173, tiek lapuo\u010di\u0173 medien\u0105 pagal reikiamas apkrovas ir naudojimo paskirt\u012f.<\/p>\n","protected":false},"excerpt":{"rendered":"<p>1 r\u016b\u0161ies medin\u0117s lentos pad\u0117kl\u0173 gamybai (17 \u00d7 75 \u00d7 1000 mm) \u2013 tai auk\u0161tos kokyb\u0117s, tikslaus pjovimo lentos, skirtos medini\u0173 pad\u0117kl\u0173 gamybai. Lentos gali b\u016bti supakuotos \u012f paketus pagal kliento pageidavim\u0105 ir tiekiamos skirtingais paruo\u0161imo variantais: nat\u016bralios dr\u0117gm\u0117s, d\u017eiovintos, su IPPC (ISPM 15) terminiu apdirbimu arba d\u017eiovintos + IPPC. Galima rinktis tiek spygliuo\u010di\u0173, tiek&#8230;<\/p>\n","protected":false},"featured_media":831,"comment_status":"closed","ping_status":"closed","template":"","meta":{"_acf_changed":false},"product_brand":[],"product_cat":[187],"product_tag":[],"class_list":{"0":"post-830","1":"product","2":"type-product","3":"status-publish","4":"has-post-thumbnail","6":"product_cat-lentos","8":"first","9":"instock","10":"taxable","11":"shipping-taxable","12":"product-type-simple"},"acf":[],"yoast_head":"<!-- This site is optimized with the Yoast SEO plugin v25.8 - https:\/\/yoast.com\/wordpress\/plugins\/seo\/ -->\n<title>Lentos 17x75x1000 mm #BD-66 - Sherwood<\/title>\n<meta name=\"robots\" content=\"noindex, follow, max-snippet:-1, max-image-preview:large, max-video-preview:-1\" \/>\n<meta property=\"og:locale\" content=\"de_DE\" \/>\n<meta property=\"og:type\" content=\"article\" \/>\n<meta property=\"og:title\" content=\"Lentos 17x75x1000 mm #BD-66 - Sherwood\" \/>\n<meta property=\"og:description\" content=\"1 r\u016b\u0161ies medin\u0117s lentos pad\u0117kl\u0173 gamybai (17 \u00d7 75 \u00d7 1000 mm) \u2013 tai auk\u0161tos kokyb\u0117s, tikslaus pjovimo lentos, skirtos medini\u0173 pad\u0117kl\u0173 gamybai. Lentos gali b\u016bti supakuotos \u012f paketus pagal kliento pageidavim\u0105 ir tiekiamos skirtingais paruo\u0161imo variantais: nat\u016bralios dr\u0117gm\u0117s, d\u017eiovintos, su IPPC (ISPM 15) terminiu apdirbimu arba d\u017eiovintos + IPPC. Galima rinktis tiek spygliuo\u010di\u0173, tiek...\" \/>\n<meta property=\"og:url\" content=\"https:\/\/sherwoodjr.com\/de\/produktas\/lentos-17x75x1000-mm-bd-66\/\" \/>\n<meta property=\"og:site_name\" content=\"Sherwood\" \/>\n<meta name=\"twitter:card\" content=\"summary_large_image\" \/>\n<script type=\"application\/ld+json\" class=\"yoast-schema-graph\">{\"@context\":\"https:\/\/schema.org\",\"@graph\":[{\"@type\":\"WebPage\",\"@id\":\"https:\/\/sherwoodjr.com\/de\/produktas\/lentos-17x75x1000-mm-bd-66\/\",\"url\":\"https:\/\/sherwoodjr.com\/de\/produktas\/lentos-17x75x1000-mm-bd-66\/\",\"name\":\"Lentos 17x75x1000 mm #BD-66 - Sherwood\",\"isPartOf\":{\"@id\":\"https:\/\/sherwoodjr.com\/de\/#website\"},\"primaryImageOfPage\":{\"@id\":\"https:\/\/sherwoodjr.com\/de\/produktas\/lentos-17x75x1000-mm-bd-66\/#primaryimage\"},\"image\":{\"@id\":\"https:\/\/sherwoodjr.com\/de\/produktas\/lentos-17x75x1000-mm-bd-66\/#primaryimage\"},\"thumbnailUrl\":\"https:\/\/sherwoodjr.com\/wp-content\/uploads\/Screenshot-2025-12-31-at-10.02.59.png\",\"datePublished\":\"2025-12-31T10:03:04+00:00\",\"breadcrumb\":{\"@id\":\"https:\/\/sherwoodjr.com\/de\/produktas\/lentos-17x75x1000-mm-bd-66\/#breadcrumb\"},\"inLanguage\":\"de\",\"potentialAction\":[{\"@type\":\"ReadAction\",\"target\":[\"https:\/\/sherwoodjr.com\/de\/produktas\/lentos-17x75x1000-mm-bd-66\/\"]}]},{\"@type\":\"ImageObject\",\"inLanguage\":\"de\",\"@id\":\"https:\/\/sherwoodjr.com\/de\/produktas\/lentos-17x75x1000-mm-bd-66\/#primaryimage\",\"url\":\"https:\/\/sherwoodjr.com\/wp-content\/uploads\/Screenshot-2025-12-31-at-10.02.59.png\",\"contentUrl\":\"https:\/\/sherwoodjr.com\/wp-content\/uploads\/Screenshot-2025-12-31-at-10.02.59.png\",\"width\":1758,\"height\":2168},{\"@type\":\"BreadcrumbList\",\"@id\":\"https:\/\/sherwoodjr.com\/de\/produktas\/lentos-17x75x1000-mm-bd-66\/#breadcrumb\",\"itemListElement\":[{\"@type\":\"ListItem\",\"position\":1,\"name\":\"Home\",\"item\":\"https:\/\/sherwoodjr.com\/de\/pradzia\/\"},{\"@type\":\"ListItem\",\"position\":2,\"name\":\"Katalogas\",\"item\":\"https:\/\/sherwoodjr.com\/de\/katalogas\/\"},{\"@type\":\"ListItem\",\"position\":3,\"name\":\"Lentos 17x75x1000 mm #BD-66\"}]},{\"@type\":\"WebSite\",\"@id\":\"https:\/\/sherwoodjr.com\/de\/#website\",\"url\":\"https:\/\/sherwoodjr.com\/de\/\",\"name\":\"Sherwood\",\"description\":\"\",\"potentialAction\":[{\"@type\":\"SearchAction\",\"target\":{\"@type\":\"EntryPoint\",\"urlTemplate\":\"https:\/\/sherwoodjr.com\/de\/?s={search_term_string}\"},\"query-input\":{\"@type\":\"PropertyValueSpecification\",\"valueRequired\":true,\"valueName\":\"search_term_string\"}}],\"inLanguage\":\"de\"}]}<\/script>\n<!-- \/ Yoast SEO plugin. -->","yoast_head_json":{"title":"Lentos 17x75x1000 mm #BD-66 - Sherwood","robots":{"index":"noindex","follow":"follow","max-snippet":"max-snippet:-1","max-image-preview":"max-image-preview:large","max-video-preview":"max-video-preview:-1"},"og_locale":"de_DE","og_type":"article","og_title":"Lentos 17x75x1000 mm #BD-66 - Sherwood","og_description":"1 r\u016b\u0161ies medin\u0117s lentos pad\u0117kl\u0173 gamybai (17 \u00d7 75 \u00d7 1000 mm) \u2013 tai auk\u0161tos kokyb\u0117s, tikslaus pjovimo lentos, skirtos medini\u0173 pad\u0117kl\u0173 gamybai. Lentos gali b\u016bti supakuotos \u012f paketus pagal kliento pageidavim\u0105 ir tiekiamos skirtingais paruo\u0161imo variantais: nat\u016bralios dr\u0117gm\u0117s, d\u017eiovintos, su IPPC (ISPM 15) terminiu apdirbimu arba d\u017eiovintos + IPPC. Galima rinktis tiek spygliuo\u010di\u0173, tiek...","og_url":"https:\/\/sherwoodjr.com\/de\/produktas\/lentos-17x75x1000-mm-bd-66\/","og_site_name":"Sherwood","twitter_card":"summary_large_image","schema":{"@context":"https:\/\/schema.org","@graph":[{"@type":"WebPage","@id":"https:\/\/sherwoodjr.com\/de\/produktas\/lentos-17x75x1000-mm-bd-66\/","url":"https:\/\/sherwoodjr.com\/de\/produktas\/lentos-17x75x1000-mm-bd-66\/","name":"Lentos 17x75x1000 mm #BD-66 - Sherwood","isPartOf":{"@id":"https:\/\/sherwoodjr.com\/de\/#website"},"primaryImageOfPage":{"@id":"https:\/\/sherwoodjr.com\/de\/produktas\/lentos-17x75x1000-mm-bd-66\/#primaryimage"},"image":{"@id":"https:\/\/sherwoodjr.com\/de\/produktas\/lentos-17x75x1000-mm-bd-66\/#primaryimage"},"thumbnailUrl":"https:\/\/sherwoodjr.com\/wp-content\/uploads\/Screenshot-2025-12-31-at-10.02.59.png","datePublished":"2025-12-31T10:03:04+00:00","breadcrumb":{"@id":"https:\/\/sherwoodjr.com\/de\/produktas\/lentos-17x75x1000-mm-bd-66\/#breadcrumb"},"inLanguage":"de","potentialAction":[{"@type":"ReadAction","target":["https:\/\/sherwoodjr.com\/de\/produktas\/lentos-17x75x1000-mm-bd-66\/"]}]},{"@type":"ImageObject","inLanguage":"de","@id":"https:\/\/sherwoodjr.com\/de\/produktas\/lentos-17x75x1000-mm-bd-66\/#primaryimage","url":"https:\/\/sherwoodjr.com\/wp-content\/uploads\/Screenshot-2025-12-31-at-10.02.59.png","contentUrl":"https:\/\/sherwoodjr.com\/wp-content\/uploads\/Screenshot-2025-12-31-at-10.02.59.png","width":1758,"height":2168},{"@type":"BreadcrumbList","@id":"https:\/\/sherwoodjr.com\/de\/produktas\/lentos-17x75x1000-mm-bd-66\/#breadcrumb","itemListElement":[{"@type":"ListItem","position":1,"name":"Home","item":"https:\/\/sherwoodjr.com\/de\/pradzia\/"},{"@type":"ListItem","position":2,"name":"Katalogas","item":"https:\/\/sherwoodjr.com\/de\/katalogas\/"},{"@type":"ListItem","position":3,"name":"Lentos 17x75x1000 mm #BD-66"}]},{"@type":"WebSite","@id":"https:\/\/sherwoodjr.com\/de\/#website","url":"https:\/\/sherwoodjr.com\/de\/","name":"Sherwood","description":"","potentialAction":[{"@type":"SearchAction","target":{"@type":"EntryPoint","urlTemplate":"https:\/\/sherwoodjr.com\/de\/?s={search_term_string}"},"query-input":{"@type":"PropertyValueSpecification","valueRequired":true,"valueName":"search_term_string"}}],"inLanguage":"de"}]}},"_links":{"self":[{"href":"https:\/\/sherwoodjr.com\/de\/wp-json\/wp\/v2\/product\/830","targetHints":{"allow":["GET"]}}],"collection":[{"href":"https:\/\/sherwoodjr.com\/de\/wp-json\/wp\/v2\/product"}],"about":[{"href":"https:\/\/sherwoodjr.com\/de\/wp-json\/wp\/v2\/types\/product"}],"replies":[{"embeddable":true,"href":"https:\/\/sherwoodjr.com\/de\/wp-json\/wp\/v2\/comments?post=830"}],"wp:featuredmedia":[{"embeddable":true,"href":"https:\/\/sherwoodjr.com\/de\/wp-json\/wp\/v2\/media\/831"}],"wp:attachment":[{"href":"https:\/\/sherwoodjr.com\/de\/wp-json\/wp\/v2\/media?parent=830"}],"wp:term":[{"taxonomy":"product_brand","embeddable":true,"href":"https:\/\/sherwoodjr.com\/de\/wp-json\/wp\/v2\/product_brand?post=830"},{"taxonomy":"product_cat","embeddable":true,"href":"https:\/\/sherwoodjr.com\/de\/wp-json\/wp\/v2\/product_cat?post=830"},{"taxonomy":"product_tag","embeddable":true,"href":"https:\/\/sherwoodjr.com\/de\/wp-json\/wp\/v2\/product_tag?post=830"}],"curies":[{"name":"wp","href":"https:\/\/api.w.org\/{rel}","templated":true}]}}