{"id":800,"date":"2025-12-31T15:06:25","date_gmt":"2025-12-31T12:06:25","guid":{"rendered":"https:\/\/sherwoodjr.com\/produktas\/tasai-78x78x1450-mm-bm-78\/"},"modified":"2025-12-31T15:06:25","modified_gmt":"2025-12-31T12:06:25","slug":"tasai-78x78x1450-mm-bm-78","status":"publish","type":"product","link":"https:\/\/sherwoodjr.com\/de\/produktas\/tasai-78x78x1450-mm-bm-78\/","title":{"rendered":"Ta\u0161ai 78x78x1450 mm #BM-78"},"content":{"rendered":"<p data-start=\"193\" data-end=\"561\"><strong data-start=\"193\" data-end=\"247\">Mediniai ta\u0161ai pad\u0117kl\u0173 gamybai (78 \u00d7 78 \u00d7 1450 mm)<\/strong> \u2013 tai tvirti, tiksliai paruo\u0161ti konstrukciniai elementai. D\u0117l kvadratinio skerspj\u016bvio ir optimalaus ilgio \u0161ie ta\u0161ai idealiai tinka klientams, kurie savo gamyboje patys pjauna kalad\u0117les arba naudoja ta\u0161us kaip pagrindinius pad\u0117kl\u0173 konstrukcinius elementus.<\/p>\n<p data-start=\"193\" data-end=\"561\">Galimas tikslus ilgio skersavimas pagal kliento poreikius arba tiekimas be skersavimo. Ta\u0161ai gali b\u016bti tiekiami d\u017eiovinti, su IPPC (ISPM 15) apdirbimu arba d\u017eiovinti + IPPC, taip pat supakuoti \u012f paketus pagal kliento pageidavim\u0105.<\/p>\n","protected":false},"excerpt":{"rendered":"<p>Mediniai ta\u0161ai pad\u0117kl\u0173 gamybai (78 \u00d7 78 \u00d7 1450 mm) \u2013 tai tvirti, tiksliai paruo\u0161ti konstrukciniai elementai. D\u0117l kvadratinio skerspj\u016bvio ir optimalaus ilgio \u0161ie ta\u0161ai idealiai tinka klientams, kurie savo gamyboje patys pjauna kalad\u0117les arba naudoja ta\u0161us kaip pagrindinius pad\u0117kl\u0173 konstrukcinius elementus. Galimas tikslus ilgio skersavimas pagal kliento poreikius arba tiekimas be skersavimo. Ta\u0161ai gali&#8230;<\/p>\n","protected":false},"featured_media":801,"comment_status":"closed","ping_status":"closed","template":"","meta":{"_acf_changed":false},"product_brand":[],"product_cat":[143],"product_tag":[],"class_list":{"0":"post-800","1":"product","2":"type-product","3":"status-publish","4":"has-post-thumbnail","6":"product_cat-tasai","8":"first","9":"instock","10":"taxable","11":"shipping-taxable","12":"product-type-simple"},"acf":[],"yoast_head":"<!-- This site is optimized with the Yoast SEO plugin v25.8 - https:\/\/yoast.com\/wordpress\/plugins\/seo\/ -->\n<title>Ta\u0161ai 78x78x1450 mm #BM-78 - Sherwood<\/title>\n<meta name=\"robots\" content=\"noindex, follow, max-snippet:-1, max-image-preview:large, max-video-preview:-1\" \/>\n<meta property=\"og:locale\" content=\"de_DE\" \/>\n<meta property=\"og:type\" content=\"article\" \/>\n<meta property=\"og:title\" content=\"Ta\u0161ai 78x78x1450 mm #BM-78 - Sherwood\" \/>\n<meta property=\"og:description\" content=\"Mediniai ta\u0161ai pad\u0117kl\u0173 gamybai (78 \u00d7 78 \u00d7 1450 mm) \u2013 tai tvirti, tiksliai paruo\u0161ti konstrukciniai elementai. D\u0117l kvadratinio skerspj\u016bvio ir optimalaus ilgio \u0161ie ta\u0161ai idealiai tinka klientams, kurie savo gamyboje patys pjauna kalad\u0117les arba naudoja ta\u0161us kaip pagrindinius pad\u0117kl\u0173 konstrukcinius elementus. Galimas tikslus ilgio skersavimas pagal kliento poreikius arba tiekimas be skersavimo. Ta\u0161ai gali...\" \/>\n<meta property=\"og:url\" content=\"https:\/\/sherwoodjr.com\/de\/produktas\/tasai-78x78x1450-mm-bm-78\/\" \/>\n<meta property=\"og:site_name\" content=\"Sherwood\" \/>\n<meta name=\"twitter:card\" content=\"summary_large_image\" \/>\n<script type=\"application\/ld+json\" class=\"yoast-schema-graph\">{\"@context\":\"https:\/\/schema.org\",\"@graph\":[{\"@type\":\"WebPage\",\"@id\":\"https:\/\/sherwoodjr.com\/de\/produktas\/tasai-78x78x1450-mm-bm-78\/\",\"url\":\"https:\/\/sherwoodjr.com\/de\/produktas\/tasai-78x78x1450-mm-bm-78\/\",\"name\":\"Ta\u0161ai 78x78x1450 mm #BM-78 - Sherwood\",\"isPartOf\":{\"@id\":\"https:\/\/sherwoodjr.com\/de\/#website\"},\"primaryImageOfPage\":{\"@id\":\"https:\/\/sherwoodjr.com\/de\/produktas\/tasai-78x78x1450-mm-bm-78\/#primaryimage\"},\"image\":{\"@id\":\"https:\/\/sherwoodjr.com\/de\/produktas\/tasai-78x78x1450-mm-bm-78\/#primaryimage\"},\"thumbnailUrl\":\"https:\/\/sherwoodjr.com\/wp-content\/uploads\/Gemini_Generated_Image_kmw49ekmw49ekmw4.jpeg\",\"datePublished\":\"2025-12-31T12:06:25+00:00\",\"breadcrumb\":{\"@id\":\"https:\/\/sherwoodjr.com\/de\/produktas\/tasai-78x78x1450-mm-bm-78\/#breadcrumb\"},\"inLanguage\":\"de\",\"potentialAction\":[{\"@type\":\"ReadAction\",\"target\":[\"https:\/\/sherwoodjr.com\/de\/produktas\/tasai-78x78x1450-mm-bm-78\/\"]}]},{\"@type\":\"ImageObject\",\"inLanguage\":\"de\",\"@id\":\"https:\/\/sherwoodjr.com\/de\/produktas\/tasai-78x78x1450-mm-bm-78\/#primaryimage\",\"url\":\"https:\/\/sherwoodjr.com\/wp-content\/uploads\/Gemini_Generated_Image_kmw49ekmw49ekmw4.jpeg\",\"contentUrl\":\"https:\/\/sherwoodjr.com\/wp-content\/uploads\/Gemini_Generated_Image_kmw49ekmw49ekmw4.jpeg\",\"width\":1124,\"height\":646},{\"@type\":\"BreadcrumbList\",\"@id\":\"https:\/\/sherwoodjr.com\/de\/produktas\/tasai-78x78x1450-mm-bm-78\/#breadcrumb\",\"itemListElement\":[{\"@type\":\"ListItem\",\"position\":1,\"name\":\"Home\",\"item\":\"https:\/\/sherwoodjr.com\/de\/pradzia\/\"},{\"@type\":\"ListItem\",\"position\":2,\"name\":\"Katalogas\",\"item\":\"https:\/\/sherwoodjr.com\/de\/katalogas\/\"},{\"@type\":\"ListItem\",\"position\":3,\"name\":\"Ta\u0161ai 78x78x1450 mm #BM-78\"}]},{\"@type\":\"WebSite\",\"@id\":\"https:\/\/sherwoodjr.com\/de\/#website\",\"url\":\"https:\/\/sherwoodjr.com\/de\/\",\"name\":\"Sherwood\",\"description\":\"\",\"potentialAction\":[{\"@type\":\"SearchAction\",\"target\":{\"@type\":\"EntryPoint\",\"urlTemplate\":\"https:\/\/sherwoodjr.com\/de\/?s={search_term_string}\"},\"query-input\":{\"@type\":\"PropertyValueSpecification\",\"valueRequired\":true,\"valueName\":\"search_term_string\"}}],\"inLanguage\":\"de\"}]}<\/script>\n<!-- \/ Yoast SEO plugin. -->","yoast_head_json":{"title":"Ta\u0161ai 78x78x1450 mm #BM-78 - Sherwood","robots":{"index":"noindex","follow":"follow","max-snippet":"max-snippet:-1","max-image-preview":"max-image-preview:large","max-video-preview":"max-video-preview:-1"},"og_locale":"de_DE","og_type":"article","og_title":"Ta\u0161ai 78x78x1450 mm #BM-78 - Sherwood","og_description":"Mediniai ta\u0161ai pad\u0117kl\u0173 gamybai (78 \u00d7 78 \u00d7 1450 mm) \u2013 tai tvirti, tiksliai paruo\u0161ti konstrukciniai elementai. D\u0117l kvadratinio skerspj\u016bvio ir optimalaus ilgio \u0161ie ta\u0161ai idealiai tinka klientams, kurie savo gamyboje patys pjauna kalad\u0117les arba naudoja ta\u0161us kaip pagrindinius pad\u0117kl\u0173 konstrukcinius elementus. Galimas tikslus ilgio skersavimas pagal kliento poreikius arba tiekimas be skersavimo. Ta\u0161ai gali...","og_url":"https:\/\/sherwoodjr.com\/de\/produktas\/tasai-78x78x1450-mm-bm-78\/","og_site_name":"Sherwood","twitter_card":"summary_large_image","schema":{"@context":"https:\/\/schema.org","@graph":[{"@type":"WebPage","@id":"https:\/\/sherwoodjr.com\/de\/produktas\/tasai-78x78x1450-mm-bm-78\/","url":"https:\/\/sherwoodjr.com\/de\/produktas\/tasai-78x78x1450-mm-bm-78\/","name":"Ta\u0161ai 78x78x1450 mm #BM-78 - Sherwood","isPartOf":{"@id":"https:\/\/sherwoodjr.com\/de\/#website"},"primaryImageOfPage":{"@id":"https:\/\/sherwoodjr.com\/de\/produktas\/tasai-78x78x1450-mm-bm-78\/#primaryimage"},"image":{"@id":"https:\/\/sherwoodjr.com\/de\/produktas\/tasai-78x78x1450-mm-bm-78\/#primaryimage"},"thumbnailUrl":"https:\/\/sherwoodjr.com\/wp-content\/uploads\/Gemini_Generated_Image_kmw49ekmw49ekmw4.jpeg","datePublished":"2025-12-31T12:06:25+00:00","breadcrumb":{"@id":"https:\/\/sherwoodjr.com\/de\/produktas\/tasai-78x78x1450-mm-bm-78\/#breadcrumb"},"inLanguage":"de","potentialAction":[{"@type":"ReadAction","target":["https:\/\/sherwoodjr.com\/de\/produktas\/tasai-78x78x1450-mm-bm-78\/"]}]},{"@type":"ImageObject","inLanguage":"de","@id":"https:\/\/sherwoodjr.com\/de\/produktas\/tasai-78x78x1450-mm-bm-78\/#primaryimage","url":"https:\/\/sherwoodjr.com\/wp-content\/uploads\/Gemini_Generated_Image_kmw49ekmw49ekmw4.jpeg","contentUrl":"https:\/\/sherwoodjr.com\/wp-content\/uploads\/Gemini_Generated_Image_kmw49ekmw49ekmw4.jpeg","width":1124,"height":646},{"@type":"BreadcrumbList","@id":"https:\/\/sherwoodjr.com\/de\/produktas\/tasai-78x78x1450-mm-bm-78\/#breadcrumb","itemListElement":[{"@type":"ListItem","position":1,"name":"Home","item":"https:\/\/sherwoodjr.com\/de\/pradzia\/"},{"@type":"ListItem","position":2,"name":"Katalogas","item":"https:\/\/sherwoodjr.com\/de\/katalogas\/"},{"@type":"ListItem","position":3,"name":"Ta\u0161ai 78x78x1450 mm #BM-78"}]},{"@type":"WebSite","@id":"https:\/\/sherwoodjr.com\/de\/#website","url":"https:\/\/sherwoodjr.com\/de\/","name":"Sherwood","description":"","potentialAction":[{"@type":"SearchAction","target":{"@type":"EntryPoint","urlTemplate":"https:\/\/sherwoodjr.com\/de\/?s={search_term_string}"},"query-input":{"@type":"PropertyValueSpecification","valueRequired":true,"valueName":"search_term_string"}}],"inLanguage":"de"}]}},"_links":{"self":[{"href":"https:\/\/sherwoodjr.com\/de\/wp-json\/wp\/v2\/product\/800","targetHints":{"allow":["GET"]}}],"collection":[{"href":"https:\/\/sherwoodjr.com\/de\/wp-json\/wp\/v2\/product"}],"about":[{"href":"https:\/\/sherwoodjr.com\/de\/wp-json\/wp\/v2\/types\/product"}],"replies":[{"embeddable":true,"href":"https:\/\/sherwoodjr.com\/de\/wp-json\/wp\/v2\/comments?post=800"}],"wp:featuredmedia":[{"embeddable":true,"href":"https:\/\/sherwoodjr.com\/de\/wp-json\/wp\/v2\/media\/801"}],"wp:attachment":[{"href":"https:\/\/sherwoodjr.com\/de\/wp-json\/wp\/v2\/media?parent=800"}],"wp:term":[{"taxonomy":"product_brand","embeddable":true,"href":"https:\/\/sherwoodjr.com\/de\/wp-json\/wp\/v2\/product_brand?post=800"},{"taxonomy":"product_cat","embeddable":true,"href":"https:\/\/sherwoodjr.com\/de\/wp-json\/wp\/v2\/product_cat?post=800"},{"taxonomy":"product_tag","embeddable":true,"href":"https:\/\/sherwoodjr.com\/de\/wp-json\/wp\/v2\/product_tag?post=800"}],"curies":[{"name":"wp","href":"https:\/\/api.w.org\/{rel}","templated":true}]}}