{"id":795,"date":"2025-12-31T15:22:16","date_gmt":"2025-12-31T12:22:16","guid":{"rendered":"https:\/\/sherwoodjr.com\/produktas\/tasai-65x75x1200-mm-bm-39\/"},"modified":"2025-12-31T15:22:16","modified_gmt":"2025-12-31T12:22:16","slug":"tasai-65x75x1200-mm-bm-39","status":"publish","type":"product","link":"https:\/\/sherwoodjr.com\/de\/produktas\/tasai-65x75x1200-mm-bm-39\/","title":{"rendered":"Ta\u0161ai 65x75x1200 mm #BM-39"},"content":{"rendered":"<p data-start=\"191\" data-end=\"562\"><strong data-start=\"191\" data-end=\"245\">Mediniai ta\u0161ai pad\u0117kl\u0173 gamybai (65 \u00d7 75 \u00d7 1200 mm)<\/strong> \u2013 tai tvirti ir tiksliai paruo\u0161ti konstrukciniai elementai, skirti <strong data-start=\"313\" data-end=\"362\">kalad\u0117li\u0173 gamybai mediniams pad\u0117klams<\/strong> bei kit\u0173 pad\u0117kl\u0173 konstrukcini\u0173 sprendim\u0173 \u012fgyvendinimui. \u0160io formato ta\u0161ai puikiai tinka klientams, kurie savo gamyboje patys pjauna kalad\u0117les arba naudoja ta\u0161us kaip tarpin\u0119 \u017ealiav\u0105 pad\u0117kl\u0173 gamyboje.<\/p>\n<p data-start=\"191\" data-end=\"562\">Galimas tikslus ilgio skersavimas pagal kliento poreikius arba tiekimas be skersavimo. Ta\u0161ai tiekiami nat\u016bralaus dr\u0117gnumo, d\u017eiovinti, su IPPC (ISPM 15) apdirbimu arba d\u017eiovinti + IPPC, taip pat supakuoti \u012f paketus pagal kliento pageidavim\u0105.<\/p>\n","protected":false},"excerpt":{"rendered":"<p>Mediniai ta\u0161ai pad\u0117kl\u0173 gamybai (65 \u00d7 75 \u00d7 1200 mm) \u2013 tai tvirti ir tiksliai paruo\u0161ti konstrukciniai elementai, skirti kalad\u0117li\u0173 gamybai mediniams pad\u0117klams bei kit\u0173 pad\u0117kl\u0173 konstrukcini\u0173 sprendim\u0173 \u012fgyvendinimui. \u0160io formato ta\u0161ai puikiai tinka klientams, kurie savo gamyboje patys pjauna kalad\u0117les arba naudoja ta\u0161us kaip tarpin\u0119 \u017ealiav\u0105 pad\u0117kl\u0173 gamyboje. Galimas tikslus ilgio skersavimas pagal kliento&#8230;<\/p>\n","protected":false},"featured_media":765,"comment_status":"closed","ping_status":"closed","template":"","meta":{"_acf_changed":false},"product_brand":[],"product_cat":[143],"product_tag":[],"class_list":{"0":"post-795","1":"product","2":"type-product","3":"status-publish","4":"has-post-thumbnail","6":"product_cat-tasai","8":"first","9":"instock","10":"taxable","11":"shipping-taxable","12":"product-type-simple"},"acf":[],"yoast_head":"<!-- This site is optimized with the Yoast SEO plugin v25.8 - https:\/\/yoast.com\/wordpress\/plugins\/seo\/ -->\n<title>Ta\u0161ai 65x75x1200 mm #BM-39 - Sherwood<\/title>\n<meta name=\"robots\" content=\"noindex, follow, max-snippet:-1, max-image-preview:large, max-video-preview:-1\" \/>\n<meta property=\"og:locale\" content=\"de_DE\" \/>\n<meta property=\"og:type\" content=\"article\" \/>\n<meta property=\"og:title\" content=\"Ta\u0161ai 65x75x1200 mm #BM-39 - Sherwood\" \/>\n<meta property=\"og:description\" content=\"Mediniai ta\u0161ai pad\u0117kl\u0173 gamybai (65 \u00d7 75 \u00d7 1200 mm) \u2013 tai tvirti ir tiksliai paruo\u0161ti konstrukciniai elementai, skirti kalad\u0117li\u0173 gamybai mediniams pad\u0117klams bei kit\u0173 pad\u0117kl\u0173 konstrukcini\u0173 sprendim\u0173 \u012fgyvendinimui. \u0160io formato ta\u0161ai puikiai tinka klientams, kurie savo gamyboje patys pjauna kalad\u0117les arba naudoja ta\u0161us kaip tarpin\u0119 \u017ealiav\u0105 pad\u0117kl\u0173 gamyboje. Galimas tikslus ilgio skersavimas pagal kliento...\" \/>\n<meta property=\"og:url\" content=\"https:\/\/sherwoodjr.com\/de\/produktas\/tasai-65x75x1200-mm-bm-39\/\" \/>\n<meta property=\"og:site_name\" content=\"Sherwood\" \/>\n<meta name=\"twitter:card\" content=\"summary_large_image\" \/>\n<script type=\"application\/ld+json\" class=\"yoast-schema-graph\">{\"@context\":\"https:\/\/schema.org\",\"@graph\":[{\"@type\":\"WebPage\",\"@id\":\"https:\/\/sherwoodjr.com\/de\/produktas\/tasai-65x75x1200-mm-bm-39\/\",\"url\":\"https:\/\/sherwoodjr.com\/de\/produktas\/tasai-65x75x1200-mm-bm-39\/\",\"name\":\"Ta\u0161ai 65x75x1200 mm #BM-39 - Sherwood\",\"isPartOf\":{\"@id\":\"https:\/\/sherwoodjr.com\/de\/#website\"},\"primaryImageOfPage\":{\"@id\":\"https:\/\/sherwoodjr.com\/de\/produktas\/tasai-65x75x1200-mm-bm-39\/#primaryimage\"},\"image\":{\"@id\":\"https:\/\/sherwoodjr.com\/de\/produktas\/tasai-65x75x1200-mm-bm-39\/#primaryimage\"},\"thumbnailUrl\":\"https:\/\/sherwoodjr.com\/wp-content\/uploads\/Tasai_BM-1.png\",\"datePublished\":\"2025-12-31T12:22:16+00:00\",\"breadcrumb\":{\"@id\":\"https:\/\/sherwoodjr.com\/de\/produktas\/tasai-65x75x1200-mm-bm-39\/#breadcrumb\"},\"inLanguage\":\"de\",\"potentialAction\":[{\"@type\":\"ReadAction\",\"target\":[\"https:\/\/sherwoodjr.com\/de\/produktas\/tasai-65x75x1200-mm-bm-39\/\"]}]},{\"@type\":\"ImageObject\",\"inLanguage\":\"de\",\"@id\":\"https:\/\/sherwoodjr.com\/de\/produktas\/tasai-65x75x1200-mm-bm-39\/#primaryimage\",\"url\":\"https:\/\/sherwoodjr.com\/wp-content\/uploads\/Tasai_BM-1.png\",\"contentUrl\":\"https:\/\/sherwoodjr.com\/wp-content\/uploads\/Tasai_BM-1.png\",\"width\":1021,\"height\":1207},{\"@type\":\"BreadcrumbList\",\"@id\":\"https:\/\/sherwoodjr.com\/de\/produktas\/tasai-65x75x1200-mm-bm-39\/#breadcrumb\",\"itemListElement\":[{\"@type\":\"ListItem\",\"position\":1,\"name\":\"Home\",\"item\":\"https:\/\/sherwoodjr.com\/de\/pradzia\/\"},{\"@type\":\"ListItem\",\"position\":2,\"name\":\"Katalogas\",\"item\":\"https:\/\/sherwoodjr.com\/de\/katalogas\/\"},{\"@type\":\"ListItem\",\"position\":3,\"name\":\"Ta\u0161ai 65x75x1200 mm #BM-39\"}]},{\"@type\":\"WebSite\",\"@id\":\"https:\/\/sherwoodjr.com\/de\/#website\",\"url\":\"https:\/\/sherwoodjr.com\/de\/\",\"name\":\"Sherwood\",\"description\":\"\",\"potentialAction\":[{\"@type\":\"SearchAction\",\"target\":{\"@type\":\"EntryPoint\",\"urlTemplate\":\"https:\/\/sherwoodjr.com\/de\/?s={search_term_string}\"},\"query-input\":{\"@type\":\"PropertyValueSpecification\",\"valueRequired\":true,\"valueName\":\"search_term_string\"}}],\"inLanguage\":\"de\"}]}<\/script>\n<!-- \/ Yoast SEO plugin. -->","yoast_head_json":{"title":"Ta\u0161ai 65x75x1200 mm #BM-39 - Sherwood","robots":{"index":"noindex","follow":"follow","max-snippet":"max-snippet:-1","max-image-preview":"max-image-preview:large","max-video-preview":"max-video-preview:-1"},"og_locale":"de_DE","og_type":"article","og_title":"Ta\u0161ai 65x75x1200 mm #BM-39 - Sherwood","og_description":"Mediniai ta\u0161ai pad\u0117kl\u0173 gamybai (65 \u00d7 75 \u00d7 1200 mm) \u2013 tai tvirti ir tiksliai paruo\u0161ti konstrukciniai elementai, skirti kalad\u0117li\u0173 gamybai mediniams pad\u0117klams bei kit\u0173 pad\u0117kl\u0173 konstrukcini\u0173 sprendim\u0173 \u012fgyvendinimui. \u0160io formato ta\u0161ai puikiai tinka klientams, kurie savo gamyboje patys pjauna kalad\u0117les arba naudoja ta\u0161us kaip tarpin\u0119 \u017ealiav\u0105 pad\u0117kl\u0173 gamyboje. Galimas tikslus ilgio skersavimas pagal kliento...","og_url":"https:\/\/sherwoodjr.com\/de\/produktas\/tasai-65x75x1200-mm-bm-39\/","og_site_name":"Sherwood","twitter_card":"summary_large_image","schema":{"@context":"https:\/\/schema.org","@graph":[{"@type":"WebPage","@id":"https:\/\/sherwoodjr.com\/de\/produktas\/tasai-65x75x1200-mm-bm-39\/","url":"https:\/\/sherwoodjr.com\/de\/produktas\/tasai-65x75x1200-mm-bm-39\/","name":"Ta\u0161ai 65x75x1200 mm #BM-39 - Sherwood","isPartOf":{"@id":"https:\/\/sherwoodjr.com\/de\/#website"},"primaryImageOfPage":{"@id":"https:\/\/sherwoodjr.com\/de\/produktas\/tasai-65x75x1200-mm-bm-39\/#primaryimage"},"image":{"@id":"https:\/\/sherwoodjr.com\/de\/produktas\/tasai-65x75x1200-mm-bm-39\/#primaryimage"},"thumbnailUrl":"https:\/\/sherwoodjr.com\/wp-content\/uploads\/Tasai_BM-1.png","datePublished":"2025-12-31T12:22:16+00:00","breadcrumb":{"@id":"https:\/\/sherwoodjr.com\/de\/produktas\/tasai-65x75x1200-mm-bm-39\/#breadcrumb"},"inLanguage":"de","potentialAction":[{"@type":"ReadAction","target":["https:\/\/sherwoodjr.com\/de\/produktas\/tasai-65x75x1200-mm-bm-39\/"]}]},{"@type":"ImageObject","inLanguage":"de","@id":"https:\/\/sherwoodjr.com\/de\/produktas\/tasai-65x75x1200-mm-bm-39\/#primaryimage","url":"https:\/\/sherwoodjr.com\/wp-content\/uploads\/Tasai_BM-1.png","contentUrl":"https:\/\/sherwoodjr.com\/wp-content\/uploads\/Tasai_BM-1.png","width":1021,"height":1207},{"@type":"BreadcrumbList","@id":"https:\/\/sherwoodjr.com\/de\/produktas\/tasai-65x75x1200-mm-bm-39\/#breadcrumb","itemListElement":[{"@type":"ListItem","position":1,"name":"Home","item":"https:\/\/sherwoodjr.com\/de\/pradzia\/"},{"@type":"ListItem","position":2,"name":"Katalogas","item":"https:\/\/sherwoodjr.com\/de\/katalogas\/"},{"@type":"ListItem","position":3,"name":"Ta\u0161ai 65x75x1200 mm #BM-39"}]},{"@type":"WebSite","@id":"https:\/\/sherwoodjr.com\/de\/#website","url":"https:\/\/sherwoodjr.com\/de\/","name":"Sherwood","description":"","potentialAction":[{"@type":"SearchAction","target":{"@type":"EntryPoint","urlTemplate":"https:\/\/sherwoodjr.com\/de\/?s={search_term_string}"},"query-input":{"@type":"PropertyValueSpecification","valueRequired":true,"valueName":"search_term_string"}}],"inLanguage":"de"}]}},"_links":{"self":[{"href":"https:\/\/sherwoodjr.com\/de\/wp-json\/wp\/v2\/product\/795","targetHints":{"allow":["GET"]}}],"collection":[{"href":"https:\/\/sherwoodjr.com\/de\/wp-json\/wp\/v2\/product"}],"about":[{"href":"https:\/\/sherwoodjr.com\/de\/wp-json\/wp\/v2\/types\/product"}],"replies":[{"embeddable":true,"href":"https:\/\/sherwoodjr.com\/de\/wp-json\/wp\/v2\/comments?post=795"}],"wp:featuredmedia":[{"embeddable":true,"href":"https:\/\/sherwoodjr.com\/de\/wp-json\/wp\/v2\/media\/765"}],"wp:attachment":[{"href":"https:\/\/sherwoodjr.com\/de\/wp-json\/wp\/v2\/media?parent=795"}],"wp:term":[{"taxonomy":"product_brand","embeddable":true,"href":"https:\/\/sherwoodjr.com\/de\/wp-json\/wp\/v2\/product_brand?post=795"},{"taxonomy":"product_cat","embeddable":true,"href":"https:\/\/sherwoodjr.com\/de\/wp-json\/wp\/v2\/product_cat?post=795"},{"taxonomy":"product_tag","embeddable":true,"href":"https:\/\/sherwoodjr.com\/de\/wp-json\/wp\/v2\/product_tag?post=795"}],"curies":[{"name":"wp","href":"https:\/\/api.w.org\/{rel}","templated":true}]}}