{"id":788,"date":"2026-01-02T10:04:26","date_gmt":"2026-01-02T07:04:26","guid":{"rendered":"https:\/\/sherwoodjr.com\/produktas\/tasai-78x78x2400-mm-bm-58\/"},"modified":"2026-01-02T10:04:26","modified_gmt":"2026-01-02T07:04:26","slug":"tasai-78x78x2400-mm-bm-58","status":"publish","type":"product","link":"https:\/\/sherwoodjr.com\/de\/produktas\/tasai-78x78x2400-mm-bm-58\/","title":{"rendered":"Ta\u0161ai 78x78x2400 mm #BM-58"},"content":{"rendered":"<p data-start=\"191\" data-end=\"588\"><strong data-start=\"191\" data-end=\"245\">Mediniai ta\u0161ai pad\u0117kl\u0173 gamybai (78 \u00d7 78 \u00d7 2400 mm)<\/strong> \u2013 tai tvirti, kvadratinio skerspj\u016bvio konstrukciniai elementai, skirti kalad\u0117li\u0173 gamybai mediniams pad\u0117klams bei sustiprintoms pad\u0117kl\u0173 konstrukcijoms. D\u0117l ilgesnio formato \u0161ie ta\u0161ai ypa\u010d tinkami klientams, kurie kalad\u0117les pjauna savo gamyboje arba nori lanks\u010diai pritaikyti pjovimo schemas pagal savo technologinius poreikius.<\/p>\n<p data-start=\"590\" data-end=\"982\">\u00a0Galimas tikslus ilgio skersavimas pagal kliento poreikius arba tiekimas be skersavimo. Ta\u0161ai gali b\u016bti tiekiami d\u017eiovinti, su IPPC (ISPM 15) apdirbimu arba d\u017eiovinti + IPPC, taip pat supakuoti \u012f paketus pagal kliento pageidavim\u0105.<\/p>\n","protected":false},"excerpt":{"rendered":"<p>Mediniai ta\u0161ai pad\u0117kl\u0173 gamybai (78 \u00d7 78 \u00d7 2400 mm) \u2013 tai tvirti, kvadratinio skerspj\u016bvio konstrukciniai elementai, skirti kalad\u0117li\u0173 gamybai mediniams pad\u0117klams bei sustiprintoms pad\u0117kl\u0173 konstrukcijoms. D\u0117l ilgesnio formato \u0161ie ta\u0161ai ypa\u010d tinkami klientams, kurie kalad\u0117les pjauna savo gamyboje arba nori lanks\u010diai pritaikyti pjovimo schemas pagal savo technologinius poreikius. \u00a0Galimas tikslus ilgio skersavimas pagal kliento&#8230;<\/p>\n","protected":false},"featured_media":789,"comment_status":"closed","ping_status":"closed","template":"","meta":{"_acf_changed":false},"product_brand":[],"product_cat":[143],"product_tag":[],"class_list":{"0":"post-788","1":"product","2":"type-product","3":"status-publish","4":"has-post-thumbnail","6":"product_cat-tasai","8":"first","9":"instock","10":"taxable","11":"shipping-taxable","12":"product-type-simple"},"acf":[],"yoast_head":"<!-- This site is optimized with the Yoast SEO plugin v25.8 - https:\/\/yoast.com\/wordpress\/plugins\/seo\/ -->\n<title>Ta\u0161ai 78x78x2400 mm #BM-58 - Sherwood<\/title>\n<meta name=\"robots\" content=\"noindex, follow, max-snippet:-1, max-image-preview:large, max-video-preview:-1\" \/>\n<meta property=\"og:locale\" content=\"de_DE\" \/>\n<meta property=\"og:type\" content=\"article\" \/>\n<meta property=\"og:title\" content=\"Ta\u0161ai 78x78x2400 mm #BM-58 - Sherwood\" \/>\n<meta property=\"og:description\" content=\"Mediniai ta\u0161ai pad\u0117kl\u0173 gamybai (78 \u00d7 78 \u00d7 2400 mm) \u2013 tai tvirti, kvadratinio skerspj\u016bvio konstrukciniai elementai, skirti kalad\u0117li\u0173 gamybai mediniams pad\u0117klams bei sustiprintoms pad\u0117kl\u0173 konstrukcijoms. D\u0117l ilgesnio formato \u0161ie ta\u0161ai ypa\u010d tinkami klientams, kurie kalad\u0117les pjauna savo gamyboje arba nori lanks\u010diai pritaikyti pjovimo schemas pagal savo technologinius poreikius. \u00a0Galimas tikslus ilgio skersavimas pagal kliento...\" \/>\n<meta property=\"og:url\" content=\"https:\/\/sherwoodjr.com\/de\/produktas\/tasai-78x78x2400-mm-bm-58\/\" \/>\n<meta property=\"og:site_name\" content=\"Sherwood\" \/>\n<meta name=\"twitter:card\" content=\"summary_large_image\" \/>\n<script type=\"application\/ld+json\" class=\"yoast-schema-graph\">{\"@context\":\"https:\/\/schema.org\",\"@graph\":[{\"@type\":\"WebPage\",\"@id\":\"https:\/\/sherwoodjr.com\/de\/produktas\/tasai-78x78x2400-mm-bm-58\/\",\"url\":\"https:\/\/sherwoodjr.com\/de\/produktas\/tasai-78x78x2400-mm-bm-58\/\",\"name\":\"Ta\u0161ai 78x78x2400 mm #BM-58 - Sherwood\",\"isPartOf\":{\"@id\":\"https:\/\/sherwoodjr.com\/de\/#website\"},\"primaryImageOfPage\":{\"@id\":\"https:\/\/sherwoodjr.com\/de\/produktas\/tasai-78x78x2400-mm-bm-58\/#primaryimage\"},\"image\":{\"@id\":\"https:\/\/sherwoodjr.com\/de\/produktas\/tasai-78x78x2400-mm-bm-58\/#primaryimage\"},\"thumbnailUrl\":\"https:\/\/sherwoodjr.com\/wp-content\/uploads\/Tasai-ilgi.png\",\"datePublished\":\"2026-01-02T07:04:26+00:00\",\"breadcrumb\":{\"@id\":\"https:\/\/sherwoodjr.com\/de\/produktas\/tasai-78x78x2400-mm-bm-58\/#breadcrumb\"},\"inLanguage\":\"de\",\"potentialAction\":[{\"@type\":\"ReadAction\",\"target\":[\"https:\/\/sherwoodjr.com\/de\/produktas\/tasai-78x78x2400-mm-bm-58\/\"]}]},{\"@type\":\"ImageObject\",\"inLanguage\":\"de\",\"@id\":\"https:\/\/sherwoodjr.com\/de\/produktas\/tasai-78x78x2400-mm-bm-58\/#primaryimage\",\"url\":\"https:\/\/sherwoodjr.com\/wp-content\/uploads\/Tasai-ilgi.png\",\"contentUrl\":\"https:\/\/sherwoodjr.com\/wp-content\/uploads\/Tasai-ilgi.png\",\"width\":1173,\"height\":626},{\"@type\":\"BreadcrumbList\",\"@id\":\"https:\/\/sherwoodjr.com\/de\/produktas\/tasai-78x78x2400-mm-bm-58\/#breadcrumb\",\"itemListElement\":[{\"@type\":\"ListItem\",\"position\":1,\"name\":\"Home\",\"item\":\"https:\/\/sherwoodjr.com\/de\/pradzia\/\"},{\"@type\":\"ListItem\",\"position\":2,\"name\":\"Katalogas\",\"item\":\"https:\/\/sherwoodjr.com\/de\/katalogas\/\"},{\"@type\":\"ListItem\",\"position\":3,\"name\":\"Ta\u0161ai 78x78x2400 mm #BM-58\"}]},{\"@type\":\"WebSite\",\"@id\":\"https:\/\/sherwoodjr.com\/de\/#website\",\"url\":\"https:\/\/sherwoodjr.com\/de\/\",\"name\":\"Sherwood\",\"description\":\"\",\"potentialAction\":[{\"@type\":\"SearchAction\",\"target\":{\"@type\":\"EntryPoint\",\"urlTemplate\":\"https:\/\/sherwoodjr.com\/de\/?s={search_term_string}\"},\"query-input\":{\"@type\":\"PropertyValueSpecification\",\"valueRequired\":true,\"valueName\":\"search_term_string\"}}],\"inLanguage\":\"de\"}]}<\/script>\n<!-- \/ Yoast SEO plugin. -->","yoast_head_json":{"title":"Ta\u0161ai 78x78x2400 mm #BM-58 - Sherwood","robots":{"index":"noindex","follow":"follow","max-snippet":"max-snippet:-1","max-image-preview":"max-image-preview:large","max-video-preview":"max-video-preview:-1"},"og_locale":"de_DE","og_type":"article","og_title":"Ta\u0161ai 78x78x2400 mm #BM-58 - Sherwood","og_description":"Mediniai ta\u0161ai pad\u0117kl\u0173 gamybai (78 \u00d7 78 \u00d7 2400 mm) \u2013 tai tvirti, kvadratinio skerspj\u016bvio konstrukciniai elementai, skirti kalad\u0117li\u0173 gamybai mediniams pad\u0117klams bei sustiprintoms pad\u0117kl\u0173 konstrukcijoms. D\u0117l ilgesnio formato \u0161ie ta\u0161ai ypa\u010d tinkami klientams, kurie kalad\u0117les pjauna savo gamyboje arba nori lanks\u010diai pritaikyti pjovimo schemas pagal savo technologinius poreikius. \u00a0Galimas tikslus ilgio skersavimas pagal kliento...","og_url":"https:\/\/sherwoodjr.com\/de\/produktas\/tasai-78x78x2400-mm-bm-58\/","og_site_name":"Sherwood","twitter_card":"summary_large_image","schema":{"@context":"https:\/\/schema.org","@graph":[{"@type":"WebPage","@id":"https:\/\/sherwoodjr.com\/de\/produktas\/tasai-78x78x2400-mm-bm-58\/","url":"https:\/\/sherwoodjr.com\/de\/produktas\/tasai-78x78x2400-mm-bm-58\/","name":"Ta\u0161ai 78x78x2400 mm #BM-58 - Sherwood","isPartOf":{"@id":"https:\/\/sherwoodjr.com\/de\/#website"},"primaryImageOfPage":{"@id":"https:\/\/sherwoodjr.com\/de\/produktas\/tasai-78x78x2400-mm-bm-58\/#primaryimage"},"image":{"@id":"https:\/\/sherwoodjr.com\/de\/produktas\/tasai-78x78x2400-mm-bm-58\/#primaryimage"},"thumbnailUrl":"https:\/\/sherwoodjr.com\/wp-content\/uploads\/Tasai-ilgi.png","datePublished":"2026-01-02T07:04:26+00:00","breadcrumb":{"@id":"https:\/\/sherwoodjr.com\/de\/produktas\/tasai-78x78x2400-mm-bm-58\/#breadcrumb"},"inLanguage":"de","potentialAction":[{"@type":"ReadAction","target":["https:\/\/sherwoodjr.com\/de\/produktas\/tasai-78x78x2400-mm-bm-58\/"]}]},{"@type":"ImageObject","inLanguage":"de","@id":"https:\/\/sherwoodjr.com\/de\/produktas\/tasai-78x78x2400-mm-bm-58\/#primaryimage","url":"https:\/\/sherwoodjr.com\/wp-content\/uploads\/Tasai-ilgi.png","contentUrl":"https:\/\/sherwoodjr.com\/wp-content\/uploads\/Tasai-ilgi.png","width":1173,"height":626},{"@type":"BreadcrumbList","@id":"https:\/\/sherwoodjr.com\/de\/produktas\/tasai-78x78x2400-mm-bm-58\/#breadcrumb","itemListElement":[{"@type":"ListItem","position":1,"name":"Home","item":"https:\/\/sherwoodjr.com\/de\/pradzia\/"},{"@type":"ListItem","position":2,"name":"Katalogas","item":"https:\/\/sherwoodjr.com\/de\/katalogas\/"},{"@type":"ListItem","position":3,"name":"Ta\u0161ai 78x78x2400 mm #BM-58"}]},{"@type":"WebSite","@id":"https:\/\/sherwoodjr.com\/de\/#website","url":"https:\/\/sherwoodjr.com\/de\/","name":"Sherwood","description":"","potentialAction":[{"@type":"SearchAction","target":{"@type":"EntryPoint","urlTemplate":"https:\/\/sherwoodjr.com\/de\/?s={search_term_string}"},"query-input":{"@type":"PropertyValueSpecification","valueRequired":true,"valueName":"search_term_string"}}],"inLanguage":"de"}]}},"_links":{"self":[{"href":"https:\/\/sherwoodjr.com\/de\/wp-json\/wp\/v2\/product\/788","targetHints":{"allow":["GET"]}}],"collection":[{"href":"https:\/\/sherwoodjr.com\/de\/wp-json\/wp\/v2\/product"}],"about":[{"href":"https:\/\/sherwoodjr.com\/de\/wp-json\/wp\/v2\/types\/product"}],"replies":[{"embeddable":true,"href":"https:\/\/sherwoodjr.com\/de\/wp-json\/wp\/v2\/comments?post=788"}],"wp:featuredmedia":[{"embeddable":true,"href":"https:\/\/sherwoodjr.com\/de\/wp-json\/wp\/v2\/media\/789"}],"wp:attachment":[{"href":"https:\/\/sherwoodjr.com\/de\/wp-json\/wp\/v2\/media?parent=788"}],"wp:term":[{"taxonomy":"product_brand","embeddable":true,"href":"https:\/\/sherwoodjr.com\/de\/wp-json\/wp\/v2\/product_brand?post=788"},{"taxonomy":"product_cat","embeddable":true,"href":"https:\/\/sherwoodjr.com\/de\/wp-json\/wp\/v2\/product_cat?post=788"},{"taxonomy":"product_tag","embeddable":true,"href":"https:\/\/sherwoodjr.com\/de\/wp-json\/wp\/v2\/product_tag?post=788"}],"curies":[{"name":"wp","href":"https:\/\/api.w.org\/{rel}","templated":true}]}}