{"id":768,"date":"2026-01-02T10:24:00","date_gmt":"2026-01-02T07:24:00","guid":{"rendered":"https:\/\/sherwoodjr.com\/produktas\/tasai-78x143x1200mm-bm-54\/"},"modified":"2026-01-02T10:24:00","modified_gmt":"2026-01-02T07:24:00","slug":"tasai-78x143x1200mm-bm-54","status":"publish","type":"product","link":"https:\/\/sherwoodjr.com\/de\/produktas\/tasai-78x143x1200mm-bm-54\/","title":{"rendered":"Ta\u0161ai 78x143x1200 mm #BM-54"},"content":{"rendered":"<p data-start=\"191\" data-end=\"524\"><strong data-start=\"191\" data-end=\"246\">Mediniai ta\u0161ai pad\u0117kl\u0173 gamybai (78 \u00d7 143 \u00d7 1200 mm)<\/strong> \u2013 tai tvirti, didelio skerspj\u016bvio konstrukciniai elementai, skirti kalad\u0117li\u0173 gamybai mediniams pad\u0117klams bei sustiprintoms pad\u0117kl\u0173 konstrukcijoms. D\u0117l padidinto plo\u010dio \u0161ie ta\u0161ai ypa\u010d tinka pad\u0117klams, kuriems reikalingas didesnis stabilumas ir apkrovos paskirstymas.<\/p>\n<p data-start=\"526\" data-end=\"899\">\u012esigydami ta\u0161us i\u0161 \u201eSherwood JR\u201c, klientai sutaupo laiko ir gamybos ka\u0161t\u0173, nes gauna paruo\u0161t\u0105, vienod\u0173 matmen\u0173 \u017ealiav\u0105. Galimas tikslus ilgio skersavimas pagal kliento poreikius arba tiekimas be skersavimo. Ta\u0161ai gali b\u016bti tiekiami d\u017eiovinti, su IPPC (ISPM 15) apdirbimu arba d\u017eiovinti + IPPC, taip pat supakuoti \u012f paketus pagal kliento pageidavim\u0105.<\/p>\n","protected":false},"excerpt":{"rendered":"<p>Mediniai ta\u0161ai pad\u0117kl\u0173 gamybai (78 \u00d7 143 \u00d7 1200 mm) \u2013 tai tvirti, didelio skerspj\u016bvio konstrukciniai elementai, skirti kalad\u0117li\u0173 gamybai mediniams pad\u0117klams bei sustiprintoms pad\u0117kl\u0173 konstrukcijoms. D\u0117l padidinto plo\u010dio \u0161ie ta\u0161ai ypa\u010d tinka pad\u0117klams, kuriems reikalingas didesnis stabilumas ir apkrovos paskirstymas. \u012esigydami ta\u0161us i\u0161 \u201eSherwood JR\u201c, klientai sutaupo laiko ir gamybos ka\u0161t\u0173, nes gauna paruo\u0161t\u0105,&#8230;<\/p>\n","protected":false},"featured_media":765,"comment_status":"closed","ping_status":"closed","template":"","meta":{"_acf_changed":false},"product_brand":[],"product_cat":[143],"product_tag":[],"class_list":{"0":"post-768","1":"product","2":"type-product","3":"status-publish","4":"has-post-thumbnail","6":"product_cat-tasai","8":"first","9":"instock","10":"taxable","11":"shipping-taxable","12":"product-type-simple"},"acf":[],"yoast_head":"<!-- This site is optimized with the Yoast SEO plugin v25.8 - https:\/\/yoast.com\/wordpress\/plugins\/seo\/ -->\n<title>Ta\u0161ai 78x143x1200 mm #BM-54 - Sherwood<\/title>\n<meta name=\"robots\" content=\"noindex, follow, max-snippet:-1, max-image-preview:large, max-video-preview:-1\" \/>\n<meta property=\"og:locale\" content=\"de_DE\" \/>\n<meta property=\"og:type\" content=\"article\" \/>\n<meta property=\"og:title\" content=\"Ta\u0161ai 78x143x1200 mm #BM-54 - Sherwood\" \/>\n<meta property=\"og:description\" content=\"Mediniai ta\u0161ai pad\u0117kl\u0173 gamybai (78 \u00d7 143 \u00d7 1200 mm) \u2013 tai tvirti, didelio skerspj\u016bvio konstrukciniai elementai, skirti kalad\u0117li\u0173 gamybai mediniams pad\u0117klams bei sustiprintoms pad\u0117kl\u0173 konstrukcijoms. D\u0117l padidinto plo\u010dio \u0161ie ta\u0161ai ypa\u010d tinka pad\u0117klams, kuriems reikalingas didesnis stabilumas ir apkrovos paskirstymas. \u012esigydami ta\u0161us i\u0161 \u201eSherwood JR\u201c, klientai sutaupo laiko ir gamybos ka\u0161t\u0173, nes gauna paruo\u0161t\u0105,...\" \/>\n<meta property=\"og:url\" content=\"https:\/\/sherwoodjr.com\/de\/produktas\/tasai-78x143x1200mm-bm-54\/\" \/>\n<meta property=\"og:site_name\" content=\"Sherwood\" \/>\n<meta name=\"twitter:card\" content=\"summary_large_image\" \/>\n<script type=\"application\/ld+json\" class=\"yoast-schema-graph\">{\"@context\":\"https:\/\/schema.org\",\"@graph\":[{\"@type\":\"WebPage\",\"@id\":\"https:\/\/sherwoodjr.com\/de\/produktas\/tasai-78x143x1200mm-bm-54\/\",\"url\":\"https:\/\/sherwoodjr.com\/de\/produktas\/tasai-78x143x1200mm-bm-54\/\",\"name\":\"Ta\u0161ai 78x143x1200 mm #BM-54 - Sherwood\",\"isPartOf\":{\"@id\":\"https:\/\/sherwoodjr.com\/de\/#website\"},\"primaryImageOfPage\":{\"@id\":\"https:\/\/sherwoodjr.com\/de\/produktas\/tasai-78x143x1200mm-bm-54\/#primaryimage\"},\"image\":{\"@id\":\"https:\/\/sherwoodjr.com\/de\/produktas\/tasai-78x143x1200mm-bm-54\/#primaryimage\"},\"thumbnailUrl\":\"https:\/\/sherwoodjr.com\/wp-content\/uploads\/Tasai_BM-1.png\",\"datePublished\":\"2026-01-02T07:24:00+00:00\",\"breadcrumb\":{\"@id\":\"https:\/\/sherwoodjr.com\/de\/produktas\/tasai-78x143x1200mm-bm-54\/#breadcrumb\"},\"inLanguage\":\"de\",\"potentialAction\":[{\"@type\":\"ReadAction\",\"target\":[\"https:\/\/sherwoodjr.com\/de\/produktas\/tasai-78x143x1200mm-bm-54\/\"]}]},{\"@type\":\"ImageObject\",\"inLanguage\":\"de\",\"@id\":\"https:\/\/sherwoodjr.com\/de\/produktas\/tasai-78x143x1200mm-bm-54\/#primaryimage\",\"url\":\"https:\/\/sherwoodjr.com\/wp-content\/uploads\/Tasai_BM-1.png\",\"contentUrl\":\"https:\/\/sherwoodjr.com\/wp-content\/uploads\/Tasai_BM-1.png\",\"width\":1021,\"height\":1207},{\"@type\":\"BreadcrumbList\",\"@id\":\"https:\/\/sherwoodjr.com\/de\/produktas\/tasai-78x143x1200mm-bm-54\/#breadcrumb\",\"itemListElement\":[{\"@type\":\"ListItem\",\"position\":1,\"name\":\"Home\",\"item\":\"https:\/\/sherwoodjr.com\/de\/pradzia\/\"},{\"@type\":\"ListItem\",\"position\":2,\"name\":\"Katalogas\",\"item\":\"https:\/\/sherwoodjr.com\/de\/katalogas\/\"},{\"@type\":\"ListItem\",\"position\":3,\"name\":\"Ta\u0161ai 78x143x1200 mm #BM-54\"}]},{\"@type\":\"WebSite\",\"@id\":\"https:\/\/sherwoodjr.com\/de\/#website\",\"url\":\"https:\/\/sherwoodjr.com\/de\/\",\"name\":\"Sherwood\",\"description\":\"\",\"potentialAction\":[{\"@type\":\"SearchAction\",\"target\":{\"@type\":\"EntryPoint\",\"urlTemplate\":\"https:\/\/sherwoodjr.com\/de\/?s={search_term_string}\"},\"query-input\":{\"@type\":\"PropertyValueSpecification\",\"valueRequired\":true,\"valueName\":\"search_term_string\"}}],\"inLanguage\":\"de\"}]}<\/script>\n<!-- \/ Yoast SEO plugin. -->","yoast_head_json":{"title":"Ta\u0161ai 78x143x1200 mm #BM-54 - Sherwood","robots":{"index":"noindex","follow":"follow","max-snippet":"max-snippet:-1","max-image-preview":"max-image-preview:large","max-video-preview":"max-video-preview:-1"},"og_locale":"de_DE","og_type":"article","og_title":"Ta\u0161ai 78x143x1200 mm #BM-54 - Sherwood","og_description":"Mediniai ta\u0161ai pad\u0117kl\u0173 gamybai (78 \u00d7 143 \u00d7 1200 mm) \u2013 tai tvirti, didelio skerspj\u016bvio konstrukciniai elementai, skirti kalad\u0117li\u0173 gamybai mediniams pad\u0117klams bei sustiprintoms pad\u0117kl\u0173 konstrukcijoms. D\u0117l padidinto plo\u010dio \u0161ie ta\u0161ai ypa\u010d tinka pad\u0117klams, kuriems reikalingas didesnis stabilumas ir apkrovos paskirstymas. \u012esigydami ta\u0161us i\u0161 \u201eSherwood JR\u201c, klientai sutaupo laiko ir gamybos ka\u0161t\u0173, nes gauna paruo\u0161t\u0105,...","og_url":"https:\/\/sherwoodjr.com\/de\/produktas\/tasai-78x143x1200mm-bm-54\/","og_site_name":"Sherwood","twitter_card":"summary_large_image","schema":{"@context":"https:\/\/schema.org","@graph":[{"@type":"WebPage","@id":"https:\/\/sherwoodjr.com\/de\/produktas\/tasai-78x143x1200mm-bm-54\/","url":"https:\/\/sherwoodjr.com\/de\/produktas\/tasai-78x143x1200mm-bm-54\/","name":"Ta\u0161ai 78x143x1200 mm #BM-54 - Sherwood","isPartOf":{"@id":"https:\/\/sherwoodjr.com\/de\/#website"},"primaryImageOfPage":{"@id":"https:\/\/sherwoodjr.com\/de\/produktas\/tasai-78x143x1200mm-bm-54\/#primaryimage"},"image":{"@id":"https:\/\/sherwoodjr.com\/de\/produktas\/tasai-78x143x1200mm-bm-54\/#primaryimage"},"thumbnailUrl":"https:\/\/sherwoodjr.com\/wp-content\/uploads\/Tasai_BM-1.png","datePublished":"2026-01-02T07:24:00+00:00","breadcrumb":{"@id":"https:\/\/sherwoodjr.com\/de\/produktas\/tasai-78x143x1200mm-bm-54\/#breadcrumb"},"inLanguage":"de","potentialAction":[{"@type":"ReadAction","target":["https:\/\/sherwoodjr.com\/de\/produktas\/tasai-78x143x1200mm-bm-54\/"]}]},{"@type":"ImageObject","inLanguage":"de","@id":"https:\/\/sherwoodjr.com\/de\/produktas\/tasai-78x143x1200mm-bm-54\/#primaryimage","url":"https:\/\/sherwoodjr.com\/wp-content\/uploads\/Tasai_BM-1.png","contentUrl":"https:\/\/sherwoodjr.com\/wp-content\/uploads\/Tasai_BM-1.png","width":1021,"height":1207},{"@type":"BreadcrumbList","@id":"https:\/\/sherwoodjr.com\/de\/produktas\/tasai-78x143x1200mm-bm-54\/#breadcrumb","itemListElement":[{"@type":"ListItem","position":1,"name":"Home","item":"https:\/\/sherwoodjr.com\/de\/pradzia\/"},{"@type":"ListItem","position":2,"name":"Katalogas","item":"https:\/\/sherwoodjr.com\/de\/katalogas\/"},{"@type":"ListItem","position":3,"name":"Ta\u0161ai 78x143x1200 mm #BM-54"}]},{"@type":"WebSite","@id":"https:\/\/sherwoodjr.com\/de\/#website","url":"https:\/\/sherwoodjr.com\/de\/","name":"Sherwood","description":"","potentialAction":[{"@type":"SearchAction","target":{"@type":"EntryPoint","urlTemplate":"https:\/\/sherwoodjr.com\/de\/?s={search_term_string}"},"query-input":{"@type":"PropertyValueSpecification","valueRequired":true,"valueName":"search_term_string"}}],"inLanguage":"de"}]}},"_links":{"self":[{"href":"https:\/\/sherwoodjr.com\/de\/wp-json\/wp\/v2\/product\/768","targetHints":{"allow":["GET"]}}],"collection":[{"href":"https:\/\/sherwoodjr.com\/de\/wp-json\/wp\/v2\/product"}],"about":[{"href":"https:\/\/sherwoodjr.com\/de\/wp-json\/wp\/v2\/types\/product"}],"replies":[{"embeddable":true,"href":"https:\/\/sherwoodjr.com\/de\/wp-json\/wp\/v2\/comments?post=768"}],"wp:featuredmedia":[{"embeddable":true,"href":"https:\/\/sherwoodjr.com\/de\/wp-json\/wp\/v2\/media\/765"}],"wp:attachment":[{"href":"https:\/\/sherwoodjr.com\/de\/wp-json\/wp\/v2\/media?parent=768"}],"wp:term":[{"taxonomy":"product_brand","embeddable":true,"href":"https:\/\/sherwoodjr.com\/de\/wp-json\/wp\/v2\/product_brand?post=768"},{"taxonomy":"product_cat","embeddable":true,"href":"https:\/\/sherwoodjr.com\/de\/wp-json\/wp\/v2\/product_cat?post=768"},{"taxonomy":"product_tag","embeddable":true,"href":"https:\/\/sherwoodjr.com\/de\/wp-json\/wp\/v2\/product_tag?post=768"}],"curies":[{"name":"wp","href":"https:\/\/api.w.org\/{rel}","templated":true}]}}