{"id":758,"date":"2026-01-02T10:50:36","date_gmt":"2026-01-02T07:50:36","guid":{"rendered":"https:\/\/sherwoodjr.com\/produktas\/mediniai-padeklu-apvadai-600x800-mm\/"},"modified":"2026-01-02T10:50:36","modified_gmt":"2026-01-02T07:50:36","slug":"mediniai-padeklu-apvadai-600x800-mm","status":"publish","type":"product","link":"https:\/\/sherwoodjr.com\/de\/produktas\/mediniai-padeklu-apvadai-600x800-mm\/","title":{"rendered":"Mediniai pad\u0117kl\u0173 apvadai 600&#215;800 mm"},"content":{"rendered":"<p data-start=\"195\" data-end=\"469\"><strong data-start=\"195\" data-end=\"236\">Mediniai pad\u0117kl\u0173 apvadai 600 \u00d7 800 mm<\/strong> \u2013 tai prakti\u0161kas ir patikimas sprendimas krovini\u0173 sand\u0117liavimui ir transportavimui. Apvadai tvirtinami prie pad\u0117klo ir leid\u017eia suformuoti stabil\u0173, apsaugin\u012f r\u0117m\u0105, ypa\u010d tinkam\u0105 smulkesn\u0117ms, birioms ar jautrioms prek\u0117ms.<\/p>\n<p data-start=\"471\" data-end=\"813\">Visi apvadai yra d\u017eiovinti ir apdirbti pagal IPPC (ISPM 15) reikalavimus, tod\u0117l tinkami eksportui. Produkcija tiekiama supakuota ant medini\u0173 pad\u0117kl\u0173, paruo\u0161ta saugiam transportavimui.<\/p>\n","protected":false},"excerpt":{"rendered":"<p>Mediniai pad\u0117kl\u0173 apvadai 600 \u00d7 800 mm \u2013 tai prakti\u0161kas ir patikimas sprendimas krovini\u0173 sand\u0117liavimui ir transportavimui. Apvadai tvirtinami prie pad\u0117klo ir leid\u017eia suformuoti stabil\u0173, apsaugin\u012f r\u0117m\u0105, ypa\u010d tinkam\u0105 smulkesn\u0117ms, birioms ar jautrioms prek\u0117ms. Visi apvadai yra d\u017eiovinti ir apdirbti pagal IPPC (ISPM 15) reikalavimus, tod\u0117l tinkami eksportui. Produkcija tiekiama supakuota ant medini\u0173 pad\u0117kl\u0173, paruo\u0161ta&#8230;<\/p>\n","protected":false},"featured_media":759,"comment_status":"closed","ping_status":"closed","template":"","meta":{"_acf_changed":false},"product_brand":[],"product_cat":[132],"product_tag":[],"class_list":{"0":"post-758","1":"product","2":"type-product","3":"status-publish","4":"has-post-thumbnail","6":"product_cat-mediniai-padeklu-apvadai","8":"first","9":"instock","10":"taxable","11":"shipping-taxable","12":"product-type-simple"},"acf":[],"yoast_head":"<!-- This site is optimized with the Yoast SEO plugin v25.8 - https:\/\/yoast.com\/wordpress\/plugins\/seo\/ -->\n<title>Mediniai pad\u0117kl\u0173 apvadai 600x800 mm - Sherwood<\/title>\n<meta name=\"robots\" content=\"noindex, follow, max-snippet:-1, max-image-preview:large, max-video-preview:-1\" \/>\n<meta property=\"og:locale\" content=\"de_DE\" \/>\n<meta property=\"og:type\" content=\"article\" \/>\n<meta property=\"og:title\" content=\"Mediniai pad\u0117kl\u0173 apvadai 600x800 mm - Sherwood\" \/>\n<meta property=\"og:description\" content=\"Mediniai pad\u0117kl\u0173 apvadai 600 \u00d7 800 mm \u2013 tai prakti\u0161kas ir patikimas sprendimas krovini\u0173 sand\u0117liavimui ir transportavimui. Apvadai tvirtinami prie pad\u0117klo ir leid\u017eia suformuoti stabil\u0173, apsaugin\u012f r\u0117m\u0105, ypa\u010d tinkam\u0105 smulkesn\u0117ms, birioms ar jautrioms prek\u0117ms. Visi apvadai yra d\u017eiovinti ir apdirbti pagal IPPC (ISPM 15) reikalavimus, tod\u0117l tinkami eksportui. Produkcija tiekiama supakuota ant medini\u0173 pad\u0117kl\u0173, paruo\u0161ta...\" \/>\n<meta property=\"og:url\" content=\"https:\/\/sherwoodjr.com\/de\/produktas\/mediniai-padeklu-apvadai-600x800-mm\/\" \/>\n<meta property=\"og:site_name\" content=\"Sherwood\" \/>\n<meta name=\"twitter:card\" content=\"summary_large_image\" \/>\n<script type=\"application\/ld+json\" class=\"yoast-schema-graph\">{\"@context\":\"https:\/\/schema.org\",\"@graph\":[{\"@type\":\"WebPage\",\"@id\":\"https:\/\/sherwoodjr.com\/de\/produktas\/mediniai-padeklu-apvadai-600x800-mm\/\",\"url\":\"https:\/\/sherwoodjr.com\/de\/produktas\/mediniai-padeklu-apvadai-600x800-mm\/\",\"name\":\"Mediniai pad\u0117kl\u0173 apvadai 600x800 mm - Sherwood\",\"isPartOf\":{\"@id\":\"https:\/\/sherwoodjr.com\/de\/#website\"},\"primaryImageOfPage\":{\"@id\":\"https:\/\/sherwoodjr.com\/de\/produktas\/mediniai-padeklu-apvadai-600x800-mm\/#primaryimage\"},\"image\":{\"@id\":\"https:\/\/sherwoodjr.com\/de\/produktas\/mediniai-padeklu-apvadai-600x800-mm\/#primaryimage\"},\"thumbnailUrl\":\"https:\/\/sherwoodjr.com\/wp-content\/uploads\/Sarnyrai-ivairiu-matmenu.png\",\"datePublished\":\"2026-01-02T07:50:36+00:00\",\"breadcrumb\":{\"@id\":\"https:\/\/sherwoodjr.com\/de\/produktas\/mediniai-padeklu-apvadai-600x800-mm\/#breadcrumb\"},\"inLanguage\":\"de\",\"potentialAction\":[{\"@type\":\"ReadAction\",\"target\":[\"https:\/\/sherwoodjr.com\/de\/produktas\/mediniai-padeklu-apvadai-600x800-mm\/\"]}]},{\"@type\":\"ImageObject\",\"inLanguage\":\"de\",\"@id\":\"https:\/\/sherwoodjr.com\/de\/produktas\/mediniai-padeklu-apvadai-600x800-mm\/#primaryimage\",\"url\":\"https:\/\/sherwoodjr.com\/wp-content\/uploads\/Sarnyrai-ivairiu-matmenu.png\",\"contentUrl\":\"https:\/\/sherwoodjr.com\/wp-content\/uploads\/Sarnyrai-ivairiu-matmenu.png\",\"width\":1536,\"height\":1024},{\"@type\":\"BreadcrumbList\",\"@id\":\"https:\/\/sherwoodjr.com\/de\/produktas\/mediniai-padeklu-apvadai-600x800-mm\/#breadcrumb\",\"itemListElement\":[{\"@type\":\"ListItem\",\"position\":1,\"name\":\"Home\",\"item\":\"https:\/\/sherwoodjr.com\/de\/pradzia\/\"},{\"@type\":\"ListItem\",\"position\":2,\"name\":\"Katalogas\",\"item\":\"https:\/\/sherwoodjr.com\/de\/katalogas\/\"},{\"@type\":\"ListItem\",\"position\":3,\"name\":\"Mediniai pad\u0117kl\u0173 apvadai 600&#215;800 mm\"}]},{\"@type\":\"WebSite\",\"@id\":\"https:\/\/sherwoodjr.com\/de\/#website\",\"url\":\"https:\/\/sherwoodjr.com\/de\/\",\"name\":\"Sherwood\",\"description\":\"\",\"potentialAction\":[{\"@type\":\"SearchAction\",\"target\":{\"@type\":\"EntryPoint\",\"urlTemplate\":\"https:\/\/sherwoodjr.com\/de\/?s={search_term_string}\"},\"query-input\":{\"@type\":\"PropertyValueSpecification\",\"valueRequired\":true,\"valueName\":\"search_term_string\"}}],\"inLanguage\":\"de\"}]}<\/script>\n<!-- \/ Yoast SEO plugin. -->","yoast_head_json":{"title":"Mediniai pad\u0117kl\u0173 apvadai 600x800 mm - Sherwood","robots":{"index":"noindex","follow":"follow","max-snippet":"max-snippet:-1","max-image-preview":"max-image-preview:large","max-video-preview":"max-video-preview:-1"},"og_locale":"de_DE","og_type":"article","og_title":"Mediniai pad\u0117kl\u0173 apvadai 600x800 mm - Sherwood","og_description":"Mediniai pad\u0117kl\u0173 apvadai 600 \u00d7 800 mm \u2013 tai prakti\u0161kas ir patikimas sprendimas krovini\u0173 sand\u0117liavimui ir transportavimui. Apvadai tvirtinami prie pad\u0117klo ir leid\u017eia suformuoti stabil\u0173, apsaugin\u012f r\u0117m\u0105, ypa\u010d tinkam\u0105 smulkesn\u0117ms, birioms ar jautrioms prek\u0117ms. Visi apvadai yra d\u017eiovinti ir apdirbti pagal IPPC (ISPM 15) reikalavimus, tod\u0117l tinkami eksportui. Produkcija tiekiama supakuota ant medini\u0173 pad\u0117kl\u0173, paruo\u0161ta...","og_url":"https:\/\/sherwoodjr.com\/de\/produktas\/mediniai-padeklu-apvadai-600x800-mm\/","og_site_name":"Sherwood","twitter_card":"summary_large_image","schema":{"@context":"https:\/\/schema.org","@graph":[{"@type":"WebPage","@id":"https:\/\/sherwoodjr.com\/de\/produktas\/mediniai-padeklu-apvadai-600x800-mm\/","url":"https:\/\/sherwoodjr.com\/de\/produktas\/mediniai-padeklu-apvadai-600x800-mm\/","name":"Mediniai pad\u0117kl\u0173 apvadai 600x800 mm - Sherwood","isPartOf":{"@id":"https:\/\/sherwoodjr.com\/de\/#website"},"primaryImageOfPage":{"@id":"https:\/\/sherwoodjr.com\/de\/produktas\/mediniai-padeklu-apvadai-600x800-mm\/#primaryimage"},"image":{"@id":"https:\/\/sherwoodjr.com\/de\/produktas\/mediniai-padeklu-apvadai-600x800-mm\/#primaryimage"},"thumbnailUrl":"https:\/\/sherwoodjr.com\/wp-content\/uploads\/Sarnyrai-ivairiu-matmenu.png","datePublished":"2026-01-02T07:50:36+00:00","breadcrumb":{"@id":"https:\/\/sherwoodjr.com\/de\/produktas\/mediniai-padeklu-apvadai-600x800-mm\/#breadcrumb"},"inLanguage":"de","potentialAction":[{"@type":"ReadAction","target":["https:\/\/sherwoodjr.com\/de\/produktas\/mediniai-padeklu-apvadai-600x800-mm\/"]}]},{"@type":"ImageObject","inLanguage":"de","@id":"https:\/\/sherwoodjr.com\/de\/produktas\/mediniai-padeklu-apvadai-600x800-mm\/#primaryimage","url":"https:\/\/sherwoodjr.com\/wp-content\/uploads\/Sarnyrai-ivairiu-matmenu.png","contentUrl":"https:\/\/sherwoodjr.com\/wp-content\/uploads\/Sarnyrai-ivairiu-matmenu.png","width":1536,"height":1024},{"@type":"BreadcrumbList","@id":"https:\/\/sherwoodjr.com\/de\/produktas\/mediniai-padeklu-apvadai-600x800-mm\/#breadcrumb","itemListElement":[{"@type":"ListItem","position":1,"name":"Home","item":"https:\/\/sherwoodjr.com\/de\/pradzia\/"},{"@type":"ListItem","position":2,"name":"Katalogas","item":"https:\/\/sherwoodjr.com\/de\/katalogas\/"},{"@type":"ListItem","position":3,"name":"Mediniai pad\u0117kl\u0173 apvadai 600&#215;800 mm"}]},{"@type":"WebSite","@id":"https:\/\/sherwoodjr.com\/de\/#website","url":"https:\/\/sherwoodjr.com\/de\/","name":"Sherwood","description":"","potentialAction":[{"@type":"SearchAction","target":{"@type":"EntryPoint","urlTemplate":"https:\/\/sherwoodjr.com\/de\/?s={search_term_string}"},"query-input":{"@type":"PropertyValueSpecification","valueRequired":true,"valueName":"search_term_string"}}],"inLanguage":"de"}]}},"_links":{"self":[{"href":"https:\/\/sherwoodjr.com\/de\/wp-json\/wp\/v2\/product\/758","targetHints":{"allow":["GET"]}}],"collection":[{"href":"https:\/\/sherwoodjr.com\/de\/wp-json\/wp\/v2\/product"}],"about":[{"href":"https:\/\/sherwoodjr.com\/de\/wp-json\/wp\/v2\/types\/product"}],"replies":[{"embeddable":true,"href":"https:\/\/sherwoodjr.com\/de\/wp-json\/wp\/v2\/comments?post=758"}],"wp:featuredmedia":[{"embeddable":true,"href":"https:\/\/sherwoodjr.com\/de\/wp-json\/wp\/v2\/media\/759"}],"wp:attachment":[{"href":"https:\/\/sherwoodjr.com\/de\/wp-json\/wp\/v2\/media?parent=758"}],"wp:term":[{"taxonomy":"product_brand","embeddable":true,"href":"https:\/\/sherwoodjr.com\/de\/wp-json\/wp\/v2\/product_brand?post=758"},{"taxonomy":"product_cat","embeddable":true,"href":"https:\/\/sherwoodjr.com\/de\/wp-json\/wp\/v2\/product_cat?post=758"},{"taxonomy":"product_tag","embeddable":true,"href":"https:\/\/sherwoodjr.com\/de\/wp-json\/wp\/v2\/product_tag?post=758"}],"curies":[{"name":"wp","href":"https:\/\/api.w.org\/{rel}","templated":true}]}}