{"id":703,"date":"2025-08-07T08:38:27","date_gmt":"2025-08-07T05:38:27","guid":{"rendered":"https:\/\/sherwoodjr.com\/privatumo-politika\/"},"modified":"2025-08-07T08:38:27","modified_gmt":"2025-08-07T08:38:27","slug":"privatumo-politika","status":"publish","type":"page","link":"https:\/\/sherwoodjr.com\/de\/privatumo-politika\/","title":{"rendered":"Privatumo Politika"},"content":{"rendered":"<section class=\"l-section wpb_row height_large\"><div class=\"l-section-h i-cf\"><div class=\"g-cols vc_row via_grid cols_1 laptops-cols_inherit tablets-cols_inherit mobiles-cols_1 valign_top type_default stacking_default\"><div class=\"wpb_column vc_column_container\"><div class=\"vc_column-inner\"><div class=\"wpb_text_column\"><div class=\"wpb_wrapper\"><h1 data-path-to-node=\"3\">PRIVATUMO POLITIKA<\/h1>\n<p data-path-to-node=\"4\"><b data-path-to-node=\"4\" data-index-in-node=\"0\">1. Bendrosios nuostatos<\/b><\/p>\n<p data-path-to-node=\"5\">\u012esigyjant prekes ar paslaugas internetin\u0117je svetain\u0117je, palikdami savo asmens duomenis, skirtus tvarkyti J\u016bs\u0173 u\u017esakym\u0105, ir pa\u017eym\u0117j\u0119 varnel\u0119 u\u017esakymo formoje prie\u0161 pateikiant duomenis (jei tokia funkcija yra), J\u016bs sutinkate ir suteikiate teis\u0119 tvarkyti J\u016bs\u0173 pateiktus duomenis pagal \u0161i\u0105 Privatumo politik\u0105 ir Pirkimo-pardavimo taisykles jose numatytais b\u016bdais, tikslais ir apimtimi.<\/p>\n<p data-path-to-node=\"6\">Nesutikus su Taisykl\u0117mis, Politika ar atskirais \u0161i\u0173 taisykli\u0173 punktais, negal\u0117sime suteikti galimyb\u0117s naudotis elektronin\u0117s svetain\u0117s paslaugomis.<\/p>\n<p data-path-to-node=\"7\">Privatumo politikos taisykl\u0117s gali b\u016bti kei\u010diamos, pildomos, atnaujinamos.<\/p>\n<ul data-path-to-node=\"8\">\n<li>\n<p data-path-to-node=\"8,0,0\"><b data-path-to-node=\"8,0,0\" data-index-in-node=\"0\">Asmens duomenys<\/b> \u2013 tai informacija, kuri\u0105 J\u016bs pateikiate ir pagal kuri\u0105 Jus galima identifikuoti, taip pat kita informacija apie asmen\u012f, kuris jau yra identifikuotas.<\/p>\n<\/li>\n<li>\n<p data-path-to-node=\"8,1,0\"><b data-path-to-node=\"8,1,0\" data-index-in-node=\"0\">Asmens duomen\u0173 valdytojas<\/b> \u2013Sherwood JR, MB , \u012fmon\u0117s kodas <span>305594517<\/span>, adresas Ukmerg\u0117s 219-1 LT <span>07152<\/span>, Vilnius, Lietuva tel. +370 639 77778, el. p.info@sherwoodjr.com<\/p>\n<\/li>\n<li>\n<p data-path-to-node=\"8,2,0\"><b data-path-to-node=\"8,2,0\" data-index-in-node=\"0\">Slapukai<\/b> \u2013 ma\u017ei tekstiniai failai, saugomi J\u016bs\u0173 \u012frenginio nar\u0161ykl\u0117je, kai J\u016bs nar\u0161ote interneto svetain\u0117se. Jie pla\u010diai naudojami, kad svetain\u0117s veikt\u0173 arba veikt\u0173 geriau ir veiksmingiau.<\/p>\n<\/li>\n<\/ul>\n<p data-path-to-node=\"9\"><b data-path-to-node=\"9\" data-index-in-node=\"0\">2. Kokia informacij\u0105 renkame apie Jus ir kam j\u0105 naudojame?<\/b><\/p>\n<p data-path-to-node=\"10\"><b data-path-to-node=\"10\" data-index-in-node=\"0\">Statistiniai duomenys apie nar\u0161ym\u0105 svetain\u0117je<\/b> Mes nuolat tobuliname savo interneto svetain\u0119, siekiame, kad ja naudotis b\u016bt\u0173 kuo papras\u010diau ir patogiau. Kad gal\u0117tume tobulinti svetain\u0119, turime \u017einoti, kuri informacija labiausiai domina m\u016bs\u0173 svetain\u0117s lankytojus, i\u0161 kuri\u0173 miest\u0173 m\u016bs\u0173 svetain\u0117 lankoma, kiek da\u017enai lankytojai sugr\u012f\u017eta, koki\u0105 nar\u0161ykl\u0119 naudoja ir pan. \u0160i\u0105 informacij\u0105 renkame naudodami \u201eGoogle Analytics\u201c \u012frankius, kurie leid\u017eia fiksuoti ir analizuoti statistinius svetain\u0117s naudojimo duomenis. Pla\u010diau apie \u201eGoogle Analytics\u201c galite su\u017einoti \u010dia \u2013 <a class=\"ng-star-inserted\" href=\"https:\/\/support.google.com\/analytics\/answer\/6004245?hl=lt\" target=\"_blank\" rel=\"noopener noreferrer nofollow\" data-hveid=\"0\" data-ved=\"0CAAQ_4QMahcKEwiIptS3ooaSAxUAAAAAHQAAAAAQWQ\">https:\/\/support.google.com\/analytics\/answer\/6004245?hl=lt<\/a>.<\/p>\n<p data-path-to-node=\"11\"><b data-path-to-node=\"11\" data-index-in-node=\"0\">Apmok\u0117jimas ir u\u017esakym\u0173 vykdymas<\/b> \u0160ioje internetin\u0117je svetain\u0117je tiesioginiai automatiniai apmok\u0117jimai (pvz., per el. bankininkyst\u0119 ar mok\u0117jimo tarpininkus) <b data-path-to-node=\"11\" data-index-in-node=\"156\">n\u0117ra vykdomi<\/b>. J\u016bs\u0173 asmens duomenys (vardas, pavard\u0117, kontaktai) renkami tik u\u017esakymo administravimo, s\u0105skaitos fakt\u016bros i\u0161ra\u0161ymo ir susisiekimo tikslais. Apmok\u0117jimas vykdomas bankiniu pavedimu pagal pateikt\u0105 s\u0105skait\u0105 arba kitu individualiai sutartu b\u016bdu.<\/p>\n<p data-path-to-node=\"12\"><b data-path-to-node=\"12\" data-index-in-node=\"0\">Pristatymo s\u0105lygos<\/b><\/p>\n<p data-path-to-node=\"12\">Preki\u0173 pristatymo kaina ir terminai derinami individualiai po u\u017esakymo pateikimo. Klientas apie pristatymo s\u0105lygas informuojamas el. pa\u0161tu arba telefonu.<\/p>\n<p data-path-to-node=\"13\"><b data-path-to-node=\"13\" data-index-in-node=\"0\">3. Slapukai<\/b><\/p>\n<p data-path-to-node=\"14\"><b data-path-to-node=\"14\" data-index-in-node=\"0\">Kaip naudojame slapukus?<\/b> M\u016bs\u0173 svetain\u0117s puslapiai naudoja slapukus, kad:<\/p>\n<ul data-path-to-node=\"15\">\n<li>\n<p data-path-to-node=\"15,0,0\">atpa\u017eint\u0173, ar svetain\u0117je nar\u0161o tas pats lankytojas, kuris jau buvo apsilank\u0119s;<\/p>\n<\/li>\n<li>\n<p data-path-to-node=\"15,1,0\">nustatyt\u0173, ar J\u016bs sutikote, kad slapukai b\u016bt\u0173 \u012fra\u0161omi J\u016bs\u0173 \u012frenginiuose.<\/p>\n<\/li>\n<\/ul>\n<p data-path-to-node=\"16\">Taip pat svetain\u0117 gali suteikti prieig\u0105 prie m\u016bs\u0173 partneri\u0173 slapuk\u0173:<\/p>\n<ul data-path-to-node=\"17\">\n<li>\n<p data-path-to-node=\"17,0,0\">\u201eGoogle\u201c slapukai naudojami elgesiu pagr\u012fstos rinkodaros tikslais bei statistinei informacijai rinkti.<\/p>\n<\/li>\n<\/ul>\n<p data-path-to-node=\"18\">Jei pageidaujate, galite kontroliuoti ir (arba) i\u0161trinti slapukus. I\u0161samesn\u0117s informacijos pateikiama adresu aboutcookies.org.<\/p>\n<p data-path-to-node=\"19\"><b data-path-to-node=\"19\" data-index-in-node=\"0\">4. Kam ir kod\u0117l perduodame J\u016bs\u0173 informacij\u0105?<\/b><\/p>\n<p data-path-to-node=\"20\">J\u016bs\u0173 duomenis gali per\u017ei\u016br\u0117ti m\u016bs\u0173 darbuotojai, atsakingi u\u017e interneto svetain\u0117s tobulinim\u0105, prie\u017ei\u016br\u0105 ir u\u017esakym\u0173 vykdym\u0105. J\u016bs\u0173 nar\u0161ymo svetain\u0117je statistinius duomenis saugo m\u016bs\u0173 partneriai \u201eGoogle\u201c, kurie veikia ne Europos S\u0105jungoje (JAV). Mes jokiais atvejais J\u016bs\u0173 duomen\u0173 neparduodame. Visada J\u016bs\u0173 duomenis laikome saugiai.<\/p>\n<p data-path-to-node=\"21\"><b data-path-to-node=\"21\" data-index-in-node=\"0\">5. Kaip galite susipa\u017einti su savo duomenimis?<\/b><\/p>\n<p data-path-to-node=\"22\">Jei nor\u0117tum\u0117te su\u017einoti, kokius duomenis esame apie Jus surink\u0119, arba jei matote, kad duomenys netiksl\u016bs, kreipkit\u0117s el. pa\u0161tu:info@sherwoodjr.com\u00a0<\/p>\n<p data-path-to-node=\"23\"><b data-path-to-node=\"23\" data-index-in-node=\"0\">6. Tiesiogin\u0117 rinkodara ir sutikimas<\/b><\/p>\n<p data-path-to-node=\"24\"><i data-path-to-node=\"24\" data-index-in-node=\"0\">(\u0160i dalis galioja, jei dav\u0117te sutikim\u0105 tiesioginei rinkodarai pa\u017eym\u0117dami atitinkam\u0105 pasirinkim\u0105)<\/i><\/p>\n<p data-path-to-node=\"25\">Sutikdami su tiesiogine rinkodara, J\u016bs leid\u017eiate Sherwood JR, MB (toliau \u2013 Bendrov\u0117) rinkti ir tvarkyti J\u016bs\u0173 asmens duomenis (vard\u0105, pavard\u0119, el. pa\u0161t\u0105, telefono numer\u012f) \u0161iais tikslais:<\/p>\n<ul data-path-to-node=\"26\">\n<li>\n<p data-path-to-node=\"26,0,0\">teikti informacij\u0105, pasi\u016blymus, naujienlai\u0161kius apie Bendrov\u0117s prekes ar paslaugas;<\/p>\n<\/li>\n<li>\n<p data-path-to-node=\"26,1,0\">teikti informacij\u0105 apie vykstan\u010dius renginius ar projektus;<\/p>\n<\/li>\n<li>\n<p data-path-to-node=\"26,2,0\">teirautis nuomon\u0117s apie Bendrov\u0117s veikl\u0105 ir aptarnavimo kokyb\u0119.<\/p>\n<\/li>\n<\/ul>\n<p data-path-to-node=\"27\"><b data-path-to-node=\"27\" data-index-in-node=\"0\">J\u016bs\u0173 teis\u0117s:<\/b> J\u016bs turite teis\u0119 bet kada:<\/p>\n<ul data-path-to-node=\"28\">\n<li>\n<p data-path-to-node=\"28,0,0\">susipa\u017einti su savo asmens duomenimis;<\/p>\n<\/li>\n<li>\n<p data-path-to-node=\"28,1,0\">nesutikti, kad b\u016bt\u0173 tvarkomi J\u016bs\u0173 asmens duomenys tiesiogin\u0117s rinkodaros tikslu;<\/p>\n<\/li>\n<li>\n<p data-path-to-node=\"28,2,0\">reikalauti i\u0161trinti duomenis arba sustabdyti j\u0173 tvarkym\u0105;<\/p>\n<\/li>\n<li>\n<p data-path-to-node=\"28,3,0\">at\u0161aukti savo duot\u0105 sutikim\u0105.<\/p>\n<\/li>\n<\/ul>\n<p data-path-to-node=\"29\">Tai galite padaryti kreipdamiesi el. pa\u0161tu info@sherwoodjr.com\u00a0<\/p>\n<p data-path-to-node=\"30\">Asmens duomenys tiesiogin\u0117s rinkodaros tikslais saugomi 2 (dvejus) metus nuo sutikimo davimo arba tol, kol at\u0161auksite savo sutikim\u0105.<\/p>\n<p>\u00a0<\/p>\n<\/div><\/div><\/div><\/div><\/div><\/div><\/section>\n","protected":false},"excerpt":{"rendered":"PRIVATUMO POLITIKA 1. Bendrosios nuostatos \u012esigyjant prekes ar paslaugas internetin\u0117je svetain\u0117je, palikdami savo asmens duomenis, skirtus tvarkyti J\u016bs\u0173 u\u017esakym\u0105, ir pa\u017eym\u0117j\u0119 varnel\u0119 u\u017esakymo formoje prie\u0161 pateikiant duomenis (jei tokia funkcija yra), J\u016bs sutinkate ir suteikiate teis\u0119 tvarkyti J\u016bs\u0173 pateiktus duomenis pagal \u0161i\u0105 Privatumo politik\u0105 ir Pirkimo-pardavimo taisykles jose numatytais b\u016bdais, tikslais ir apimtimi. Nesutikus su...","protected":false},"author":1,"featured_media":0,"parent":0,"menu_order":0,"comment_status":"closed","ping_status":"closed","template":"","meta":{"_acf_changed":false,"footnotes":""},"class_list":["post-703","page","type-page","status-publish","hentry"],"acf":[],"yoast_head":"<!-- This site is optimized with the Yoast SEO plugin v25.8 - https:\/\/yoast.com\/wordpress\/plugins\/seo\/ -->\n<title>Privatumo Politika - Sherwood<\/title>\n<meta name=\"robots\" content=\"noindex, follow, max-snippet:-1, max-image-preview:large, max-video-preview:-1\" \/>\n<meta property=\"og:locale\" content=\"de_DE\" \/>\n<meta property=\"og:type\" content=\"article\" \/>\n<meta property=\"og:title\" content=\"Privatumo Politika - Sherwood\" \/>\n<meta property=\"og:url\" content=\"https:\/\/sherwoodjr.com\/de\/privatumo-politika\/\" \/>\n<meta property=\"og:site_name\" content=\"Sherwood\" \/>\n<meta property=\"article:modified_time\" content=\"2025-08-07T08:38:27+00:00\" \/>\n<meta name=\"twitter:card\" content=\"summary_large_image\" \/>\n<meta name=\"twitter:label1\" content=\"Gesch\u00e4tzte Lesezeit\" \/>\n\t<meta name=\"twitter:data1\" content=\"4\u00a0Minuten\" \/>\n<script type=\"application\/ld+json\" class=\"yoast-schema-graph\">{\"@context\":\"https:\/\/schema.org\",\"@graph\":[{\"@type\":\"WebPage\",\"@id\":\"https:\/\/sherwoodjr.com\/de\/privatumo-politika\/\",\"url\":\"https:\/\/sherwoodjr.com\/de\/privatumo-politika\/\",\"name\":\"Privatumo Politika - Sherwood\",\"isPartOf\":{\"@id\":\"https:\/\/sherwoodjr.com\/de\/#website\"},\"datePublished\":\"2025-08-07T05:38:27+00:00\",\"dateModified\":\"2025-08-07T08:38:27+00:00\",\"breadcrumb\":{\"@id\":\"https:\/\/sherwoodjr.com\/de\/privatumo-politika\/#breadcrumb\"},\"inLanguage\":\"de\",\"potentialAction\":[{\"@type\":\"ReadAction\",\"target\":[\"https:\/\/sherwoodjr.com\/de\/privatumo-politika\/\"]}]},{\"@type\":\"BreadcrumbList\",\"@id\":\"https:\/\/sherwoodjr.com\/de\/privatumo-politika\/#breadcrumb\",\"itemListElement\":[{\"@type\":\"ListItem\",\"position\":1,\"name\":\"Home\",\"item\":\"https:\/\/sherwoodjr.com\/de\/pradzia\/\"},{\"@type\":\"ListItem\",\"position\":2,\"name\":\"Privatumo Politika\"}]},{\"@type\":\"WebSite\",\"@id\":\"https:\/\/sherwoodjr.com\/de\/#website\",\"url\":\"https:\/\/sherwoodjr.com\/de\/\",\"name\":\"Sherwood\",\"description\":\"\",\"potentialAction\":[{\"@type\":\"SearchAction\",\"target\":{\"@type\":\"EntryPoint\",\"urlTemplate\":\"https:\/\/sherwoodjr.com\/de\/?s={search_term_string}\"},\"query-input\":{\"@type\":\"PropertyValueSpecification\",\"valueRequired\":true,\"valueName\":\"search_term_string\"}}],\"inLanguage\":\"de\"}]}<\/script>\n<!-- \/ Yoast SEO plugin. -->","yoast_head_json":{"title":"Privatumo Politika - Sherwood","robots":{"index":"noindex","follow":"follow","max-snippet":"max-snippet:-1","max-image-preview":"max-image-preview:large","max-video-preview":"max-video-preview:-1"},"og_locale":"de_DE","og_type":"article","og_title":"Privatumo Politika - Sherwood","og_url":"https:\/\/sherwoodjr.com\/de\/privatumo-politika\/","og_site_name":"Sherwood","article_modified_time":"2025-08-07T08:38:27+00:00","twitter_card":"summary_large_image","twitter_misc":{"Gesch\u00e4tzte Lesezeit":"4\u00a0Minuten"},"schema":{"@context":"https:\/\/schema.org","@graph":[{"@type":"WebPage","@id":"https:\/\/sherwoodjr.com\/de\/privatumo-politika\/","url":"https:\/\/sherwoodjr.com\/de\/privatumo-politika\/","name":"Privatumo Politika - Sherwood","isPartOf":{"@id":"https:\/\/sherwoodjr.com\/de\/#website"},"datePublished":"2025-08-07T05:38:27+00:00","dateModified":"2025-08-07T08:38:27+00:00","breadcrumb":{"@id":"https:\/\/sherwoodjr.com\/de\/privatumo-politika\/#breadcrumb"},"inLanguage":"de","potentialAction":[{"@type":"ReadAction","target":["https:\/\/sherwoodjr.com\/de\/privatumo-politika\/"]}]},{"@type":"BreadcrumbList","@id":"https:\/\/sherwoodjr.com\/de\/privatumo-politika\/#breadcrumb","itemListElement":[{"@type":"ListItem","position":1,"name":"Home","item":"https:\/\/sherwoodjr.com\/de\/pradzia\/"},{"@type":"ListItem","position":2,"name":"Privatumo Politika"}]},{"@type":"WebSite","@id":"https:\/\/sherwoodjr.com\/de\/#website","url":"https:\/\/sherwoodjr.com\/de\/","name":"Sherwood","description":"","potentialAction":[{"@type":"SearchAction","target":{"@type":"EntryPoint","urlTemplate":"https:\/\/sherwoodjr.com\/de\/?s={search_term_string}"},"query-input":{"@type":"PropertyValueSpecification","valueRequired":true,"valueName":"search_term_string"}}],"inLanguage":"de"}]}},"_hostinger_reach_plugin_has_subscription_block":false,"_hostinger_reach_plugin_is_elementor":false,"_links":{"self":[{"href":"https:\/\/sherwoodjr.com\/de\/wp-json\/wp\/v2\/pages\/703","targetHints":{"allow":["GET"]}}],"collection":[{"href":"https:\/\/sherwoodjr.com\/de\/wp-json\/wp\/v2\/pages"}],"about":[{"href":"https:\/\/sherwoodjr.com\/de\/wp-json\/wp\/v2\/types\/page"}],"author":[{"embeddable":true,"href":"https:\/\/sherwoodjr.com\/de\/wp-json\/wp\/v2\/users\/1"}],"replies":[{"embeddable":true,"href":"https:\/\/sherwoodjr.com\/de\/wp-json\/wp\/v2\/comments?post=703"}],"version-history":[{"count":0,"href":"https:\/\/sherwoodjr.com\/de\/wp-json\/wp\/v2\/pages\/703\/revisions"}],"wp:attachment":[{"href":"https:\/\/sherwoodjr.com\/de\/wp-json\/wp\/v2\/media?parent=703"}],"curies":[{"name":"wp","href":"https:\/\/api.w.org\/{rel}","templated":true}]}}