{"id":688,"date":"2025-08-11T14:05:03","date_gmt":"2025-08-11T11:05:03","guid":{"rendered":"https:\/\/sherwoodjr.com\/taisykles-ir-salygos\/"},"modified":"2025-08-11T14:05:03","modified_gmt":"2025-08-11T11:05:03","slug":"taisykles-ir-salygos","status":"publish","type":"page","link":"https:\/\/sherwoodjr.com\/de\/taisykles-ir-salygos\/","title":{"rendered":"Taisykl\u0117s ir s\u0105lygos"},"content":{"rendered":"<section class=\"l-section wpb_row height_large\"><div class=\"l-section-h i-cf\"><div class=\"g-cols vc_row via_grid cols_1 laptops-cols_inherit tablets-cols_inherit mobiles-cols_1 valign_top type_default stacking_default\"><div class=\"wpb_column vc_column_container\"><div class=\"vc_column-inner\"><div class=\"wpb_text_column\"><div class=\"wpb_wrapper\"><h1 data-path-to-node=\"3\">PREKI\u0172 PIRKIMO \u2013 PARDAVIMO TAISYKL\u0116S<\/h1>\n<p data-path-to-node=\"4\"><b data-path-to-node=\"4\" data-index-in-node=\"0\">1. Bendrosios nuostatos<\/b><\/p>\n<p data-path-to-node=\"5\">1.1. \u0160ios preki\u0173 pirkimo \u2013 pardavimo taisykl\u0117s (toliau \u2013 \u201eTaisykl\u0117s\u201c) nustato bendr\u0105sias naudojimosi Sherwood JR,MB internetine parduotuve www.sherwoodjr.com s\u0105lygas. Taisykl\u0117s yra taikomos, kai Pirk\u0117jas renkasi, u\u017esako ir perka parduotuv\u0117je si\u016blomas prekes ar bet kaip kitaip naudojasi parduotuv\u0117s teikiamomis paslaugomis. 1.2. Sherwood JR, MB parduotuv\u0117 yra prekybos vieta internete. 1.3. Parduotuv\u0117je preki\u0173 prekyb\u0105 organizuoja, vykdo ir su ja susijusias paslaugas Pirk\u0117jui teikia Sherwood JR, MB, \u012fmon\u0117s adresas: Ukmerg\u0117s 219-1, LT <span>07152, Vilnius, Lietuva<\/span> \u012fmon\u0117s kodas <span>305594517<\/span>, PVM mok\u0117tojo kodas <span>LT100013299611<\/span>. 1.4. Pirk\u0117ju \u0161iose Taisykl\u0117se yra bet kuris asmuo, perkantis internetin\u0117je parduotuv\u0117je ar besinaudojantis kitomis jos paslaugomis. Naudotis internetine parduotuve ir joje pirkti turi teis\u0119 veiksn\u016bs fiziniai asmenys, sulauk\u0119 pilnametyst\u0117s, bei juridiniai asmenys. 1.5. Pateikdamas u\u017esakym\u0105 Pirk\u0117jas bes\u0105lygi\u0161kai patvirtina, jog jis turi teis\u0119 pirkti \u0161ioje internetin\u0117je parduotuv\u0117je. 1.6. Kartu su Pirk\u0117jo pateiktu preki\u0173 u\u017esakymu \u0161ios Taisykl\u0117s tampa tarp Pirk\u0117jo ir Pardav\u0117jo sudaryta sutartimi ir yra abiem \u0161alims privalomas teisinis dokumentas. Sutartis laikoma sudaryta, kai Pirk\u0117jas suformuoja ir pateikia preki\u0173 u\u017esakym\u0105, o Pardav\u0117jas Pirk\u0117jo nurodytu elektroniniu pa\u0161tu i\u0161siun\u010dia patvirtinim\u0105, kad Pirk\u0117jo u\u017esakymas yra priimtas. 1.7. Pirk\u0117jui u\u017esisakius preki\u0173 laikoma, jog Pirk\u0117jas susipa\u017eino ir be i\u0161im\u010di\u0173 sutiko su Taisykl\u0117mis. 1.8. Pardav\u0117jas pasilieka teis\u0119 pakeisti, taisyti ar papildyti Taisykles. Pirk\u0117jui apsiperkant taikomos Taisykl\u0117s, galiojan\u010dios u\u017esakymo pateikimo momentu. 1.9. Pardav\u0117jas neprisiima jokios rizikos ar atsakomyb\u0117s ir yra nuo jos be i\u0161im\u010di\u0173 atleid\u017eiamas, jei Pirk\u0117jas i\u0161 dalies ar visi\u0161kai nesusipa\u017eino su Taisykl\u0117mis, nors jam tokia galimyb\u0117 buvo suteikta. 1.10. Pardav\u0117jas turi teis\u0119 be \u012fsp\u0117jimo apriboti Pirk\u0117jo naudojim\u0105si internetin\u0117s parduotuv\u0117s paslaugomis, jeigu Pirk\u0117jas ja naudojasi pa\u017eeisdamas \u0161ias Taisykles, bando pakenkti darbo stabilumui ar saugumui.<\/p>\n<p data-path-to-node=\"6\"><b data-path-to-node=\"6\" data-index-in-node=\"0\">2. Asmens duomen\u0173 tvarkymas<\/b><\/p>\n<p data-path-to-node=\"7\">2.1. Pirk\u0117jas, nor\u0117damas u\u017esisakyti prekes, privalo u\u017epildyti u\u017esakymo form\u0105. Formoje privalu pateikti \u0161iuos Pirk\u0117jo asmeninius duomenis: vard\u0105, pavard\u0119, elektronin\u012f pa\u0161t\u0105, telefono numer\u012f, adres\u0105 ir kitus preki\u0173 pristatymui ar s\u0105skaitos i\u0161ra\u0161ymui b\u016btinus duomenis. 2.2. Pirk\u0117jas yra atsakingas, kad formoje pateikti duomenys b\u016bt\u0173 tiksl\u016bs ir teisingi. 2.3. Pirk\u0117jo u\u017esakymo metu pateikiami asmens duomenys bus tvarkomi pagal Privatumo politik\u0105. 2.4. Pirk\u0117jo asmens duomenys bus naudojami identifikuojant Pirk\u0117j\u0105, vykdant preki\u0173 pardavim\u0105 ir pristatym\u0105, i\u0161ra\u0161ant apskaitos dokumentus, vykdant kitus i\u0161 pirkimo-pardavimo sutarties kylan\u010dius \u012fsipareigojimus. 2.5. Pirk\u0117jo asmens duomenys bus tvarkomi tiesiogin\u0117s rinkodaros tikslais tik gavus atskir\u0105 Pirk\u0117jo sutikim\u0105 (pvz., pa\u017eymint atitinkam\u0105 laukel\u012f).<\/p>\n<p data-path-to-node=\"8\"><b data-path-to-node=\"8\" data-index-in-node=\"0\">3. Preki\u0173 kainos, apmok\u0117jimo tvarka ir terminai<\/b><\/p>\n<p data-path-to-node=\"9\">3.1. Preki\u0173 kainos internetin\u0117je parduotuv\u0117je ir suformuotame u\u017esakyme pateiktos Eurais (su PVM, jei taikoma). Prek\u0117s parduodamos kainomis, galiojan\u010diomis u\u017esakymo pateikimo momentu. 3.2. Tiesioginis apmok\u0117jimas internetin\u0117je svetain\u0117je n\u0117ra vykdomas. Pirk\u0117jas u\u017e prekes atsiskaito vienu i\u0161 \u0161i\u0173 b\u016bd\u0173: 3.2.1. <b data-path-to-node=\"9\" data-index-in-node=\"308\">Bankiniu pavedimu<\/b> \u2013 pagal pateikt\u0105 i\u0161ankstin\u0119 s\u0105skait\u0105 fakt\u016br\u0105, kuri\u0105 Pirk\u0117jas gauna el. pa\u0161tu po u\u017esakymo patvirtinimo. \u00a03.3. Pirk\u0117jas \u012fsipareigoja u\u017e u\u017esakytas prekes sumok\u0117ti per atskiru susitarimu Nustatyt\u0105 termin\u0105 nuo s\u0105skaitos gavimo.. 3.4. S\u0105skait\u0105-fakt\u016br\u0105 Pardav\u0117jas i\u0161ra\u0161o ir Pirk\u0117jui pateikia el. pa\u0161tu.<\/p>\n<p data-path-to-node=\"10\"><b data-path-to-node=\"10\" data-index-in-node=\"0\">4. Preki\u0173 komplektavimas ir pristatymas<\/b><\/p>\n<p data-path-to-node=\"11\">4.1. Pristatymo kaina priklauso nuo Preki\u0173 pristatymo vietos ir yra \u012ftraukiama \u012f galutin\u0119 prek\u0117s kain\u0105. \u00a04.2. Pardav\u0117jas \u012fsipareigoja pristatyti prekes Pirk\u0117jui laikydamasis preki\u0173 apra\u0161ymuose nurodyt\u0173 termin\u0173. \u0160ie terminai yra preliminar\u016bs.<\/p>\n<p data-path-to-node=\"12\"><b data-path-to-node=\"12\" data-index-in-node=\"0\">5. Preki\u0173 kokyb\u0117s garantija<\/b><\/p>\n<p data-path-to-node=\"13\">5.1. Vis\u0173 parduodam\u0173 preki\u0173 savyb\u0117s bendrai nurodomos prie kiekvienos prek\u0117s esan\u010diame prek\u0117s apra\u0161yme. 5.2. Pardav\u0117jas neatsako u\u017e tai, kad internetin\u0117je parduotuv\u0117je esan\u010dios prek\u0117s savo spalva, forma ar kitais parametrais gali neatitikti realaus preki\u0173 dyd\u017eio, form\u0173 ir spalvos d\u0117l Pirk\u0117jo naudojamo vaizduoklio ypatybi\u0173. 5.3. Pardav\u0117jas \u012fsipareigoja parduoti prekes, atitinkan\u010dias u\u017esakym\u0105 ir kokyb\u0117s reikalavimus.<\/p>\n<p data-path-to-node=\"14\"><b data-path-to-node=\"14\" data-index-in-node=\"0\">6. Sutarties atsisakymas. Preki\u0173 keitimas ir gr\u0105\u017einimas<\/b><\/p>\n<p data-path-to-node=\"15\">6.1. Pirk\u0117jas turi teis\u0119 atsisakyti preki\u0173 pirkimo \u2013 pardavimo sutarties, prane\u0161damas apie tai Pardav\u0117jui ra\u0161tu ne v\u0117liau kaip per 14 (keturiolika) kalendorini\u0173 dien\u0173 nuo prek\u0117s pristatymo dienos. Prane\u0161im\u0105 Pirk\u0117jas privalo pateikti el. pa\u0161tu: info@sherwoodjr.com Apie nekokybi\u0161k\u0105 prek\u0119 b\u016btina informuoti nedelsiant, bet ne v\u0117liau kaip per 8 valandas nuo gavimo, pateikiant nuotraukas ir pa\u017eymint CMR apie aptiktus prek\u0117s neatitikimus.\u00a0<\/p>\n<p data-path-to-node=\"16\"><b data-path-to-node=\"16\" data-index-in-node=\"0\">7. Apsikeitimas informacija<\/b><\/p>\n<p data-path-to-node=\"17\">7.1. Pardav\u0117jas visus prane\u0161imus siun\u010dia Pirk\u0117jo u\u017esakymo formoje pateiktu elektroninio pa\u0161to adresu ar telefonu. 7.2. Pirk\u0117jas visus klausimus siun\u010dia el. pa\u0161tu info@sherwoodjr.com ar telefonu +370 639 77778<\/p>\n<p data-path-to-node=\"18\"><b data-path-to-node=\"18\" data-index-in-node=\"0\">8. Baigiamosios nuostatos<\/b><\/p>\n<p data-path-to-node=\"19\">8.1. \u0160ios Taisykl\u0117s sudarytos vadovaujantis Lietuvos Respublikos teis\u0117s aktais. 8.2. Visi nesutarimai, kil\u0119 d\u0117l \u0161i\u0173 Taisykli\u0173 vykdymo, sprend\u017eiami deryb\u0173 b\u016bdu. Nepavykus susitarti, gin\u010dai sprend\u017eiami Lietuvos Respublikos \u012fstatym\u0173 nustatyta tvarka.<\/p>\n<p>\u00a0<\/p>\n<\/div><\/div><\/div><\/div><\/div><\/div><\/section>\n","protected":false},"excerpt":{"rendered":"PREKI\u0172 PIRKIMO \u2013 PARDAVIMO TAISYKL\u0116S 1. Bendrosios nuostatos 1.1. \u0160ios preki\u0173 pirkimo \u2013 pardavimo taisykl\u0117s (toliau \u2013 \u201eTaisykl\u0117s\u201c) nustato bendr\u0105sias naudojimosi Sherwood JR,MB internetine parduotuve www.sherwoodjr.com s\u0105lygas. Taisykl\u0117s yra taikomos, kai Pirk\u0117jas renkasi, u\u017esako ir perka parduotuv\u0117je si\u016blomas prekes ar bet kaip kitaip naudojasi parduotuv\u0117s teikiamomis paslaugomis. 1.2. Sherwood JR, MB parduotuv\u0117 yra prekybos vieta...","protected":false},"author":1,"featured_media":0,"parent":0,"menu_order":0,"comment_status":"closed","ping_status":"closed","template":"","meta":{"_acf_changed":false,"footnotes":""},"class_list":["post-688","page","type-page","status-publish","hentry"],"acf":[],"yoast_head":"<!-- This site is optimized with the Yoast SEO plugin v25.8 - https:\/\/yoast.com\/wordpress\/plugins\/seo\/ -->\n<title>Taisykl\u0117s ir s\u0105lygos - Sherwood<\/title>\n<meta name=\"robots\" content=\"noindex, follow, max-snippet:-1, max-image-preview:large, max-video-preview:-1\" \/>\n<meta property=\"og:locale\" content=\"de_DE\" \/>\n<meta property=\"og:type\" content=\"article\" \/>\n<meta property=\"og:title\" content=\"Taisykl\u0117s ir s\u0105lygos - Sherwood\" \/>\n<meta property=\"og:url\" content=\"https:\/\/sherwoodjr.com\/de\/taisykles-ir-salygos\/\" \/>\n<meta property=\"og:site_name\" content=\"Sherwood\" \/>\n<meta name=\"twitter:card\" content=\"summary_large_image\" \/>\n<meta name=\"twitter:label1\" content=\"Gesch\u00e4tzte Lesezeit\" \/>\n\t<meta name=\"twitter:data1\" content=\"4\u00a0Minuten\" \/>\n<script type=\"application\/ld+json\" class=\"yoast-schema-graph\">{\"@context\":\"https:\/\/schema.org\",\"@graph\":[{\"@type\":\"WebPage\",\"@id\":\"https:\/\/sherwoodjr.com\/de\/taisykles-ir-salygos\/\",\"url\":\"https:\/\/sherwoodjr.com\/de\/taisykles-ir-salygos\/\",\"name\":\"Taisykl\u0117s ir s\u0105lygos - Sherwood\",\"isPartOf\":{\"@id\":\"https:\/\/sherwoodjr.com\/de\/#website\"},\"datePublished\":\"2025-08-11T11:05:03+00:00\",\"breadcrumb\":{\"@id\":\"https:\/\/sherwoodjr.com\/de\/taisykles-ir-salygos\/#breadcrumb\"},\"inLanguage\":\"de\",\"potentialAction\":[{\"@type\":\"ReadAction\",\"target\":[\"https:\/\/sherwoodjr.com\/de\/taisykles-ir-salygos\/\"]}]},{\"@type\":\"BreadcrumbList\",\"@id\":\"https:\/\/sherwoodjr.com\/de\/taisykles-ir-salygos\/#breadcrumb\",\"itemListElement\":[{\"@type\":\"ListItem\",\"position\":1,\"name\":\"Home\",\"item\":\"https:\/\/sherwoodjr.com\/de\/pradzia\/\"},{\"@type\":\"ListItem\",\"position\":2,\"name\":\"Taisykl\u0117s ir s\u0105lygos\"}]},{\"@type\":\"WebSite\",\"@id\":\"https:\/\/sherwoodjr.com\/de\/#website\",\"url\":\"https:\/\/sherwoodjr.com\/de\/\",\"name\":\"Sherwood\",\"description\":\"\",\"potentialAction\":[{\"@type\":\"SearchAction\",\"target\":{\"@type\":\"EntryPoint\",\"urlTemplate\":\"https:\/\/sherwoodjr.com\/de\/?s={search_term_string}\"},\"query-input\":{\"@type\":\"PropertyValueSpecification\",\"valueRequired\":true,\"valueName\":\"search_term_string\"}}],\"inLanguage\":\"de\"}]}<\/script>\n<!-- \/ Yoast SEO plugin. -->","yoast_head_json":{"title":"Taisykl\u0117s ir s\u0105lygos - Sherwood","robots":{"index":"noindex","follow":"follow","max-snippet":"max-snippet:-1","max-image-preview":"max-image-preview:large","max-video-preview":"max-video-preview:-1"},"og_locale":"de_DE","og_type":"article","og_title":"Taisykl\u0117s ir s\u0105lygos - Sherwood","og_url":"https:\/\/sherwoodjr.com\/de\/taisykles-ir-salygos\/","og_site_name":"Sherwood","twitter_card":"summary_large_image","twitter_misc":{"Gesch\u00e4tzte Lesezeit":"4\u00a0Minuten"},"schema":{"@context":"https:\/\/schema.org","@graph":[{"@type":"WebPage","@id":"https:\/\/sherwoodjr.com\/de\/taisykles-ir-salygos\/","url":"https:\/\/sherwoodjr.com\/de\/taisykles-ir-salygos\/","name":"Taisykl\u0117s ir s\u0105lygos - Sherwood","isPartOf":{"@id":"https:\/\/sherwoodjr.com\/de\/#website"},"datePublished":"2025-08-11T11:05:03+00:00","breadcrumb":{"@id":"https:\/\/sherwoodjr.com\/de\/taisykles-ir-salygos\/#breadcrumb"},"inLanguage":"de","potentialAction":[{"@type":"ReadAction","target":["https:\/\/sherwoodjr.com\/de\/taisykles-ir-salygos\/"]}]},{"@type":"BreadcrumbList","@id":"https:\/\/sherwoodjr.com\/de\/taisykles-ir-salygos\/#breadcrumb","itemListElement":[{"@type":"ListItem","position":1,"name":"Home","item":"https:\/\/sherwoodjr.com\/de\/pradzia\/"},{"@type":"ListItem","position":2,"name":"Taisykl\u0117s ir s\u0105lygos"}]},{"@type":"WebSite","@id":"https:\/\/sherwoodjr.com\/de\/#website","url":"https:\/\/sherwoodjr.com\/de\/","name":"Sherwood","description":"","potentialAction":[{"@type":"SearchAction","target":{"@type":"EntryPoint","urlTemplate":"https:\/\/sherwoodjr.com\/de\/?s={search_term_string}"},"query-input":{"@type":"PropertyValueSpecification","valueRequired":true,"valueName":"search_term_string"}}],"inLanguage":"de"}]}},"_hostinger_reach_plugin_has_subscription_block":false,"_hostinger_reach_plugin_is_elementor":false,"_links":{"self":[{"href":"https:\/\/sherwoodjr.com\/de\/wp-json\/wp\/v2\/pages\/688","targetHints":{"allow":["GET"]}}],"collection":[{"href":"https:\/\/sherwoodjr.com\/de\/wp-json\/wp\/v2\/pages"}],"about":[{"href":"https:\/\/sherwoodjr.com\/de\/wp-json\/wp\/v2\/types\/page"}],"author":[{"embeddable":true,"href":"https:\/\/sherwoodjr.com\/de\/wp-json\/wp\/v2\/users\/1"}],"replies":[{"embeddable":true,"href":"https:\/\/sherwoodjr.com\/de\/wp-json\/wp\/v2\/comments?post=688"}],"version-history":[{"count":0,"href":"https:\/\/sherwoodjr.com\/de\/wp-json\/wp\/v2\/pages\/688\/revisions"}],"wp:attachment":[{"href":"https:\/\/sherwoodjr.com\/de\/wp-json\/wp\/v2\/media?parent=688"}],"curies":[{"name":"wp","href":"https:\/\/api.w.org\/{rel}","templated":true}]}}