{"id":674,"date":"2025-08-11T14:40:17","date_gmt":"2025-08-11T11:40:17","guid":{"rendered":"https:\/\/sherwoodjr.com\/kontaktai\/"},"modified":"2025-08-11T14:40:17","modified_gmt":"2025-08-11T11:40:17","slug":"kontaktai","status":"publish","type":"page","link":"https:\/\/sherwoodjr.com\/de\/kontaktai\/","title":{"rendered":"Kontaktai"},"content":{"rendered":"<section class=\"l-section wpb_row us_custom_52bb4fcb height_small\"><div class=\"l-section-h i-cf\"><div class=\"g-cols vc_row via_grid cols_1 laptops-cols_inherit tablets-cols_inherit mobiles-cols_1 valign_top type_default stacking_default\"><div class=\"wpb_column vc_column_container\"><div class=\"vc_column-inner\"><nav class=\"g-breadcrumbs us_custom_8b3a3b1f separator_custom align_none\" itemscope itemtype=\"http:\/\/schema.org\/BreadcrumbList\"><div class=\"g-breadcrumbs-item\" itemscope itemprop=\"itemListElement\" itemtype=\"http:\/\/schema.org\/ListItem\"><a itemprop=\"item\" href=\"https:\/\/sherwoodjr.com\/de\/\"><span itemprop=\"name\">Prad\u017eia<\/span><\/a><meta itemprop=\"position\" content=\"1\"\/><\/div><div class=\"g-breadcrumbs-separator\">\/<\/div><div class=\"g-breadcrumbs-item\">Seiten<\/div><\/nav><\/div><\/div><\/div><\/div><\/section><section class=\"l-section wpb_row height_medium\"><div class=\"l-section-h i-cf\"><div class=\"g-cols vc_row via_grid cols_3-2 laptops-cols_inherit tablets-cols_inherit mobiles-cols_1 valign_top type_default stacking_default\" style=\"--columns-gap:3rem;--laptops-columns-gap:3rem;--tablets-columns-gap:3rem;--mobiles-columns-gap:1.5rem;\"><div class=\"wpb_column vc_column_container us_custom_0700f52a\"><div class=\"vc_column-inner\"><h2 class=\"w-text\"><span class=\"w-text-h\"><span class=\"w-text-value\">Susisiekite su mumis<\/span><\/span><\/h2><div class=\"w-separator size_custom\" style=\"height:1vmax\"><\/div><div class=\"g-cols wpb_row via_grid cols_2 laptops-cols_inherit tablets-cols_inherit mobiles-cols_1 valign_top type_default stacking_default\" style=\"--columns-gap:3rem;--laptops-columns-gap:3rem;--tablets-columns-gap:1.5rem;--mobiles-columns-gap:1rem;\"><div class=\"wpb_column vc_column_container\"><div class=\"vc_column-inner\"><div class=\"w-iconbox us_custom_ea2be81a icons-contact iconpos_left style_default color_custom align_left\"><a href=\"tel:+ 370 639 77778\" class=\"w-iconbox-link\" aria-label=\"+ 370 639 77778\"><div class=\"w-iconbox-icon\" style=\"font-size:1.5rem;--icon-color:#215843;--icon-bg-color:var(--color-content-heading);\"><i class=\"fas fa-phone-alt\"><\/i><\/div><\/a><div class=\"w-iconbox-meta\"><h6 class=\"w-iconbox-title\" style=\"font-size:1rem;\"><a href=\"tel:+ 370 639 77778\" class=\"w-iconbox-link\" aria-label=\"+ 370 639 77778\">+ 370 639 77778<\/a><\/h6><div class=\"w-iconbox-text\"><p>Telefonas<\/p>\n<\/div><\/div><\/div><\/div><\/div><div class=\"wpb_column vc_column_container\"><div class=\"vc_column-inner\"><div class=\"w-iconbox us_custom_ea2be81a icons-contact iconpos_left style_default color_custom align_left\"><a href=\"mailto:info@sherwoodjr.com\" class=\"w-iconbox-link\" aria-label=\"info@sherwoodjr.com\"><div class=\"w-iconbox-icon\" style=\"font-size:1.5rem;--icon-color:#215843;--icon-bg-color:var(--color-content-heading);\"><i class=\"far fa-at\"><\/i><\/div><\/a><div class=\"w-iconbox-meta\"><h6 class=\"w-iconbox-title\" style=\"font-size:1rem;\"><a href=\"mailto:info@sherwoodjr.com\" class=\"w-iconbox-link\" aria-label=\"info@sherwoodjr.com\">info@sherwoodjr.com<\/a><\/h6><div class=\"w-iconbox-text\"><p><span>El.pa\u0161tas<\/span><\/p>\n<\/div><\/div><\/div><\/div><\/div><\/div><div class=\"w-separator size_custom\" style=\"height:2rem\" id=\"yc26\"><style>@media(max-width:600px){ #yc26{height:1rem!important}}<\/style><\/div><div class=\"g-cols wpb_row via_grid cols_2 laptops-cols_inherit tablets-cols_inherit mobiles-cols_1 valign_top type_default stacking_default\" style=\"--columns-gap:3rem;--laptops-columns-gap:3rem;--tablets-columns-gap:1.5rem;--mobiles-columns-gap:1rem;\"><div class=\"wpb_column vc_column_container\"><div class=\"vc_column-inner\"><div class=\"w-iconbox us_custom_ea2be81a icons-contact iconpos_left style_default color_custom align_left\"><a target=\"_blank\" href=\"https:\/\/maps.app.goo.gl\/8grY7htY7JoTXM8k8\" class=\"w-iconbox-link\" aria-label=\"Ukmerg\u0117s g. 219, Vilnius\"><div class=\"w-iconbox-icon\" style=\"font-size:1.5rem;--icon-color:#215843;--icon-bg-color:var(--color-content-heading);\"><i class=\"fas fa-location-arrow\"><\/i><\/div><\/a><div class=\"w-iconbox-meta\"><h6 class=\"w-iconbox-title\" style=\"font-size:1rem;\"><a target=\"_blank\" href=\"https:\/\/maps.app.goo.gl\/8grY7htY7JoTXM8k8\" class=\"w-iconbox-link\" aria-label=\"Ukmerg\u0117s g. 219, Vilnius\">Ukmerg\u0117s g. 219, Vilnius<\/a><\/h6><div class=\"w-iconbox-text\"><p><span>Adresas<\/span><\/p>\n<\/div><\/div><\/div><\/div><\/div><div class=\"wpb_column vc_column_container\"><div class=\"vc_column-inner\"><div class=\"w-iconbox us_custom_ea2be81a icons-contact iconpos_left style_default color_custom align_left\"><div class=\"w-iconbox-icon\" style=\"font-size:1.5rem;--icon-color:#215843;--icon-bg-color:var(--color-content-heading);\"><i class=\"fas fa-clock\"><\/i><\/div><div class=\"w-iconbox-meta\"><h6 class=\"w-iconbox-title\" style=\"font-size:1rem;\">I &#8211; V 8:00 &#8211; 17:00<\/h6><div class=\"w-iconbox-text\"><p><span>Darbo laikas<\/span><\/p>\n<\/div><\/div><\/div><\/div><\/div><\/div><div class=\"w-separator size_custom with_line width_default thick_1 style_solid color_border align_center\" style=\"height:6vmax\" id=\"g1e2\"><style>@media(max-width:600px){ #g1e2{height:10vmax!important}}<\/style><div class=\"w-separator-h\"><\/div><\/div><h2 class=\"w-text\"><span class=\"w-text-h\"><span class=\"w-text-value\">Rekvizitai<\/span><\/span><\/h2><h6 class=\"w-text\"><span class=\"w-text-h\"><span class=\"w-text-value\">MB &#8222;Sherwood JR&#8220;<\/span><\/span><\/h6><div class=\"wpb_text_column\"><div class=\"wpb_wrapper\"><p>\u012emon\u0117s kodas: <span>305594517<\/span><br \/>\nPVM kodas: <span>LT100013299611<\/span><br \/>\nAdresas: <span>Vilnius, Ukmerg\u0117s g. 219-1, LT-07152<\/span><br \/>\nEl.pa\u0161tas: <a href=\"mailto:info@sherwoodjr.com\">info@sherwoodjr.com<\/a><br \/>\nMob.telefonas: <a href=\"tel:+37063977778\">+ 370 639 77778<\/a><\/p>\n<\/div><\/div><\/div><\/div><div class=\"wpb_column vc_column_container type_sticky\"><div class=\"vc_column-inner\"><div class=\"g-cols wpb_row us_custom_02a2b92c via_grid cols_1 laptops-cols_inherit tablets-cols_inherit mobiles-cols_1 valign_top type_default stacking_default\" style=\"--columns-gap:3rem;\"><div class=\"wpb_column vc_column_container\"><div class=\"vc_column-inner\"><section class=\"l-section wpb_row us_custom_53f4002c height_auto width_full\"><div class=\"l-section-h i-cf\"><div class=\"g-cols vc_row via_grid cols_1 laptops-cols_inherit tablets-cols_inherit mobiles-cols_1 valign_top type_default stacking_default\"><div class=\"wpb_column vc_column_container\"><div class=\"vc_column-inner\"><h3 class=\"w-text us_custom_0259209c has_text_color\"><span class=\"w-text-h\"><span class=\"w-text-value\">Turite klausim\u0173? Klauskite!<\/span><\/span><\/h3><style id=\"wpforms-css-vars-54\">\n\t\t\t\t#wpforms-54 {\n\t\t\t\t--wpforms-field-size-input-height: 43px;\n--wpforms-field-size-input-spacing: 15px;\n--wpforms-field-size-font-size: 16px;\n--wpforms-field-size-line-height: 19px;\n--wpforms-field-size-padding-h: 14px;\n--wpforms-field-size-checkbox-size: 16px;\n--wpforms-field-size-sublabel-spacing: 5px;\n--wpforms-field-size-icon-size: 1;\n--wpforms-label-size-font-size: 16px;\n--wpforms-label-size-line-height: 19px;\n--wpforms-label-size-sublabel-font-size: 14px;\n--wpforms-label-size-sublabel-line-height: 17px;\n--wpforms-button-size-font-size: 17px;\n--wpforms-button-size-height: 41px;\n--wpforms-button-size-padding-h: 15px;\n--wpforms-button-size-margin-top: 10px;\n--wpforms-container-shadow-size-box-shadow: none;\n\n\t\t\t}\n\t\t\t<\/style><div class=\"wpforms-container wpforms-container-full contact wpforms-render-modern\" id=\"wpforms-54\"><form id=\"wpforms-form-54\" class=\"wpforms-validate wpforms-form wpforms-ajax-form\" data-formid=\"54\" method=\"post\" enctype=\"multipart\/form-data\" action=\"\/de\/wp-json\/wp\/v2\/pages\/674\" data-token=\"3a3496cb7dd0e582b302d9518346120c\" data-token-time=\"1776175904\"><noscript class=\"wpforms-error-noscript\">Bitte aktiviere JavaScript in deinem Browser, um dieses Formular fertigzustellen.<\/noscript><div id=\"wpforms-error-noscript\" style=\"display: none;\">Bitte aktiviere JavaScript in deinem Browser, um dieses Formular fertigzustellen.<\/div><div class=\"wpforms-field-container\"><div id=\"wpforms-54-field_1-container\" class=\"wpforms-field wpforms-field-name\" data-field-id=\"1\"><label class=\"wpforms-field-label wpforms-label-hide\" for=\"wpforms-54-field_1\" aria-hidden=\"false\">Vardas <span class=\"wpforms-required-label\" aria-hidden=\"true\">*<\/span><\/label><input type=\"text\" id=\"wpforms-54-field_1\" class=\"wpforms-field-large wpforms-field-required\" name=\"wpforms[fields][1]\" placeholder=\"Vardas\" aria-errormessage=\"wpforms-54-field_1-error\" required><\/div><div id=\"wpforms-54-field_2-container\" class=\"wpforms-field wpforms-field-email\" data-field-id=\"2\"><label class=\"wpforms-field-label wpforms-label-hide\" for=\"wpforms-54-field_2\" aria-hidden=\"false\">El.pa\u0161tas <span class=\"wpforms-required-label\" aria-hidden=\"true\">*<\/span><\/label><input type=\"email\" id=\"wpforms-54-field_2\" class=\"wpforms-field-large wpforms-field-required\" name=\"wpforms[fields][2]\" placeholder=\" El.pa\u0161to adresas\" spellcheck=\"false\" aria-errormessage=\"wpforms-54-field_2-error\" required><\/div><div id=\"wpforms-54-field_3-container\" class=\"wpforms-field wpforms-field-phone\" data-field-id=\"3\"><label class=\"wpforms-field-label wpforms-label-hide\" for=\"wpforms-54-field_3\" aria-hidden=\"false\">Telefonas <span class=\"wpforms-required-label\" aria-hidden=\"true\">*<\/span><\/label><input type=\"tel\" id=\"wpforms-54-field_3\" class=\"wpforms-field-large wpforms-field-required wpforms-smart-phone-field\" data-rule-smart-phone-field=\"true\" name=\"wpforms[fields][3]\" placeholder=\"Telefono numeris\" aria-label=\"Telefonas\" aria-errormessage=\"wpforms-54-field_3-error\" required><\/div><div id=\"wpforms-54-field_4-container\" class=\"wpforms-field wpforms-field-checkbox\" data-field-id=\"4\"><fieldset><legend class=\"wpforms-field-label\">Su\u017einokite, kaip ir kam J\u016bs\u0173 duomenis naudosime, perskait\u0119 m\u016bs\u0173 Privatumo politik\u0105: <span class=\"wpforms-required-label\" aria-hidden=\"true\">*<\/span><\/legend><ul id=\"wpforms-54-field_4\" class=\"wpforms-field-required\"><li class=\"choice-1 depth-1\"><input type=\"checkbox\" id=\"wpforms-54-field_4_1\" name=\"wpforms[fields][4][]\" value=\"Patvirtinu, kad su &lt;a href=&quot;\/privatumo-politika&quot; style=&quot;color: var(--color-content-primary); text-decoration: underline;&quot;&gt;Privatumo politika&lt;\/a&gt; susipa\u017einau ir su jomis sutinku.\" aria-errormessage=\"wpforms-54-field_4_1-error\" required ><label class=\"wpforms-field-label-inline\" for=\"wpforms-54-field_4_1\">Patvirtinu, kad su <a href=\"\/privatumo-politika\" style=\"color: var(--color-content-primary);text-decoration: underline\">Privatumo politika<\/a> susipa\u017einau ir su jomis sutinku.<\/label><\/li><\/ul><\/fieldset><\/div>\t\t<div id=\"wpforms-54-field_6-container\"\n\t\t\tclass=\"wpforms-field wpforms-field-text\"\n\t\t\tdata-field-type=\"text\"\n\t\t\tdata-field-id=\"6\"\n\t\t\t>\n\t\t\t<label class=\"wpforms-field-label\" for=\"wpforms-54-field_6\" >m\u016bs\u0173 Su\u017einokite, duomenis<\/label>\n\t\t\t<input type=\"text\" id=\"wpforms-54-field_6\" class=\"wpforms-field-medium\" name=\"wpforms[fields][6]\" >\n\t\t<\/div>\n\t\t<div id=\"wpforms-54-field_5-container\" class=\"wpforms-field wpforms-field-checkbox\" data-field-id=\"5\"><fieldset><legend class=\"wpforms-field-label wpforms-label-hide\" aria-hidden=\"false\">Checkboxes<\/legend><ul id=\"wpforms-54-field_5\"><li class=\"choice-1 depth-1\"><input type=\"checkbox\" id=\"wpforms-54-field_5_1\" name=\"wpforms[fields][5][]\" value=\"Sutinku gauti tiesiogin\u0117s rinkodaros paslaug\u0173 pasi\u016blymus, susijusius su mano u\u017eklausa.\" aria-errormessage=\"wpforms-54-field_5_1-error\"  ><label class=\"wpforms-field-label-inline\" for=\"wpforms-54-field_5_1\">Sutinku gauti tiesiogin\u0117s rinkodaros paslaug\u0173 pasi\u016blymus, susijusius su mano u\u017eklausa.<\/label><\/li><\/ul><\/fieldset><\/div><script>\n\t\t\t\t( function() {\n\t\t\t\t\tconst style = document.createElement( 'style' );\n\t\t\t\t\tstyle.appendChild( document.createTextNode( '#wpforms-54-field_6-container { position: absolute !important; overflow: hidden !important; display: inline !important; height: 1px !important; width: 1px !important; z-index: -1000 !important; padding: 0 !important; } #wpforms-54-field_6-container input { visibility: hidden; } #wpforms-conversational-form-page #wpforms-54-field_6-container label { counter-increment: none; }' ) );\n\t\t\t\t\tdocument.head.appendChild( style );\n\t\t\t\t\tdocument.currentScript?.remove();\n\t\t\t\t} )();\n\t\t\t<\/script><\/div><!-- .wpforms-field-container --><div class=\"wpforms-submit-container\" ><input type=\"hidden\" name=\"wpforms[id]\" value=\"54\"><input type=\"hidden\" name=\"page_title\" value=\"\"><input type=\"hidden\" name=\"page_url\" value=\"https:\/\/sherwoodjr.com\/de\/wp-json\/wp\/v2\/pages\/674\"><input type=\"hidden\" name=\"url_referer\" value=\"\"><button type=\"submit\" name=\"wpforms[submit]\" id=\"wpforms-submit-54\" class=\"wpforms-submit\" data-alt-text=\"Siun\u010diama...\" data-submit-text=\"Palikti u\u017eklaus\u0105\" aria-live=\"assertive\" value=\"wpforms-submit\">Palikti u\u017eklaus\u0105<\/button><img loading=\"lazy\" decoding=\"async\" src=\"https:\/\/sherwoodjr.com\/wp-content\/plugins\/wpforms\/assets\/images\/submit-spin.svg\" class=\"wpforms-submit-spinner\" style=\"display: none;\" width=\"26\" height=\"26\" alt=\"Wird geladen\"><\/div><\/form><\/div>  <!-- .wpforms-container --><\/div><\/div><\/div><\/div><\/section>\n<\/div><\/div><\/div><\/div><\/div><\/div><\/div><\/section>\n","protected":false},"excerpt":{"rendered":"Prad\u017eia\/SeitenSusisiekite su mumis+ 370 639 77778Telefonas info@sherwoodjr.comEl.pa\u0161tas Ukmerg\u0117s g. 219, VilniusAdresas I &#8211; V 8:00 &#8211; 17:00Darbo laikas RekvizitaiMB &#8222;Sherwood JR&#8220;\u012emon\u0117s kodas: 305594517 PVM kodas: LT100013299611 Adresas: Vilnius, Ukmerg\u0117s g. 219-1, LT-07152 El.pa\u0161tas: info@sherwoodjr.com Mob.telefonas: + 370 639 77778 Turite klausim\u0173? Klauskite!Bitte aktiviere JavaScript in deinem Browser, um dieses Formular fertigzustellen.Bitte aktiviere JavaScript in deinem...","protected":false},"author":1,"featured_media":0,"parent":0,"menu_order":0,"comment_status":"closed","ping_status":"closed","template":"","meta":{"_acf_changed":false,"footnotes":""},"class_list":["post-674","page","type-page","status-publish","hentry"],"acf":[],"yoast_head":"<!-- This site is optimized with the Yoast SEO plugin v25.8 - https:\/\/yoast.com\/wordpress\/plugins\/seo\/ -->\n<title>Kontaktai - Sherwood<\/title>\n<meta name=\"robots\" content=\"noindex, follow, max-snippet:-1, max-image-preview:large, max-video-preview:-1\" \/>\n<meta property=\"og:locale\" content=\"de_DE\" \/>\n<meta property=\"og:type\" content=\"article\" \/>\n<meta property=\"og:title\" content=\"Kontaktai - Sherwood\" \/>\n<meta property=\"og:url\" content=\"https:\/\/sherwoodjr.com\/de\/kontaktai\/\" \/>\n<meta property=\"og:site_name\" content=\"Sherwood\" \/>\n<meta name=\"twitter:card\" content=\"summary_large_image\" \/>\n<meta name=\"twitter:label1\" content=\"Gesch\u00e4tzte Lesezeit\" \/>\n\t<meta name=\"twitter:data1\" content=\"3\u00a0Minuten\" \/>\n<script type=\"application\/ld+json\" class=\"yoast-schema-graph\">{\"@context\":\"https:\/\/schema.org\",\"@graph\":[{\"@type\":\"WebPage\",\"@id\":\"https:\/\/sherwoodjr.com\/de\/kontaktai\/\",\"url\":\"https:\/\/sherwoodjr.com\/de\/kontaktai\/\",\"name\":\"Kontaktai - Sherwood\",\"isPartOf\":{\"@id\":\"https:\/\/sherwoodjr.com\/de\/#website\"},\"datePublished\":\"2025-08-11T11:40:17+00:00\",\"breadcrumb\":{\"@id\":\"https:\/\/sherwoodjr.com\/de\/kontaktai\/#breadcrumb\"},\"inLanguage\":\"de\",\"potentialAction\":[{\"@type\":\"ReadAction\",\"target\":[\"https:\/\/sherwoodjr.com\/de\/kontaktai\/\"]}]},{\"@type\":\"BreadcrumbList\",\"@id\":\"https:\/\/sherwoodjr.com\/de\/kontaktai\/#breadcrumb\",\"itemListElement\":[{\"@type\":\"ListItem\",\"position\":1,\"name\":\"Home\",\"item\":\"https:\/\/sherwoodjr.com\/de\/pradzia\/\"},{\"@type\":\"ListItem\",\"position\":2,\"name\":\"Kontaktai\"}]},{\"@type\":\"WebSite\",\"@id\":\"https:\/\/sherwoodjr.com\/de\/#website\",\"url\":\"https:\/\/sherwoodjr.com\/de\/\",\"name\":\"Sherwood\",\"description\":\"\",\"potentialAction\":[{\"@type\":\"SearchAction\",\"target\":{\"@type\":\"EntryPoint\",\"urlTemplate\":\"https:\/\/sherwoodjr.com\/de\/?s={search_term_string}\"},\"query-input\":{\"@type\":\"PropertyValueSpecification\",\"valueRequired\":true,\"valueName\":\"search_term_string\"}}],\"inLanguage\":\"de\"}]}<\/script>\n<!-- \/ Yoast SEO plugin. -->","yoast_head_json":{"title":"Kontaktai - Sherwood","robots":{"index":"noindex","follow":"follow","max-snippet":"max-snippet:-1","max-image-preview":"max-image-preview:large","max-video-preview":"max-video-preview:-1"},"og_locale":"de_DE","og_type":"article","og_title":"Kontaktai - Sherwood","og_url":"https:\/\/sherwoodjr.com\/de\/kontaktai\/","og_site_name":"Sherwood","twitter_card":"summary_large_image","twitter_misc":{"Gesch\u00e4tzte Lesezeit":"3\u00a0Minuten"},"schema":{"@context":"https:\/\/schema.org","@graph":[{"@type":"WebPage","@id":"https:\/\/sherwoodjr.com\/de\/kontaktai\/","url":"https:\/\/sherwoodjr.com\/de\/kontaktai\/","name":"Kontaktai - Sherwood","isPartOf":{"@id":"https:\/\/sherwoodjr.com\/de\/#website"},"datePublished":"2025-08-11T11:40:17+00:00","breadcrumb":{"@id":"https:\/\/sherwoodjr.com\/de\/kontaktai\/#breadcrumb"},"inLanguage":"de","potentialAction":[{"@type":"ReadAction","target":["https:\/\/sherwoodjr.com\/de\/kontaktai\/"]}]},{"@type":"BreadcrumbList","@id":"https:\/\/sherwoodjr.com\/de\/kontaktai\/#breadcrumb","itemListElement":[{"@type":"ListItem","position":1,"name":"Home","item":"https:\/\/sherwoodjr.com\/de\/pradzia\/"},{"@type":"ListItem","position":2,"name":"Kontaktai"}]},{"@type":"WebSite","@id":"https:\/\/sherwoodjr.com\/de\/#website","url":"https:\/\/sherwoodjr.com\/de\/","name":"Sherwood","description":"","potentialAction":[{"@type":"SearchAction","target":{"@type":"EntryPoint","urlTemplate":"https:\/\/sherwoodjr.com\/de\/?s={search_term_string}"},"query-input":{"@type":"PropertyValueSpecification","valueRequired":true,"valueName":"search_term_string"}}],"inLanguage":"de"}]}},"_hostinger_reach_plugin_has_subscription_block":false,"_hostinger_reach_plugin_is_elementor":false,"_links":{"self":[{"href":"https:\/\/sherwoodjr.com\/de\/wp-json\/wp\/v2\/pages\/674","targetHints":{"allow":["GET"]}}],"collection":[{"href":"https:\/\/sherwoodjr.com\/de\/wp-json\/wp\/v2\/pages"}],"about":[{"href":"https:\/\/sherwoodjr.com\/de\/wp-json\/wp\/v2\/types\/page"}],"author":[{"embeddable":true,"href":"https:\/\/sherwoodjr.com\/de\/wp-json\/wp\/v2\/users\/1"}],"replies":[{"embeddable":true,"href":"https:\/\/sherwoodjr.com\/de\/wp-json\/wp\/v2\/comments?post=674"}],"version-history":[{"count":0,"href":"https:\/\/sherwoodjr.com\/de\/wp-json\/wp\/v2\/pages\/674\/revisions"}],"wp:attachment":[{"href":"https:\/\/sherwoodjr.com\/de\/wp-json\/wp\/v2\/media?parent=674"}],"curies":[{"name":"wp","href":"https:\/\/api.w.org\/{rel}","templated":true}]}}